{"id":46288,"date":"2026-04-02T13:32:26","date_gmt":"2026-04-02T12:32:26","guid":{"rendered":"https:\/\/www.dontpanicgames.com\/?post_type=product&#038;p=46288"},"modified":"2026-04-16T08:51:05","modified_gmt":"2026-04-16T07:51:05","slug":"pop-up-jeu-dechecs","status":"publish","type":"product","link":"https:\/\/www.dontpanicgames.com\/fr\/shop\/jeux\/pop-up-jeu-dechecs\/","title":{"rendered":"Pop-Up : Jeu d&rsquo;\u00c9checs"},"content":{"rendered":"<span class=\"et_bloom_bottom_trigger\"><\/span>","protected":false},"excerpt":{"rendered":"<div class=\"message-2qnXI6 cozyMessage-3V1Y8y groupStart-23k01U wrapper-2a6GCs cozy-3raOZG zalgo-jN1Ica\" tabindex=\"-1\" role=\"article\" data-list-item-id=\"chat-messages___chat-messages-915636352517799996\" aria-setsize=\"-1\" aria-roledescription=\"Message\" aria-labelledby=\"message-username-915636352517799996 uid_1 message-content-915636352517799996 uid_2 message-timestamp-915636352517799996\" aria-describedby=\"\">\n<div class=\"contents-2mQqc9\">\n<div id=\"message-content-915636352517799996\" class=\"markup-2BOw-j messageContent-2qWWxC\">\n<blockquote>\n<h4 style=\"text-align: left;\"><span style=\"text-decoration: underline;\">Date de sortie estim\u00e9e le : <strong>24\/04\/2026.<\/strong><\/span><\/h4>\n<\/blockquote>\n<h2>Jouez aux \u00c9checs partout avec votre jeu d&rsquo;\u00e9checs pop-up !<\/h2>\n<p>D\u00e9couvrez un jeu de strat\u00e9gie malin et transportable qui vous permet de jouer partout, \u00e0 tout moment. Pens\u00e9 pour tous les niveaux, il offre une v\u00e9ritable exp\u00e9rience de jeu de soci\u00e9t\u00e9, aussi agr\u00e9able \u00e0 la maison qu\u2019en voyage.<\/p>\n<p>Les \u00e9checs sont jou\u00e9s par\u00a0<strong>plus de 600 millions de personnes dans le monde<\/strong>. Chaque partie est diff\u00e9rente,\u00a0<strong>riche en<\/strong>\u00a0<strong>tactiques\u00a0<\/strong>et\u00a0<strong>rebondissements<\/strong>, ce qui en fait un jeu captivant aussi bien pour les\u00a0<strong>d\u00e9butants\u00a0<\/strong>que pour les\u00a0<strong>joueurs exp\u00e9riment\u00e9s<\/strong>.<\/p>\n<h3>Points forts du jeu<\/h3>\n<ul>\n<li>Augmente votre Q.I.<\/li>\n<li>D\u00e9veloppe l\u2019esprit critique.<\/li>\n<li>D\u00e9veloppe la cr\u00e9ativit\u00e9<\/li>\n<li>Est captivante !<\/li>\n<li dir=\"ltr\">Produit sans plastique, con\u00e7u dans un esprit responsable.<\/li>\n<\/ul>\n<h3 id=\"format-pop-up--jouez-partout-tout-le-temps\" class=\"font-editorial font-bold mb-2 mt-4 [.has-inline-images_&amp;]:clear-end text-base first:mt-0\">Format pop-up<\/h3>\n<ul>\n<li class=\"my-2 [&amp;+p]:mt-4 [&amp;_strong:has(+br)]:inline-block [&amp;_strong:has(+br)]:pb-2\"><strong>Pr\u00eat \u00e0 jouer<\/strong>\u00a0: d\u00e9pliez, placez les pions et commencez la partie.<\/li>\n<li class=\"my-2 [&amp;+p]:mt-4 [&amp;_strong:has(+br)]:inline-block [&amp;_strong:has(+br)]:pb-2\"><strong>Sauvegarde de la partie<\/strong>\u00a0: le jeu reste en position m\u00eame une fois pli\u00e9.<\/li>\n<li class=\"my-2 [&amp;+p]:mt-4 [&amp;_strong:has(+br)]:inline-block [&amp;_strong:has(+br)]:pb-2\">Rouvrez le plateau et reprenez exactement l\u00e0 o\u00f9 vous en \u00e9tiez.<\/li>\n<\/ul>\n<p>Ce format ing\u00e9nieux transforme votre\u00a0<strong>jeu d\u2019\u00e9checs<\/strong>\u00a0en v\u00e9ritable\u00a0<strong>jeu de voyage<\/strong>\u00a0: id\u00e9al dans le train, en vacances, en week-end ou chez des amis.<\/p>\n<h3 id=\"comment-a-marche\" class=\"font-editorial font-bold mb-2 mt-4 [.has-inline-images_&amp;]:clear-end text-base first:mt-0\">Comment \u00e7a marche ?<\/h3>\n<div class=\"flex flex-col gap-md @3xl:gap-lg w-full pt-md @3xl:pt-lg\">\n<div class=\"w-full\">\n<div class=\"w-full flex flex-col\">\n<div id=\"radix-_r_b7_-content-default\" class=\"focus:outline-none\" tabindex=\"0\" role=\"tabpanel\" aria-labelledby=\"radix-_r_b7_-trigger-default\" data-orientation=\"horizontal\" data-state=\"active\">\n<div class=\"flex flex-col @3xl:gap-y-lg gap-y-md\">\n<div class=\"gap-y-sm flex flex-col\">\n<div>\n<div class=\"relative font-sans text-base text-foreground selection:bg-super\/50 selection:text-foreground dark:selection:bg-super\/10 dark:selection:text-super\">\n<div class=\"min-w-0 break-words [word-break:break-word]\">\n<div id=\"markdown-content-7\" class=\"gap-y-md after:clear-both after:block after:content-['']\" dir=\"auto\">\n<div class=\"has-inline-images my-2 first:mt-0 [&amp;:has([data-inline-type=image])+&amp;:has([data-inline-type=image])_[data-inline-type=image]]:hidden [&amp;:has(table)_[data-inline-type=image]]:hidden\">\n<div>\n<div class=\"prose dark:prose-invert inline leading-relaxed break-words min-w-0 [word-break:break-word] prose-strong:font-bold [&amp;_&gt;*:first-child]:mt-0 [&amp;_&gt;*:last-child]:mb-0\">\n<div data-renderer=\"lm\">\n<p class=\"my-2 [&amp;+p]:mt-4 [&amp;_strong:has(+br)]:inline-block [&amp;_strong:has(+br)]:pb-2\"><strong>Deux joueurs<\/strong>\u00a0s\u2019affrontent sur un \u00e9chiquier de\u00a0<strong>64 cases<\/strong>, avec\u00a0<strong>16 pi\u00e8ces chacun<\/strong>, pour mettre le roi adverse en \u00e9chec et mat. Chaque type de pi\u00e8ce (pion, tour, fou, cavalier, dame, roi) a son propre d\u00e9placement, ce qui en fait un v\u00e9ritable\u00a0<strong>jeu\u00a0de strat\u00e9gie<\/strong>.<\/p>\n<\/div>\n<\/div>\n<\/div>\n<\/div>\n<\/div>\n<\/div>\n<\/div>\n<\/div>\n<\/div>\n<\/div>\n<\/div>\n<\/div>\n<\/div>\n<\/div>\n<h3>Contenu<\/h3>\n<ul>\n<li class=\"my-2 [&amp;+p]:mt-4 [&amp;_strong:has(+br)]:inline-block [&amp;_strong:has(+br)]:pb-2\">1 plateau d\u2019\u00e9checs pop-up pliable avec ses pi\u00e8ces.<\/li>\n<li class=\"my-2 [&amp;+p]:mt-4 [&amp;_strong:has(+br)]:inline-block [&amp;_strong:has(+br)]:pb-2\">1 livret de r\u00e8gles et de techniques pour progresser et affiner vos strat\u00e9gies.<\/li>\n<\/ul>\n<h3>Caract\u00e9ristiques cl\u00e9s<\/h3>\n<ul>\n<li>Nombre de joueurs : 2.<\/li>\n<\/ul>\n<\/div>\n<\/div>\n<\/div>\n","protected":false},"featured_media":46290,"template":"","meta":{"_acf_changed":false},"product_brand":[],"product_cat":[381],"product_tag":[],"class_list":{"0":"post-46288","1":"product","2":"type-product","3":"status-publish","4":"has-post-thumbnail","6":"product_cat-jeux","7":"product_shipping_class-standard-fr","9":"first","10":"onbackorder","11":"taxable","12":"shipping-taxable","13":"purchasable","14":"product-type-simple"},"acf":[],"yoast_head":"<!-- This site is optimized with the Yoast SEO plugin v27.4 - https:\/\/yoast.com\/product\/yoast-seo-wordpress\/ -->\n<title>Pop-up Jeu d&#039;Echecs | Jeu de soci\u00e9t\u00e9 | R\u00e9flexion | Pour 2 Joueurs<\/title>\n<meta name=\"description\" content=\"D\u00e9couvrez un jeu de strat\u00e9gie malin et transportable qui vous permet de jouer partout, \u00e0 tout moment. Pens\u00e9 pour tous les niveaux, \u00e0 la maison ou en voyage.\" \/>\n<meta name=\"robots\" content=\"index, follow, max-snippet:-1, max-image-preview:large, max-video-preview:-1\" \/>\n<link rel=\"canonical\" href=\"https:\/\/www.dontpanicgames.com\/fr\/shop\/jeux\/pop-up-jeu-dechecs\/\" \/>\n<meta property=\"og:locale\" content=\"fr_FR\" \/>\n<meta property=\"og:type\" content=\"article\" \/>\n<meta property=\"og:title\" content=\"Pop-up Jeu d&#039;Echecs | Jeu de soci\u00e9t\u00e9 | R\u00e9flexion | Pour 2 Joueurs\" \/>\n<meta property=\"og:description\" content=\"D\u00e9couvrez un jeu de strat\u00e9gie malin et transportable qui vous permet de jouer partout, \u00e0 tout moment. Pens\u00e9 pour tous les niveaux, \u00e0 la maison ou en voyage.\" \/>\n<meta property=\"og:url\" content=\"https:\/\/www.dontpanicgames.com\/fr\/shop\/jeux\/pop-up-jeu-dechecs\/\" \/>\n<meta property=\"og:site_name\" content=\"Don&#039;t Panic Games\" \/>\n<meta property=\"article:publisher\" content=\"https:\/\/www.facebook.com\/dontpanicgames\/\" \/>\n<meta property=\"article:modified_time\" content=\"2026-04-16T07:51:05+00:00\" \/>\n<meta property=\"og:image\" content=\"https:\/\/www.dontpanicgames.com\/wp-content\/uploads\/2025\/07\/bleach_puzzle_packshot.jpg\" \/>\n\t<meta property=\"og:image:width\" content=\"2105\" \/>\n\t<meta property=\"og:image:height\" content=\"1821\" \/>\n\t<meta property=\"og:image:type\" content=\"image\/jpeg\" \/>\n<meta name=\"twitter:card\" content=\"summary_large_image\" \/>\n<meta name=\"twitter:site\" content=\"@DontPanicGames1\" \/>\n<meta name=\"twitter:label1\" content=\"Dur\u00e9e de lecture estim\u00e9e\" \/>\n\t<meta name=\"twitter:data1\" content=\"1 minute\" \/>\n<script type=\"application\/ld+json\" class=\"yoast-schema-graph\">{\"@context\":\"https:\\\/\\\/schema.org\",\"@graph\":[{\"@type\":\"WebPage\",\"@id\":\"https:\\\/\\\/www.dontpanicgames.com\\\/fr\\\/shop\\\/jeux\\\/pop-up-jeu-dechecs\\\/\",\"url\":\"https:\\\/\\\/www.dontpanicgames.com\\\/fr\\\/shop\\\/jeux\\\/pop-up-jeu-dechecs\\\/\",\"name\":\"Pop-up Jeu d'Echecs | Jeu de soci\u00e9t\u00e9 | R\u00e9flexion | Pour 2 Joueurs\",\"isPartOf\":{\"@id\":\"https:\\\/\\\/www.dontpanicgames.com\\\/fr\\\/#website\"},\"primaryImageOfPage\":{\"@id\":\"https:\\\/\\\/www.dontpanicgames.com\\\/fr\\\/shop\\\/jeux\\\/pop-up-jeu-dechecs\\\/#primaryimage\"},\"image\":{\"@id\":\"https:\\\/\\\/www.dontpanicgames.com\\\/fr\\\/shop\\\/jeux\\\/pop-up-jeu-dechecs\\\/#primaryimage\"},\"thumbnailUrl\":\"https:\\\/\\\/www.dontpanicgames.com\\\/wp-content\\\/uploads\\\/2026\\\/04\\\/jeud_echecs-c1_900x.webp\",\"datePublished\":\"2026-04-02T12:32:26+00:00\",\"dateModified\":\"2026-04-16T07:51:05+00:00\",\"description\":\"D\u00e9couvrez un jeu de strat\u00e9gie malin et transportable qui vous permet de jouer partout, \u00e0 tout moment. Pens\u00e9 pour tous les niveaux, \u00e0 la maison ou en voyage.\",\"breadcrumb\":{\"@id\":\"https:\\\/\\\/www.dontpanicgames.com\\\/fr\\\/shop\\\/jeux\\\/pop-up-jeu-dechecs\\\/#breadcrumb\"},\"inLanguage\":\"fr-FR\",\"potentialAction\":[{\"@type\":\"ReadAction\",\"target\":[\"https:\\\/\\\/www.dontpanicgames.com\\\/fr\\\/shop\\\/jeux\\\/pop-up-jeu-dechecs\\\/\"]}]},{\"@type\":\"ImageObject\",\"inLanguage\":\"fr-FR\",\"@id\":\"https:\\\/\\\/www.dontpanicgames.com\\\/fr\\\/shop\\\/jeux\\\/pop-up-jeu-dechecs\\\/#primaryimage\",\"url\":\"https:\\\/\\\/www.dontpanicgames.com\\\/wp-content\\\/uploads\\\/2026\\\/04\\\/jeud_echecs-c1_900x.webp\",\"contentUrl\":\"https:\\\/\\\/www.dontpanicgames.com\\\/wp-content\\\/uploads\\\/2026\\\/04\\\/jeud_echecs-c1_900x.webp\",\"width\":900,\"height\":900,\"caption\":\"Jeu d'echecs - Pop-Up - Packshot\"},{\"@type\":\"BreadcrumbList\",\"@id\":\"https:\\\/\\\/www.dontpanicgames.com\\\/fr\\\/shop\\\/jeux\\\/pop-up-jeu-dechecs\\\/#breadcrumb\",\"itemListElement\":[{\"@type\":\"ListItem\",\"position\":1,\"name\":\"Accueil\",\"item\":\"https:\\\/\\\/www.dontpanicgames.com\\\/fr\\\/\"},{\"@type\":\"ListItem\",\"position\":2,\"name\":\"Nos jeux\",\"item\":\"https:\\\/\\\/www.dontpanicgames.com\\\/fr\\\/nos-jeux\\\/\"},{\"@type\":\"ListItem\",\"position\":3,\"name\":\"Jeux\",\"item\":\"https:\\\/\\\/www.dontpanicgames.com\\\/fr\\\/shop\\\/c\\\/jeux\\\/\"},{\"@type\":\"ListItem\",\"position\":4,\"name\":\"Pop-Up : Jeu d&rsquo;\u00c9checs\"}]},{\"@type\":\"WebSite\",\"@id\":\"https:\\\/\\\/www.dontpanicgames.com\\\/fr\\\/#website\",\"url\":\"https:\\\/\\\/www.dontpanicgames.com\\\/fr\\\/\",\"name\":\"Don't Panic Games\",\"description\":\"Don&#039;t Panic Games.com website\",\"potentialAction\":[{\"@type\":\"SearchAction\",\"target\":{\"@type\":\"EntryPoint\",\"urlTemplate\":\"https:\\\/\\\/www.dontpanicgames.com\\\/fr\\\/?s={search_term_string}\"},\"query-input\":{\"@type\":\"PropertyValueSpecification\",\"valueRequired\":true,\"valueName\":\"search_term_string\"}}],\"inLanguage\":\"fr-FR\"}]}<\/script>\n<!-- \/ Yoast SEO plugin. -->","yoast_head_json":{"title":"Pop-up Jeu d'Echecs | Jeu de soci\u00e9t\u00e9 | R\u00e9flexion | Pour 2 Joueurs","description":"D\u00e9couvrez un jeu de strat\u00e9gie malin et transportable qui vous permet de jouer partout, \u00e0 tout moment. Pens\u00e9 pour tous les niveaux, \u00e0 la maison ou en voyage.","robots":{"index":"index","follow":"follow","max-snippet":"max-snippet:-1","max-image-preview":"max-image-preview:large","max-video-preview":"max-video-preview:-1"},"canonical":"https:\/\/www.dontpanicgames.com\/fr\/shop\/jeux\/pop-up-jeu-dechecs\/","og_locale":"fr_FR","og_type":"article","og_title":"Pop-up Jeu d'Echecs | Jeu de soci\u00e9t\u00e9 | R\u00e9flexion | Pour 2 Joueurs","og_description":"D\u00e9couvrez un jeu de strat\u00e9gie malin et transportable qui vous permet de jouer partout, \u00e0 tout moment. Pens\u00e9 pour tous les niveaux, \u00e0 la maison ou en voyage.","og_url":"https:\/\/www.dontpanicgames.com\/fr\/shop\/jeux\/pop-up-jeu-dechecs\/","og_site_name":"Don&#039;t Panic Games","article_publisher":"https:\/\/www.facebook.com\/dontpanicgames\/","article_modified_time":"2026-04-16T07:51:05+00:00","og_image":[{"width":2105,"height":1821,"url":"https:\/\/www.dontpanicgames.com\/wp-content\/uploads\/2025\/07\/bleach_puzzle_packshot.jpg","type":"image\/jpeg"}],"twitter_card":"summary_large_image","twitter_site":"@DontPanicGames1","twitter_misc":{"Dur\u00e9e de lecture estim\u00e9e":"1 minute"},"schema":{"@context":"https:\/\/schema.org","@graph":[{"@type":"WebPage","@id":"https:\/\/www.dontpanicgames.com\/fr\/shop\/jeux\/pop-up-jeu-dechecs\/","url":"https:\/\/www.dontpanicgames.com\/fr\/shop\/jeux\/pop-up-jeu-dechecs\/","name":"Pop-up Jeu d'Echecs | Jeu de soci\u00e9t\u00e9 | R\u00e9flexion | Pour 2 Joueurs","isPartOf":{"@id":"https:\/\/www.dontpanicgames.com\/fr\/#website"},"primaryImageOfPage":{"@id":"https:\/\/www.dontpanicgames.com\/fr\/shop\/jeux\/pop-up-jeu-dechecs\/#primaryimage"},"image":{"@id":"https:\/\/www.dontpanicgames.com\/fr\/shop\/jeux\/pop-up-jeu-dechecs\/#primaryimage"},"thumbnailUrl":"https:\/\/www.dontpanicgames.com\/wp-content\/uploads\/2026\/04\/jeud_echecs-c1_900x.webp","datePublished":"2026-04-02T12:32:26+00:00","dateModified":"2026-04-16T07:51:05+00:00","description":"D\u00e9couvrez un jeu de strat\u00e9gie malin et transportable qui vous permet de jouer partout, \u00e0 tout moment. Pens\u00e9 pour tous les niveaux, \u00e0 la maison ou en voyage.","breadcrumb":{"@id":"https:\/\/www.dontpanicgames.com\/fr\/shop\/jeux\/pop-up-jeu-dechecs\/#breadcrumb"},"inLanguage":"fr-FR","potentialAction":[{"@type":"ReadAction","target":["https:\/\/www.dontpanicgames.com\/fr\/shop\/jeux\/pop-up-jeu-dechecs\/"]}]},{"@type":"ImageObject","inLanguage":"fr-FR","@id":"https:\/\/www.dontpanicgames.com\/fr\/shop\/jeux\/pop-up-jeu-dechecs\/#primaryimage","url":"https:\/\/www.dontpanicgames.com\/wp-content\/uploads\/2026\/04\/jeud_echecs-c1_900x.webp","contentUrl":"https:\/\/www.dontpanicgames.com\/wp-content\/uploads\/2026\/04\/jeud_echecs-c1_900x.webp","width":900,"height":900,"caption":"Jeu d'echecs - Pop-Up - Packshot"},{"@type":"BreadcrumbList","@id":"https:\/\/www.dontpanicgames.com\/fr\/shop\/jeux\/pop-up-jeu-dechecs\/#breadcrumb","itemListElement":[{"@type":"ListItem","position":1,"name":"Accueil","item":"https:\/\/www.dontpanicgames.com\/fr\/"},{"@type":"ListItem","position":2,"name":"Nos jeux","item":"https:\/\/www.dontpanicgames.com\/fr\/nos-jeux\/"},{"@type":"ListItem","position":3,"name":"Jeux","item":"https:\/\/www.dontpanicgames.com\/fr\/shop\/c\/jeux\/"},{"@type":"ListItem","position":4,"name":"Pop-Up : Jeu d&rsquo;\u00c9checs"}]},{"@type":"WebSite","@id":"https:\/\/www.dontpanicgames.com\/fr\/#website","url":"https:\/\/www.dontpanicgames.com\/fr\/","name":"Don't Panic Games","description":"Don&#039;t Panic Games.com website","potentialAction":[{"@type":"SearchAction","target":{"@type":"EntryPoint","urlTemplate":"https:\/\/www.dontpanicgames.com\/fr\/?s={search_term_string}"},"query-input":{"@type":"PropertyValueSpecification","valueRequired":true,"valueName":"search_term_string"}}],"inLanguage":"fr-FR"}]}},"_links":{"self":[{"href":"https:\/\/www.dontpanicgames.com\/fr\/wp-json\/wp\/v2\/product\/46288","targetHints":{"allow":["GET"]}}],"collection":[{"href":"https:\/\/www.dontpanicgames.com\/fr\/wp-json\/wp\/v2\/product"}],"about":[{"href":"https:\/\/www.dontpanicgames.com\/fr\/wp-json\/wp\/v2\/types\/product"}],"wp:featuredmedia":[{"embeddable":true,"href":"https:\/\/www.dontpanicgames.com\/fr\/wp-json\/wp\/v2\/media\/46290"}],"wp:attachment":[{"href":"https:\/\/www.dontpanicgames.com\/fr\/wp-json\/wp\/v2\/media?parent=46288"}],"wp:term":[{"taxonomy":"product_brand","embeddable":true,"href":"https:\/\/www.dontpanicgames.com\/fr\/wp-json\/wp\/v2\/product_brand?post=46288"},{"taxonomy":"product_cat","embeddable":true,"href":"https:\/\/www.dontpanicgames.com\/fr\/wp-json\/wp\/v2\/product_cat?post=46288"},{"taxonomy":"product_tag","embeddable":true,"href":"https:\/\/www.dontpanicgames.com\/fr\/wp-json\/wp\/v2\/product_tag?post=46288"}],"curies":[{"name":"wp","href":"https:\/\/api.w.org\/{rel}","templated":true}]}}