{"id":46271,"date":"2026-04-02T13:14:55","date_gmt":"2026-04-02T12:14:55","guid":{"rendered":"https:\/\/www.dontpanicgames.com\/?post_type=product&#038;p=46271"},"modified":"2026-04-16T08:51:12","modified_gmt":"2026-04-16T07:51:12","slug":"pop-up-4-en-ligne","status":"publish","type":"product","link":"https:\/\/www.dontpanicgames.com\/fr\/shop\/jeux\/pop-up-4-en-ligne\/","title":{"rendered":"Pop-Up : 4 En Ligne"},"content":{"rendered":"<span class=\"et_bloom_bottom_trigger\"><\/span>","protected":false},"excerpt":{"rendered":"<div class=\"message-2qnXI6 cozyMessage-3V1Y8y groupStart-23k01U wrapper-2a6GCs cozy-3raOZG zalgo-jN1Ica\" tabindex=\"-1\" role=\"article\" data-list-item-id=\"chat-messages___chat-messages-915636352517799996\" aria-setsize=\"-1\" aria-roledescription=\"Message\" aria-labelledby=\"message-username-915636352517799996 uid_1 message-content-915636352517799996 uid_2 message-timestamp-915636352517799996\" aria-describedby=\"\">\n<div class=\"contents-2mQqc9\">\n<div id=\"message-content-915636352517799996\" class=\"markup-2BOw-j messageContent-2qWWxC\">\n<blockquote>\n<h4 style=\"text-align: left;\"><span style=\"text-decoration: underline;\">Date de sortie estim\u00e9e le : <strong>24\/04\/2026.<\/strong><\/span><\/h4>\n<\/blockquote>\n<h2>Jouez partout avec votre 4 en ligne Pop-Up !<\/h2>\n<p class=\"my-2 [&amp;+p]:mt-4 [&amp;_strong:has(+br)]:inline-block [&amp;_strong:has(+br)]:pb-2\">D\u00e9couvrez\u00a0<strong>Pop-Up : 4 En Ligne<\/strong>, le grand classique du jeu de strat\u00e9gie revisit\u00e9 en version pop-up enti\u00e8rement pliable, id\u00e9ale \u00e0 transporter partout avec vous. Pens\u00e9 pour 2 joueurs, ce jeu de soci\u00e9t\u00e9 malin offre des\u00a0<strong>parties rapides<\/strong>,\u00a0<strong>dynamiques\u00a0<\/strong>et<strong>\u00a0ultra accessibles<\/strong>, parfaites \u00e0 la maison comme en voyage.<\/p>\n<h3>Points forts du jeu<\/h3>\n<ul>\n<li dir=\"ltr\">Entra\u00eene votre esprit logique.<\/li>\n<li dir=\"ltr\">D\u00e9veloppe la cr\u00e9ativit\u00e9.<\/li>\n<li>Parties courtes qui s\u2019encha\u00eenent.<\/li>\n<li dir=\"ltr\">Produit sans plastique, con\u00e7u dans un esprit responsable.<\/li>\n<\/ul>\n<h3 id=\"format-pop-up--jouez-partout-tout-le-temps\" class=\"font-editorial font-bold mb-2 mt-4 [.has-inline-images_&amp;]:clear-end text-base first:mt-0\">Format pop-up<\/h3>\n<ul>\n<li class=\"my-2 [&amp;+p]:mt-4 [&amp;_strong:has(+br)]:inline-block [&amp;_strong:has(+br)]:pb-2\"><strong>Pr\u00eat \u00e0 jouer<\/strong>\u00a0: d\u00e9pliez, placez les pions et commencez la partie.<\/li>\n<li class=\"my-2 [&amp;+p]:mt-4 [&amp;_strong:has(+br)]:inline-block [&amp;_strong:has(+br)]:pb-2\"><strong>Sauvegarde de la partie<\/strong>\u00a0: le jeu reste en position m\u00eame une fois pli\u00e9.<\/li>\n<li class=\"my-2 [&amp;+p]:mt-4 [&amp;_strong:has(+br)]:inline-block [&amp;_strong:has(+br)]:pb-2\">Rouvrez le plateau et reprenez exactement l\u00e0 o\u00f9 vous en \u00e9tiez.<\/li>\n<\/ul>\n<p class=\"my-2 [&amp;+p]:mt-4 [&amp;_strong:has(+br)]:inline-block [&amp;_strong:has(+br)]:pb-2\">Gr\u00e2ce \u00e0 son format pop-up pliable,\u00a0<strong>Pop-Up : 4 En Ligne<\/strong>\u00a0s\u2019emporte facilement en voyage, en week-end, au restaurant ou chez des amis. Un v\u00e9ritable jeu de soci\u00e9t\u00e9 transportable pour jouer en toutes circonstances.<\/p>\n<h3 id=\"comment-a-marche\" class=\"font-editorial font-bold mb-2 mt-4 [.has-inline-images_&amp;]:clear-end text-base first:mt-0\">Comment \u00e7a marche ?<\/h3>\n<p class=\"my-2 [&amp;+p]:mt-4 [&amp;_strong:has(+br)]:inline-block [&amp;_strong:has(+br)]:pb-2\">Alignez 4 pions de votre couleur, horizontalement, verticalement ou en diagonale, avant votre adversaire. Chaque coup compte : observez la grille, bloquez l\u2019autre joueur et pr\u00e9parez votre prochaine combinaison gagnante. Une r\u00e8gle ultra simple pour un jeu de strat\u00e9gie classique et intemporel qui plaira aux enfants comme aux adultes.<\/p>\n<h3>Contenu<\/h3>\n<ul>\n<li class=\"my-2 [&amp;+p]:mt-4 [&amp;_strong:has(+br)]:inline-block [&amp;_strong:has(+br)]:pb-2\">1 plateau de jeu pop-up pliable.<\/li>\n<li class=\"my-2 [&amp;+p]:mt-4 [&amp;_strong:has(+br)]:inline-block [&amp;_strong:has(+br)]:pb-2\">1 livret de r\u00e8gles et de techniques pour progresser.<\/li>\n<\/ul>\n<h3>Caract\u00e9ristiques cl\u00e9s<\/h3>\n<ul>\n<li>Nombre de joueurs : 2.<\/li>\n<\/ul>\n<\/div>\n<\/div>\n<\/div>\n","protected":false},"featured_media":46274,"template":"","meta":{"_acf_changed":false},"product_brand":[],"product_cat":[381],"product_tag":[],"class_list":{"0":"post-46271","1":"product","2":"type-product","3":"status-publish","4":"has-post-thumbnail","6":"product_cat-jeux","7":"product_shipping_class-standard-fr","9":"first","10":"onbackorder","11":"taxable","12":"shipping-taxable","13":"purchasable","14":"product-type-simple"},"acf":[],"yoast_head":"<!-- This site is optimized with the Yoast SEO plugin v27.4 - https:\/\/yoast.com\/product\/yoast-seo-wordpress\/ -->\n<title>Pop-up 4 En Ligne | Jeu de soci\u00e9t\u00e9 | R\u00e9flexion | Pour 2 Joueurs<\/title>\n<meta name=\"description\" content=\"D\u00e9couvrez\u00a0Pop-Up : 4 En Ligne, le grand classique du jeu de strat\u00e9gie revisit\u00e9 en version pop-up enti\u00e8rement pliable, id\u00e9ale \u00e0 transporter partout.\" \/>\n<meta name=\"robots\" content=\"index, follow, max-snippet:-1, max-image-preview:large, max-video-preview:-1\" \/>\n<link rel=\"canonical\" href=\"https:\/\/www.dontpanicgames.com\/fr\/shop\/jeux\/pop-up-4-en-ligne\/\" \/>\n<meta property=\"og:locale\" content=\"fr_FR\" \/>\n<meta property=\"og:type\" content=\"article\" \/>\n<meta property=\"og:title\" content=\"Pop-up 4 En Ligne | Jeu de soci\u00e9t\u00e9 | R\u00e9flexion | Pour 2 Joueurs\" \/>\n<meta property=\"og:description\" content=\"D\u00e9couvrez\u00a0Pop-Up : 4 En Ligne, le grand classique du jeu de strat\u00e9gie revisit\u00e9 en version pop-up enti\u00e8rement pliable, id\u00e9ale \u00e0 transporter partout.\" \/>\n<meta property=\"og:url\" content=\"https:\/\/www.dontpanicgames.com\/fr\/shop\/jeux\/pop-up-4-en-ligne\/\" \/>\n<meta property=\"og:site_name\" content=\"Don&#039;t Panic Games\" \/>\n<meta property=\"article:publisher\" content=\"https:\/\/www.facebook.com\/dontpanicgames\/\" \/>\n<meta property=\"article:modified_time\" content=\"2026-04-16T07:51:12+00:00\" \/>\n<meta property=\"og:image\" content=\"https:\/\/www.dontpanicgames.com\/wp-content\/uploads\/2025\/07\/bleach_puzzle_packshot.jpg\" \/>\n\t<meta property=\"og:image:width\" content=\"2105\" \/>\n\t<meta property=\"og:image:height\" content=\"1821\" \/>\n\t<meta property=\"og:image:type\" content=\"image\/jpeg\" \/>\n<meta name=\"twitter:card\" content=\"summary_large_image\" \/>\n<meta name=\"twitter:site\" content=\"@DontPanicGames1\" \/>\n<meta name=\"twitter:label1\" content=\"Dur\u00e9e de lecture estim\u00e9e\" \/>\n\t<meta name=\"twitter:data1\" content=\"1 minute\" \/>\n<script type=\"application\/ld+json\" class=\"yoast-schema-graph\">{\"@context\":\"https:\\\/\\\/schema.org\",\"@graph\":[{\"@type\":\"WebPage\",\"@id\":\"https:\\\/\\\/www.dontpanicgames.com\\\/fr\\\/shop\\\/jeux\\\/pop-up-4-en-ligne\\\/\",\"url\":\"https:\\\/\\\/www.dontpanicgames.com\\\/fr\\\/shop\\\/jeux\\\/pop-up-4-en-ligne\\\/\",\"name\":\"Pop-up 4 En Ligne | Jeu de soci\u00e9t\u00e9 | R\u00e9flexion | Pour 2 Joueurs\",\"isPartOf\":{\"@id\":\"https:\\\/\\\/www.dontpanicgames.com\\\/fr\\\/#website\"},\"primaryImageOfPage\":{\"@id\":\"https:\\\/\\\/www.dontpanicgames.com\\\/fr\\\/shop\\\/jeux\\\/pop-up-4-en-ligne\\\/#primaryimage\"},\"image\":{\"@id\":\"https:\\\/\\\/www.dontpanicgames.com\\\/fr\\\/shop\\\/jeux\\\/pop-up-4-en-ligne\\\/#primaryimage\"},\"thumbnailUrl\":\"https:\\\/\\\/www.dontpanicgames.com\\\/wp-content\\\/uploads\\\/2026\\\/04\\\/jeu-de-societe-pop-up-4-en-ligne-01-1.webp\",\"datePublished\":\"2026-04-02T12:14:55+00:00\",\"dateModified\":\"2026-04-16T07:51:12+00:00\",\"description\":\"D\u00e9couvrez\u00a0Pop-Up : 4 En Ligne, le grand classique du jeu de strat\u00e9gie revisit\u00e9 en version pop-up enti\u00e8rement pliable, id\u00e9ale \u00e0 transporter partout.\",\"breadcrumb\":{\"@id\":\"https:\\\/\\\/www.dontpanicgames.com\\\/fr\\\/shop\\\/jeux\\\/pop-up-4-en-ligne\\\/#breadcrumb\"},\"inLanguage\":\"fr-FR\",\"potentialAction\":[{\"@type\":\"ReadAction\",\"target\":[\"https:\\\/\\\/www.dontpanicgames.com\\\/fr\\\/shop\\\/jeux\\\/pop-up-4-en-ligne\\\/\"]}]},{\"@type\":\"ImageObject\",\"inLanguage\":\"fr-FR\",\"@id\":\"https:\\\/\\\/www.dontpanicgames.com\\\/fr\\\/shop\\\/jeux\\\/pop-up-4-en-ligne\\\/#primaryimage\",\"url\":\"https:\\\/\\\/www.dontpanicgames.com\\\/wp-content\\\/uploads\\\/2026\\\/04\\\/jeu-de-societe-pop-up-4-en-ligne-01-1.webp\",\"contentUrl\":\"https:\\\/\\\/www.dontpanicgames.com\\\/wp-content\\\/uploads\\\/2026\\\/04\\\/jeu-de-societe-pop-up-4-en-ligne-01-1.webp\",\"width\":900,\"height\":900,\"caption\":\"Jeu Pop-Up 4 en ligne Packshot\"},{\"@type\":\"BreadcrumbList\",\"@id\":\"https:\\\/\\\/www.dontpanicgames.com\\\/fr\\\/shop\\\/jeux\\\/pop-up-4-en-ligne\\\/#breadcrumb\",\"itemListElement\":[{\"@type\":\"ListItem\",\"position\":1,\"name\":\"Accueil\",\"item\":\"https:\\\/\\\/www.dontpanicgames.com\\\/fr\\\/\"},{\"@type\":\"ListItem\",\"position\":2,\"name\":\"Nos jeux\",\"item\":\"https:\\\/\\\/www.dontpanicgames.com\\\/fr\\\/nos-jeux\\\/\"},{\"@type\":\"ListItem\",\"position\":3,\"name\":\"Jeux\",\"item\":\"https:\\\/\\\/www.dontpanicgames.com\\\/fr\\\/shop\\\/c\\\/jeux\\\/\"},{\"@type\":\"ListItem\",\"position\":4,\"name\":\"Pop-Up : 4 En Ligne\"}]},{\"@type\":\"WebSite\",\"@id\":\"https:\\\/\\\/www.dontpanicgames.com\\\/fr\\\/#website\",\"url\":\"https:\\\/\\\/www.dontpanicgames.com\\\/fr\\\/\",\"name\":\"Don't Panic Games\",\"description\":\"Don&#039;t Panic Games.com website\",\"potentialAction\":[{\"@type\":\"SearchAction\",\"target\":{\"@type\":\"EntryPoint\",\"urlTemplate\":\"https:\\\/\\\/www.dontpanicgames.com\\\/fr\\\/?s={search_term_string}\"},\"query-input\":{\"@type\":\"PropertyValueSpecification\",\"valueRequired\":true,\"valueName\":\"search_term_string\"}}],\"inLanguage\":\"fr-FR\"}]}<\/script>\n<!-- \/ Yoast SEO plugin. -->","yoast_head_json":{"title":"Pop-up 4 En Ligne | Jeu de soci\u00e9t\u00e9 | R\u00e9flexion | Pour 2 Joueurs","description":"D\u00e9couvrez\u00a0Pop-Up : 4 En Ligne, le grand classique du jeu de strat\u00e9gie revisit\u00e9 en version pop-up enti\u00e8rement pliable, id\u00e9ale \u00e0 transporter partout.","robots":{"index":"index","follow":"follow","max-snippet":"max-snippet:-1","max-image-preview":"max-image-preview:large","max-video-preview":"max-video-preview:-1"},"canonical":"https:\/\/www.dontpanicgames.com\/fr\/shop\/jeux\/pop-up-4-en-ligne\/","og_locale":"fr_FR","og_type":"article","og_title":"Pop-up 4 En Ligne | Jeu de soci\u00e9t\u00e9 | R\u00e9flexion | Pour 2 Joueurs","og_description":"D\u00e9couvrez\u00a0Pop-Up : 4 En Ligne, le grand classique du jeu de strat\u00e9gie revisit\u00e9 en version pop-up enti\u00e8rement pliable, id\u00e9ale \u00e0 transporter partout.","og_url":"https:\/\/www.dontpanicgames.com\/fr\/shop\/jeux\/pop-up-4-en-ligne\/","og_site_name":"Don&#039;t Panic Games","article_publisher":"https:\/\/www.facebook.com\/dontpanicgames\/","article_modified_time":"2026-04-16T07:51:12+00:00","og_image":[{"width":2105,"height":1821,"url":"https:\/\/www.dontpanicgames.com\/wp-content\/uploads\/2025\/07\/bleach_puzzle_packshot.jpg","type":"image\/jpeg"}],"twitter_card":"summary_large_image","twitter_site":"@DontPanicGames1","twitter_misc":{"Dur\u00e9e de lecture estim\u00e9e":"1 minute"},"schema":{"@context":"https:\/\/schema.org","@graph":[{"@type":"WebPage","@id":"https:\/\/www.dontpanicgames.com\/fr\/shop\/jeux\/pop-up-4-en-ligne\/","url":"https:\/\/www.dontpanicgames.com\/fr\/shop\/jeux\/pop-up-4-en-ligne\/","name":"Pop-up 4 En Ligne | Jeu de soci\u00e9t\u00e9 | R\u00e9flexion | Pour 2 Joueurs","isPartOf":{"@id":"https:\/\/www.dontpanicgames.com\/fr\/#website"},"primaryImageOfPage":{"@id":"https:\/\/www.dontpanicgames.com\/fr\/shop\/jeux\/pop-up-4-en-ligne\/#primaryimage"},"image":{"@id":"https:\/\/www.dontpanicgames.com\/fr\/shop\/jeux\/pop-up-4-en-ligne\/#primaryimage"},"thumbnailUrl":"https:\/\/www.dontpanicgames.com\/wp-content\/uploads\/2026\/04\/jeu-de-societe-pop-up-4-en-ligne-01-1.webp","datePublished":"2026-04-02T12:14:55+00:00","dateModified":"2026-04-16T07:51:12+00:00","description":"D\u00e9couvrez\u00a0Pop-Up : 4 En Ligne, le grand classique du jeu de strat\u00e9gie revisit\u00e9 en version pop-up enti\u00e8rement pliable, id\u00e9ale \u00e0 transporter partout.","breadcrumb":{"@id":"https:\/\/www.dontpanicgames.com\/fr\/shop\/jeux\/pop-up-4-en-ligne\/#breadcrumb"},"inLanguage":"fr-FR","potentialAction":[{"@type":"ReadAction","target":["https:\/\/www.dontpanicgames.com\/fr\/shop\/jeux\/pop-up-4-en-ligne\/"]}]},{"@type":"ImageObject","inLanguage":"fr-FR","@id":"https:\/\/www.dontpanicgames.com\/fr\/shop\/jeux\/pop-up-4-en-ligne\/#primaryimage","url":"https:\/\/www.dontpanicgames.com\/wp-content\/uploads\/2026\/04\/jeu-de-societe-pop-up-4-en-ligne-01-1.webp","contentUrl":"https:\/\/www.dontpanicgames.com\/wp-content\/uploads\/2026\/04\/jeu-de-societe-pop-up-4-en-ligne-01-1.webp","width":900,"height":900,"caption":"Jeu Pop-Up 4 en ligne Packshot"},{"@type":"BreadcrumbList","@id":"https:\/\/www.dontpanicgames.com\/fr\/shop\/jeux\/pop-up-4-en-ligne\/#breadcrumb","itemListElement":[{"@type":"ListItem","position":1,"name":"Accueil","item":"https:\/\/www.dontpanicgames.com\/fr\/"},{"@type":"ListItem","position":2,"name":"Nos jeux","item":"https:\/\/www.dontpanicgames.com\/fr\/nos-jeux\/"},{"@type":"ListItem","position":3,"name":"Jeux","item":"https:\/\/www.dontpanicgames.com\/fr\/shop\/c\/jeux\/"},{"@type":"ListItem","position":4,"name":"Pop-Up : 4 En Ligne"}]},{"@type":"WebSite","@id":"https:\/\/www.dontpanicgames.com\/fr\/#website","url":"https:\/\/www.dontpanicgames.com\/fr\/","name":"Don't Panic Games","description":"Don&#039;t Panic Games.com website","potentialAction":[{"@type":"SearchAction","target":{"@type":"EntryPoint","urlTemplate":"https:\/\/www.dontpanicgames.com\/fr\/?s={search_term_string}"},"query-input":{"@type":"PropertyValueSpecification","valueRequired":true,"valueName":"search_term_string"}}],"inLanguage":"fr-FR"}]}},"_links":{"self":[{"href":"https:\/\/www.dontpanicgames.com\/fr\/wp-json\/wp\/v2\/product\/46271","targetHints":{"allow":["GET"]}}],"collection":[{"href":"https:\/\/www.dontpanicgames.com\/fr\/wp-json\/wp\/v2\/product"}],"about":[{"href":"https:\/\/www.dontpanicgames.com\/fr\/wp-json\/wp\/v2\/types\/product"}],"wp:featuredmedia":[{"embeddable":true,"href":"https:\/\/www.dontpanicgames.com\/fr\/wp-json\/wp\/v2\/media\/46274"}],"wp:attachment":[{"href":"https:\/\/www.dontpanicgames.com\/fr\/wp-json\/wp\/v2\/media?parent=46271"}],"wp:term":[{"taxonomy":"product_brand","embeddable":true,"href":"https:\/\/www.dontpanicgames.com\/fr\/wp-json\/wp\/v2\/product_brand?post=46271"},{"taxonomy":"product_cat","embeddable":true,"href":"https:\/\/www.dontpanicgames.com\/fr\/wp-json\/wp\/v2\/product_cat?post=46271"},{"taxonomy":"product_tag","embeddable":true,"href":"https:\/\/www.dontpanicgames.com\/fr\/wp-json\/wp\/v2\/product_tag?post=46271"}],"curies":[{"name":"wp","href":"https:\/\/api.w.org\/{rel}","templated":true}]}}