{"id":43682,"date":"2025-07-10T10:48:15","date_gmt":"2025-07-10T09:48:15","guid":{"rendered":"https:\/\/www.dontpanicgames.com\/?post_type=product&#038;p=43682"},"modified":"2026-04-16T09:44:42","modified_gmt":"2026-04-16T08:44:42","slug":"puzzle-ranma","status":"publish","type":"product","link":"https:\/\/www.dontpanicgames.com\/fr\/shop\/level-42\/puzzle-ranma\/","title":{"rendered":"Puzzle Ranma 1\/2"},"content":{"rendered":"<span class=\"et_bloom_bottom_trigger\"><\/span>","protected":false},"excerpt":{"rendered":"<div class=\"message-2qnXI6 cozyMessage-3V1Y8y groupStart-23k01U wrapper-2a6GCs cozy-3raOZG zalgo-jN1Ica\" tabindex=\"-1\" role=\"article\" data-list-item-id=\"chat-messages___chat-messages-915636352517799996\" aria-setsize=\"-1\" aria-roledescription=\"Message\" aria-labelledby=\"message-username-915636352517799996 uid_1 message-content-915636352517799996 uid_2 message-timestamp-915636352517799996\" aria-describedby=\"\">\n<div class=\"contents-2mQqc9\">\n<div id=\"message-content-915636352517799996\" class=\"markup-2BOw-j messageContent-2qWWxC\">\n<p>Pi\u00e8ce apr\u00e8s pi\u00e8ce, r\u00e9unissez les protagonistes de <strong>Ranma 1\/2<\/strong> !<\/p>\n<\/div>\n<\/div>\n<div><em>Puzzle de <strong>1000 pi\u00e8ces<\/strong> de haute qualit\u00e9.<\/em><\/div>\n<div><em>Dimensions du puzzle une fois assembl\u00e9 : <strong>70 x 50 cm<\/strong>.<\/em><\/div>\n<\/div>\n<div><\/div>\n<div>Un jeu de <strong>logique<\/strong> et de <strong>patience<\/strong> qui plaira aux fans de l&rsquo;<strong>anim\u00e9 \/ manga Ranma 1\/2<\/strong>.<\/div>\n","protected":false},"featured_media":43690,"template":"","meta":{"_acf_changed":false},"product_brand":[],"product_cat":[897,469],"product_tag":[],"class_list":{"0":"post-43682","1":"product","2":"type-product","3":"status-publish","4":"has-post-thumbnail","6":"product_cat-accessoires","7":"product_cat-level-42","8":"product_shipping_class-standard-fr","10":"first","11":"instock","12":"taxable","13":"shipping-taxable","14":"purchasable","15":"product-type-simple"},"acf":[],"yoast_head":"<!-- This site is optimized with the Yoast SEO plugin v27.4 - https:\/\/yoast.com\/product\/yoast-seo-wordpress\/ -->\n<title>Puzzle Ranma 1\/2 | 1000 pi\u00e8ces | Anim\u00e9 &amp; Manga | \u00c0 Assembler<\/title>\n<meta name=\"description\" content=\"Jeu de patience et de logique, puzzle de 1000 pi\u00e8ces \u00e0 assembler, issu de la licence officielle Ranma 1\/2, cr\u00e9\u00e9 par Don&#039;t Panic Games.\" \/>\n<meta name=\"robots\" content=\"index, follow, max-snippet:-1, max-image-preview:large, max-video-preview:-1\" \/>\n<link rel=\"canonical\" href=\"https:\/\/www.dontpanicgames.com\/fr\/shop\/level-42\/puzzle-ranma\/\" \/>\n<meta property=\"og:locale\" content=\"fr_FR\" \/>\n<meta property=\"og:type\" content=\"article\" \/>\n<meta property=\"og:title\" content=\"Puzzle Ranma 1\/2 | 1000 pi\u00e8ces | Anim\u00e9 &amp; Manga | \u00c0 Assembler\" \/>\n<meta property=\"og:description\" content=\"Jeu de patience et de logique, puzzle de 1000 pi\u00e8ces \u00e0 assembler, issu de la licence officielle Ranma 1\/2, cr\u00e9\u00e9 par Don&#039;t Panic Games.\" \/>\n<meta property=\"og:url\" content=\"https:\/\/www.dontpanicgames.com\/fr\/shop\/level-42\/puzzle-ranma\/\" \/>\n<meta property=\"og:site_name\" content=\"Don&#039;t Panic Games\" \/>\n<meta property=\"article:publisher\" content=\"https:\/\/www.facebook.com\/dontpanicgames\/\" \/>\n<meta property=\"article:modified_time\" content=\"2026-04-16T08:44:42+00:00\" \/>\n<meta property=\"og:image\" content=\"https:\/\/www.dontpanicgames.com\/wp-content\/uploads\/2025\/07\/l420115-ranma_puzzle_packshot-750x1024.png\" \/>\n\t<meta property=\"og:image:width\" content=\"750\" \/>\n\t<meta property=\"og:image:height\" content=\"1024\" \/>\n\t<meta property=\"og:image:type\" content=\"image\/png\" \/>\n<meta name=\"twitter:card\" content=\"summary_large_image\" \/>\n<meta name=\"twitter:site\" content=\"@DontPanicGames1\" \/>\n<meta name=\"twitter:label1\" content=\"Dur\u00e9e de lecture estim\u00e9e\" \/>\n\t<meta name=\"twitter:data1\" content=\"1 minute\" \/>\n<script type=\"application\/ld+json\" class=\"yoast-schema-graph\">{\"@context\":\"https:\\\/\\\/schema.org\",\"@graph\":[{\"@type\":\"WebPage\",\"@id\":\"https:\\\/\\\/www.dontpanicgames.com\\\/fr\\\/shop\\\/level-42\\\/puzzle-ranma\\\/\",\"url\":\"https:\\\/\\\/www.dontpanicgames.com\\\/fr\\\/shop\\\/level-42\\\/puzzle-ranma\\\/\",\"name\":\"Puzzle Ranma 1\\\/2 | 1000 pi\u00e8ces | Anim\u00e9 & Manga | \u00c0 Assembler\",\"isPartOf\":{\"@id\":\"https:\\\/\\\/www.dontpanicgames.com\\\/fr\\\/#website\"},\"primaryImageOfPage\":{\"@id\":\"https:\\\/\\\/www.dontpanicgames.com\\\/fr\\\/shop\\\/level-42\\\/puzzle-ranma\\\/#primaryimage\"},\"image\":{\"@id\":\"https:\\\/\\\/www.dontpanicgames.com\\\/fr\\\/shop\\\/level-42\\\/puzzle-ranma\\\/#primaryimage\"},\"thumbnailUrl\":\"https:\\\/\\\/www.dontpanicgames.com\\\/wp-content\\\/uploads\\\/2025\\\/07\\\/ranma_puzzle_shop.jpg\",\"datePublished\":\"2025-07-10T09:48:15+00:00\",\"dateModified\":\"2026-04-16T08:44:42+00:00\",\"description\":\"Jeu de patience et de logique, puzzle de 1000 pi\u00e8ces \u00e0 assembler, issu de la licence officielle Ranma 1\\\/2, cr\u00e9\u00e9 par Don't Panic Games.\",\"breadcrumb\":{\"@id\":\"https:\\\/\\\/www.dontpanicgames.com\\\/fr\\\/shop\\\/level-42\\\/puzzle-ranma\\\/#breadcrumb\"},\"inLanguage\":\"fr-FR\",\"potentialAction\":[{\"@type\":\"ReadAction\",\"target\":[\"https:\\\/\\\/www.dontpanicgames.com\\\/fr\\\/shop\\\/level-42\\\/puzzle-ranma\\\/\"]}]},{\"@type\":\"ImageObject\",\"inLanguage\":\"fr-FR\",\"@id\":\"https:\\\/\\\/www.dontpanicgames.com\\\/fr\\\/shop\\\/level-42\\\/puzzle-ranma\\\/#primaryimage\",\"url\":\"https:\\\/\\\/www.dontpanicgames.com\\\/wp-content\\\/uploads\\\/2025\\\/07\\\/ranma_puzzle_shop.jpg\",\"contentUrl\":\"https:\\\/\\\/www.dontpanicgames.com\\\/wp-content\\\/uploads\\\/2025\\\/07\\\/ranma_puzzle_shop.jpg\",\"width\":900,\"height\":900},{\"@type\":\"BreadcrumbList\",\"@id\":\"https:\\\/\\\/www.dontpanicgames.com\\\/fr\\\/shop\\\/level-42\\\/puzzle-ranma\\\/#breadcrumb\",\"itemListElement\":[{\"@type\":\"ListItem\",\"position\":1,\"name\":\"Accueil\",\"item\":\"https:\\\/\\\/www.dontpanicgames.com\\\/fr\\\/\"},{\"@type\":\"ListItem\",\"position\":2,\"name\":\"Nos jeux\",\"item\":\"https:\\\/\\\/www.dontpanicgames.com\\\/fr\\\/nos-jeux\\\/\"},{\"@type\":\"ListItem\",\"position\":3,\"name\":\"Accessoires\",\"item\":\"https:\\\/\\\/www.dontpanicgames.com\\\/fr\\\/shop\\\/c\\\/accessoires\\\/\"},{\"@type\":\"ListItem\",\"position\":4,\"name\":\"Puzzle Ranma 1\\\/2\"}]},{\"@type\":\"WebSite\",\"@id\":\"https:\\\/\\\/www.dontpanicgames.com\\\/fr\\\/#website\",\"url\":\"https:\\\/\\\/www.dontpanicgames.com\\\/fr\\\/\",\"name\":\"Don't Panic Games\",\"description\":\"Don&#039;t Panic Games.com website\",\"potentialAction\":[{\"@type\":\"SearchAction\",\"target\":{\"@type\":\"EntryPoint\",\"urlTemplate\":\"https:\\\/\\\/www.dontpanicgames.com\\\/fr\\\/?s={search_term_string}\"},\"query-input\":{\"@type\":\"PropertyValueSpecification\",\"valueRequired\":true,\"valueName\":\"search_term_string\"}}],\"inLanguage\":\"fr-FR\"}]}<\/script>\n<!-- \/ Yoast SEO plugin. -->","yoast_head_json":{"title":"Puzzle Ranma 1\/2 | 1000 pi\u00e8ces | Anim\u00e9 & Manga | \u00c0 Assembler","description":"Jeu de patience et de logique, puzzle de 1000 pi\u00e8ces \u00e0 assembler, issu de la licence officielle Ranma 1\/2, cr\u00e9\u00e9 par Don't Panic Games.","robots":{"index":"index","follow":"follow","max-snippet":"max-snippet:-1","max-image-preview":"max-image-preview:large","max-video-preview":"max-video-preview:-1"},"canonical":"https:\/\/www.dontpanicgames.com\/fr\/shop\/level-42\/puzzle-ranma\/","og_locale":"fr_FR","og_type":"article","og_title":"Puzzle Ranma 1\/2 | 1000 pi\u00e8ces | Anim\u00e9 & Manga | \u00c0 Assembler","og_description":"Jeu de patience et de logique, puzzle de 1000 pi\u00e8ces \u00e0 assembler, issu de la licence officielle Ranma 1\/2, cr\u00e9\u00e9 par Don't Panic Games.","og_url":"https:\/\/www.dontpanicgames.com\/fr\/shop\/level-42\/puzzle-ranma\/","og_site_name":"Don&#039;t Panic Games","article_publisher":"https:\/\/www.facebook.com\/dontpanicgames\/","article_modified_time":"2026-04-16T08:44:42+00:00","og_image":[{"width":750,"height":1024,"url":"https:\/\/www.dontpanicgames.com\/wp-content\/uploads\/2025\/07\/l420115-ranma_puzzle_packshot-750x1024.png","type":"image\/png"}],"twitter_card":"summary_large_image","twitter_site":"@DontPanicGames1","twitter_misc":{"Dur\u00e9e de lecture estim\u00e9e":"1 minute"},"schema":{"@context":"https:\/\/schema.org","@graph":[{"@type":"WebPage","@id":"https:\/\/www.dontpanicgames.com\/fr\/shop\/level-42\/puzzle-ranma\/","url":"https:\/\/www.dontpanicgames.com\/fr\/shop\/level-42\/puzzle-ranma\/","name":"Puzzle Ranma 1\/2 | 1000 pi\u00e8ces | Anim\u00e9 & Manga | \u00c0 Assembler","isPartOf":{"@id":"https:\/\/www.dontpanicgames.com\/fr\/#website"},"primaryImageOfPage":{"@id":"https:\/\/www.dontpanicgames.com\/fr\/shop\/level-42\/puzzle-ranma\/#primaryimage"},"image":{"@id":"https:\/\/www.dontpanicgames.com\/fr\/shop\/level-42\/puzzle-ranma\/#primaryimage"},"thumbnailUrl":"https:\/\/www.dontpanicgames.com\/wp-content\/uploads\/2025\/07\/ranma_puzzle_shop.jpg","datePublished":"2025-07-10T09:48:15+00:00","dateModified":"2026-04-16T08:44:42+00:00","description":"Jeu de patience et de logique, puzzle de 1000 pi\u00e8ces \u00e0 assembler, issu de la licence officielle Ranma 1\/2, cr\u00e9\u00e9 par Don't Panic Games.","breadcrumb":{"@id":"https:\/\/www.dontpanicgames.com\/fr\/shop\/level-42\/puzzle-ranma\/#breadcrumb"},"inLanguage":"fr-FR","potentialAction":[{"@type":"ReadAction","target":["https:\/\/www.dontpanicgames.com\/fr\/shop\/level-42\/puzzle-ranma\/"]}]},{"@type":"ImageObject","inLanguage":"fr-FR","@id":"https:\/\/www.dontpanicgames.com\/fr\/shop\/level-42\/puzzle-ranma\/#primaryimage","url":"https:\/\/www.dontpanicgames.com\/wp-content\/uploads\/2025\/07\/ranma_puzzle_shop.jpg","contentUrl":"https:\/\/www.dontpanicgames.com\/wp-content\/uploads\/2025\/07\/ranma_puzzle_shop.jpg","width":900,"height":900},{"@type":"BreadcrumbList","@id":"https:\/\/www.dontpanicgames.com\/fr\/shop\/level-42\/puzzle-ranma\/#breadcrumb","itemListElement":[{"@type":"ListItem","position":1,"name":"Accueil","item":"https:\/\/www.dontpanicgames.com\/fr\/"},{"@type":"ListItem","position":2,"name":"Nos jeux","item":"https:\/\/www.dontpanicgames.com\/fr\/nos-jeux\/"},{"@type":"ListItem","position":3,"name":"Accessoires","item":"https:\/\/www.dontpanicgames.com\/fr\/shop\/c\/accessoires\/"},{"@type":"ListItem","position":4,"name":"Puzzle Ranma 1\/2"}]},{"@type":"WebSite","@id":"https:\/\/www.dontpanicgames.com\/fr\/#website","url":"https:\/\/www.dontpanicgames.com\/fr\/","name":"Don't Panic Games","description":"Don&#039;t Panic Games.com website","potentialAction":[{"@type":"SearchAction","target":{"@type":"EntryPoint","urlTemplate":"https:\/\/www.dontpanicgames.com\/fr\/?s={search_term_string}"},"query-input":{"@type":"PropertyValueSpecification","valueRequired":true,"valueName":"search_term_string"}}],"inLanguage":"fr-FR"}]}},"_links":{"self":[{"href":"https:\/\/www.dontpanicgames.com\/fr\/wp-json\/wp\/v2\/product\/43682","targetHints":{"allow":["GET"]}}],"collection":[{"href":"https:\/\/www.dontpanicgames.com\/fr\/wp-json\/wp\/v2\/product"}],"about":[{"href":"https:\/\/www.dontpanicgames.com\/fr\/wp-json\/wp\/v2\/types\/product"}],"wp:featuredmedia":[{"embeddable":true,"href":"https:\/\/www.dontpanicgames.com\/fr\/wp-json\/wp\/v2\/media\/43690"}],"wp:attachment":[{"href":"https:\/\/www.dontpanicgames.com\/fr\/wp-json\/wp\/v2\/media?parent=43682"}],"wp:term":[{"taxonomy":"product_brand","embeddable":true,"href":"https:\/\/www.dontpanicgames.com\/fr\/wp-json\/wp\/v2\/product_brand?post=43682"},{"taxonomy":"product_cat","embeddable":true,"href":"https:\/\/www.dontpanicgames.com\/fr\/wp-json\/wp\/v2\/product_cat?post=43682"},{"taxonomy":"product_tag","embeddable":true,"href":"https:\/\/www.dontpanicgames.com\/fr\/wp-json\/wp\/v2\/product_tag?post=43682"}],"curies":[{"name":"wp","href":"https:\/\/api.w.org\/{rel}","templated":true}]}}