{"id":43239,"date":"2025-06-20T14:29:44","date_gmt":"2025-06-20T13:29:44","guid":{"rendered":"https:\/\/www.dontpanicgames.com\/?post_type=product&#038;p=43239"},"modified":"2026-03-06T16:23:22","modified_gmt":"2026-03-06T15:23:22","slug":"wilderfeast-pack-de-journaux","status":"publish","type":"product","link":"https:\/\/www.dontpanicgames.com\/fr\/shop\/jeux\/wilderfeast\/wilderfeast-pack-de-journaux\/","title":{"rendered":"Wilderfeast\u2122 &#8211; Pack de journaux"},"content":{"rendered":"<span class=\"et_bloom_bottom_trigger\"><\/span>","protected":false},"excerpt":{"rendered":"<p>Six carnets dans lesquels les Naturons peuvent consigner les connaissances qu\u2019ils acqui\u00e8rent sur les Monstres, sur les R\u00e9gions explor\u00e9es, les communaut\u00e9s rencontr\u00e9es et les Ingr\u00e9dients qu\u2019on y trouve (et comment les r\u00e9colter), ainsi que les \u00e9tonnantes recettes cr\u00e9\u00e9es au fil de leurs aventures !<\/p>\n<ul>\n<li>Dimensions : <strong>14 \u00d7 21 cm.<\/strong><\/li>\n<li>Nombre de page : <strong>20 pages chacun<\/strong>.<\/li>\n<\/ul>\n<p><a href=\"https:\/\/www.dontpanicgames.com\/fr\/shop\/c\/jeux\/wilderfeast\/\">Retrouvez la gamme compl\u00e8te Wilderfeast\u2122 en cliquant ici.<\/a><\/p>\n","protected":false},"featured_media":43241,"template":"","meta":{"_acf_changed":false},"product_brand":[],"product_cat":[897,986],"product_tag":[],"class_list":{"0":"post-43239","1":"product","2":"type-product","3":"status-publish","4":"has-post-thumbnail","6":"product_cat-accessoires","7":"product_cat-wilderfeast","8":"product_shipping_class-standard-fr","10":"first","11":"instock","12":"taxable","13":"shipping-taxable","14":"purchasable","15":"product-type-simple"},"acf":[],"yoast_head":"<!-- This site is optimized with the Yoast SEO plugin v27.3 - https:\/\/yoast.com\/product\/yoast-seo-wordpress\/ -->\n<title>Wilderfeast - Pack de journaux - Accessoire - Jeu de R\u00f4le<\/title>\n<meta name=\"description\" content=\"Pack de journaux pour le jeu de r\u00f4le Wilderfeast de Don&#039;t Panic Games. Accessoire utilis\u00e9 par les Naturons pour acqu\u00e9rir des connaissances durant la partie.\" \/>\n<meta name=\"robots\" content=\"index, follow, max-snippet:-1, max-image-preview:large, max-video-preview:-1\" \/>\n<link rel=\"canonical\" href=\"https:\/\/www.dontpanicgames.com\/fr\/shop\/jeux\/wilderfeast\/wilderfeast-pack-de-journaux\/\" \/>\n<meta property=\"og:locale\" content=\"fr_FR\" \/>\n<meta property=\"og:type\" content=\"article\" \/>\n<meta property=\"og:title\" content=\"Wilderfeast - Pack de journaux - Accessoire - Jeu de R\u00f4le\" \/>\n<meta property=\"og:description\" content=\"Pack de journaux pour le jeu de r\u00f4le Wilderfeast de Don&#039;t Panic Games. Accessoire utilis\u00e9 par les Naturons pour acqu\u00e9rir des connaissances durant la partie.\" \/>\n<meta property=\"og:url\" content=\"https:\/\/www.dontpanicgames.com\/fr\/shop\/jeux\/wilderfeast\/wilderfeast-pack-de-journaux\/\" \/>\n<meta property=\"og:site_name\" content=\"Don&#039;t Panic Games\" \/>\n<meta property=\"article:publisher\" content=\"https:\/\/www.facebook.com\/dontpanicgames\/\" \/>\n<meta property=\"article:modified_time\" content=\"2026-03-06T15:23:22+00:00\" \/>\n<meta property=\"og:image\" content=\"https:\/\/www.dontpanicgames.com\/wp-content\/uploads\/2025\/06\/wilderfeast_presskit_journaux-1024x573.png\" \/>\n\t<meta property=\"og:image:width\" content=\"1024\" \/>\n\t<meta property=\"og:image:height\" content=\"573\" \/>\n\t<meta property=\"og:image:type\" content=\"image\/png\" \/>\n<meta name=\"twitter:card\" content=\"summary_large_image\" \/>\n<meta name=\"twitter:site\" content=\"@DontPanicGames1\" \/>\n<meta name=\"twitter:label1\" content=\"Dur\u00e9e de lecture estim\u00e9e\" \/>\n\t<meta name=\"twitter:data1\" content=\"1 minute\" \/>\n<script type=\"application\/ld+json\" class=\"yoast-schema-graph\">{\"@context\":\"https:\\\/\\\/schema.org\",\"@graph\":[{\"@type\":\"WebPage\",\"@id\":\"https:\\\/\\\/www.dontpanicgames.com\\\/fr\\\/shop\\\/jeux\\\/wilderfeast\\\/wilderfeast-pack-de-journaux\\\/\",\"url\":\"https:\\\/\\\/www.dontpanicgames.com\\\/fr\\\/shop\\\/jeux\\\/wilderfeast\\\/wilderfeast-pack-de-journaux\\\/\",\"name\":\"Wilderfeast - Pack de journaux - Accessoire - Jeu de R\u00f4le\",\"isPartOf\":{\"@id\":\"https:\\\/\\\/www.dontpanicgames.com\\\/fr\\\/#website\"},\"primaryImageOfPage\":{\"@id\":\"https:\\\/\\\/www.dontpanicgames.com\\\/fr\\\/shop\\\/jeux\\\/wilderfeast\\\/wilderfeast-pack-de-journaux\\\/#primaryimage\"},\"image\":{\"@id\":\"https:\\\/\\\/www.dontpanicgames.com\\\/fr\\\/shop\\\/jeux\\\/wilderfeast\\\/wilderfeast-pack-de-journaux\\\/#primaryimage\"},\"thumbnailUrl\":\"https:\\\/\\\/www.dontpanicgames.com\\\/wp-content\\\/uploads\\\/2025\\\/06\\\/press_kit-fond_vide-journaux.png\",\"datePublished\":\"2025-06-20T13:29:44+00:00\",\"dateModified\":\"2026-03-06T15:23:22+00:00\",\"description\":\"Pack de journaux pour le jeu de r\u00f4le Wilderfeast de Don't Panic Games. Accessoire utilis\u00e9 par les Naturons pour acqu\u00e9rir des connaissances durant la partie.\",\"breadcrumb\":{\"@id\":\"https:\\\/\\\/www.dontpanicgames.com\\\/fr\\\/shop\\\/jeux\\\/wilderfeast\\\/wilderfeast-pack-de-journaux\\\/#breadcrumb\"},\"inLanguage\":\"fr-FR\",\"potentialAction\":[{\"@type\":\"ReadAction\",\"target\":[\"https:\\\/\\\/www.dontpanicgames.com\\\/fr\\\/shop\\\/jeux\\\/wilderfeast\\\/wilderfeast-pack-de-journaux\\\/\"]}]},{\"@type\":\"ImageObject\",\"inLanguage\":\"fr-FR\",\"@id\":\"https:\\\/\\\/www.dontpanicgames.com\\\/fr\\\/shop\\\/jeux\\\/wilderfeast\\\/wilderfeast-pack-de-journaux\\\/#primaryimage\",\"url\":\"https:\\\/\\\/www.dontpanicgames.com\\\/wp-content\\\/uploads\\\/2025\\\/06\\\/press_kit-fond_vide-journaux.png\",\"contentUrl\":\"https:\\\/\\\/www.dontpanicgames.com\\\/wp-content\\\/uploads\\\/2025\\\/06\\\/press_kit-fond_vide-journaux.png\",\"width\":1772,\"height\":1772},{\"@type\":\"BreadcrumbList\",\"@id\":\"https:\\\/\\\/www.dontpanicgames.com\\\/fr\\\/shop\\\/jeux\\\/wilderfeast\\\/wilderfeast-pack-de-journaux\\\/#breadcrumb\",\"itemListElement\":[{\"@type\":\"ListItem\",\"position\":1,\"name\":\"Accueil\",\"item\":\"https:\\\/\\\/www.dontpanicgames.com\\\/fr\\\/\"},{\"@type\":\"ListItem\",\"position\":2,\"name\":\"Nos jeux\",\"item\":\"https:\\\/\\\/www.dontpanicgames.com\\\/fr\\\/nos-jeux\\\/\"},{\"@type\":\"ListItem\",\"position\":3,\"name\":\"Accessoires\",\"item\":\"https:\\\/\\\/www.dontpanicgames.com\\\/fr\\\/shop\\\/c\\\/accessoires\\\/\"},{\"@type\":\"ListItem\",\"position\":4,\"name\":\"Wilderfeast\u2122 &#8211; Pack de journaux\"}]},{\"@type\":\"WebSite\",\"@id\":\"https:\\\/\\\/www.dontpanicgames.com\\\/fr\\\/#website\",\"url\":\"https:\\\/\\\/www.dontpanicgames.com\\\/fr\\\/\",\"name\":\"Don't Panic Games\",\"description\":\"Don&#039;t Panic Games.com website\",\"potentialAction\":[{\"@type\":\"SearchAction\",\"target\":{\"@type\":\"EntryPoint\",\"urlTemplate\":\"https:\\\/\\\/www.dontpanicgames.com\\\/fr\\\/?s={search_term_string}\"},\"query-input\":{\"@type\":\"PropertyValueSpecification\",\"valueRequired\":true,\"valueName\":\"search_term_string\"}}],\"inLanguage\":\"fr-FR\"}]}<\/script>\n<!-- \/ Yoast SEO plugin. -->","yoast_head_json":{"title":"Wilderfeast - Pack de journaux - Accessoire - Jeu de R\u00f4le","description":"Pack de journaux pour le jeu de r\u00f4le Wilderfeast de Don't Panic Games. Accessoire utilis\u00e9 par les Naturons pour acqu\u00e9rir des connaissances durant la partie.","robots":{"index":"index","follow":"follow","max-snippet":"max-snippet:-1","max-image-preview":"max-image-preview:large","max-video-preview":"max-video-preview:-1"},"canonical":"https:\/\/www.dontpanicgames.com\/fr\/shop\/jeux\/wilderfeast\/wilderfeast-pack-de-journaux\/","og_locale":"fr_FR","og_type":"article","og_title":"Wilderfeast - Pack de journaux - Accessoire - Jeu de R\u00f4le","og_description":"Pack de journaux pour le jeu de r\u00f4le Wilderfeast de Don't Panic Games. Accessoire utilis\u00e9 par les Naturons pour acqu\u00e9rir des connaissances durant la partie.","og_url":"https:\/\/www.dontpanicgames.com\/fr\/shop\/jeux\/wilderfeast\/wilderfeast-pack-de-journaux\/","og_site_name":"Don&#039;t Panic Games","article_publisher":"https:\/\/www.facebook.com\/dontpanicgames\/","article_modified_time":"2026-03-06T15:23:22+00:00","og_image":[{"width":1024,"height":573,"url":"https:\/\/www.dontpanicgames.com\/wp-content\/uploads\/2025\/06\/wilderfeast_presskit_journaux-1024x573.png","type":"image\/png"}],"twitter_card":"summary_large_image","twitter_site":"@DontPanicGames1","twitter_misc":{"Dur\u00e9e de lecture estim\u00e9e":"1 minute"},"schema":{"@context":"https:\/\/schema.org","@graph":[{"@type":"WebPage","@id":"https:\/\/www.dontpanicgames.com\/fr\/shop\/jeux\/wilderfeast\/wilderfeast-pack-de-journaux\/","url":"https:\/\/www.dontpanicgames.com\/fr\/shop\/jeux\/wilderfeast\/wilderfeast-pack-de-journaux\/","name":"Wilderfeast - Pack de journaux - Accessoire - Jeu de R\u00f4le","isPartOf":{"@id":"https:\/\/www.dontpanicgames.com\/fr\/#website"},"primaryImageOfPage":{"@id":"https:\/\/www.dontpanicgames.com\/fr\/shop\/jeux\/wilderfeast\/wilderfeast-pack-de-journaux\/#primaryimage"},"image":{"@id":"https:\/\/www.dontpanicgames.com\/fr\/shop\/jeux\/wilderfeast\/wilderfeast-pack-de-journaux\/#primaryimage"},"thumbnailUrl":"https:\/\/www.dontpanicgames.com\/wp-content\/uploads\/2025\/06\/press_kit-fond_vide-journaux.png","datePublished":"2025-06-20T13:29:44+00:00","dateModified":"2026-03-06T15:23:22+00:00","description":"Pack de journaux pour le jeu de r\u00f4le Wilderfeast de Don't Panic Games. Accessoire utilis\u00e9 par les Naturons pour acqu\u00e9rir des connaissances durant la partie.","breadcrumb":{"@id":"https:\/\/www.dontpanicgames.com\/fr\/shop\/jeux\/wilderfeast\/wilderfeast-pack-de-journaux\/#breadcrumb"},"inLanguage":"fr-FR","potentialAction":[{"@type":"ReadAction","target":["https:\/\/www.dontpanicgames.com\/fr\/shop\/jeux\/wilderfeast\/wilderfeast-pack-de-journaux\/"]}]},{"@type":"ImageObject","inLanguage":"fr-FR","@id":"https:\/\/www.dontpanicgames.com\/fr\/shop\/jeux\/wilderfeast\/wilderfeast-pack-de-journaux\/#primaryimage","url":"https:\/\/www.dontpanicgames.com\/wp-content\/uploads\/2025\/06\/press_kit-fond_vide-journaux.png","contentUrl":"https:\/\/www.dontpanicgames.com\/wp-content\/uploads\/2025\/06\/press_kit-fond_vide-journaux.png","width":1772,"height":1772},{"@type":"BreadcrumbList","@id":"https:\/\/www.dontpanicgames.com\/fr\/shop\/jeux\/wilderfeast\/wilderfeast-pack-de-journaux\/#breadcrumb","itemListElement":[{"@type":"ListItem","position":1,"name":"Accueil","item":"https:\/\/www.dontpanicgames.com\/fr\/"},{"@type":"ListItem","position":2,"name":"Nos jeux","item":"https:\/\/www.dontpanicgames.com\/fr\/nos-jeux\/"},{"@type":"ListItem","position":3,"name":"Accessoires","item":"https:\/\/www.dontpanicgames.com\/fr\/shop\/c\/accessoires\/"},{"@type":"ListItem","position":4,"name":"Wilderfeast\u2122 &#8211; Pack de journaux"}]},{"@type":"WebSite","@id":"https:\/\/www.dontpanicgames.com\/fr\/#website","url":"https:\/\/www.dontpanicgames.com\/fr\/","name":"Don't Panic Games","description":"Don&#039;t Panic Games.com website","potentialAction":[{"@type":"SearchAction","target":{"@type":"EntryPoint","urlTemplate":"https:\/\/www.dontpanicgames.com\/fr\/?s={search_term_string}"},"query-input":{"@type":"PropertyValueSpecification","valueRequired":true,"valueName":"search_term_string"}}],"inLanguage":"fr-FR"}]}},"_links":{"self":[{"href":"https:\/\/www.dontpanicgames.com\/fr\/wp-json\/wp\/v2\/product\/43239","targetHints":{"allow":["GET"]}}],"collection":[{"href":"https:\/\/www.dontpanicgames.com\/fr\/wp-json\/wp\/v2\/product"}],"about":[{"href":"https:\/\/www.dontpanicgames.com\/fr\/wp-json\/wp\/v2\/types\/product"}],"wp:featuredmedia":[{"embeddable":true,"href":"https:\/\/www.dontpanicgames.com\/fr\/wp-json\/wp\/v2\/media\/43241"}],"wp:attachment":[{"href":"https:\/\/www.dontpanicgames.com\/fr\/wp-json\/wp\/v2\/media?parent=43239"}],"wp:term":[{"taxonomy":"product_brand","embeddable":true,"href":"https:\/\/www.dontpanicgames.com\/fr\/wp-json\/wp\/v2\/product_brand?post=43239"},{"taxonomy":"product_cat","embeddable":true,"href":"https:\/\/www.dontpanicgames.com\/fr\/wp-json\/wp\/v2\/product_cat?post=43239"},{"taxonomy":"product_tag","embeddable":true,"href":"https:\/\/www.dontpanicgames.com\/fr\/wp-json\/wp\/v2\/product_tag?post=43239"}],"curies":[{"name":"wp","href":"https:\/\/api.w.org\/{rel}","templated":true}]}}