{"id":43225,"date":"2025-06-20T14:07:05","date_gmt":"2025-06-20T13:07:05","guid":{"rendered":"https:\/\/www.dontpanicgames.com\/?post_type=product&#038;p=43225"},"modified":"2026-03-06T16:23:38","modified_gmt":"2026-03-06T15:23:38","slug":"wilderfeast-horloge-monstrueuse","status":"publish","type":"product","link":"https:\/\/www.dontpanicgames.com\/fr\/shop\/jeux\/wilderfeast\/wilderfeast-horloge-monstrueuse\/","title":{"rendered":"Wilderfeast\u2122 &#8211; Horloge Monstrueuse"},"content":{"rendered":"<span class=\"et_bloom_bottom_trigger\"><\/span>","protected":false},"excerpt":{"rendered":"<p><span style=\"font-weight: 400;\">L&rsquo;Horloge Monstrueuse, un accessoire bien pratique<strong> permettant de g\u00e9rer les \u00e9v\u00e9nements du jeu Wilderfeast\u2122<\/strong>, comme \u00ab\u00a0Il te reste 4 tours avant que le Monstre ne s\u2019enfuie dans la for\u00eat\u00a0\u00bb ou \u00ab\u00a0Il reste 7 tours avant que les blessures de ton animal de compagnie ne puissent plus \u00eatre soign\u00e9es.\u00a0\u00bb<\/span><\/p>\n<p><span style=\"font-weight: 400;\">Dimensions\u00a0: <strong>environ 10 cm de diam\u00e8tre<\/strong>.<\/span><\/p>\n<p><a href=\"https:\/\/www.dontpanicgames.com\/fr\/shop\/c\/jeux\/wilderfeast\/\">Retrouvez la gamme compl\u00e8te Wilderfeast\u2122 en cliquant ici.<\/a><\/p>\n","protected":false},"featured_media":43227,"template":"","meta":{"_acf_changed":false},"product_brand":[],"product_cat":[897,986],"product_tag":[],"class_list":{"0":"post-43225","1":"product","2":"type-product","3":"status-publish","4":"has-post-thumbnail","6":"product_cat-accessoires","7":"product_cat-wilderfeast","8":"product_shipping_class-standard-fr","10":"first","11":"instock","12":"taxable","13":"shipping-taxable","14":"purchasable","15":"product-type-simple"},"acf":[],"yoast_head":"<!-- This site is optimized with the Yoast SEO plugin v27.3 - https:\/\/yoast.com\/product\/yoast-seo-wordpress\/ -->\n<title>Wilderfeast - Horloge Monstrueuse - Accessoire - Jeu de R\u00f4le<\/title>\n<meta name=\"description\" content=\"Horloge Monstrueuse pour le jeu de r\u00f4le Wilderfeast de Don&#039;t Panic Games. Un accessoire JDR pour les Maitres du Jeu (MJ) souhaitant g\u00e9rer les \u00e9v\u00e8nements.\" \/>\n<meta name=\"robots\" content=\"index, follow, max-snippet:-1, max-image-preview:large, max-video-preview:-1\" \/>\n<link rel=\"canonical\" href=\"https:\/\/www.dontpanicgames.com\/fr\/shop\/jeux\/wilderfeast\/wilderfeast-horloge-monstrueuse\/\" \/>\n<meta property=\"og:locale\" content=\"fr_FR\" \/>\n<meta property=\"og:type\" content=\"article\" \/>\n<meta property=\"og:title\" content=\"Wilderfeast - Horloge Monstrueuse - Accessoire - Jeu de R\u00f4le\" \/>\n<meta property=\"og:description\" content=\"Horloge Monstrueuse pour le jeu de r\u00f4le Wilderfeast de Don&#039;t Panic Games. Un accessoire JDR pour les Maitres du Jeu (MJ) souhaitant g\u00e9rer les \u00e9v\u00e8nements.\" \/>\n<meta property=\"og:url\" content=\"https:\/\/www.dontpanicgames.com\/fr\/shop\/jeux\/wilderfeast\/wilderfeast-horloge-monstrueuse\/\" \/>\n<meta property=\"og:site_name\" content=\"Don&#039;t Panic Games\" \/>\n<meta property=\"article:publisher\" content=\"https:\/\/www.facebook.com\/dontpanicgames\/\" \/>\n<meta property=\"article:modified_time\" content=\"2026-03-06T15:23:38+00:00\" \/>\n<meta property=\"og:image\" content=\"https:\/\/www.dontpanicgames.com\/wp-content\/uploads\/2025\/06\/wilderfeast_presskit_horloge-1.png\" \/>\n\t<meta property=\"og:image:width\" content=\"1772\" \/>\n\t<meta property=\"og:image:height\" content=\"992\" \/>\n\t<meta property=\"og:image:type\" content=\"image\/png\" \/>\n<meta name=\"twitter:card\" content=\"summary_large_image\" \/>\n<meta name=\"twitter:site\" content=\"@DontPanicGames1\" \/>\n<meta name=\"twitter:label1\" content=\"Dur\u00e9e de lecture estim\u00e9e\" \/>\n\t<meta name=\"twitter:data1\" content=\"1 minute\" \/>\n<script type=\"application\/ld+json\" class=\"yoast-schema-graph\">{\"@context\":\"https:\\\/\\\/schema.org\",\"@graph\":[{\"@type\":\"WebPage\",\"@id\":\"https:\\\/\\\/www.dontpanicgames.com\\\/fr\\\/shop\\\/jeux\\\/wilderfeast\\\/wilderfeast-horloge-monstrueuse\\\/\",\"url\":\"https:\\\/\\\/www.dontpanicgames.com\\\/fr\\\/shop\\\/jeux\\\/wilderfeast\\\/wilderfeast-horloge-monstrueuse\\\/\",\"name\":\"Wilderfeast - Horloge Monstrueuse - Accessoire - Jeu de R\u00f4le\",\"isPartOf\":{\"@id\":\"https:\\\/\\\/www.dontpanicgames.com\\\/fr\\\/#website\"},\"primaryImageOfPage\":{\"@id\":\"https:\\\/\\\/www.dontpanicgames.com\\\/fr\\\/shop\\\/jeux\\\/wilderfeast\\\/wilderfeast-horloge-monstrueuse\\\/#primaryimage\"},\"image\":{\"@id\":\"https:\\\/\\\/www.dontpanicgames.com\\\/fr\\\/shop\\\/jeux\\\/wilderfeast\\\/wilderfeast-horloge-monstrueuse\\\/#primaryimage\"},\"thumbnailUrl\":\"https:\\\/\\\/www.dontpanicgames.com\\\/wp-content\\\/uploads\\\/2025\\\/06\\\/press_kit-fond_vide-horloge.png\",\"datePublished\":\"2025-06-20T13:07:05+00:00\",\"dateModified\":\"2026-03-06T15:23:38+00:00\",\"description\":\"Horloge Monstrueuse pour le jeu de r\u00f4le Wilderfeast de Don't Panic Games. Un accessoire JDR pour les Maitres du Jeu (MJ) souhaitant g\u00e9rer les \u00e9v\u00e8nements.\",\"breadcrumb\":{\"@id\":\"https:\\\/\\\/www.dontpanicgames.com\\\/fr\\\/shop\\\/jeux\\\/wilderfeast\\\/wilderfeast-horloge-monstrueuse\\\/#breadcrumb\"},\"inLanguage\":\"fr-FR\",\"potentialAction\":[{\"@type\":\"ReadAction\",\"target\":[\"https:\\\/\\\/www.dontpanicgames.com\\\/fr\\\/shop\\\/jeux\\\/wilderfeast\\\/wilderfeast-horloge-monstrueuse\\\/\"]}]},{\"@type\":\"ImageObject\",\"inLanguage\":\"fr-FR\",\"@id\":\"https:\\\/\\\/www.dontpanicgames.com\\\/fr\\\/shop\\\/jeux\\\/wilderfeast\\\/wilderfeast-horloge-monstrueuse\\\/#primaryimage\",\"url\":\"https:\\\/\\\/www.dontpanicgames.com\\\/wp-content\\\/uploads\\\/2025\\\/06\\\/press_kit-fond_vide-horloge.png\",\"contentUrl\":\"https:\\\/\\\/www.dontpanicgames.com\\\/wp-content\\\/uploads\\\/2025\\\/06\\\/press_kit-fond_vide-horloge.png\",\"width\":1772,\"height\":1772},{\"@type\":\"BreadcrumbList\",\"@id\":\"https:\\\/\\\/www.dontpanicgames.com\\\/fr\\\/shop\\\/jeux\\\/wilderfeast\\\/wilderfeast-horloge-monstrueuse\\\/#breadcrumb\",\"itemListElement\":[{\"@type\":\"ListItem\",\"position\":1,\"name\":\"Accueil\",\"item\":\"https:\\\/\\\/www.dontpanicgames.com\\\/fr\\\/\"},{\"@type\":\"ListItem\",\"position\":2,\"name\":\"Nos jeux\",\"item\":\"https:\\\/\\\/www.dontpanicgames.com\\\/fr\\\/nos-jeux\\\/\"},{\"@type\":\"ListItem\",\"position\":3,\"name\":\"Accessoires\",\"item\":\"https:\\\/\\\/www.dontpanicgames.com\\\/fr\\\/shop\\\/c\\\/accessoires\\\/\"},{\"@type\":\"ListItem\",\"position\":4,\"name\":\"Wilderfeast\u2122 &#8211; Horloge Monstrueuse\"}]},{\"@type\":\"WebSite\",\"@id\":\"https:\\\/\\\/www.dontpanicgames.com\\\/fr\\\/#website\",\"url\":\"https:\\\/\\\/www.dontpanicgames.com\\\/fr\\\/\",\"name\":\"Don't Panic Games\",\"description\":\"Don&#039;t Panic Games.com website\",\"potentialAction\":[{\"@type\":\"SearchAction\",\"target\":{\"@type\":\"EntryPoint\",\"urlTemplate\":\"https:\\\/\\\/www.dontpanicgames.com\\\/fr\\\/?s={search_term_string}\"},\"query-input\":{\"@type\":\"PropertyValueSpecification\",\"valueRequired\":true,\"valueName\":\"search_term_string\"}}],\"inLanguage\":\"fr-FR\"}]}<\/script>\n<!-- \/ Yoast SEO plugin. -->","yoast_head_json":{"title":"Wilderfeast - Horloge Monstrueuse - Accessoire - Jeu de R\u00f4le","description":"Horloge Monstrueuse pour le jeu de r\u00f4le Wilderfeast de Don't Panic Games. Un accessoire JDR pour les Maitres du Jeu (MJ) souhaitant g\u00e9rer les \u00e9v\u00e8nements.","robots":{"index":"index","follow":"follow","max-snippet":"max-snippet:-1","max-image-preview":"max-image-preview:large","max-video-preview":"max-video-preview:-1"},"canonical":"https:\/\/www.dontpanicgames.com\/fr\/shop\/jeux\/wilderfeast\/wilderfeast-horloge-monstrueuse\/","og_locale":"fr_FR","og_type":"article","og_title":"Wilderfeast - Horloge Monstrueuse - Accessoire - Jeu de R\u00f4le","og_description":"Horloge Monstrueuse pour le jeu de r\u00f4le Wilderfeast de Don't Panic Games. Un accessoire JDR pour les Maitres du Jeu (MJ) souhaitant g\u00e9rer les \u00e9v\u00e8nements.","og_url":"https:\/\/www.dontpanicgames.com\/fr\/shop\/jeux\/wilderfeast\/wilderfeast-horloge-monstrueuse\/","og_site_name":"Don&#039;t Panic Games","article_publisher":"https:\/\/www.facebook.com\/dontpanicgames\/","article_modified_time":"2026-03-06T15:23:38+00:00","og_image":[{"width":1772,"height":992,"url":"https:\/\/www.dontpanicgames.com\/wp-content\/uploads\/2025\/06\/wilderfeast_presskit_horloge-1.png","type":"image\/png"}],"twitter_card":"summary_large_image","twitter_site":"@DontPanicGames1","twitter_misc":{"Dur\u00e9e de lecture estim\u00e9e":"1 minute"},"schema":{"@context":"https:\/\/schema.org","@graph":[{"@type":"WebPage","@id":"https:\/\/www.dontpanicgames.com\/fr\/shop\/jeux\/wilderfeast\/wilderfeast-horloge-monstrueuse\/","url":"https:\/\/www.dontpanicgames.com\/fr\/shop\/jeux\/wilderfeast\/wilderfeast-horloge-monstrueuse\/","name":"Wilderfeast - Horloge Monstrueuse - Accessoire - Jeu de R\u00f4le","isPartOf":{"@id":"https:\/\/www.dontpanicgames.com\/fr\/#website"},"primaryImageOfPage":{"@id":"https:\/\/www.dontpanicgames.com\/fr\/shop\/jeux\/wilderfeast\/wilderfeast-horloge-monstrueuse\/#primaryimage"},"image":{"@id":"https:\/\/www.dontpanicgames.com\/fr\/shop\/jeux\/wilderfeast\/wilderfeast-horloge-monstrueuse\/#primaryimage"},"thumbnailUrl":"https:\/\/www.dontpanicgames.com\/wp-content\/uploads\/2025\/06\/press_kit-fond_vide-horloge.png","datePublished":"2025-06-20T13:07:05+00:00","dateModified":"2026-03-06T15:23:38+00:00","description":"Horloge Monstrueuse pour le jeu de r\u00f4le Wilderfeast de Don't Panic Games. Un accessoire JDR pour les Maitres du Jeu (MJ) souhaitant g\u00e9rer les \u00e9v\u00e8nements.","breadcrumb":{"@id":"https:\/\/www.dontpanicgames.com\/fr\/shop\/jeux\/wilderfeast\/wilderfeast-horloge-monstrueuse\/#breadcrumb"},"inLanguage":"fr-FR","potentialAction":[{"@type":"ReadAction","target":["https:\/\/www.dontpanicgames.com\/fr\/shop\/jeux\/wilderfeast\/wilderfeast-horloge-monstrueuse\/"]}]},{"@type":"ImageObject","inLanguage":"fr-FR","@id":"https:\/\/www.dontpanicgames.com\/fr\/shop\/jeux\/wilderfeast\/wilderfeast-horloge-monstrueuse\/#primaryimage","url":"https:\/\/www.dontpanicgames.com\/wp-content\/uploads\/2025\/06\/press_kit-fond_vide-horloge.png","contentUrl":"https:\/\/www.dontpanicgames.com\/wp-content\/uploads\/2025\/06\/press_kit-fond_vide-horloge.png","width":1772,"height":1772},{"@type":"BreadcrumbList","@id":"https:\/\/www.dontpanicgames.com\/fr\/shop\/jeux\/wilderfeast\/wilderfeast-horloge-monstrueuse\/#breadcrumb","itemListElement":[{"@type":"ListItem","position":1,"name":"Accueil","item":"https:\/\/www.dontpanicgames.com\/fr\/"},{"@type":"ListItem","position":2,"name":"Nos jeux","item":"https:\/\/www.dontpanicgames.com\/fr\/nos-jeux\/"},{"@type":"ListItem","position":3,"name":"Accessoires","item":"https:\/\/www.dontpanicgames.com\/fr\/shop\/c\/accessoires\/"},{"@type":"ListItem","position":4,"name":"Wilderfeast\u2122 &#8211; Horloge Monstrueuse"}]},{"@type":"WebSite","@id":"https:\/\/www.dontpanicgames.com\/fr\/#website","url":"https:\/\/www.dontpanicgames.com\/fr\/","name":"Don't Panic Games","description":"Don&#039;t Panic Games.com website","potentialAction":[{"@type":"SearchAction","target":{"@type":"EntryPoint","urlTemplate":"https:\/\/www.dontpanicgames.com\/fr\/?s={search_term_string}"},"query-input":{"@type":"PropertyValueSpecification","valueRequired":true,"valueName":"search_term_string"}}],"inLanguage":"fr-FR"}]}},"_links":{"self":[{"href":"https:\/\/www.dontpanicgames.com\/fr\/wp-json\/wp\/v2\/product\/43225","targetHints":{"allow":["GET"]}}],"collection":[{"href":"https:\/\/www.dontpanicgames.com\/fr\/wp-json\/wp\/v2\/product"}],"about":[{"href":"https:\/\/www.dontpanicgames.com\/fr\/wp-json\/wp\/v2\/types\/product"}],"wp:featuredmedia":[{"embeddable":true,"href":"https:\/\/www.dontpanicgames.com\/fr\/wp-json\/wp\/v2\/media\/43227"}],"wp:attachment":[{"href":"https:\/\/www.dontpanicgames.com\/fr\/wp-json\/wp\/v2\/media?parent=43225"}],"wp:term":[{"taxonomy":"product_brand","embeddable":true,"href":"https:\/\/www.dontpanicgames.com\/fr\/wp-json\/wp\/v2\/product_brand?post=43225"},{"taxonomy":"product_cat","embeddable":true,"href":"https:\/\/www.dontpanicgames.com\/fr\/wp-json\/wp\/v2\/product_cat?post=43225"},{"taxonomy":"product_tag","embeddable":true,"href":"https:\/\/www.dontpanicgames.com\/fr\/wp-json\/wp\/v2\/product_tag?post=43225"}],"curies":[{"name":"wp","href":"https:\/\/api.w.org\/{rel}","templated":true}]}}