{"id":43207,"date":"2025-06-20T13:02:53","date_gmt":"2025-06-20T12:02:53","guid":{"rendered":"https:\/\/www.dontpanicgames.com\/?post_type=product&#038;p=43207"},"modified":"2026-03-06T16:24:07","modified_gmt":"2026-03-06T15:24:07","slug":"wilderfeast-set-de-des","status":"publish","type":"product","link":"https:\/\/www.dontpanicgames.com\/fr\/shop\/jeux\/wilderfeast\/wilderfeast-set-de-des\/","title":{"rendered":"Wilderfeast\u2122 &#8211; Set de d\u00e9s"},"content":{"rendered":"<span class=\"et_bloom_bottom_trigger\"><\/span>","protected":false},"excerpt":{"rendered":"<p><span style=\"font-weight: 400;\">Cet ensemble de 7 d\u00e9s de qualit\u00e9 comprend\u00a0:<\/span><\/p>\n<p><span style=\"font-weight: 400;\">&#8211; <strong>5 d\u00e9s \u00e0 6 face<\/strong> (<strong>d6<\/strong>) de Style aux couleurs du jeu.<\/span><\/p>\n<p><span style=\"font-weight: 400;\">&#8211; <strong>1 d\u00e9 \u00e0 huit faces<\/strong> (<strong>d8<\/strong>) d\u2019Action d\u2019humain marbr\u00e9.<\/span><\/p>\n<p><span style=\"font-weight: 400;\">&#8211; <strong>1 d\u00e9s \u00e0 20 faces<\/strong> (<strong>d20<\/strong>) d\u2019Action de Monstre, en m\u00e9tal \u00e0 effet \u00ab\u00a0\u00e9cailles\u00a0\u00bb.<\/span><\/p>\n<p><span style=\"text-decoration: underline;\">Avertissement : Visuel non contractuel, le piment pr\u00e9sent sur les d\u00e9s a \u00e9t\u00e9 remplac\u00e9 par la valeur 6.<\/span><\/p>\n<p><a href=\"https:\/\/www.dontpanicgames.com\/fr\/shop\/c\/jeux\/wilderfeast\/\">Retrouvez la gamme compl\u00e8te Wilderfeast\u2122 en cliquant ici.<\/a><\/p>\n","protected":false},"featured_media":43209,"template":"","meta":{"_acf_changed":false},"product_brand":[],"product_cat":[897,986],"product_tag":[],"class_list":{"0":"post-43207","1":"product","2":"type-product","3":"status-publish","4":"has-post-thumbnail","6":"product_cat-accessoires","7":"product_cat-wilderfeast","8":"product_shipping_class-standard-fr","10":"first","11":"instock","12":"taxable","13":"shipping-taxable","14":"purchasable","15":"product-type-simple"},"acf":[],"yoast_head":"<!-- This site is optimized with the Yoast SEO plugin v27.3 - https:\/\/yoast.com\/product\/yoast-seo-wordpress\/ -->\n<title>Wilderfeast - Set de d\u00e9s - Accessoire - Jeu de R\u00f4le<\/title>\n<meta name=\"description\" content=\"Set de d\u00e9s pour le jeu de r\u00f4le Wilderfeast de Don&#039;t Panic Games. \u00c9quipez-vous de 6 d\u00e9s pour faire face \u00e0 toute situation durant vos parties de JDR.\" \/>\n<meta name=\"robots\" content=\"index, follow, max-snippet:-1, max-image-preview:large, max-video-preview:-1\" \/>\n<link rel=\"canonical\" href=\"https:\/\/www.dontpanicgames.com\/fr\/shop\/jeux\/wilderfeast\/wilderfeast-set-de-des\/\" \/>\n<meta property=\"og:locale\" content=\"fr_FR\" \/>\n<meta property=\"og:type\" content=\"article\" \/>\n<meta property=\"og:title\" content=\"Wilderfeast - Set de d\u00e9s - Accessoire - Jeu de R\u00f4le\" \/>\n<meta property=\"og:description\" content=\"Set de d\u00e9s pour le jeu de r\u00f4le Wilderfeast de Don&#039;t Panic Games. \u00c9quipez-vous de 6 d\u00e9s pour faire face \u00e0 toute situation durant vos parties de JDR.\" \/>\n<meta property=\"og:url\" content=\"https:\/\/www.dontpanicgames.com\/fr\/shop\/jeux\/wilderfeast\/wilderfeast-set-de-des\/\" \/>\n<meta property=\"og:site_name\" content=\"Don&#039;t Panic Games\" \/>\n<meta property=\"article:publisher\" content=\"https:\/\/www.facebook.com\/dontpanicgames\/\" \/>\n<meta property=\"article:modified_time\" content=\"2026-03-06T15:24:07+00:00\" \/>\n<meta property=\"og:image\" content=\"https:\/\/www.dontpanicgames.com\/wp-content\/uploads\/2025\/06\/wilderfeast_presskit_dice_set-1024x573.png\" \/>\n\t<meta property=\"og:image:width\" content=\"1024\" \/>\n\t<meta property=\"og:image:height\" content=\"573\" \/>\n\t<meta property=\"og:image:type\" content=\"image\/png\" \/>\n<meta name=\"twitter:card\" content=\"summary_large_image\" \/>\n<meta name=\"twitter:site\" content=\"@DontPanicGames1\" \/>\n<meta name=\"twitter:label1\" content=\"Dur\u00e9e de lecture estim\u00e9e\" \/>\n\t<meta name=\"twitter:data1\" content=\"1 minute\" \/>\n<script type=\"application\/ld+json\" class=\"yoast-schema-graph\">{\"@context\":\"https:\\\/\\\/schema.org\",\"@graph\":[{\"@type\":\"WebPage\",\"@id\":\"https:\\\/\\\/www.dontpanicgames.com\\\/fr\\\/shop\\\/jeux\\\/wilderfeast\\\/wilderfeast-set-de-des\\\/\",\"url\":\"https:\\\/\\\/www.dontpanicgames.com\\\/fr\\\/shop\\\/jeux\\\/wilderfeast\\\/wilderfeast-set-de-des\\\/\",\"name\":\"Wilderfeast - Set de d\u00e9s - Accessoire - Jeu de R\u00f4le\",\"isPartOf\":{\"@id\":\"https:\\\/\\\/www.dontpanicgames.com\\\/fr\\\/#website\"},\"primaryImageOfPage\":{\"@id\":\"https:\\\/\\\/www.dontpanicgames.com\\\/fr\\\/shop\\\/jeux\\\/wilderfeast\\\/wilderfeast-set-de-des\\\/#primaryimage\"},\"image\":{\"@id\":\"https:\\\/\\\/www.dontpanicgames.com\\\/fr\\\/shop\\\/jeux\\\/wilderfeast\\\/wilderfeast-set-de-des\\\/#primaryimage\"},\"thumbnailUrl\":\"https:\\\/\\\/www.dontpanicgames.com\\\/wp-content\\\/uploads\\\/2025\\\/06\\\/press_kit-fond_vide-setdedes.png\",\"datePublished\":\"2025-06-20T12:02:53+00:00\",\"dateModified\":\"2026-03-06T15:24:07+00:00\",\"description\":\"Set de d\u00e9s pour le jeu de r\u00f4le Wilderfeast de Don't Panic Games. \u00c9quipez-vous de 6 d\u00e9s pour faire face \u00e0 toute situation durant vos parties de JDR.\",\"breadcrumb\":{\"@id\":\"https:\\\/\\\/www.dontpanicgames.com\\\/fr\\\/shop\\\/jeux\\\/wilderfeast\\\/wilderfeast-set-de-des\\\/#breadcrumb\"},\"inLanguage\":\"fr-FR\",\"potentialAction\":[{\"@type\":\"ReadAction\",\"target\":[\"https:\\\/\\\/www.dontpanicgames.com\\\/fr\\\/shop\\\/jeux\\\/wilderfeast\\\/wilderfeast-set-de-des\\\/\"]}]},{\"@type\":\"ImageObject\",\"inLanguage\":\"fr-FR\",\"@id\":\"https:\\\/\\\/www.dontpanicgames.com\\\/fr\\\/shop\\\/jeux\\\/wilderfeast\\\/wilderfeast-set-de-des\\\/#primaryimage\",\"url\":\"https:\\\/\\\/www.dontpanicgames.com\\\/wp-content\\\/uploads\\\/2025\\\/06\\\/press_kit-fond_vide-setdedes.png\",\"contentUrl\":\"https:\\\/\\\/www.dontpanicgames.com\\\/wp-content\\\/uploads\\\/2025\\\/06\\\/press_kit-fond_vide-setdedes.png\",\"width\":1772,\"height\":1772},{\"@type\":\"BreadcrumbList\",\"@id\":\"https:\\\/\\\/www.dontpanicgames.com\\\/fr\\\/shop\\\/jeux\\\/wilderfeast\\\/wilderfeast-set-de-des\\\/#breadcrumb\",\"itemListElement\":[{\"@type\":\"ListItem\",\"position\":1,\"name\":\"Accueil\",\"item\":\"https:\\\/\\\/www.dontpanicgames.com\\\/fr\\\/\"},{\"@type\":\"ListItem\",\"position\":2,\"name\":\"Nos jeux\",\"item\":\"https:\\\/\\\/www.dontpanicgames.com\\\/fr\\\/nos-jeux\\\/\"},{\"@type\":\"ListItem\",\"position\":3,\"name\":\"Accessoires\",\"item\":\"https:\\\/\\\/www.dontpanicgames.com\\\/fr\\\/shop\\\/c\\\/accessoires\\\/\"},{\"@type\":\"ListItem\",\"position\":4,\"name\":\"Wilderfeast\u2122 &#8211; Set de d\u00e9s\"}]},{\"@type\":\"WebSite\",\"@id\":\"https:\\\/\\\/www.dontpanicgames.com\\\/fr\\\/#website\",\"url\":\"https:\\\/\\\/www.dontpanicgames.com\\\/fr\\\/\",\"name\":\"Don't Panic Games\",\"description\":\"Don&#039;t Panic Games.com website\",\"potentialAction\":[{\"@type\":\"SearchAction\",\"target\":{\"@type\":\"EntryPoint\",\"urlTemplate\":\"https:\\\/\\\/www.dontpanicgames.com\\\/fr\\\/?s={search_term_string}\"},\"query-input\":{\"@type\":\"PropertyValueSpecification\",\"valueRequired\":true,\"valueName\":\"search_term_string\"}}],\"inLanguage\":\"fr-FR\"}]}<\/script>\n<!-- \/ Yoast SEO plugin. -->","yoast_head_json":{"title":"Wilderfeast - Set de d\u00e9s - Accessoire - Jeu de R\u00f4le","description":"Set de d\u00e9s pour le jeu de r\u00f4le Wilderfeast de Don't Panic Games. \u00c9quipez-vous de 6 d\u00e9s pour faire face \u00e0 toute situation durant vos parties de JDR.","robots":{"index":"index","follow":"follow","max-snippet":"max-snippet:-1","max-image-preview":"max-image-preview:large","max-video-preview":"max-video-preview:-1"},"canonical":"https:\/\/www.dontpanicgames.com\/fr\/shop\/jeux\/wilderfeast\/wilderfeast-set-de-des\/","og_locale":"fr_FR","og_type":"article","og_title":"Wilderfeast - Set de d\u00e9s - Accessoire - Jeu de R\u00f4le","og_description":"Set de d\u00e9s pour le jeu de r\u00f4le Wilderfeast de Don't Panic Games. \u00c9quipez-vous de 6 d\u00e9s pour faire face \u00e0 toute situation durant vos parties de JDR.","og_url":"https:\/\/www.dontpanicgames.com\/fr\/shop\/jeux\/wilderfeast\/wilderfeast-set-de-des\/","og_site_name":"Don&#039;t Panic Games","article_publisher":"https:\/\/www.facebook.com\/dontpanicgames\/","article_modified_time":"2026-03-06T15:24:07+00:00","og_image":[{"width":1024,"height":573,"url":"https:\/\/www.dontpanicgames.com\/wp-content\/uploads\/2025\/06\/wilderfeast_presskit_dice_set-1024x573.png","type":"image\/png"}],"twitter_card":"summary_large_image","twitter_site":"@DontPanicGames1","twitter_misc":{"Dur\u00e9e de lecture estim\u00e9e":"1 minute"},"schema":{"@context":"https:\/\/schema.org","@graph":[{"@type":"WebPage","@id":"https:\/\/www.dontpanicgames.com\/fr\/shop\/jeux\/wilderfeast\/wilderfeast-set-de-des\/","url":"https:\/\/www.dontpanicgames.com\/fr\/shop\/jeux\/wilderfeast\/wilderfeast-set-de-des\/","name":"Wilderfeast - Set de d\u00e9s - Accessoire - Jeu de R\u00f4le","isPartOf":{"@id":"https:\/\/www.dontpanicgames.com\/fr\/#website"},"primaryImageOfPage":{"@id":"https:\/\/www.dontpanicgames.com\/fr\/shop\/jeux\/wilderfeast\/wilderfeast-set-de-des\/#primaryimage"},"image":{"@id":"https:\/\/www.dontpanicgames.com\/fr\/shop\/jeux\/wilderfeast\/wilderfeast-set-de-des\/#primaryimage"},"thumbnailUrl":"https:\/\/www.dontpanicgames.com\/wp-content\/uploads\/2025\/06\/press_kit-fond_vide-setdedes.png","datePublished":"2025-06-20T12:02:53+00:00","dateModified":"2026-03-06T15:24:07+00:00","description":"Set de d\u00e9s pour le jeu de r\u00f4le Wilderfeast de Don't Panic Games. \u00c9quipez-vous de 6 d\u00e9s pour faire face \u00e0 toute situation durant vos parties de JDR.","breadcrumb":{"@id":"https:\/\/www.dontpanicgames.com\/fr\/shop\/jeux\/wilderfeast\/wilderfeast-set-de-des\/#breadcrumb"},"inLanguage":"fr-FR","potentialAction":[{"@type":"ReadAction","target":["https:\/\/www.dontpanicgames.com\/fr\/shop\/jeux\/wilderfeast\/wilderfeast-set-de-des\/"]}]},{"@type":"ImageObject","inLanguage":"fr-FR","@id":"https:\/\/www.dontpanicgames.com\/fr\/shop\/jeux\/wilderfeast\/wilderfeast-set-de-des\/#primaryimage","url":"https:\/\/www.dontpanicgames.com\/wp-content\/uploads\/2025\/06\/press_kit-fond_vide-setdedes.png","contentUrl":"https:\/\/www.dontpanicgames.com\/wp-content\/uploads\/2025\/06\/press_kit-fond_vide-setdedes.png","width":1772,"height":1772},{"@type":"BreadcrumbList","@id":"https:\/\/www.dontpanicgames.com\/fr\/shop\/jeux\/wilderfeast\/wilderfeast-set-de-des\/#breadcrumb","itemListElement":[{"@type":"ListItem","position":1,"name":"Accueil","item":"https:\/\/www.dontpanicgames.com\/fr\/"},{"@type":"ListItem","position":2,"name":"Nos jeux","item":"https:\/\/www.dontpanicgames.com\/fr\/nos-jeux\/"},{"@type":"ListItem","position":3,"name":"Accessoires","item":"https:\/\/www.dontpanicgames.com\/fr\/shop\/c\/accessoires\/"},{"@type":"ListItem","position":4,"name":"Wilderfeast\u2122 &#8211; Set de d\u00e9s"}]},{"@type":"WebSite","@id":"https:\/\/www.dontpanicgames.com\/fr\/#website","url":"https:\/\/www.dontpanicgames.com\/fr\/","name":"Don't Panic Games","description":"Don&#039;t Panic Games.com website","potentialAction":[{"@type":"SearchAction","target":{"@type":"EntryPoint","urlTemplate":"https:\/\/www.dontpanicgames.com\/fr\/?s={search_term_string}"},"query-input":{"@type":"PropertyValueSpecification","valueRequired":true,"valueName":"search_term_string"}}],"inLanguage":"fr-FR"}]}},"_links":{"self":[{"href":"https:\/\/www.dontpanicgames.com\/fr\/wp-json\/wp\/v2\/product\/43207","targetHints":{"allow":["GET"]}}],"collection":[{"href":"https:\/\/www.dontpanicgames.com\/fr\/wp-json\/wp\/v2\/product"}],"about":[{"href":"https:\/\/www.dontpanicgames.com\/fr\/wp-json\/wp\/v2\/types\/product"}],"wp:featuredmedia":[{"embeddable":true,"href":"https:\/\/www.dontpanicgames.com\/fr\/wp-json\/wp\/v2\/media\/43209"}],"wp:attachment":[{"href":"https:\/\/www.dontpanicgames.com\/fr\/wp-json\/wp\/v2\/media?parent=43207"}],"wp:term":[{"taxonomy":"product_brand","embeddable":true,"href":"https:\/\/www.dontpanicgames.com\/fr\/wp-json\/wp\/v2\/product_brand?post=43207"},{"taxonomy":"product_cat","embeddable":true,"href":"https:\/\/www.dontpanicgames.com\/fr\/wp-json\/wp\/v2\/product_cat?post=43207"},{"taxonomy":"product_tag","embeddable":true,"href":"https:\/\/www.dontpanicgames.com\/fr\/wp-json\/wp\/v2\/product_tag?post=43207"}],"curies":[{"name":"wp","href":"https:\/\/api.w.org\/{rel}","templated":true}]}}