{"id":42628,"date":"2025-06-03T12:18:49","date_gmt":"2025-06-03T11:18:49","guid":{"rendered":"https:\/\/www.dontpanicgames.com\/?post_type=product&#038;p=42628"},"modified":"2026-01-26T17:59:58","modified_gmt":"2026-01-26T16:59:58","slug":"storage-boxes-fighters-of-europe-pacific","status":"publish","type":"product","link":"https:\/\/www.dontpanicgames.com\/fr\/shop\/accessoires\/storage-boxes-fighters-of-europe-pacific\/","title":{"rendered":"Fighters of Europe &#038; Fighters of The Pacific : Bo\u00eetes de rangement"},"content":{"rendered":"<span class=\"et_bloom_bottom_trigger\"><\/span>","protected":false},"excerpt":{"rendered":"<div class=\"message-2qnXI6 cozyMessage-3V1Y8y groupStart-23k01U wrapper-2a6GCs cozy-3raOZG zalgo-jN1Ica\" tabindex=\"-1\" role=\"article\" data-list-item-id=\"chat-messages___chat-messages-915636352517799996\" aria-setsize=\"-1\" aria-roledescription=\"Message\" aria-labelledby=\"message-username-915636352517799996 uid_1 message-content-915636352517799996 uid_2 message-timestamp-915636352517799996\" aria-describedby=\"\">\n<div class=\"contents-2mQqc9\">\n<div id=\"message-content-915636352517799996\" class=\"markup-2BOw-j messageContent-2qWWxC\">\n<p>Cet accessoire consiste en <strong>6 bo\u00eetes aux couleurs de nations<\/strong> (sauf 3 qui sont neutres) et \u00e9voquant des caisses pour stocker vos pions avions.<br \/>\nCes bo\u00eetes s\u2019ins\u00e8rent sans probl\u00e8me dans vos bo\u00eetes de base <strong>Fighters of the Pacific<\/strong> et <strong>Fighters of Europe<\/strong>.<\/p>\n<p>Contenu<\/p>\n<p><strong>12 bo\u00eetes en carton \u00e0 plier\u00a0:<\/strong><\/p>\n<ul>\n<li>6 aux couleurs de Fighters of the Pacific<\/li>\n<li>6 aux couleurs de Fighters of Europe<\/li>\n<\/ul>\n<p><strong>Points forts<\/strong><\/p>\n<ul>\n<li>Rangement pratique pour les nombreux pions du jeu<\/li>\n<li>Plus immersif et haut de gamme que des sachets plastique<\/li>\n<\/ul>\n<p><a href=\"https:\/\/www.dontpanicgames.com\/fr\/shop\/c\/jeux\/fighters-of-europe\/\">Retrouvez la gamme compl\u00e8te Fighters of Europe en cliquant ici.<\/a><\/p>\n<\/div>\n<\/div>\n<\/div>\n","protected":false},"featured_media":42630,"template":"","meta":{"_acf_changed":false},"product_brand":[],"product_cat":[897,991,993],"product_tag":[],"class_list":{"0":"post-42628","1":"product","2":"type-product","3":"status-publish","4":"has-post-thumbnail","6":"product_cat-accessoires","7":"product_cat-fighters-of-europe","8":"product_cat-fighters-of-the-pacific","9":"product_shipping_class-standard-fr","11":"first","12":"onbackorder","13":"taxable","14":"shipping-taxable","15":"purchasable","16":"product-type-simple"},"acf":[],"yoast_head":"<!-- This site is optimized with the Yoast SEO plugin v27.3 - https:\/\/yoast.com\/product\/yoast-seo-wordpress\/ -->\n<title>Fighters of Europe &amp; Fighters of The Pacific : Bo\u00eetes de rangement - Don&#039;t Panic Games<\/title>\n<meta name=\"robots\" content=\"index, follow, max-snippet:-1, max-image-preview:large, max-video-preview:-1\" \/>\n<link rel=\"canonical\" href=\"https:\/\/www.dontpanicgames.com\/fr\/shop\/accessoires\/storage-boxes-fighters-of-europe-pacific\/\" \/>\n<meta property=\"og:locale\" content=\"fr_FR\" \/>\n<meta property=\"og:type\" content=\"article\" \/>\n<meta property=\"og:title\" content=\"Fighters of Europe &amp; Fighters of The Pacific : Bo\u00eetes de rangement - Don&#039;t Panic Games\" \/>\n<meta property=\"og:description\" content=\"Cet accessoire consiste en 6 bo\u00eetes aux couleurs de nations (sauf 3 qui sont neutres) et \u00e9voquant des caisses pour stocker vos pions avions. Ces bo\u00eetes s\u2019ins\u00e8rent sans probl\u00e8me dans vos bo\u00eetes de base Fighters of the Pacific et Fighters of Europe.  Contenu  12 bo\u00eetes en carton \u00e0 plier\u00a0:   6 aux couleurs de Fighters of the Pacific  6 aux couleurs de Fighters of Europe  Points forts   Rangement pratique pour les nombreux pions du jeu  Plus immersif et haut de gamme que des sachets plastique  Retrouvez la gamme compl\u00e8te Fighters of Europe en cliquant ici.\" \/>\n<meta property=\"og:url\" content=\"https:\/\/www.dontpanicgames.com\/fr\/shop\/accessoires\/storage-boxes-fighters-of-europe-pacific\/\" \/>\n<meta property=\"og:site_name\" content=\"Don&#039;t Panic Games\" \/>\n<meta property=\"article:publisher\" content=\"https:\/\/www.facebook.com\/dontpanicgames\/\" \/>\n<meta property=\"article:modified_time\" content=\"2026-01-26T16:59:58+00:00\" \/>\n<meta property=\"og:image\" content=\"https:\/\/www.dontpanicgames.com\/wp-content\/uploads\/2025\/01\/fairytail_packshot7.jpg\" \/>\n\t<meta property=\"og:image:width\" content=\"1772\" \/>\n\t<meta property=\"og:image:height\" content=\"1133\" \/>\n\t<meta property=\"og:image:type\" content=\"image\/jpeg\" \/>\n<meta name=\"twitter:card\" content=\"summary_large_image\" \/>\n<meta name=\"twitter:site\" content=\"@DontPanicGames1\" \/>\n<meta name=\"twitter:label1\" content=\"Dur\u00e9e de lecture estim\u00e9e\" \/>\n\t<meta name=\"twitter:data1\" content=\"1 minute\" \/>\n<script type=\"application\/ld+json\" class=\"yoast-schema-graph\">{\"@context\":\"https:\\\/\\\/schema.org\",\"@graph\":[{\"@type\":\"WebPage\",\"@id\":\"https:\\\/\\\/www.dontpanicgames.com\\\/fr\\\/shop\\\/accessoires\\\/storage-boxes-fighters-of-europe-pacific\\\/\",\"url\":\"https:\\\/\\\/www.dontpanicgames.com\\\/fr\\\/shop\\\/accessoires\\\/storage-boxes-fighters-of-europe-pacific\\\/\",\"name\":\"Fighters of Europe & Fighters of The Pacific : Bo\u00eetes de rangement - Don&#039;t Panic Games\",\"isPartOf\":{\"@id\":\"https:\\\/\\\/www.dontpanicgames.com\\\/fr\\\/#website\"},\"primaryImageOfPage\":{\"@id\":\"https:\\\/\\\/www.dontpanicgames.com\\\/fr\\\/shop\\\/accessoires\\\/storage-boxes-fighters-of-europe-pacific\\\/#primaryimage\"},\"image\":{\"@id\":\"https:\\\/\\\/www.dontpanicgames.com\\\/fr\\\/shop\\\/accessoires\\\/storage-boxes-fighters-of-europe-pacific\\\/#primaryimage\"},\"thumbnailUrl\":\"https:\\\/\\\/www.dontpanicgames.com\\\/wp-content\\\/uploads\\\/2025\\\/06\\\/foe_storage-boxes-fipa-foe_900x900.jpg\",\"datePublished\":\"2025-06-03T11:18:49+00:00\",\"dateModified\":\"2026-01-26T16:59:58+00:00\",\"breadcrumb\":{\"@id\":\"https:\\\/\\\/www.dontpanicgames.com\\\/fr\\\/shop\\\/accessoires\\\/storage-boxes-fighters-of-europe-pacific\\\/#breadcrumb\"},\"inLanguage\":\"fr-FR\",\"potentialAction\":[{\"@type\":\"ReadAction\",\"target\":[\"https:\\\/\\\/www.dontpanicgames.com\\\/fr\\\/shop\\\/accessoires\\\/storage-boxes-fighters-of-europe-pacific\\\/\"]}]},{\"@type\":\"ImageObject\",\"inLanguage\":\"fr-FR\",\"@id\":\"https:\\\/\\\/www.dontpanicgames.com\\\/fr\\\/shop\\\/accessoires\\\/storage-boxes-fighters-of-europe-pacific\\\/#primaryimage\",\"url\":\"https:\\\/\\\/www.dontpanicgames.com\\\/wp-content\\\/uploads\\\/2025\\\/06\\\/foe_storage-boxes-fipa-foe_900x900.jpg\",\"contentUrl\":\"https:\\\/\\\/www.dontpanicgames.com\\\/wp-content\\\/uploads\\\/2025\\\/06\\\/foe_storage-boxes-fipa-foe_900x900.jpg\",\"width\":900,\"height\":900},{\"@type\":\"BreadcrumbList\",\"@id\":\"https:\\\/\\\/www.dontpanicgames.com\\\/fr\\\/shop\\\/accessoires\\\/storage-boxes-fighters-of-europe-pacific\\\/#breadcrumb\",\"itemListElement\":[{\"@type\":\"ListItem\",\"position\":1,\"name\":\"Accueil\",\"item\":\"https:\\\/\\\/www.dontpanicgames.com\\\/fr\\\/\"},{\"@type\":\"ListItem\",\"position\":2,\"name\":\"Nos jeux\",\"item\":\"https:\\\/\\\/www.dontpanicgames.com\\\/fr\\\/nos-jeux\\\/\"},{\"@type\":\"ListItem\",\"position\":3,\"name\":\"Accessoires\",\"item\":\"https:\\\/\\\/www.dontpanicgames.com\\\/fr\\\/shop\\\/c\\\/accessoires\\\/\"},{\"@type\":\"ListItem\",\"position\":4,\"name\":\"Fighters of Europe &#038; Fighters of The Pacific : Bo\u00eetes de rangement\"}]},{\"@type\":\"WebSite\",\"@id\":\"https:\\\/\\\/www.dontpanicgames.com\\\/fr\\\/#website\",\"url\":\"https:\\\/\\\/www.dontpanicgames.com\\\/fr\\\/\",\"name\":\"Don't Panic Games\",\"description\":\"Don&#039;t Panic Games.com website\",\"potentialAction\":[{\"@type\":\"SearchAction\",\"target\":{\"@type\":\"EntryPoint\",\"urlTemplate\":\"https:\\\/\\\/www.dontpanicgames.com\\\/fr\\\/?s={search_term_string}\"},\"query-input\":{\"@type\":\"PropertyValueSpecification\",\"valueRequired\":true,\"valueName\":\"search_term_string\"}}],\"inLanguage\":\"fr-FR\"}]}<\/script>\n<!-- \/ Yoast SEO plugin. -->","yoast_head_json":{"title":"Fighters of Europe & Fighters of The Pacific : Bo\u00eetes de rangement - Don&#039;t Panic Games","robots":{"index":"index","follow":"follow","max-snippet":"max-snippet:-1","max-image-preview":"max-image-preview:large","max-video-preview":"max-video-preview:-1"},"canonical":"https:\/\/www.dontpanicgames.com\/fr\/shop\/accessoires\/storage-boxes-fighters-of-europe-pacific\/","og_locale":"fr_FR","og_type":"article","og_title":"Fighters of Europe & Fighters of The Pacific : Bo\u00eetes de rangement - Don&#039;t Panic Games","og_description":"Cet accessoire consiste en 6 bo\u00eetes aux couleurs de nations (sauf 3 qui sont neutres) et \u00e9voquant des caisses pour stocker vos pions avions. Ces bo\u00eetes s\u2019ins\u00e8rent sans probl\u00e8me dans vos bo\u00eetes de base Fighters of the Pacific et Fighters of Europe.  Contenu  12 bo\u00eetes en carton \u00e0 plier\u00a0:   6 aux couleurs de Fighters of the Pacific  6 aux couleurs de Fighters of Europe  Points forts   Rangement pratique pour les nombreux pions du jeu  Plus immersif et haut de gamme que des sachets plastique  Retrouvez la gamme compl\u00e8te Fighters of Europe en cliquant ici.","og_url":"https:\/\/www.dontpanicgames.com\/fr\/shop\/accessoires\/storage-boxes-fighters-of-europe-pacific\/","og_site_name":"Don&#039;t Panic Games","article_publisher":"https:\/\/www.facebook.com\/dontpanicgames\/","article_modified_time":"2026-01-26T16:59:58+00:00","og_image":[{"width":1772,"height":1133,"url":"https:\/\/www.dontpanicgames.com\/wp-content\/uploads\/2025\/01\/fairytail_packshot7.jpg","type":"image\/jpeg"}],"twitter_card":"summary_large_image","twitter_site":"@DontPanicGames1","twitter_misc":{"Dur\u00e9e de lecture estim\u00e9e":"1 minute"},"schema":{"@context":"https:\/\/schema.org","@graph":[{"@type":"WebPage","@id":"https:\/\/www.dontpanicgames.com\/fr\/shop\/accessoires\/storage-boxes-fighters-of-europe-pacific\/","url":"https:\/\/www.dontpanicgames.com\/fr\/shop\/accessoires\/storage-boxes-fighters-of-europe-pacific\/","name":"Fighters of Europe & Fighters of The Pacific : Bo\u00eetes de rangement - Don&#039;t Panic Games","isPartOf":{"@id":"https:\/\/www.dontpanicgames.com\/fr\/#website"},"primaryImageOfPage":{"@id":"https:\/\/www.dontpanicgames.com\/fr\/shop\/accessoires\/storage-boxes-fighters-of-europe-pacific\/#primaryimage"},"image":{"@id":"https:\/\/www.dontpanicgames.com\/fr\/shop\/accessoires\/storage-boxes-fighters-of-europe-pacific\/#primaryimage"},"thumbnailUrl":"https:\/\/www.dontpanicgames.com\/wp-content\/uploads\/2025\/06\/foe_storage-boxes-fipa-foe_900x900.jpg","datePublished":"2025-06-03T11:18:49+00:00","dateModified":"2026-01-26T16:59:58+00:00","breadcrumb":{"@id":"https:\/\/www.dontpanicgames.com\/fr\/shop\/accessoires\/storage-boxes-fighters-of-europe-pacific\/#breadcrumb"},"inLanguage":"fr-FR","potentialAction":[{"@type":"ReadAction","target":["https:\/\/www.dontpanicgames.com\/fr\/shop\/accessoires\/storage-boxes-fighters-of-europe-pacific\/"]}]},{"@type":"ImageObject","inLanguage":"fr-FR","@id":"https:\/\/www.dontpanicgames.com\/fr\/shop\/accessoires\/storage-boxes-fighters-of-europe-pacific\/#primaryimage","url":"https:\/\/www.dontpanicgames.com\/wp-content\/uploads\/2025\/06\/foe_storage-boxes-fipa-foe_900x900.jpg","contentUrl":"https:\/\/www.dontpanicgames.com\/wp-content\/uploads\/2025\/06\/foe_storage-boxes-fipa-foe_900x900.jpg","width":900,"height":900},{"@type":"BreadcrumbList","@id":"https:\/\/www.dontpanicgames.com\/fr\/shop\/accessoires\/storage-boxes-fighters-of-europe-pacific\/#breadcrumb","itemListElement":[{"@type":"ListItem","position":1,"name":"Accueil","item":"https:\/\/www.dontpanicgames.com\/fr\/"},{"@type":"ListItem","position":2,"name":"Nos jeux","item":"https:\/\/www.dontpanicgames.com\/fr\/nos-jeux\/"},{"@type":"ListItem","position":3,"name":"Accessoires","item":"https:\/\/www.dontpanicgames.com\/fr\/shop\/c\/accessoires\/"},{"@type":"ListItem","position":4,"name":"Fighters of Europe &#038; Fighters of The Pacific : Bo\u00eetes de rangement"}]},{"@type":"WebSite","@id":"https:\/\/www.dontpanicgames.com\/fr\/#website","url":"https:\/\/www.dontpanicgames.com\/fr\/","name":"Don't Panic Games","description":"Don&#039;t Panic Games.com website","potentialAction":[{"@type":"SearchAction","target":{"@type":"EntryPoint","urlTemplate":"https:\/\/www.dontpanicgames.com\/fr\/?s={search_term_string}"},"query-input":{"@type":"PropertyValueSpecification","valueRequired":true,"valueName":"search_term_string"}}],"inLanguage":"fr-FR"}]}},"_links":{"self":[{"href":"https:\/\/www.dontpanicgames.com\/fr\/wp-json\/wp\/v2\/product\/42628","targetHints":{"allow":["GET"]}}],"collection":[{"href":"https:\/\/www.dontpanicgames.com\/fr\/wp-json\/wp\/v2\/product"}],"about":[{"href":"https:\/\/www.dontpanicgames.com\/fr\/wp-json\/wp\/v2\/types\/product"}],"wp:featuredmedia":[{"embeddable":true,"href":"https:\/\/www.dontpanicgames.com\/fr\/wp-json\/wp\/v2\/media\/42630"}],"wp:attachment":[{"href":"https:\/\/www.dontpanicgames.com\/fr\/wp-json\/wp\/v2\/media?parent=42628"}],"wp:term":[{"taxonomy":"product_brand","embeddable":true,"href":"https:\/\/www.dontpanicgames.com\/fr\/wp-json\/wp\/v2\/product_brand?post=42628"},{"taxonomy":"product_cat","embeddable":true,"href":"https:\/\/www.dontpanicgames.com\/fr\/wp-json\/wp\/v2\/product_cat?post=42628"},{"taxonomy":"product_tag","embeddable":true,"href":"https:\/\/www.dontpanicgames.com\/fr\/wp-json\/wp\/v2\/product_tag?post=42628"}],"curies":[{"name":"wp","href":"https:\/\/api.w.org\/{rel}","templated":true}]}}