{"id":40713,"date":"2024-11-21T16:36:03","date_gmt":"2024-11-21T15:36:03","guid":{"rendered":"https:\/\/www.dontpanicgames.com\/?post_type=product&#038;p=40713"},"modified":"2025-02-26T09:05:18","modified_gmt":"2025-02-26T08:05:18","slug":"mousepad-gits-themajor","status":"publish","type":"product","link":"https:\/\/www.dontpanicgames.com\/fr\/shop\/level-42\/mousepad-gits-themajor\/","title":{"rendered":"Tapis souris Ghost in the Shell &#8211; The Major"},"content":{"rendered":"<span class=\"et_bloom_bottom_trigger\"><\/span>","protected":false},"excerpt":{"rendered":"<p>Que ce soit pour le travail ou les jeux vid\u00e9os, profitez de ce superbe tapis souris officiel <em>Ghost in the Shell<\/em> ! Avec sa surface de glisse parfaite et une fabrication de premi\u00e8re qualit\u00e9, il sera votre alli\u00e9 pour rejoindre le combat de la Section 9.<\/p>\n<ul>\n<li>Taille : 24x19cm<\/li>\n<li>Mati\u00e8re : tissu imprim\u00e9 (recto), caoutchouc (verso)<br \/>\nDisponible en Janvier 2025<\/li>\n<\/ul>\n","protected":false},"featured_media":40715,"template":"","meta":{"_acf_changed":false},"product_brand":[],"product_cat":[897,469],"product_tag":[826],"class_list":{"0":"post-40713","1":"product","2":"type-product","3":"status-publish","4":"has-post-thumbnail","6":"product_cat-accessoires","7":"product_cat-level-42","8":"product_tag-playmat","9":"product_shipping_class-standard-fr","11":"first","12":"instock","13":"taxable","14":"shipping-taxable","15":"purchasable","16":"product-type-simple"},"acf":[],"yoast_head":"<!-- This site is optimized with the Yoast SEO plugin v27.3 - https:\/\/yoast.com\/product\/yoast-seo-wordpress\/ -->\n<title>Tapis souris Ghost in the Shell - The Major - Don&#039;t Panic Games<\/title>\n<meta name=\"robots\" content=\"index, follow, max-snippet:-1, max-image-preview:large, max-video-preview:-1\" \/>\n<link rel=\"canonical\" href=\"https:\/\/www.dontpanicgames.com\/fr\/shop\/level-42\/mousepad-gits-themajor\/\" \/>\n<meta property=\"og:locale\" content=\"fr_FR\" \/>\n<meta property=\"og:type\" content=\"article\" \/>\n<meta property=\"og:title\" content=\"Tapis souris Ghost in the Shell - The Major - Don&#039;t Panic Games\" \/>\n<meta property=\"og:description\" content=\"Que ce soit pour le travail ou les jeux vid\u00e9os, profitez de ce superbe tapis souris officiel Ghost in the Shell ! Avec sa surface de glisse parfaite et une fabrication de premi\u00e8re qualit\u00e9, il sera votre alli\u00e9 pour rejoindre le combat de la Section 9.   Taille : 24x19cm  Mati\u00e8re : tissu imprim\u00e9 (recto), caoutchouc (verso) Disponible en Janvier 2025\" \/>\n<meta property=\"og:url\" content=\"https:\/\/www.dontpanicgames.com\/fr\/shop\/level-42\/mousepad-gits-themajor\/\" \/>\n<meta property=\"og:site_name\" content=\"Don&#039;t Panic Games\" \/>\n<meta property=\"article:publisher\" content=\"https:\/\/www.facebook.com\/dontpanicgames\/\" \/>\n<meta property=\"article:modified_time\" content=\"2025-02-26T08:05:18+00:00\" \/>\n<meta property=\"og:image\" content=\"https:\/\/www.dontpanicgames.com\/wp-content\/uploads\/2017\/01\/logo-dpg.png\" \/>\n\t<meta property=\"og:image:width\" content=\"180\" \/>\n\t<meta property=\"og:image:height\" content=\"180\" \/>\n\t<meta property=\"og:image:type\" content=\"image\/png\" \/>\n<meta name=\"twitter:card\" content=\"summary_large_image\" \/>\n<meta name=\"twitter:site\" content=\"@DontPanicGames1\" \/>\n<meta name=\"twitter:label1\" content=\"Dur\u00e9e de lecture estim\u00e9e\" \/>\n\t<meta name=\"twitter:data1\" content=\"1 minute\" \/>\n<script type=\"application\/ld+json\" class=\"yoast-schema-graph\">{\"@context\":\"https:\\\/\\\/schema.org\",\"@graph\":[{\"@type\":\"WebPage\",\"@id\":\"https:\\\/\\\/www.dontpanicgames.com\\\/fr\\\/shop\\\/level-42\\\/mousepad-gits-themajor\\\/\",\"url\":\"https:\\\/\\\/www.dontpanicgames.com\\\/fr\\\/shop\\\/level-42\\\/mousepad-gits-themajor\\\/\",\"name\":\"Tapis souris Ghost in the Shell - The Major - Don&#039;t Panic Games\",\"isPartOf\":{\"@id\":\"https:\\\/\\\/www.dontpanicgames.com\\\/fr\\\/#website\"},\"primaryImageOfPage\":{\"@id\":\"https:\\\/\\\/www.dontpanicgames.com\\\/fr\\\/shop\\\/level-42\\\/mousepad-gits-themajor\\\/#primaryimage\"},\"image\":{\"@id\":\"https:\\\/\\\/www.dontpanicgames.com\\\/fr\\\/shop\\\/level-42\\\/mousepad-gits-themajor\\\/#primaryimage\"},\"thumbnailUrl\":\"https:\\\/\\\/www.dontpanicgames.com\\\/wp-content\\\/uploads\\\/2024\\\/11\\\/mousepad_l420079_l42gits-mp1_shop.jpg\",\"datePublished\":\"2024-11-21T15:36:03+00:00\",\"dateModified\":\"2025-02-26T08:05:18+00:00\",\"breadcrumb\":{\"@id\":\"https:\\\/\\\/www.dontpanicgames.com\\\/fr\\\/shop\\\/level-42\\\/mousepad-gits-themajor\\\/#breadcrumb\"},\"inLanguage\":\"fr-FR\",\"potentialAction\":[{\"@type\":\"ReadAction\",\"target\":[\"https:\\\/\\\/www.dontpanicgames.com\\\/fr\\\/shop\\\/level-42\\\/mousepad-gits-themajor\\\/\"]}]},{\"@type\":\"ImageObject\",\"inLanguage\":\"fr-FR\",\"@id\":\"https:\\\/\\\/www.dontpanicgames.com\\\/fr\\\/shop\\\/level-42\\\/mousepad-gits-themajor\\\/#primaryimage\",\"url\":\"https:\\\/\\\/www.dontpanicgames.com\\\/wp-content\\\/uploads\\\/2024\\\/11\\\/mousepad_l420079_l42gits-mp1_shop.jpg\",\"contentUrl\":\"https:\\\/\\\/www.dontpanicgames.com\\\/wp-content\\\/uploads\\\/2024\\\/11\\\/mousepad_l420079_l42gits-mp1_shop.jpg\",\"width\":900,\"height\":900},{\"@type\":\"BreadcrumbList\",\"@id\":\"https:\\\/\\\/www.dontpanicgames.com\\\/fr\\\/shop\\\/level-42\\\/mousepad-gits-themajor\\\/#breadcrumb\",\"itemListElement\":[{\"@type\":\"ListItem\",\"position\":1,\"name\":\"Accueil\",\"item\":\"https:\\\/\\\/www.dontpanicgames.com\\\/fr\\\/\"},{\"@type\":\"ListItem\",\"position\":2,\"name\":\"Nos jeux\",\"item\":\"https:\\\/\\\/www.dontpanicgames.com\\\/fr\\\/nos-jeux\\\/\"},{\"@type\":\"ListItem\",\"position\":3,\"name\":\"Level 42\",\"item\":\"https:\\\/\\\/www.dontpanicgames.com\\\/fr\\\/shop\\\/c\\\/level-42\\\/\"},{\"@type\":\"ListItem\",\"position\":4,\"name\":\"Tapis souris Ghost in the Shell &#8211; The Major\"}]},{\"@type\":\"WebSite\",\"@id\":\"https:\\\/\\\/www.dontpanicgames.com\\\/fr\\\/#website\",\"url\":\"https:\\\/\\\/www.dontpanicgames.com\\\/fr\\\/\",\"name\":\"Don't Panic Games\",\"description\":\"Don&#039;t Panic Games.com website\",\"potentialAction\":[{\"@type\":\"SearchAction\",\"target\":{\"@type\":\"EntryPoint\",\"urlTemplate\":\"https:\\\/\\\/www.dontpanicgames.com\\\/fr\\\/?s={search_term_string}\"},\"query-input\":{\"@type\":\"PropertyValueSpecification\",\"valueRequired\":true,\"valueName\":\"search_term_string\"}}],\"inLanguage\":\"fr-FR\"}]}<\/script>\n<!-- \/ Yoast SEO plugin. -->","yoast_head_json":{"title":"Tapis souris Ghost in the Shell - The Major - Don&#039;t Panic Games","robots":{"index":"index","follow":"follow","max-snippet":"max-snippet:-1","max-image-preview":"max-image-preview:large","max-video-preview":"max-video-preview:-1"},"canonical":"https:\/\/www.dontpanicgames.com\/fr\/shop\/level-42\/mousepad-gits-themajor\/","og_locale":"fr_FR","og_type":"article","og_title":"Tapis souris Ghost in the Shell - The Major - Don&#039;t Panic Games","og_description":"Que ce soit pour le travail ou les jeux vid\u00e9os, profitez de ce superbe tapis souris officiel Ghost in the Shell ! Avec sa surface de glisse parfaite et une fabrication de premi\u00e8re qualit\u00e9, il sera votre alli\u00e9 pour rejoindre le combat de la Section 9.   Taille : 24x19cm  Mati\u00e8re : tissu imprim\u00e9 (recto), caoutchouc (verso) Disponible en Janvier 2025","og_url":"https:\/\/www.dontpanicgames.com\/fr\/shop\/level-42\/mousepad-gits-themajor\/","og_site_name":"Don&#039;t Panic Games","article_publisher":"https:\/\/www.facebook.com\/dontpanicgames\/","article_modified_time":"2025-02-26T08:05:18+00:00","og_image":[{"width":180,"height":180,"url":"https:\/\/www.dontpanicgames.com\/wp-content\/uploads\/2017\/01\/logo-dpg.png","type":"image\/png"}],"twitter_card":"summary_large_image","twitter_site":"@DontPanicGames1","twitter_misc":{"Dur\u00e9e de lecture estim\u00e9e":"1 minute"},"schema":{"@context":"https:\/\/schema.org","@graph":[{"@type":"WebPage","@id":"https:\/\/www.dontpanicgames.com\/fr\/shop\/level-42\/mousepad-gits-themajor\/","url":"https:\/\/www.dontpanicgames.com\/fr\/shop\/level-42\/mousepad-gits-themajor\/","name":"Tapis souris Ghost in the Shell - The Major - Don&#039;t Panic Games","isPartOf":{"@id":"https:\/\/www.dontpanicgames.com\/fr\/#website"},"primaryImageOfPage":{"@id":"https:\/\/www.dontpanicgames.com\/fr\/shop\/level-42\/mousepad-gits-themajor\/#primaryimage"},"image":{"@id":"https:\/\/www.dontpanicgames.com\/fr\/shop\/level-42\/mousepad-gits-themajor\/#primaryimage"},"thumbnailUrl":"https:\/\/www.dontpanicgames.com\/wp-content\/uploads\/2024\/11\/mousepad_l420079_l42gits-mp1_shop.jpg","datePublished":"2024-11-21T15:36:03+00:00","dateModified":"2025-02-26T08:05:18+00:00","breadcrumb":{"@id":"https:\/\/www.dontpanicgames.com\/fr\/shop\/level-42\/mousepad-gits-themajor\/#breadcrumb"},"inLanguage":"fr-FR","potentialAction":[{"@type":"ReadAction","target":["https:\/\/www.dontpanicgames.com\/fr\/shop\/level-42\/mousepad-gits-themajor\/"]}]},{"@type":"ImageObject","inLanguage":"fr-FR","@id":"https:\/\/www.dontpanicgames.com\/fr\/shop\/level-42\/mousepad-gits-themajor\/#primaryimage","url":"https:\/\/www.dontpanicgames.com\/wp-content\/uploads\/2024\/11\/mousepad_l420079_l42gits-mp1_shop.jpg","contentUrl":"https:\/\/www.dontpanicgames.com\/wp-content\/uploads\/2024\/11\/mousepad_l420079_l42gits-mp1_shop.jpg","width":900,"height":900},{"@type":"BreadcrumbList","@id":"https:\/\/www.dontpanicgames.com\/fr\/shop\/level-42\/mousepad-gits-themajor\/#breadcrumb","itemListElement":[{"@type":"ListItem","position":1,"name":"Accueil","item":"https:\/\/www.dontpanicgames.com\/fr\/"},{"@type":"ListItem","position":2,"name":"Nos jeux","item":"https:\/\/www.dontpanicgames.com\/fr\/nos-jeux\/"},{"@type":"ListItem","position":3,"name":"Level 42","item":"https:\/\/www.dontpanicgames.com\/fr\/shop\/c\/level-42\/"},{"@type":"ListItem","position":4,"name":"Tapis souris Ghost in the Shell &#8211; The Major"}]},{"@type":"WebSite","@id":"https:\/\/www.dontpanicgames.com\/fr\/#website","url":"https:\/\/www.dontpanicgames.com\/fr\/","name":"Don't Panic Games","description":"Don&#039;t Panic Games.com website","potentialAction":[{"@type":"SearchAction","target":{"@type":"EntryPoint","urlTemplate":"https:\/\/www.dontpanicgames.com\/fr\/?s={search_term_string}"},"query-input":{"@type":"PropertyValueSpecification","valueRequired":true,"valueName":"search_term_string"}}],"inLanguage":"fr-FR"}]}},"_links":{"self":[{"href":"https:\/\/www.dontpanicgames.com\/fr\/wp-json\/wp\/v2\/product\/40713","targetHints":{"allow":["GET"]}}],"collection":[{"href":"https:\/\/www.dontpanicgames.com\/fr\/wp-json\/wp\/v2\/product"}],"about":[{"href":"https:\/\/www.dontpanicgames.com\/fr\/wp-json\/wp\/v2\/types\/product"}],"wp:featuredmedia":[{"embeddable":true,"href":"https:\/\/www.dontpanicgames.com\/fr\/wp-json\/wp\/v2\/media\/40715"}],"wp:attachment":[{"href":"https:\/\/www.dontpanicgames.com\/fr\/wp-json\/wp\/v2\/media?parent=40713"}],"wp:term":[{"taxonomy":"product_brand","embeddable":true,"href":"https:\/\/www.dontpanicgames.com\/fr\/wp-json\/wp\/v2\/product_brand?post=40713"},{"taxonomy":"product_cat","embeddable":true,"href":"https:\/\/www.dontpanicgames.com\/fr\/wp-json\/wp\/v2\/product_cat?post=40713"},{"taxonomy":"product_tag","embeddable":true,"href":"https:\/\/www.dontpanicgames.com\/fr\/wp-json\/wp\/v2\/product_tag?post=40713"}],"curies":[{"name":"wp","href":"https:\/\/api.w.org\/{rel}","templated":true}]}}