{"id":40272,"date":"2024-10-21T12:05:14","date_gmt":"2024-10-21T11:05:14","guid":{"rendered":"https:\/\/www.dontpanicgames.com\/?post_type=product&#038;p=40272"},"modified":"2024-11-21T17:54:12","modified_gmt":"2024-11-21T16:54:12","slug":"puzzle-sao","status":"publish","type":"product","link":"https:\/\/www.dontpanicgames.com\/fr\/shop\/level-42\/puzzle-sao\/","title":{"rendered":"Puzzle Sword Art Online"},"content":{"rendered":"<span class=\"et_bloom_bottom_trigger\"><\/span>","protected":false},"excerpt":{"rendered":"<div class=\"message-2qnXI6 cozyMessage-3V1Y8y groupStart-23k01U wrapper-2a6GCs cozy-3raOZG zalgo-jN1Ica\" tabindex=\"-1\" role=\"article\" data-list-item-id=\"chat-messages___chat-messages-915636352517799996\" aria-setsize=\"-1\" aria-roledescription=\"Message\" aria-labelledby=\"message-username-915636352517799996 uid_1 message-content-915636352517799996 uid_2 message-timestamp-915636352517799996\" aria-describedby=\"\">\n<div class=\"contents-2mQqc9\">\n<div id=\"message-content-915636352517799996\" class=\"markup-2BOw-j messageContent-2qWWxC\">\n<p>Pi\u00e8ce apr\u00e8s pi\u00e8ce, r\u00e9unissez vos h\u00e9ros en ordre de bataille ! Accompagnez Silica, Kirito, Asuna et Lisbeth dans leur qu\u00eate pour s&rsquo;\u00e9chapper du monde virtuel de Sword Art Online.<\/p>\n<\/div>\n<div><\/div>\n<\/div>\n<div><em>Puzzle de 1000 pi\u00e8ces de haute qualit\u00e9.<\/em><\/div>\n<div><em>Dimensions finales : 70&#215;50 cm<\/em><\/div>\n<\/div>\n","protected":false},"featured_media":40268,"template":"","meta":{"_acf_changed":false},"product_brand":[],"product_cat":[897,469],"product_tag":[],"class_list":{"0":"post-40272","1":"product","2":"type-product","3":"status-publish","4":"has-post-thumbnail","6":"product_cat-accessoires","7":"product_cat-level-42","8":"product_shipping_class-standard-fr","10":"first","11":"instock","12":"taxable","13":"shipping-taxable","14":"purchasable","15":"product-type-simple"},"acf":[],"yoast_head":"<!-- This site is optimized with the Yoast SEO plugin v27.3 - https:\/\/yoast.com\/product\/yoast-seo-wordpress\/ -->\n<title>Puzzle Sword Art Online - Don&#039;t Panic Games<\/title>\n<meta name=\"robots\" content=\"index, follow, max-snippet:-1, max-image-preview:large, max-video-preview:-1\" \/>\n<link rel=\"canonical\" href=\"https:\/\/www.dontpanicgames.com\/fr\/shop\/level-42\/puzzle-sao\/\" \/>\n<meta property=\"og:locale\" content=\"fr_FR\" \/>\n<meta property=\"og:type\" content=\"article\" \/>\n<meta property=\"og:title\" content=\"Puzzle Sword Art Online - Don&#039;t Panic Games\" \/>\n<meta property=\"og:description\" content=\"Pi\u00e8ce apr\u00e8s pi\u00e8ce, r\u00e9unissez vos h\u00e9ros en ordre de bataille ! Accompagnez Silica, Kirito, Asuna et Lisbeth dans leur qu\u00eate pour s&#039;\u00e9chapper du monde virtuel de Sword Art Online.     Puzzle de 1000 pi\u00e8ces de haute qualit\u00e9. Dimensions finales : 70x50 cm\" \/>\n<meta property=\"og:url\" content=\"https:\/\/www.dontpanicgames.com\/fr\/shop\/level-42\/puzzle-sao\/\" \/>\n<meta property=\"og:site_name\" content=\"Don&#039;t Panic Games\" \/>\n<meta property=\"article:publisher\" content=\"https:\/\/www.facebook.com\/dontpanicgames\/\" \/>\n<meta property=\"article:modified_time\" content=\"2024-11-21T16:54:12+00:00\" \/>\n<meta property=\"og:image\" content=\"https:\/\/www.dontpanicgames.com\/wp-content\/uploads\/2017\/01\/logo-dpg.png\" \/>\n\t<meta property=\"og:image:width\" content=\"180\" \/>\n\t<meta property=\"og:image:height\" content=\"180\" \/>\n\t<meta property=\"og:image:type\" content=\"image\/png\" \/>\n<meta name=\"twitter:card\" content=\"summary_large_image\" \/>\n<meta name=\"twitter:site\" content=\"@DontPanicGames1\" \/>\n<meta name=\"twitter:label1\" content=\"Dur\u00e9e de lecture estim\u00e9e\" \/>\n\t<meta name=\"twitter:data1\" content=\"1 minute\" \/>\n<script type=\"application\/ld+json\" class=\"yoast-schema-graph\">{\"@context\":\"https:\\\/\\\/schema.org\",\"@graph\":[{\"@type\":\"WebPage\",\"@id\":\"https:\\\/\\\/www.dontpanicgames.com\\\/fr\\\/shop\\\/level-42\\\/puzzle-sao\\\/\",\"url\":\"https:\\\/\\\/www.dontpanicgames.com\\\/fr\\\/shop\\\/level-42\\\/puzzle-sao\\\/\",\"name\":\"Puzzle Sword Art Online - Don&#039;t Panic Games\",\"isPartOf\":{\"@id\":\"https:\\\/\\\/www.dontpanicgames.com\\\/fr\\\/#website\"},\"primaryImageOfPage\":{\"@id\":\"https:\\\/\\\/www.dontpanicgames.com\\\/fr\\\/shop\\\/level-42\\\/puzzle-sao\\\/#primaryimage\"},\"image\":{\"@id\":\"https:\\\/\\\/www.dontpanicgames.com\\\/fr\\\/shop\\\/level-42\\\/puzzle-sao\\\/#primaryimage\"},\"thumbnailUrl\":\"https:\\\/\\\/www.dontpanicgames.com\\\/wp-content\\\/uploads\\\/2024\\\/10\\\/sao_puzzle_shop.jpg\",\"datePublished\":\"2024-10-21T11:05:14+00:00\",\"dateModified\":\"2024-11-21T16:54:12+00:00\",\"breadcrumb\":{\"@id\":\"https:\\\/\\\/www.dontpanicgames.com\\\/fr\\\/shop\\\/level-42\\\/puzzle-sao\\\/#breadcrumb\"},\"inLanguage\":\"fr-FR\",\"potentialAction\":[{\"@type\":\"ReadAction\",\"target\":[\"https:\\\/\\\/www.dontpanicgames.com\\\/fr\\\/shop\\\/level-42\\\/puzzle-sao\\\/\"]}]},{\"@type\":\"ImageObject\",\"inLanguage\":\"fr-FR\",\"@id\":\"https:\\\/\\\/www.dontpanicgames.com\\\/fr\\\/shop\\\/level-42\\\/puzzle-sao\\\/#primaryimage\",\"url\":\"https:\\\/\\\/www.dontpanicgames.com\\\/wp-content\\\/uploads\\\/2024\\\/10\\\/sao_puzzle_shop.jpg\",\"contentUrl\":\"https:\\\/\\\/www.dontpanicgames.com\\\/wp-content\\\/uploads\\\/2024\\\/10\\\/sao_puzzle_shop.jpg\",\"width\":900,\"height\":900},{\"@type\":\"BreadcrumbList\",\"@id\":\"https:\\\/\\\/www.dontpanicgames.com\\\/fr\\\/shop\\\/level-42\\\/puzzle-sao\\\/#breadcrumb\",\"itemListElement\":[{\"@type\":\"ListItem\",\"position\":1,\"name\":\"Accueil\",\"item\":\"https:\\\/\\\/www.dontpanicgames.com\\\/fr\\\/\"},{\"@type\":\"ListItem\",\"position\":2,\"name\":\"Nos jeux\",\"item\":\"https:\\\/\\\/www.dontpanicgames.com\\\/fr\\\/nos-jeux\\\/\"},{\"@type\":\"ListItem\",\"position\":3,\"name\":\"Accessoires\",\"item\":\"https:\\\/\\\/www.dontpanicgames.com\\\/fr\\\/shop\\\/c\\\/accessoires\\\/\"},{\"@type\":\"ListItem\",\"position\":4,\"name\":\"Puzzle Sword Art Online\"}]},{\"@type\":\"WebSite\",\"@id\":\"https:\\\/\\\/www.dontpanicgames.com\\\/fr\\\/#website\",\"url\":\"https:\\\/\\\/www.dontpanicgames.com\\\/fr\\\/\",\"name\":\"Don't Panic Games\",\"description\":\"Don&#039;t Panic Games.com website\",\"potentialAction\":[{\"@type\":\"SearchAction\",\"target\":{\"@type\":\"EntryPoint\",\"urlTemplate\":\"https:\\\/\\\/www.dontpanicgames.com\\\/fr\\\/?s={search_term_string}\"},\"query-input\":{\"@type\":\"PropertyValueSpecification\",\"valueRequired\":true,\"valueName\":\"search_term_string\"}}],\"inLanguage\":\"fr-FR\"}]}<\/script>\n<!-- \/ Yoast SEO plugin. -->","yoast_head_json":{"title":"Puzzle Sword Art Online - Don&#039;t Panic Games","robots":{"index":"index","follow":"follow","max-snippet":"max-snippet:-1","max-image-preview":"max-image-preview:large","max-video-preview":"max-video-preview:-1"},"canonical":"https:\/\/www.dontpanicgames.com\/fr\/shop\/level-42\/puzzle-sao\/","og_locale":"fr_FR","og_type":"article","og_title":"Puzzle Sword Art Online - Don&#039;t Panic Games","og_description":"Pi\u00e8ce apr\u00e8s pi\u00e8ce, r\u00e9unissez vos h\u00e9ros en ordre de bataille ! Accompagnez Silica, Kirito, Asuna et Lisbeth dans leur qu\u00eate pour s'\u00e9chapper du monde virtuel de Sword Art Online.     Puzzle de 1000 pi\u00e8ces de haute qualit\u00e9. Dimensions finales : 70x50 cm","og_url":"https:\/\/www.dontpanicgames.com\/fr\/shop\/level-42\/puzzle-sao\/","og_site_name":"Don&#039;t Panic Games","article_publisher":"https:\/\/www.facebook.com\/dontpanicgames\/","article_modified_time":"2024-11-21T16:54:12+00:00","og_image":[{"width":180,"height":180,"url":"https:\/\/www.dontpanicgames.com\/wp-content\/uploads\/2017\/01\/logo-dpg.png","type":"image\/png"}],"twitter_card":"summary_large_image","twitter_site":"@DontPanicGames1","twitter_misc":{"Dur\u00e9e de lecture estim\u00e9e":"1 minute"},"schema":{"@context":"https:\/\/schema.org","@graph":[{"@type":"WebPage","@id":"https:\/\/www.dontpanicgames.com\/fr\/shop\/level-42\/puzzle-sao\/","url":"https:\/\/www.dontpanicgames.com\/fr\/shop\/level-42\/puzzle-sao\/","name":"Puzzle Sword Art Online - Don&#039;t Panic Games","isPartOf":{"@id":"https:\/\/www.dontpanicgames.com\/fr\/#website"},"primaryImageOfPage":{"@id":"https:\/\/www.dontpanicgames.com\/fr\/shop\/level-42\/puzzle-sao\/#primaryimage"},"image":{"@id":"https:\/\/www.dontpanicgames.com\/fr\/shop\/level-42\/puzzle-sao\/#primaryimage"},"thumbnailUrl":"https:\/\/www.dontpanicgames.com\/wp-content\/uploads\/2024\/10\/sao_puzzle_shop.jpg","datePublished":"2024-10-21T11:05:14+00:00","dateModified":"2024-11-21T16:54:12+00:00","breadcrumb":{"@id":"https:\/\/www.dontpanicgames.com\/fr\/shop\/level-42\/puzzle-sao\/#breadcrumb"},"inLanguage":"fr-FR","potentialAction":[{"@type":"ReadAction","target":["https:\/\/www.dontpanicgames.com\/fr\/shop\/level-42\/puzzle-sao\/"]}]},{"@type":"ImageObject","inLanguage":"fr-FR","@id":"https:\/\/www.dontpanicgames.com\/fr\/shop\/level-42\/puzzle-sao\/#primaryimage","url":"https:\/\/www.dontpanicgames.com\/wp-content\/uploads\/2024\/10\/sao_puzzle_shop.jpg","contentUrl":"https:\/\/www.dontpanicgames.com\/wp-content\/uploads\/2024\/10\/sao_puzzle_shop.jpg","width":900,"height":900},{"@type":"BreadcrumbList","@id":"https:\/\/www.dontpanicgames.com\/fr\/shop\/level-42\/puzzle-sao\/#breadcrumb","itemListElement":[{"@type":"ListItem","position":1,"name":"Accueil","item":"https:\/\/www.dontpanicgames.com\/fr\/"},{"@type":"ListItem","position":2,"name":"Nos jeux","item":"https:\/\/www.dontpanicgames.com\/fr\/nos-jeux\/"},{"@type":"ListItem","position":3,"name":"Accessoires","item":"https:\/\/www.dontpanicgames.com\/fr\/shop\/c\/accessoires\/"},{"@type":"ListItem","position":4,"name":"Puzzle Sword Art Online"}]},{"@type":"WebSite","@id":"https:\/\/www.dontpanicgames.com\/fr\/#website","url":"https:\/\/www.dontpanicgames.com\/fr\/","name":"Don't Panic Games","description":"Don&#039;t Panic Games.com website","potentialAction":[{"@type":"SearchAction","target":{"@type":"EntryPoint","urlTemplate":"https:\/\/www.dontpanicgames.com\/fr\/?s={search_term_string}"},"query-input":{"@type":"PropertyValueSpecification","valueRequired":true,"valueName":"search_term_string"}}],"inLanguage":"fr-FR"}]}},"_links":{"self":[{"href":"https:\/\/www.dontpanicgames.com\/fr\/wp-json\/wp\/v2\/product\/40272","targetHints":{"allow":["GET"]}}],"collection":[{"href":"https:\/\/www.dontpanicgames.com\/fr\/wp-json\/wp\/v2\/product"}],"about":[{"href":"https:\/\/www.dontpanicgames.com\/fr\/wp-json\/wp\/v2\/types\/product"}],"wp:featuredmedia":[{"embeddable":true,"href":"https:\/\/www.dontpanicgames.com\/fr\/wp-json\/wp\/v2\/media\/40268"}],"wp:attachment":[{"href":"https:\/\/www.dontpanicgames.com\/fr\/wp-json\/wp\/v2\/media?parent=40272"}],"wp:term":[{"taxonomy":"product_brand","embeddable":true,"href":"https:\/\/www.dontpanicgames.com\/fr\/wp-json\/wp\/v2\/product_brand?post=40272"},{"taxonomy":"product_cat","embeddable":true,"href":"https:\/\/www.dontpanicgames.com\/fr\/wp-json\/wp\/v2\/product_cat?post=40272"},{"taxonomy":"product_tag","embeddable":true,"href":"https:\/\/www.dontpanicgames.com\/fr\/wp-json\/wp\/v2\/product_tag?post=40272"}],"curies":[{"name":"wp","href":"https:\/\/api.w.org\/{rel}","templated":true}]}}