{"id":38936,"date":"2024-07-25T15:33:52","date_gmt":"2024-07-25T14:33:52","guid":{"rendered":"https:\/\/www.dontpanicgames.com\/?post_type=product&#038;p=38936"},"modified":"2026-02-20T18:45:51","modified_gmt":"2026-02-20T17:45:51","slug":"tapis-de-jeu-final-girl-saison-2","status":"publish","type":"product","link":"https:\/\/www.dontpanicgames.com\/fr\/shop\/jeux\/tapis-de-jeu-final-girl-saison-2\/","title":{"rendered":"Tapis de jeu Final Girl Saison 2"},"content":{"rendered":"<span class=\"et_bloom_bottom_trigger\"><\/span>","protected":false},"excerpt":{"rendered":"<p>Des tapis de jeu de la saison 2 de Final Girl, pour embellir vos parties ! Ils sont compatibles avec tous les longs m\u00e9trages de la ligne de produits, y compris la saison 1.<\/p>\n<p><strong><em>Attention, cet article n\u00e9cessite la bo\u00eete de base de Final Girl et au moins 1 bo\u00eete Long M\u00e9trage (vendues s\u00e9par\u00e9ment) pour pouvoir \u00eatre utilis\u00e9 !<\/em><\/strong><\/p>\n","protected":false},"featured_media":39434,"template":"","meta":{"_acf_changed":false},"product_brand":[],"product_cat":[381],"product_tag":[826],"class_list":{"0":"post-38936","1":"product","2":"type-product","3":"status-publish","4":"has-post-thumbnail","6":"product_cat-jeux","7":"product_tag-playmat","8":"product_shipping_class-standard-fr","10":"first","11":"outofstock","12":"taxable","13":"shipping-taxable","14":"purchasable","15":"product-type-simple"},"acf":[],"yoast_head":"<!-- This site is optimized with the Yoast SEO plugin v27.4 - https:\/\/yoast.com\/product\/yoast-seo-wordpress\/ -->\n<title>Tapis de jeu Final Girl Saison 2 - Don&#039;t Panic Games<\/title>\n<meta name=\"robots\" content=\"index, follow, max-snippet:-1, max-image-preview:large, max-video-preview:-1\" \/>\n<link rel=\"canonical\" href=\"https:\/\/www.dontpanicgames.com\/fr\/shop\/jeux\/tapis-de-jeu-final-girl-saison-2\/\" \/>\n<meta property=\"og:locale\" content=\"fr_FR\" \/>\n<meta property=\"og:type\" content=\"article\" \/>\n<meta property=\"og:title\" content=\"Tapis de jeu Final Girl Saison 2 - Don&#039;t Panic Games\" \/>\n<meta property=\"og:description\" content=\"Des tapis de jeu de la saison 2 de Final Girl, pour embellir vos parties ! Ils sont compatibles avec tous les longs m\u00e9trages de la ligne de produits, y compris la saison 1.  Attention, cet article n\u00e9cessite la bo\u00eete de base de Final Girl et au moins 1 bo\u00eete Long M\u00e9trage (vendues s\u00e9par\u00e9ment) pour pouvoir \u00eatre utilis\u00e9 !\" \/>\n<meta property=\"og:url\" content=\"https:\/\/www.dontpanicgames.com\/fr\/shop\/jeux\/tapis-de-jeu-final-girl-saison-2\/\" \/>\n<meta property=\"og:site_name\" content=\"Don&#039;t Panic Games\" \/>\n<meta property=\"article:publisher\" content=\"https:\/\/www.facebook.com\/dontpanicgames\/\" \/>\n<meta property=\"article:modified_time\" content=\"2026-02-20T17:45:51+00:00\" \/>\n<meta property=\"og:image\" content=\"https:\/\/www.dontpanicgames.com\/wp-content\/uploads\/2024\/07\/playmat-fg-saison-2.jpg\" \/>\n\t<meta property=\"og:image:width\" content=\"800\" \/>\n\t<meta property=\"og:image:height\" content=\"800\" \/>\n\t<meta property=\"og:image:type\" content=\"image\/jpeg\" \/>\n<meta name=\"twitter:card\" content=\"summary_large_image\" \/>\n<meta name=\"twitter:site\" content=\"@DontPanicGames1\" \/>\n<meta name=\"twitter:label1\" content=\"Dur\u00e9e de lecture estim\u00e9e\" \/>\n\t<meta name=\"twitter:data1\" content=\"1 minute\" \/>\n<script type=\"application\/ld+json\" class=\"yoast-schema-graph\">{\"@context\":\"https:\\\/\\\/schema.org\",\"@graph\":[{\"@type\":\"WebPage\",\"@id\":\"https:\\\/\\\/www.dontpanicgames.com\\\/fr\\\/shop\\\/jeux\\\/tapis-de-jeu-final-girl-saison-2\\\/\",\"url\":\"https:\\\/\\\/www.dontpanicgames.com\\\/fr\\\/shop\\\/jeux\\\/tapis-de-jeu-final-girl-saison-2\\\/\",\"name\":\"Tapis de jeu Final Girl Saison 2 - Don&#039;t Panic Games\",\"isPartOf\":{\"@id\":\"https:\\\/\\\/www.dontpanicgames.com\\\/fr\\\/#website\"},\"primaryImageOfPage\":{\"@id\":\"https:\\\/\\\/www.dontpanicgames.com\\\/fr\\\/shop\\\/jeux\\\/tapis-de-jeu-final-girl-saison-2\\\/#primaryimage\"},\"image\":{\"@id\":\"https:\\\/\\\/www.dontpanicgames.com\\\/fr\\\/shop\\\/jeux\\\/tapis-de-jeu-final-girl-saison-2\\\/#primaryimage\"},\"thumbnailUrl\":\"https:\\\/\\\/www.dontpanicgames.com\\\/wp-content\\\/uploads\\\/2024\\\/07\\\/playmat-fg-saison-2.jpg\",\"datePublished\":\"2024-07-25T14:33:52+00:00\",\"dateModified\":\"2026-02-20T17:45:51+00:00\",\"breadcrumb\":{\"@id\":\"https:\\\/\\\/www.dontpanicgames.com\\\/fr\\\/shop\\\/jeux\\\/tapis-de-jeu-final-girl-saison-2\\\/#breadcrumb\"},\"inLanguage\":\"fr-FR\",\"potentialAction\":[{\"@type\":\"ReadAction\",\"target\":[\"https:\\\/\\\/www.dontpanicgames.com\\\/fr\\\/shop\\\/jeux\\\/tapis-de-jeu-final-girl-saison-2\\\/\"]}]},{\"@type\":\"ImageObject\",\"inLanguage\":\"fr-FR\",\"@id\":\"https:\\\/\\\/www.dontpanicgames.com\\\/fr\\\/shop\\\/jeux\\\/tapis-de-jeu-final-girl-saison-2\\\/#primaryimage\",\"url\":\"https:\\\/\\\/www.dontpanicgames.com\\\/wp-content\\\/uploads\\\/2024\\\/07\\\/playmat-fg-saison-2.jpg\",\"contentUrl\":\"https:\\\/\\\/www.dontpanicgames.com\\\/wp-content\\\/uploads\\\/2024\\\/07\\\/playmat-fg-saison-2.jpg\",\"width\":800,\"height\":800},{\"@type\":\"BreadcrumbList\",\"@id\":\"https:\\\/\\\/www.dontpanicgames.com\\\/fr\\\/shop\\\/jeux\\\/tapis-de-jeu-final-girl-saison-2\\\/#breadcrumb\",\"itemListElement\":[{\"@type\":\"ListItem\",\"position\":1,\"name\":\"Accueil\",\"item\":\"https:\\\/\\\/www.dontpanicgames.com\\\/fr\\\/\"},{\"@type\":\"ListItem\",\"position\":2,\"name\":\"Nos jeux\",\"item\":\"https:\\\/\\\/www.dontpanicgames.com\\\/fr\\\/nos-jeux\\\/\"},{\"@type\":\"ListItem\",\"position\":3,\"name\":\"Jeux\",\"item\":\"https:\\\/\\\/www.dontpanicgames.com\\\/fr\\\/shop\\\/c\\\/jeux\\\/\"},{\"@type\":\"ListItem\",\"position\":4,\"name\":\"Tapis de jeu Final Girl Saison 2\"}]},{\"@type\":\"WebSite\",\"@id\":\"https:\\\/\\\/www.dontpanicgames.com\\\/fr\\\/#website\",\"url\":\"https:\\\/\\\/www.dontpanicgames.com\\\/fr\\\/\",\"name\":\"Don't Panic Games\",\"description\":\"Don&#039;t Panic Games.com website\",\"potentialAction\":[{\"@type\":\"SearchAction\",\"target\":{\"@type\":\"EntryPoint\",\"urlTemplate\":\"https:\\\/\\\/www.dontpanicgames.com\\\/fr\\\/?s={search_term_string}\"},\"query-input\":{\"@type\":\"PropertyValueSpecification\",\"valueRequired\":true,\"valueName\":\"search_term_string\"}}],\"inLanguage\":\"fr-FR\"}]}<\/script>\n<!-- \/ Yoast SEO plugin. -->","yoast_head_json":{"title":"Tapis de jeu Final Girl Saison 2 - Don&#039;t Panic Games","robots":{"index":"index","follow":"follow","max-snippet":"max-snippet:-1","max-image-preview":"max-image-preview:large","max-video-preview":"max-video-preview:-1"},"canonical":"https:\/\/www.dontpanicgames.com\/fr\/shop\/jeux\/tapis-de-jeu-final-girl-saison-2\/","og_locale":"fr_FR","og_type":"article","og_title":"Tapis de jeu Final Girl Saison 2 - Don&#039;t Panic Games","og_description":"Des tapis de jeu de la saison 2 de Final Girl, pour embellir vos parties ! Ils sont compatibles avec tous les longs m\u00e9trages de la ligne de produits, y compris la saison 1.  Attention, cet article n\u00e9cessite la bo\u00eete de base de Final Girl et au moins 1 bo\u00eete Long M\u00e9trage (vendues s\u00e9par\u00e9ment) pour pouvoir \u00eatre utilis\u00e9 !","og_url":"https:\/\/www.dontpanicgames.com\/fr\/shop\/jeux\/tapis-de-jeu-final-girl-saison-2\/","og_site_name":"Don&#039;t Panic Games","article_publisher":"https:\/\/www.facebook.com\/dontpanicgames\/","article_modified_time":"2026-02-20T17:45:51+00:00","og_image":[{"width":800,"height":800,"url":"https:\/\/www.dontpanicgames.com\/wp-content\/uploads\/2024\/07\/playmat-fg-saison-2.jpg","type":"image\/jpeg"}],"twitter_card":"summary_large_image","twitter_site":"@DontPanicGames1","twitter_misc":{"Dur\u00e9e de lecture estim\u00e9e":"1 minute"},"schema":{"@context":"https:\/\/schema.org","@graph":[{"@type":"WebPage","@id":"https:\/\/www.dontpanicgames.com\/fr\/shop\/jeux\/tapis-de-jeu-final-girl-saison-2\/","url":"https:\/\/www.dontpanicgames.com\/fr\/shop\/jeux\/tapis-de-jeu-final-girl-saison-2\/","name":"Tapis de jeu Final Girl Saison 2 - Don&#039;t Panic Games","isPartOf":{"@id":"https:\/\/www.dontpanicgames.com\/fr\/#website"},"primaryImageOfPage":{"@id":"https:\/\/www.dontpanicgames.com\/fr\/shop\/jeux\/tapis-de-jeu-final-girl-saison-2\/#primaryimage"},"image":{"@id":"https:\/\/www.dontpanicgames.com\/fr\/shop\/jeux\/tapis-de-jeu-final-girl-saison-2\/#primaryimage"},"thumbnailUrl":"https:\/\/www.dontpanicgames.com\/wp-content\/uploads\/2024\/07\/playmat-fg-saison-2.jpg","datePublished":"2024-07-25T14:33:52+00:00","dateModified":"2026-02-20T17:45:51+00:00","breadcrumb":{"@id":"https:\/\/www.dontpanicgames.com\/fr\/shop\/jeux\/tapis-de-jeu-final-girl-saison-2\/#breadcrumb"},"inLanguage":"fr-FR","potentialAction":[{"@type":"ReadAction","target":["https:\/\/www.dontpanicgames.com\/fr\/shop\/jeux\/tapis-de-jeu-final-girl-saison-2\/"]}]},{"@type":"ImageObject","inLanguage":"fr-FR","@id":"https:\/\/www.dontpanicgames.com\/fr\/shop\/jeux\/tapis-de-jeu-final-girl-saison-2\/#primaryimage","url":"https:\/\/www.dontpanicgames.com\/wp-content\/uploads\/2024\/07\/playmat-fg-saison-2.jpg","contentUrl":"https:\/\/www.dontpanicgames.com\/wp-content\/uploads\/2024\/07\/playmat-fg-saison-2.jpg","width":800,"height":800},{"@type":"BreadcrumbList","@id":"https:\/\/www.dontpanicgames.com\/fr\/shop\/jeux\/tapis-de-jeu-final-girl-saison-2\/#breadcrumb","itemListElement":[{"@type":"ListItem","position":1,"name":"Accueil","item":"https:\/\/www.dontpanicgames.com\/fr\/"},{"@type":"ListItem","position":2,"name":"Nos jeux","item":"https:\/\/www.dontpanicgames.com\/fr\/nos-jeux\/"},{"@type":"ListItem","position":3,"name":"Jeux","item":"https:\/\/www.dontpanicgames.com\/fr\/shop\/c\/jeux\/"},{"@type":"ListItem","position":4,"name":"Tapis de jeu Final Girl Saison 2"}]},{"@type":"WebSite","@id":"https:\/\/www.dontpanicgames.com\/fr\/#website","url":"https:\/\/www.dontpanicgames.com\/fr\/","name":"Don't Panic Games","description":"Don&#039;t Panic Games.com website","potentialAction":[{"@type":"SearchAction","target":{"@type":"EntryPoint","urlTemplate":"https:\/\/www.dontpanicgames.com\/fr\/?s={search_term_string}"},"query-input":{"@type":"PropertyValueSpecification","valueRequired":true,"valueName":"search_term_string"}}],"inLanguage":"fr-FR"}]}},"_links":{"self":[{"href":"https:\/\/www.dontpanicgames.com\/fr\/wp-json\/wp\/v2\/product\/38936","targetHints":{"allow":["GET"]}}],"collection":[{"href":"https:\/\/www.dontpanicgames.com\/fr\/wp-json\/wp\/v2\/product"}],"about":[{"href":"https:\/\/www.dontpanicgames.com\/fr\/wp-json\/wp\/v2\/types\/product"}],"wp:featuredmedia":[{"embeddable":true,"href":"https:\/\/www.dontpanicgames.com\/fr\/wp-json\/wp\/v2\/media\/39434"}],"wp:attachment":[{"href":"https:\/\/www.dontpanicgames.com\/fr\/wp-json\/wp\/v2\/media?parent=38936"}],"wp:term":[{"taxonomy":"product_brand","embeddable":true,"href":"https:\/\/www.dontpanicgames.com\/fr\/wp-json\/wp\/v2\/product_brand?post=38936"},{"taxonomy":"product_cat","embeddable":true,"href":"https:\/\/www.dontpanicgames.com\/fr\/wp-json\/wp\/v2\/product_cat?post=38936"},{"taxonomy":"product_tag","embeddable":true,"href":"https:\/\/www.dontpanicgames.com\/fr\/wp-json\/wp\/v2\/product_tag?post=38936"}],"curies":[{"name":"wp","href":"https:\/\/api.w.org\/{rel}","templated":true}]}}