{"id":38222,"date":"2024-05-30T09:06:33","date_gmt":"2024-05-30T08:06:33","guid":{"rendered":"https:\/\/www.dontpanicgames.com\/?post_type=product&#038;p=38222"},"modified":"2024-06-07T11:08:47","modified_gmt":"2024-06-07T10:08:47","slug":"au-coeur-des-tenebres-carte-de-reference-errata","status":"publish","type":"product","link":"https:\/\/www.dontpanicgames.com\/fr\/shop\/jeux\/au-coeur-des-tenebres-carte-de-reference-errata\/","title":{"rendered":"Au c\u0153ur des t\u00e9n\u00e8bres &#8211; carte de r\u00e9f\u00e9rence (errata)"},"content":{"rendered":"<span class=\"et_bloom_bottom_trigger\"><\/span>","protected":false},"excerpt":{"rendered":"<p>Recevez gratuitement la carte r\u00e9f\u00e9rence du jeu <em>Au c\u0153ur des t\u00e9n\u00e8bres<\/em> corrig\u00e9e.<\/p>\n<p><a href=\"https:\/\/www.dontpanicgames.com\/static\/ITHOD_Reference_FR.pdf\">Vous pouvez aussi t\u00e9l\u00e9charger et imprimer cette carte gratuitement en cliquant ici.<\/a><\/p>\n","protected":false},"featured_media":38223,"template":"","meta":{"_acf_changed":false},"product_brand":[],"product_cat":[752,381],"product_tag":[],"class_list":{"0":"post-38222","1":"product","2":"type-product","3":"status-publish","4":"has-post-thumbnail","6":"product_cat-uncategorized","7":"product_cat-jeux","8":"product_shipping_class-port-offert","10":"first","11":"instock","12":"taxable","13":"shipping-taxable","14":"purchasable","15":"product-type-simple"},"acf":[],"yoast_head":"<!-- This site is optimized with the Yoast SEO plugin v27.4 - https:\/\/yoast.com\/product\/yoast-seo-wordpress\/ -->\n<title>Au c\u0153ur des t\u00e9n\u00e8bres - carte de r\u00e9f\u00e9rence (errata) - Don&#039;t Panic Games<\/title>\n<meta name=\"robots\" content=\"index, follow, max-snippet:-1, max-image-preview:large, max-video-preview:-1\" \/>\n<link rel=\"canonical\" href=\"https:\/\/www.dontpanicgames.com\/fr\/shop\/jeux\/au-coeur-des-tenebres-carte-de-reference-errata\/\" \/>\n<meta property=\"og:locale\" content=\"fr_FR\" \/>\n<meta property=\"og:type\" content=\"article\" \/>\n<meta property=\"og:title\" content=\"Au c\u0153ur des t\u00e9n\u00e8bres - carte de r\u00e9f\u00e9rence (errata) - Don&#039;t Panic Games\" \/>\n<meta property=\"og:description\" content=\"Recevez gratuitement la carte r\u00e9f\u00e9rence du jeu Au c\u0153ur des t\u00e9n\u00e8bres corrig\u00e9e.  Vous pouvez aussi t\u00e9l\u00e9charger et imprimer cette carte gratuitement en cliquant ici.\" \/>\n<meta property=\"og:url\" content=\"https:\/\/www.dontpanicgames.com\/fr\/shop\/jeux\/au-coeur-des-tenebres-carte-de-reference-errata\/\" \/>\n<meta property=\"og:site_name\" content=\"Don&#039;t Panic Games\" \/>\n<meta property=\"article:publisher\" content=\"https:\/\/www.facebook.com\/dontpanicgames\/\" \/>\n<meta property=\"article:modified_time\" content=\"2024-06-07T10:08:47+00:00\" \/>\n<meta property=\"og:image\" content=\"https:\/\/www.dontpanicgames.com\/wp-content\/uploads\/2024\/05\/carte_reference_acdt.jpg\" \/>\n\t<meta property=\"og:image:width\" content=\"800\" \/>\n\t<meta property=\"og:image:height\" content=\"800\" \/>\n\t<meta property=\"og:image:type\" content=\"image\/jpeg\" \/>\n<meta name=\"twitter:card\" content=\"summary_large_image\" \/>\n<meta name=\"twitter:site\" content=\"@DontPanicGames1\" \/>\n<meta name=\"twitter:label1\" content=\"Dur\u00e9e de lecture estim\u00e9e\" \/>\n\t<meta name=\"twitter:data1\" content=\"1 minute\" \/>\n<script type=\"application\/ld+json\" class=\"yoast-schema-graph\">{\"@context\":\"https:\\\/\\\/schema.org\",\"@graph\":[{\"@type\":\"WebPage\",\"@id\":\"https:\\\/\\\/www.dontpanicgames.com\\\/fr\\\/shop\\\/jeux\\\/au-coeur-des-tenebres-carte-de-reference-errata\\\/\",\"url\":\"https:\\\/\\\/www.dontpanicgames.com\\\/fr\\\/shop\\\/jeux\\\/au-coeur-des-tenebres-carte-de-reference-errata\\\/\",\"name\":\"Au c\u0153ur des t\u00e9n\u00e8bres - carte de r\u00e9f\u00e9rence (errata) - Don&#039;t Panic Games\",\"isPartOf\":{\"@id\":\"https:\\\/\\\/www.dontpanicgames.com\\\/fr\\\/#website\"},\"primaryImageOfPage\":{\"@id\":\"https:\\\/\\\/www.dontpanicgames.com\\\/fr\\\/shop\\\/jeux\\\/au-coeur-des-tenebres-carte-de-reference-errata\\\/#primaryimage\"},\"image\":{\"@id\":\"https:\\\/\\\/www.dontpanicgames.com\\\/fr\\\/shop\\\/jeux\\\/au-coeur-des-tenebres-carte-de-reference-errata\\\/#primaryimage\"},\"thumbnailUrl\":\"https:\\\/\\\/www.dontpanicgames.com\\\/wp-content\\\/uploads\\\/2024\\\/05\\\/carte_reference_acdt.jpg\",\"datePublished\":\"2024-05-30T08:06:33+00:00\",\"dateModified\":\"2024-06-07T10:08:47+00:00\",\"breadcrumb\":{\"@id\":\"https:\\\/\\\/www.dontpanicgames.com\\\/fr\\\/shop\\\/jeux\\\/au-coeur-des-tenebres-carte-de-reference-errata\\\/#breadcrumb\"},\"inLanguage\":\"fr-FR\",\"potentialAction\":[{\"@type\":\"ReadAction\",\"target\":[\"https:\\\/\\\/www.dontpanicgames.com\\\/fr\\\/shop\\\/jeux\\\/au-coeur-des-tenebres-carte-de-reference-errata\\\/\"]}]},{\"@type\":\"ImageObject\",\"inLanguage\":\"fr-FR\",\"@id\":\"https:\\\/\\\/www.dontpanicgames.com\\\/fr\\\/shop\\\/jeux\\\/au-coeur-des-tenebres-carte-de-reference-errata\\\/#primaryimage\",\"url\":\"https:\\\/\\\/www.dontpanicgames.com\\\/wp-content\\\/uploads\\\/2024\\\/05\\\/carte_reference_acdt.jpg\",\"contentUrl\":\"https:\\\/\\\/www.dontpanicgames.com\\\/wp-content\\\/uploads\\\/2024\\\/05\\\/carte_reference_acdt.jpg\",\"width\":800,\"height\":800},{\"@type\":\"BreadcrumbList\",\"@id\":\"https:\\\/\\\/www.dontpanicgames.com\\\/fr\\\/shop\\\/jeux\\\/au-coeur-des-tenebres-carte-de-reference-errata\\\/#breadcrumb\",\"itemListElement\":[{\"@type\":\"ListItem\",\"position\":1,\"name\":\"Accueil\",\"item\":\"https:\\\/\\\/www.dontpanicgames.com\\\/fr\\\/\"},{\"@type\":\"ListItem\",\"position\":2,\"name\":\"Nos jeux\",\"item\":\"https:\\\/\\\/www.dontpanicgames.com\\\/fr\\\/nos-jeux\\\/\"},{\"@type\":\"ListItem\",\"position\":3,\"name\":\"Uncategorized\",\"item\":\"https:\\\/\\\/www.dontpanicgames.com\\\/fr\\\/shop\\\/c\\\/uncategorized\\\/\"},{\"@type\":\"ListItem\",\"position\":4,\"name\":\"Au c\u0153ur des t\u00e9n\u00e8bres &#8211; carte de r\u00e9f\u00e9rence (errata)\"}]},{\"@type\":\"WebSite\",\"@id\":\"https:\\\/\\\/www.dontpanicgames.com\\\/fr\\\/#website\",\"url\":\"https:\\\/\\\/www.dontpanicgames.com\\\/fr\\\/\",\"name\":\"Don't Panic Games\",\"description\":\"Don&#039;t Panic Games.com website\",\"potentialAction\":[{\"@type\":\"SearchAction\",\"target\":{\"@type\":\"EntryPoint\",\"urlTemplate\":\"https:\\\/\\\/www.dontpanicgames.com\\\/fr\\\/?s={search_term_string}\"},\"query-input\":{\"@type\":\"PropertyValueSpecification\",\"valueRequired\":true,\"valueName\":\"search_term_string\"}}],\"inLanguage\":\"fr-FR\"}]}<\/script>\n<!-- \/ Yoast SEO plugin. -->","yoast_head_json":{"title":"Au c\u0153ur des t\u00e9n\u00e8bres - carte de r\u00e9f\u00e9rence (errata) - Don&#039;t Panic Games","robots":{"index":"index","follow":"follow","max-snippet":"max-snippet:-1","max-image-preview":"max-image-preview:large","max-video-preview":"max-video-preview:-1"},"canonical":"https:\/\/www.dontpanicgames.com\/fr\/shop\/jeux\/au-coeur-des-tenebres-carte-de-reference-errata\/","og_locale":"fr_FR","og_type":"article","og_title":"Au c\u0153ur des t\u00e9n\u00e8bres - carte de r\u00e9f\u00e9rence (errata) - Don&#039;t Panic Games","og_description":"Recevez gratuitement la carte r\u00e9f\u00e9rence du jeu Au c\u0153ur des t\u00e9n\u00e8bres corrig\u00e9e.  Vous pouvez aussi t\u00e9l\u00e9charger et imprimer cette carte gratuitement en cliquant ici.","og_url":"https:\/\/www.dontpanicgames.com\/fr\/shop\/jeux\/au-coeur-des-tenebres-carte-de-reference-errata\/","og_site_name":"Don&#039;t Panic Games","article_publisher":"https:\/\/www.facebook.com\/dontpanicgames\/","article_modified_time":"2024-06-07T10:08:47+00:00","og_image":[{"width":800,"height":800,"url":"https:\/\/www.dontpanicgames.com\/wp-content\/uploads\/2024\/05\/carte_reference_acdt.jpg","type":"image\/jpeg"}],"twitter_card":"summary_large_image","twitter_site":"@DontPanicGames1","twitter_misc":{"Dur\u00e9e de lecture estim\u00e9e":"1 minute"},"schema":{"@context":"https:\/\/schema.org","@graph":[{"@type":"WebPage","@id":"https:\/\/www.dontpanicgames.com\/fr\/shop\/jeux\/au-coeur-des-tenebres-carte-de-reference-errata\/","url":"https:\/\/www.dontpanicgames.com\/fr\/shop\/jeux\/au-coeur-des-tenebres-carte-de-reference-errata\/","name":"Au c\u0153ur des t\u00e9n\u00e8bres - carte de r\u00e9f\u00e9rence (errata) - Don&#039;t Panic Games","isPartOf":{"@id":"https:\/\/www.dontpanicgames.com\/fr\/#website"},"primaryImageOfPage":{"@id":"https:\/\/www.dontpanicgames.com\/fr\/shop\/jeux\/au-coeur-des-tenebres-carte-de-reference-errata\/#primaryimage"},"image":{"@id":"https:\/\/www.dontpanicgames.com\/fr\/shop\/jeux\/au-coeur-des-tenebres-carte-de-reference-errata\/#primaryimage"},"thumbnailUrl":"https:\/\/www.dontpanicgames.com\/wp-content\/uploads\/2024\/05\/carte_reference_acdt.jpg","datePublished":"2024-05-30T08:06:33+00:00","dateModified":"2024-06-07T10:08:47+00:00","breadcrumb":{"@id":"https:\/\/www.dontpanicgames.com\/fr\/shop\/jeux\/au-coeur-des-tenebres-carte-de-reference-errata\/#breadcrumb"},"inLanguage":"fr-FR","potentialAction":[{"@type":"ReadAction","target":["https:\/\/www.dontpanicgames.com\/fr\/shop\/jeux\/au-coeur-des-tenebres-carte-de-reference-errata\/"]}]},{"@type":"ImageObject","inLanguage":"fr-FR","@id":"https:\/\/www.dontpanicgames.com\/fr\/shop\/jeux\/au-coeur-des-tenebres-carte-de-reference-errata\/#primaryimage","url":"https:\/\/www.dontpanicgames.com\/wp-content\/uploads\/2024\/05\/carte_reference_acdt.jpg","contentUrl":"https:\/\/www.dontpanicgames.com\/wp-content\/uploads\/2024\/05\/carte_reference_acdt.jpg","width":800,"height":800},{"@type":"BreadcrumbList","@id":"https:\/\/www.dontpanicgames.com\/fr\/shop\/jeux\/au-coeur-des-tenebres-carte-de-reference-errata\/#breadcrumb","itemListElement":[{"@type":"ListItem","position":1,"name":"Accueil","item":"https:\/\/www.dontpanicgames.com\/fr\/"},{"@type":"ListItem","position":2,"name":"Nos jeux","item":"https:\/\/www.dontpanicgames.com\/fr\/nos-jeux\/"},{"@type":"ListItem","position":3,"name":"Uncategorized","item":"https:\/\/www.dontpanicgames.com\/fr\/shop\/c\/uncategorized\/"},{"@type":"ListItem","position":4,"name":"Au c\u0153ur des t\u00e9n\u00e8bres &#8211; carte de r\u00e9f\u00e9rence (errata)"}]},{"@type":"WebSite","@id":"https:\/\/www.dontpanicgames.com\/fr\/#website","url":"https:\/\/www.dontpanicgames.com\/fr\/","name":"Don't Panic Games","description":"Don&#039;t Panic Games.com website","potentialAction":[{"@type":"SearchAction","target":{"@type":"EntryPoint","urlTemplate":"https:\/\/www.dontpanicgames.com\/fr\/?s={search_term_string}"},"query-input":{"@type":"PropertyValueSpecification","valueRequired":true,"valueName":"search_term_string"}}],"inLanguage":"fr-FR"}]}},"_links":{"self":[{"href":"https:\/\/www.dontpanicgames.com\/fr\/wp-json\/wp\/v2\/product\/38222","targetHints":{"allow":["GET"]}}],"collection":[{"href":"https:\/\/www.dontpanicgames.com\/fr\/wp-json\/wp\/v2\/product"}],"about":[{"href":"https:\/\/www.dontpanicgames.com\/fr\/wp-json\/wp\/v2\/types\/product"}],"wp:featuredmedia":[{"embeddable":true,"href":"https:\/\/www.dontpanicgames.com\/fr\/wp-json\/wp\/v2\/media\/38223"}],"wp:attachment":[{"href":"https:\/\/www.dontpanicgames.com\/fr\/wp-json\/wp\/v2\/media?parent=38222"}],"wp:term":[{"taxonomy":"product_brand","embeddable":true,"href":"https:\/\/www.dontpanicgames.com\/fr\/wp-json\/wp\/v2\/product_brand?post=38222"},{"taxonomy":"product_cat","embeddable":true,"href":"https:\/\/www.dontpanicgames.com\/fr\/wp-json\/wp\/v2\/product_cat?post=38222"},{"taxonomy":"product_tag","embeddable":true,"href":"https:\/\/www.dontpanicgames.com\/fr\/wp-json\/wp\/v2\/product_tag?post=38222"}],"curies":[{"name":"wp","href":"https:\/\/api.w.org\/{rel}","templated":true}]}}