{"id":37442,"date":"2024-03-19T14:10:35","date_gmt":"2024-03-19T13:10:35","guid":{"rendered":"https:\/\/www.dontpanicgames.com\/?post_type=product&#038;p=37442"},"modified":"2025-06-30T09:17:41","modified_gmt":"2025-06-30T08:17:41","slug":"cowboy-bebop-le-jeu-de-role-set-de-des-ein","status":"publish","type":"product","link":"https:\/\/www.dontpanicgames.com\/fr\/shop\/jeux\/cowboy-bebop-le-jeu-de-role-set-de-des-ein\/","title":{"rendered":"Cowboy bebop, Le Jeu de r\u00f4le &#8211; set de d\u00e9s EIN"},"content":{"rendered":"<span class=\"et_bloom_bottom_trigger\"><\/span>","protected":false},"excerpt":{"rendered":"<p>D\u00e9s pour le jeu de r\u00f4le <em>Cowboy Bebop<\/em>. Gr\u00e2ce \u00e0 ces d\u00e9s les Chasseurs et Chasseuses de Primes de tout l&rsquo;univers pourront foncer vers de nouvelles aventures !<\/p>\n","protected":false},"featured_media":37393,"template":"","meta":{"_acf_changed":false},"product_brand":[],"product_cat":[381],"product_tag":[],"class_list":{"0":"post-37442","1":"product","2":"type-product","3":"status-publish","4":"has-post-thumbnail","6":"product_cat-jeux","7":"product_shipping_class-standard-fr","9":"first","10":"outofstock","11":"taxable","12":"shipping-taxable","13":"purchasable","14":"product-type-simple"},"acf":[],"yoast_head":"<!-- This site is optimized with the Yoast SEO plugin v27.3 - https:\/\/yoast.com\/product\/yoast-seo-wordpress\/ -->\n<title>Cowboy bebop, Le Jeu de r\u00f4le - set de d\u00e9s EIN - Don&#039;t Panic Games<\/title>\n<meta name=\"robots\" content=\"index, follow, max-snippet:-1, max-image-preview:large, max-video-preview:-1\" \/>\n<link rel=\"canonical\" href=\"https:\/\/www.dontpanicgames.com\/fr\/shop\/jeux\/cowboy-bebop-le-jeu-de-role-set-de-des-ein\/\" \/>\n<meta property=\"og:locale\" content=\"fr_FR\" \/>\n<meta property=\"og:type\" content=\"article\" \/>\n<meta property=\"og:title\" content=\"Cowboy bebop, Le Jeu de r\u00f4le - set de d\u00e9s EIN - Don&#039;t Panic Games\" \/>\n<meta property=\"og:description\" content=\"D\u00e9s pour le jeu de r\u00f4le Cowboy Bebop. Gr\u00e2ce \u00e0 ces d\u00e9s les Chasseurs et Chasseuses de Primes de tout l&#039;univers pourront foncer vers de nouvelles aventures !\" \/>\n<meta property=\"og:url\" content=\"https:\/\/www.dontpanicgames.com\/fr\/shop\/jeux\/cowboy-bebop-le-jeu-de-role-set-de-des-ein\/\" \/>\n<meta property=\"og:site_name\" content=\"Don&#039;t Panic Games\" \/>\n<meta property=\"article:publisher\" content=\"https:\/\/www.facebook.com\/dontpanicgames\/\" \/>\n<meta property=\"article:modified_time\" content=\"2025-06-30T08:17:41+00:00\" \/>\n<meta property=\"og:image\" content=\"https:\/\/www.dontpanicgames.com\/wp-content\/uploads\/2024\/03\/cbbjdr_dice-ein_shop.jpg\" \/>\n\t<meta property=\"og:image:width\" content=\"900\" \/>\n\t<meta property=\"og:image:height\" content=\"900\" \/>\n\t<meta property=\"og:image:type\" content=\"image\/jpeg\" \/>\n<meta name=\"twitter:card\" content=\"summary_large_image\" \/>\n<meta name=\"twitter:site\" content=\"@DontPanicGames1\" \/>\n<meta name=\"twitter:label1\" content=\"Dur\u00e9e de lecture estim\u00e9e\" \/>\n\t<meta name=\"twitter:data1\" content=\"1 minute\" \/>\n<script type=\"application\/ld+json\" class=\"yoast-schema-graph\">{\"@context\":\"https:\\\/\\\/schema.org\",\"@graph\":[{\"@type\":\"WebPage\",\"@id\":\"https:\\\/\\\/www.dontpanicgames.com\\\/fr\\\/shop\\\/jeux\\\/cowboy-bebop-le-jeu-de-role-set-de-des-ein\\\/\",\"url\":\"https:\\\/\\\/www.dontpanicgames.com\\\/fr\\\/shop\\\/jeux\\\/cowboy-bebop-le-jeu-de-role-set-de-des-ein\\\/\",\"name\":\"Cowboy bebop, Le Jeu de r\u00f4le - set de d\u00e9s EIN - Don&#039;t Panic Games\",\"isPartOf\":{\"@id\":\"https:\\\/\\\/www.dontpanicgames.com\\\/fr\\\/#website\"},\"primaryImageOfPage\":{\"@id\":\"https:\\\/\\\/www.dontpanicgames.com\\\/fr\\\/shop\\\/jeux\\\/cowboy-bebop-le-jeu-de-role-set-de-des-ein\\\/#primaryimage\"},\"image\":{\"@id\":\"https:\\\/\\\/www.dontpanicgames.com\\\/fr\\\/shop\\\/jeux\\\/cowboy-bebop-le-jeu-de-role-set-de-des-ein\\\/#primaryimage\"},\"thumbnailUrl\":\"https:\\\/\\\/www.dontpanicgames.com\\\/wp-content\\\/uploads\\\/2024\\\/03\\\/cbbjdr_dice-ein_shop.jpg\",\"datePublished\":\"2024-03-19T13:10:35+00:00\",\"dateModified\":\"2025-06-30T08:17:41+00:00\",\"breadcrumb\":{\"@id\":\"https:\\\/\\\/www.dontpanicgames.com\\\/fr\\\/shop\\\/jeux\\\/cowboy-bebop-le-jeu-de-role-set-de-des-ein\\\/#breadcrumb\"},\"inLanguage\":\"fr-FR\",\"potentialAction\":[{\"@type\":\"ReadAction\",\"target\":[\"https:\\\/\\\/www.dontpanicgames.com\\\/fr\\\/shop\\\/jeux\\\/cowboy-bebop-le-jeu-de-role-set-de-des-ein\\\/\"]}]},{\"@type\":\"ImageObject\",\"inLanguage\":\"fr-FR\",\"@id\":\"https:\\\/\\\/www.dontpanicgames.com\\\/fr\\\/shop\\\/jeux\\\/cowboy-bebop-le-jeu-de-role-set-de-des-ein\\\/#primaryimage\",\"url\":\"https:\\\/\\\/www.dontpanicgames.com\\\/wp-content\\\/uploads\\\/2024\\\/03\\\/cbbjdr_dice-ein_shop.jpg\",\"contentUrl\":\"https:\\\/\\\/www.dontpanicgames.com\\\/wp-content\\\/uploads\\\/2024\\\/03\\\/cbbjdr_dice-ein_shop.jpg\",\"width\":900,\"height\":900},{\"@type\":\"BreadcrumbList\",\"@id\":\"https:\\\/\\\/www.dontpanicgames.com\\\/fr\\\/shop\\\/jeux\\\/cowboy-bebop-le-jeu-de-role-set-de-des-ein\\\/#breadcrumb\",\"itemListElement\":[{\"@type\":\"ListItem\",\"position\":1,\"name\":\"Accueil\",\"item\":\"https:\\\/\\\/www.dontpanicgames.com\\\/fr\\\/\"},{\"@type\":\"ListItem\",\"position\":2,\"name\":\"Nos jeux\",\"item\":\"https:\\\/\\\/www.dontpanicgames.com\\\/fr\\\/nos-jeux\\\/\"},{\"@type\":\"ListItem\",\"position\":3,\"name\":\"Jeux\",\"item\":\"https:\\\/\\\/www.dontpanicgames.com\\\/fr\\\/shop\\\/c\\\/jeux\\\/\"},{\"@type\":\"ListItem\",\"position\":4,\"name\":\"Cowboy bebop, Le Jeu de r\u00f4le &#8211; set de d\u00e9s EIN\"}]},{\"@type\":\"WebSite\",\"@id\":\"https:\\\/\\\/www.dontpanicgames.com\\\/fr\\\/#website\",\"url\":\"https:\\\/\\\/www.dontpanicgames.com\\\/fr\\\/\",\"name\":\"Don't Panic Games\",\"description\":\"Don&#039;t Panic Games.com website\",\"potentialAction\":[{\"@type\":\"SearchAction\",\"target\":{\"@type\":\"EntryPoint\",\"urlTemplate\":\"https:\\\/\\\/www.dontpanicgames.com\\\/fr\\\/?s={search_term_string}\"},\"query-input\":{\"@type\":\"PropertyValueSpecification\",\"valueRequired\":true,\"valueName\":\"search_term_string\"}}],\"inLanguage\":\"fr-FR\"}]}<\/script>\n<!-- \/ Yoast SEO plugin. -->","yoast_head_json":{"title":"Cowboy bebop, Le Jeu de r\u00f4le - set de d\u00e9s EIN - Don&#039;t Panic Games","robots":{"index":"index","follow":"follow","max-snippet":"max-snippet:-1","max-image-preview":"max-image-preview:large","max-video-preview":"max-video-preview:-1"},"canonical":"https:\/\/www.dontpanicgames.com\/fr\/shop\/jeux\/cowboy-bebop-le-jeu-de-role-set-de-des-ein\/","og_locale":"fr_FR","og_type":"article","og_title":"Cowboy bebop, Le Jeu de r\u00f4le - set de d\u00e9s EIN - Don&#039;t Panic Games","og_description":"D\u00e9s pour le jeu de r\u00f4le Cowboy Bebop. Gr\u00e2ce \u00e0 ces d\u00e9s les Chasseurs et Chasseuses de Primes de tout l'univers pourront foncer vers de nouvelles aventures !","og_url":"https:\/\/www.dontpanicgames.com\/fr\/shop\/jeux\/cowboy-bebop-le-jeu-de-role-set-de-des-ein\/","og_site_name":"Don&#039;t Panic Games","article_publisher":"https:\/\/www.facebook.com\/dontpanicgames\/","article_modified_time":"2025-06-30T08:17:41+00:00","og_image":[{"width":900,"height":900,"url":"https:\/\/www.dontpanicgames.com\/wp-content\/uploads\/2024\/03\/cbbjdr_dice-ein_shop.jpg","type":"image\/jpeg"}],"twitter_card":"summary_large_image","twitter_site":"@DontPanicGames1","twitter_misc":{"Dur\u00e9e de lecture estim\u00e9e":"1 minute"},"schema":{"@context":"https:\/\/schema.org","@graph":[{"@type":"WebPage","@id":"https:\/\/www.dontpanicgames.com\/fr\/shop\/jeux\/cowboy-bebop-le-jeu-de-role-set-de-des-ein\/","url":"https:\/\/www.dontpanicgames.com\/fr\/shop\/jeux\/cowboy-bebop-le-jeu-de-role-set-de-des-ein\/","name":"Cowboy bebop, Le Jeu de r\u00f4le - set de d\u00e9s EIN - Don&#039;t Panic Games","isPartOf":{"@id":"https:\/\/www.dontpanicgames.com\/fr\/#website"},"primaryImageOfPage":{"@id":"https:\/\/www.dontpanicgames.com\/fr\/shop\/jeux\/cowboy-bebop-le-jeu-de-role-set-de-des-ein\/#primaryimage"},"image":{"@id":"https:\/\/www.dontpanicgames.com\/fr\/shop\/jeux\/cowboy-bebop-le-jeu-de-role-set-de-des-ein\/#primaryimage"},"thumbnailUrl":"https:\/\/www.dontpanicgames.com\/wp-content\/uploads\/2024\/03\/cbbjdr_dice-ein_shop.jpg","datePublished":"2024-03-19T13:10:35+00:00","dateModified":"2025-06-30T08:17:41+00:00","breadcrumb":{"@id":"https:\/\/www.dontpanicgames.com\/fr\/shop\/jeux\/cowboy-bebop-le-jeu-de-role-set-de-des-ein\/#breadcrumb"},"inLanguage":"fr-FR","potentialAction":[{"@type":"ReadAction","target":["https:\/\/www.dontpanicgames.com\/fr\/shop\/jeux\/cowboy-bebop-le-jeu-de-role-set-de-des-ein\/"]}]},{"@type":"ImageObject","inLanguage":"fr-FR","@id":"https:\/\/www.dontpanicgames.com\/fr\/shop\/jeux\/cowboy-bebop-le-jeu-de-role-set-de-des-ein\/#primaryimage","url":"https:\/\/www.dontpanicgames.com\/wp-content\/uploads\/2024\/03\/cbbjdr_dice-ein_shop.jpg","contentUrl":"https:\/\/www.dontpanicgames.com\/wp-content\/uploads\/2024\/03\/cbbjdr_dice-ein_shop.jpg","width":900,"height":900},{"@type":"BreadcrumbList","@id":"https:\/\/www.dontpanicgames.com\/fr\/shop\/jeux\/cowboy-bebop-le-jeu-de-role-set-de-des-ein\/#breadcrumb","itemListElement":[{"@type":"ListItem","position":1,"name":"Accueil","item":"https:\/\/www.dontpanicgames.com\/fr\/"},{"@type":"ListItem","position":2,"name":"Nos jeux","item":"https:\/\/www.dontpanicgames.com\/fr\/nos-jeux\/"},{"@type":"ListItem","position":3,"name":"Jeux","item":"https:\/\/www.dontpanicgames.com\/fr\/shop\/c\/jeux\/"},{"@type":"ListItem","position":4,"name":"Cowboy bebop, Le Jeu de r\u00f4le &#8211; set de d\u00e9s EIN"}]},{"@type":"WebSite","@id":"https:\/\/www.dontpanicgames.com\/fr\/#website","url":"https:\/\/www.dontpanicgames.com\/fr\/","name":"Don't Panic Games","description":"Don&#039;t Panic Games.com website","potentialAction":[{"@type":"SearchAction","target":{"@type":"EntryPoint","urlTemplate":"https:\/\/www.dontpanicgames.com\/fr\/?s={search_term_string}"},"query-input":{"@type":"PropertyValueSpecification","valueRequired":true,"valueName":"search_term_string"}}],"inLanguage":"fr-FR"}]}},"_links":{"self":[{"href":"https:\/\/www.dontpanicgames.com\/fr\/wp-json\/wp\/v2\/product\/37442","targetHints":{"allow":["GET"]}}],"collection":[{"href":"https:\/\/www.dontpanicgames.com\/fr\/wp-json\/wp\/v2\/product"}],"about":[{"href":"https:\/\/www.dontpanicgames.com\/fr\/wp-json\/wp\/v2\/types\/product"}],"wp:featuredmedia":[{"embeddable":true,"href":"https:\/\/www.dontpanicgames.com\/fr\/wp-json\/wp\/v2\/media\/37393"}],"wp:attachment":[{"href":"https:\/\/www.dontpanicgames.com\/fr\/wp-json\/wp\/v2\/media?parent=37442"}],"wp:term":[{"taxonomy":"product_brand","embeddable":true,"href":"https:\/\/www.dontpanicgames.com\/fr\/wp-json\/wp\/v2\/product_brand?post=37442"},{"taxonomy":"product_cat","embeddable":true,"href":"https:\/\/www.dontpanicgames.com\/fr\/wp-json\/wp\/v2\/product_cat?post=37442"},{"taxonomy":"product_tag","embeddable":true,"href":"https:\/\/www.dontpanicgames.com\/fr\/wp-json\/wp\/v2\/product_tag?post=37442"}],"curies":[{"name":"wp","href":"https:\/\/api.w.org\/{rel}","templated":true}]}}