{"id":32423,"date":"2023-04-20T15:56:14","date_gmt":"2023-04-20T14:56:14","guid":{"rendered":"https:\/\/www.dontpanicgames.com\/?post_type=product&#038;p=32423"},"modified":"2024-10-29T15:15:26","modified_gmt":"2024-10-29T14:15:26","slug":"boite-de-figurines-final-girl","status":"publish","type":"product","link":"https:\/\/www.dontpanicgames.com\/fr\/shop\/jeux\/boite-de-figurines-final-girl\/","title":{"rendered":"Bo\u00eete de figurines Final Girl"},"content":{"rendered":"<span class=\"et_bloom_bottom_trigger\"><\/span>","protected":false},"excerpt":{"rendered":"<p>Cette bo\u00eete contient 20 figurines de haute qualit\u00e9 des survivantes et des tueurs des 5 Long-m\u00e9trages de la saison 1, con\u00e7ues pour am\u00e9liorer votre experience de jeu \u00e0 Final Girl et porter votre immersion au comble de l&rsquo;horreur ! Ces figurines sont \u00e0 l&rsquo;\u00e9chelle 28mm mais leur taille exacte peut varier.<\/p>\n<p><strong>Attention, cet article n\u00e9cessite la bo\u00eete de base de Final Girl et au moins 1 bo\u00eete Long M\u00e9trage (vendues s\u00e9par\u00e9ment) pour pouvoir \u00eatre utilis\u00e9 !<\/strong><\/p>\n<div style=\"text-align: left;\"><\/div>\n<div><\/div>\n","protected":false},"featured_media":32451,"template":"","meta":{"_acf_changed":false},"product_brand":[],"product_cat":[381],"product_tag":[],"class_list":{"0":"post-32423","1":"product","2":"type-product","3":"status-publish","4":"has-post-thumbnail","6":"product_cat-jeux","7":"product_shipping_class-standard-fr","9":"first","10":"outofstock","11":"taxable","12":"shipping-taxable","13":"purchasable","14":"product-type-simple"},"acf":[],"yoast_head":"<!-- This site is optimized with the Yoast SEO plugin v27.3 - https:\/\/yoast.com\/product\/yoast-seo-wordpress\/ -->\n<title>Bo\u00eete de figurines Final Girl - Don&#039;t Panic Games<\/title>\n<meta name=\"robots\" content=\"index, follow, max-snippet:-1, max-image-preview:large, max-video-preview:-1\" \/>\n<link rel=\"canonical\" href=\"https:\/\/www.dontpanicgames.com\/fr\/shop\/jeux\/boite-de-figurines-final-girl\/\" \/>\n<meta property=\"og:locale\" content=\"fr_FR\" \/>\n<meta property=\"og:type\" content=\"article\" \/>\n<meta property=\"og:title\" content=\"Bo\u00eete de figurines Final Girl - Don&#039;t Panic Games\" \/>\n<meta property=\"og:description\" content=\"Cette bo\u00eete contient 20 figurines de haute qualit\u00e9 des survivantes et des tueurs des 5 Long-m\u00e9trages de la saison 1, con\u00e7ues pour am\u00e9liorer votre experience de jeu \u00e0 Final Girl et porter votre immersion au comble de l&#039;horreur ! Ces figurines sont \u00e0 l&#039;\u00e9chelle 28mm mais leur taille exacte peut varier.  Attention, cet article n\u00e9cessite la bo\u00eete de base de Final Girl et au moins 1 bo\u00eete Long M\u00e9trage (vendues s\u00e9par\u00e9ment) pour pouvoir \u00eatre utilis\u00e9 !\" \/>\n<meta property=\"og:url\" content=\"https:\/\/www.dontpanicgames.com\/fr\/shop\/jeux\/boite-de-figurines-final-girl\/\" \/>\n<meta property=\"og:site_name\" content=\"Don&#039;t Panic Games\" \/>\n<meta property=\"article:publisher\" content=\"https:\/\/www.facebook.com\/dontpanicgames\/\" \/>\n<meta property=\"article:modified_time\" content=\"2024-10-29T14:15:26+00:00\" \/>\n<meta property=\"og:image\" content=\"https:\/\/www.dontpanicgames.com\/wp-content\/uploads\/2023\/04\/fg_presskit-19_figurines.jpg\" \/>\n\t<meta property=\"og:image:width\" content=\"1000\" \/>\n\t<meta property=\"og:image:height\" content=\"560\" \/>\n\t<meta property=\"og:image:type\" content=\"image\/jpeg\" \/>\n<meta name=\"twitter:card\" content=\"summary_large_image\" \/>\n<meta name=\"twitter:site\" content=\"@DontPanicGames1\" \/>\n<meta name=\"twitter:label1\" content=\"Dur\u00e9e de lecture estim\u00e9e\" \/>\n\t<meta name=\"twitter:data1\" content=\"1 minute\" \/>\n<script type=\"application\/ld+json\" class=\"yoast-schema-graph\">{\"@context\":\"https:\\\/\\\/schema.org\",\"@graph\":[{\"@type\":\"WebPage\",\"@id\":\"https:\\\/\\\/www.dontpanicgames.com\\\/fr\\\/shop\\\/jeux\\\/boite-de-figurines-final-girl\\\/\",\"url\":\"https:\\\/\\\/www.dontpanicgames.com\\\/fr\\\/shop\\\/jeux\\\/boite-de-figurines-final-girl\\\/\",\"name\":\"Bo\u00eete de figurines Final Girl - Don&#039;t Panic Games\",\"isPartOf\":{\"@id\":\"https:\\\/\\\/www.dontpanicgames.com\\\/fr\\\/#website\"},\"primaryImageOfPage\":{\"@id\":\"https:\\\/\\\/www.dontpanicgames.com\\\/fr\\\/shop\\\/jeux\\\/boite-de-figurines-final-girl\\\/#primaryimage\"},\"image\":{\"@id\":\"https:\\\/\\\/www.dontpanicgames.com\\\/fr\\\/shop\\\/jeux\\\/boite-de-figurines-final-girl\\\/#primaryimage\"},\"thumbnailUrl\":\"https:\\\/\\\/www.dontpanicgames.com\\\/wp-content\\\/uploads\\\/2023\\\/04\\\/box_figurines_01-990x990-1.jpg\",\"datePublished\":\"2023-04-20T14:56:14+00:00\",\"dateModified\":\"2024-10-29T14:15:26+00:00\",\"breadcrumb\":{\"@id\":\"https:\\\/\\\/www.dontpanicgames.com\\\/fr\\\/shop\\\/jeux\\\/boite-de-figurines-final-girl\\\/#breadcrumb\"},\"inLanguage\":\"fr-FR\",\"potentialAction\":[{\"@type\":\"ReadAction\",\"target\":[\"https:\\\/\\\/www.dontpanicgames.com\\\/fr\\\/shop\\\/jeux\\\/boite-de-figurines-final-girl\\\/\"]}]},{\"@type\":\"ImageObject\",\"inLanguage\":\"fr-FR\",\"@id\":\"https:\\\/\\\/www.dontpanicgames.com\\\/fr\\\/shop\\\/jeux\\\/boite-de-figurines-final-girl\\\/#primaryimage\",\"url\":\"https:\\\/\\\/www.dontpanicgames.com\\\/wp-content\\\/uploads\\\/2023\\\/04\\\/box_figurines_01-990x990-1.jpg\",\"contentUrl\":\"https:\\\/\\\/www.dontpanicgames.com\\\/wp-content\\\/uploads\\\/2023\\\/04\\\/box_figurines_01-990x990-1.jpg\",\"width\":990,\"height\":990},{\"@type\":\"BreadcrumbList\",\"@id\":\"https:\\\/\\\/www.dontpanicgames.com\\\/fr\\\/shop\\\/jeux\\\/boite-de-figurines-final-girl\\\/#breadcrumb\",\"itemListElement\":[{\"@type\":\"ListItem\",\"position\":1,\"name\":\"Accueil\",\"item\":\"https:\\\/\\\/www.dontpanicgames.com\\\/fr\\\/\"},{\"@type\":\"ListItem\",\"position\":2,\"name\":\"Nos jeux\",\"item\":\"https:\\\/\\\/www.dontpanicgames.com\\\/fr\\\/nos-jeux\\\/\"},{\"@type\":\"ListItem\",\"position\":3,\"name\":\"Jeux\",\"item\":\"https:\\\/\\\/www.dontpanicgames.com\\\/fr\\\/shop\\\/c\\\/jeux\\\/\"},{\"@type\":\"ListItem\",\"position\":4,\"name\":\"Bo\u00eete de figurines Final Girl\"}]},{\"@type\":\"WebSite\",\"@id\":\"https:\\\/\\\/www.dontpanicgames.com\\\/fr\\\/#website\",\"url\":\"https:\\\/\\\/www.dontpanicgames.com\\\/fr\\\/\",\"name\":\"Don't Panic Games\",\"description\":\"Don&#039;t Panic Games.com website\",\"potentialAction\":[{\"@type\":\"SearchAction\",\"target\":{\"@type\":\"EntryPoint\",\"urlTemplate\":\"https:\\\/\\\/www.dontpanicgames.com\\\/fr\\\/?s={search_term_string}\"},\"query-input\":{\"@type\":\"PropertyValueSpecification\",\"valueRequired\":true,\"valueName\":\"search_term_string\"}}],\"inLanguage\":\"fr-FR\"}]}<\/script>\n<!-- \/ Yoast SEO plugin. -->","yoast_head_json":{"title":"Bo\u00eete de figurines Final Girl - Don&#039;t Panic Games","robots":{"index":"index","follow":"follow","max-snippet":"max-snippet:-1","max-image-preview":"max-image-preview:large","max-video-preview":"max-video-preview:-1"},"canonical":"https:\/\/www.dontpanicgames.com\/fr\/shop\/jeux\/boite-de-figurines-final-girl\/","og_locale":"fr_FR","og_type":"article","og_title":"Bo\u00eete de figurines Final Girl - Don&#039;t Panic Games","og_description":"Cette bo\u00eete contient 20 figurines de haute qualit\u00e9 des survivantes et des tueurs des 5 Long-m\u00e9trages de la saison 1, con\u00e7ues pour am\u00e9liorer votre experience de jeu \u00e0 Final Girl et porter votre immersion au comble de l'horreur ! Ces figurines sont \u00e0 l'\u00e9chelle 28mm mais leur taille exacte peut varier.  Attention, cet article n\u00e9cessite la bo\u00eete de base de Final Girl et au moins 1 bo\u00eete Long M\u00e9trage (vendues s\u00e9par\u00e9ment) pour pouvoir \u00eatre utilis\u00e9 !","og_url":"https:\/\/www.dontpanicgames.com\/fr\/shop\/jeux\/boite-de-figurines-final-girl\/","og_site_name":"Don&#039;t Panic Games","article_publisher":"https:\/\/www.facebook.com\/dontpanicgames\/","article_modified_time":"2024-10-29T14:15:26+00:00","og_image":[{"width":1000,"height":560,"url":"https:\/\/www.dontpanicgames.com\/wp-content\/uploads\/2023\/04\/fg_presskit-19_figurines.jpg","type":"image\/jpeg"}],"twitter_card":"summary_large_image","twitter_site":"@DontPanicGames1","twitter_misc":{"Dur\u00e9e de lecture estim\u00e9e":"1 minute"},"schema":{"@context":"https:\/\/schema.org","@graph":[{"@type":"WebPage","@id":"https:\/\/www.dontpanicgames.com\/fr\/shop\/jeux\/boite-de-figurines-final-girl\/","url":"https:\/\/www.dontpanicgames.com\/fr\/shop\/jeux\/boite-de-figurines-final-girl\/","name":"Bo\u00eete de figurines Final Girl - Don&#039;t Panic Games","isPartOf":{"@id":"https:\/\/www.dontpanicgames.com\/fr\/#website"},"primaryImageOfPage":{"@id":"https:\/\/www.dontpanicgames.com\/fr\/shop\/jeux\/boite-de-figurines-final-girl\/#primaryimage"},"image":{"@id":"https:\/\/www.dontpanicgames.com\/fr\/shop\/jeux\/boite-de-figurines-final-girl\/#primaryimage"},"thumbnailUrl":"https:\/\/www.dontpanicgames.com\/wp-content\/uploads\/2023\/04\/box_figurines_01-990x990-1.jpg","datePublished":"2023-04-20T14:56:14+00:00","dateModified":"2024-10-29T14:15:26+00:00","breadcrumb":{"@id":"https:\/\/www.dontpanicgames.com\/fr\/shop\/jeux\/boite-de-figurines-final-girl\/#breadcrumb"},"inLanguage":"fr-FR","potentialAction":[{"@type":"ReadAction","target":["https:\/\/www.dontpanicgames.com\/fr\/shop\/jeux\/boite-de-figurines-final-girl\/"]}]},{"@type":"ImageObject","inLanguage":"fr-FR","@id":"https:\/\/www.dontpanicgames.com\/fr\/shop\/jeux\/boite-de-figurines-final-girl\/#primaryimage","url":"https:\/\/www.dontpanicgames.com\/wp-content\/uploads\/2023\/04\/box_figurines_01-990x990-1.jpg","contentUrl":"https:\/\/www.dontpanicgames.com\/wp-content\/uploads\/2023\/04\/box_figurines_01-990x990-1.jpg","width":990,"height":990},{"@type":"BreadcrumbList","@id":"https:\/\/www.dontpanicgames.com\/fr\/shop\/jeux\/boite-de-figurines-final-girl\/#breadcrumb","itemListElement":[{"@type":"ListItem","position":1,"name":"Accueil","item":"https:\/\/www.dontpanicgames.com\/fr\/"},{"@type":"ListItem","position":2,"name":"Nos jeux","item":"https:\/\/www.dontpanicgames.com\/fr\/nos-jeux\/"},{"@type":"ListItem","position":3,"name":"Jeux","item":"https:\/\/www.dontpanicgames.com\/fr\/shop\/c\/jeux\/"},{"@type":"ListItem","position":4,"name":"Bo\u00eete de figurines Final Girl"}]},{"@type":"WebSite","@id":"https:\/\/www.dontpanicgames.com\/fr\/#website","url":"https:\/\/www.dontpanicgames.com\/fr\/","name":"Don't Panic Games","description":"Don&#039;t Panic Games.com website","potentialAction":[{"@type":"SearchAction","target":{"@type":"EntryPoint","urlTemplate":"https:\/\/www.dontpanicgames.com\/fr\/?s={search_term_string}"},"query-input":{"@type":"PropertyValueSpecification","valueRequired":true,"valueName":"search_term_string"}}],"inLanguage":"fr-FR"}]}},"_links":{"self":[{"href":"https:\/\/www.dontpanicgames.com\/fr\/wp-json\/wp\/v2\/product\/32423","targetHints":{"allow":["GET"]}}],"collection":[{"href":"https:\/\/www.dontpanicgames.com\/fr\/wp-json\/wp\/v2\/product"}],"about":[{"href":"https:\/\/www.dontpanicgames.com\/fr\/wp-json\/wp\/v2\/types\/product"}],"wp:featuredmedia":[{"embeddable":true,"href":"https:\/\/www.dontpanicgames.com\/fr\/wp-json\/wp\/v2\/media\/32451"}],"wp:attachment":[{"href":"https:\/\/www.dontpanicgames.com\/fr\/wp-json\/wp\/v2\/media?parent=32423"}],"wp:term":[{"taxonomy":"product_brand","embeddable":true,"href":"https:\/\/www.dontpanicgames.com\/fr\/wp-json\/wp\/v2\/product_brand?post=32423"},{"taxonomy":"product_cat","embeddable":true,"href":"https:\/\/www.dontpanicgames.com\/fr\/wp-json\/wp\/v2\/product_cat?post=32423"},{"taxonomy":"product_tag","embeddable":true,"href":"https:\/\/www.dontpanicgames.com\/fr\/wp-json\/wp\/v2\/product_tag?post=32423"}],"curies":[{"name":"wp","href":"https:\/\/api.w.org\/{rel}","templated":true}]}}