{"id":32417,"date":"2023-04-20T15:53:21","date_gmt":"2023-04-20T14:53:21","guid":{"rendered":"https:\/\/www.dontpanicgames.com\/?post_type=product&#038;p=32417"},"modified":"2025-03-18T14:22:46","modified_gmt":"2025-03-18T13:22:46","slug":"tapis-de-jeu-final-girl","status":"publish","type":"product","link":"https:\/\/www.dontpanicgames.com\/fr\/shop\/jeux\/tapis-de-jeu-final-girl\/","title":{"rendered":"Tapis de jeu Final Girl"},"content":{"rendered":"<span class=\"et_bloom_bottom_trigger\"><\/span>","protected":false},"excerpt":{"rendered":"<p>Le jeu <em>Final Girl<\/em> joue sur les clich\u00e9s classiques du film d&rsquo;horreur et vous permet d&rsquo;incarner la derni\u00e8re survivante qui d\u00e9cide de se confronter au tueur en s\u00e9rie. Ce tapis de jeu en n\u00e9opr\u00e8ne de haute qualit\u00e9 am\u00e9liore votre confort de jeu et facilite la mise en place du jeu tout en vous plongeant au comble de la terreur !<\/p>\n<p><strong><em>Attention, cet article n\u00e9cessite la bo\u00eete de base de Final Girl et au moins 1 bo\u00eete Long M\u00e9trage (vendues s\u00e9par\u00e9ment) pour pouvoir \u00eatre utilis\u00e9 !<\/em><\/strong><\/p>\n","protected":false},"featured_media":32419,"template":"","meta":{"_acf_changed":false},"product_brand":[],"product_cat":[381],"product_tag":[826],"class_list":{"0":"post-32417","1":"product","2":"type-product","3":"status-publish","4":"has-post-thumbnail","6":"product_cat-jeux","7":"product_tag-playmat","8":"product_shipping_class-standard-fr","10":"first","11":"outofstock","12":"taxable","13":"shipping-taxable","14":"purchasable","15":"product-type-simple"},"acf":[],"yoast_head":"<!-- This site is optimized with the Yoast SEO plugin v27.3 - https:\/\/yoast.com\/product\/yoast-seo-wordpress\/ -->\n<title>Tapis de jeu Final Girl - Don&#039;t Panic Games<\/title>\n<meta name=\"robots\" content=\"index, follow, max-snippet:-1, max-image-preview:large, max-video-preview:-1\" \/>\n<link rel=\"canonical\" href=\"https:\/\/www.dontpanicgames.com\/fr\/shop\/jeux\/tapis-de-jeu-final-girl\/\" \/>\n<meta property=\"og:locale\" content=\"fr_FR\" \/>\n<meta property=\"og:type\" content=\"article\" \/>\n<meta property=\"og:title\" content=\"Tapis de jeu Final Girl - Don&#039;t Panic Games\" \/>\n<meta property=\"og:description\" content=\"Le jeu Final Girl joue sur les clich\u00e9s classiques du film d&#039;horreur et vous permet d&#039;incarner la derni\u00e8re survivante qui d\u00e9cide de se confronter au tueur en s\u00e9rie. Ce tapis de jeu en n\u00e9opr\u00e8ne de haute qualit\u00e9 am\u00e9liore votre confort de jeu et facilite la mise en place du jeu tout en vous plongeant au comble de la terreur !  Attention, cet article n\u00e9cessite la bo\u00eete de base de Final Girl et au moins 1 bo\u00eete Long M\u00e9trage (vendues s\u00e9par\u00e9ment) pour pouvoir \u00eatre utilis\u00e9 !\" \/>\n<meta property=\"og:url\" content=\"https:\/\/www.dontpanicgames.com\/fr\/shop\/jeux\/tapis-de-jeu-final-girl\/\" \/>\n<meta property=\"og:site_name\" content=\"Don&#039;t Panic Games\" \/>\n<meta property=\"article:publisher\" content=\"https:\/\/www.facebook.com\/dontpanicgames\/\" \/>\n<meta property=\"article:modified_time\" content=\"2025-03-18T13:22:46+00:00\" \/>\n<meta property=\"og:image\" content=\"https:\/\/www.dontpanicgames.com\/wp-content\/uploads\/2023\/04\/fg_presskit-18_playmat.jpg\" \/>\n\t<meta property=\"og:image:width\" content=\"1000\" \/>\n\t<meta property=\"og:image:height\" content=\"560\" \/>\n\t<meta property=\"og:image:type\" content=\"image\/jpeg\" \/>\n<meta name=\"twitter:card\" content=\"summary_large_image\" \/>\n<meta name=\"twitter:site\" content=\"@DontPanicGames1\" \/>\n<meta name=\"twitter:label1\" content=\"Dur\u00e9e de lecture estim\u00e9e\" \/>\n\t<meta name=\"twitter:data1\" content=\"1 minute\" \/>\n<script type=\"application\/ld+json\" class=\"yoast-schema-graph\">{\"@context\":\"https:\\\/\\\/schema.org\",\"@graph\":[{\"@type\":\"WebPage\",\"@id\":\"https:\\\/\\\/www.dontpanicgames.com\\\/fr\\\/shop\\\/jeux\\\/tapis-de-jeu-final-girl\\\/\",\"url\":\"https:\\\/\\\/www.dontpanicgames.com\\\/fr\\\/shop\\\/jeux\\\/tapis-de-jeu-final-girl\\\/\",\"name\":\"Tapis de jeu Final Girl - Don&#039;t Panic Games\",\"isPartOf\":{\"@id\":\"https:\\\/\\\/www.dontpanicgames.com\\\/fr\\\/#website\"},\"primaryImageOfPage\":{\"@id\":\"https:\\\/\\\/www.dontpanicgames.com\\\/fr\\\/shop\\\/jeux\\\/tapis-de-jeu-final-girl\\\/#primaryimage\"},\"image\":{\"@id\":\"https:\\\/\\\/www.dontpanicgames.com\\\/fr\\\/shop\\\/jeux\\\/tapis-de-jeu-final-girl\\\/#primaryimage\"},\"thumbnailUrl\":\"https:\\\/\\\/www.dontpanicgames.com\\\/wp-content\\\/uploads\\\/2023\\\/04\\\/box_playmat_01-300x300-1.jpg\",\"datePublished\":\"2023-04-20T14:53:21+00:00\",\"dateModified\":\"2025-03-18T13:22:46+00:00\",\"breadcrumb\":{\"@id\":\"https:\\\/\\\/www.dontpanicgames.com\\\/fr\\\/shop\\\/jeux\\\/tapis-de-jeu-final-girl\\\/#breadcrumb\"},\"inLanguage\":\"fr-FR\",\"potentialAction\":[{\"@type\":\"ReadAction\",\"target\":[\"https:\\\/\\\/www.dontpanicgames.com\\\/fr\\\/shop\\\/jeux\\\/tapis-de-jeu-final-girl\\\/\"]}]},{\"@type\":\"ImageObject\",\"inLanguage\":\"fr-FR\",\"@id\":\"https:\\\/\\\/www.dontpanicgames.com\\\/fr\\\/shop\\\/jeux\\\/tapis-de-jeu-final-girl\\\/#primaryimage\",\"url\":\"https:\\\/\\\/www.dontpanicgames.com\\\/wp-content\\\/uploads\\\/2023\\\/04\\\/box_playmat_01-300x300-1.jpg\",\"contentUrl\":\"https:\\\/\\\/www.dontpanicgames.com\\\/wp-content\\\/uploads\\\/2023\\\/04\\\/box_playmat_01-300x300-1.jpg\",\"width\":300,\"height\":300},{\"@type\":\"BreadcrumbList\",\"@id\":\"https:\\\/\\\/www.dontpanicgames.com\\\/fr\\\/shop\\\/jeux\\\/tapis-de-jeu-final-girl\\\/#breadcrumb\",\"itemListElement\":[{\"@type\":\"ListItem\",\"position\":1,\"name\":\"Accueil\",\"item\":\"https:\\\/\\\/www.dontpanicgames.com\\\/fr\\\/\"},{\"@type\":\"ListItem\",\"position\":2,\"name\":\"Nos jeux\",\"item\":\"https:\\\/\\\/www.dontpanicgames.com\\\/fr\\\/nos-jeux\\\/\"},{\"@type\":\"ListItem\",\"position\":3,\"name\":\"Jeux\",\"item\":\"https:\\\/\\\/www.dontpanicgames.com\\\/fr\\\/shop\\\/c\\\/jeux\\\/\"},{\"@type\":\"ListItem\",\"position\":4,\"name\":\"Tapis de jeu Final Girl\"}]},{\"@type\":\"WebSite\",\"@id\":\"https:\\\/\\\/www.dontpanicgames.com\\\/fr\\\/#website\",\"url\":\"https:\\\/\\\/www.dontpanicgames.com\\\/fr\\\/\",\"name\":\"Don't Panic Games\",\"description\":\"Don&#039;t Panic Games.com website\",\"potentialAction\":[{\"@type\":\"SearchAction\",\"target\":{\"@type\":\"EntryPoint\",\"urlTemplate\":\"https:\\\/\\\/www.dontpanicgames.com\\\/fr\\\/?s={search_term_string}\"},\"query-input\":{\"@type\":\"PropertyValueSpecification\",\"valueRequired\":true,\"valueName\":\"search_term_string\"}}],\"inLanguage\":\"fr-FR\"}]}<\/script>\n<!-- \/ Yoast SEO plugin. -->","yoast_head_json":{"title":"Tapis de jeu Final Girl - Don&#039;t Panic Games","robots":{"index":"index","follow":"follow","max-snippet":"max-snippet:-1","max-image-preview":"max-image-preview:large","max-video-preview":"max-video-preview:-1"},"canonical":"https:\/\/www.dontpanicgames.com\/fr\/shop\/jeux\/tapis-de-jeu-final-girl\/","og_locale":"fr_FR","og_type":"article","og_title":"Tapis de jeu Final Girl - Don&#039;t Panic Games","og_description":"Le jeu Final Girl joue sur les clich\u00e9s classiques du film d'horreur et vous permet d'incarner la derni\u00e8re survivante qui d\u00e9cide de se confronter au tueur en s\u00e9rie. Ce tapis de jeu en n\u00e9opr\u00e8ne de haute qualit\u00e9 am\u00e9liore votre confort de jeu et facilite la mise en place du jeu tout en vous plongeant au comble de la terreur !  Attention, cet article n\u00e9cessite la bo\u00eete de base de Final Girl et au moins 1 bo\u00eete Long M\u00e9trage (vendues s\u00e9par\u00e9ment) pour pouvoir \u00eatre utilis\u00e9 !","og_url":"https:\/\/www.dontpanicgames.com\/fr\/shop\/jeux\/tapis-de-jeu-final-girl\/","og_site_name":"Don&#039;t Panic Games","article_publisher":"https:\/\/www.facebook.com\/dontpanicgames\/","article_modified_time":"2025-03-18T13:22:46+00:00","og_image":[{"width":1000,"height":560,"url":"https:\/\/www.dontpanicgames.com\/wp-content\/uploads\/2023\/04\/fg_presskit-18_playmat.jpg","type":"image\/jpeg"}],"twitter_card":"summary_large_image","twitter_site":"@DontPanicGames1","twitter_misc":{"Dur\u00e9e de lecture estim\u00e9e":"1 minute"},"schema":{"@context":"https:\/\/schema.org","@graph":[{"@type":"WebPage","@id":"https:\/\/www.dontpanicgames.com\/fr\/shop\/jeux\/tapis-de-jeu-final-girl\/","url":"https:\/\/www.dontpanicgames.com\/fr\/shop\/jeux\/tapis-de-jeu-final-girl\/","name":"Tapis de jeu Final Girl - Don&#039;t Panic Games","isPartOf":{"@id":"https:\/\/www.dontpanicgames.com\/fr\/#website"},"primaryImageOfPage":{"@id":"https:\/\/www.dontpanicgames.com\/fr\/shop\/jeux\/tapis-de-jeu-final-girl\/#primaryimage"},"image":{"@id":"https:\/\/www.dontpanicgames.com\/fr\/shop\/jeux\/tapis-de-jeu-final-girl\/#primaryimage"},"thumbnailUrl":"https:\/\/www.dontpanicgames.com\/wp-content\/uploads\/2023\/04\/box_playmat_01-300x300-1.jpg","datePublished":"2023-04-20T14:53:21+00:00","dateModified":"2025-03-18T13:22:46+00:00","breadcrumb":{"@id":"https:\/\/www.dontpanicgames.com\/fr\/shop\/jeux\/tapis-de-jeu-final-girl\/#breadcrumb"},"inLanguage":"fr-FR","potentialAction":[{"@type":"ReadAction","target":["https:\/\/www.dontpanicgames.com\/fr\/shop\/jeux\/tapis-de-jeu-final-girl\/"]}]},{"@type":"ImageObject","inLanguage":"fr-FR","@id":"https:\/\/www.dontpanicgames.com\/fr\/shop\/jeux\/tapis-de-jeu-final-girl\/#primaryimage","url":"https:\/\/www.dontpanicgames.com\/wp-content\/uploads\/2023\/04\/box_playmat_01-300x300-1.jpg","contentUrl":"https:\/\/www.dontpanicgames.com\/wp-content\/uploads\/2023\/04\/box_playmat_01-300x300-1.jpg","width":300,"height":300},{"@type":"BreadcrumbList","@id":"https:\/\/www.dontpanicgames.com\/fr\/shop\/jeux\/tapis-de-jeu-final-girl\/#breadcrumb","itemListElement":[{"@type":"ListItem","position":1,"name":"Accueil","item":"https:\/\/www.dontpanicgames.com\/fr\/"},{"@type":"ListItem","position":2,"name":"Nos jeux","item":"https:\/\/www.dontpanicgames.com\/fr\/nos-jeux\/"},{"@type":"ListItem","position":3,"name":"Jeux","item":"https:\/\/www.dontpanicgames.com\/fr\/shop\/c\/jeux\/"},{"@type":"ListItem","position":4,"name":"Tapis de jeu Final Girl"}]},{"@type":"WebSite","@id":"https:\/\/www.dontpanicgames.com\/fr\/#website","url":"https:\/\/www.dontpanicgames.com\/fr\/","name":"Don't Panic Games","description":"Don&#039;t Panic Games.com website","potentialAction":[{"@type":"SearchAction","target":{"@type":"EntryPoint","urlTemplate":"https:\/\/www.dontpanicgames.com\/fr\/?s={search_term_string}"},"query-input":{"@type":"PropertyValueSpecification","valueRequired":true,"valueName":"search_term_string"}}],"inLanguage":"fr-FR"}]}},"_links":{"self":[{"href":"https:\/\/www.dontpanicgames.com\/fr\/wp-json\/wp\/v2\/product\/32417","targetHints":{"allow":["GET"]}}],"collection":[{"href":"https:\/\/www.dontpanicgames.com\/fr\/wp-json\/wp\/v2\/product"}],"about":[{"href":"https:\/\/www.dontpanicgames.com\/fr\/wp-json\/wp\/v2\/types\/product"}],"wp:featuredmedia":[{"embeddable":true,"href":"https:\/\/www.dontpanicgames.com\/fr\/wp-json\/wp\/v2\/media\/32419"}],"wp:attachment":[{"href":"https:\/\/www.dontpanicgames.com\/fr\/wp-json\/wp\/v2\/media?parent=32417"}],"wp:term":[{"taxonomy":"product_brand","embeddable":true,"href":"https:\/\/www.dontpanicgames.com\/fr\/wp-json\/wp\/v2\/product_brand?post=32417"},{"taxonomy":"product_cat","embeddable":true,"href":"https:\/\/www.dontpanicgames.com\/fr\/wp-json\/wp\/v2\/product_cat?post=32417"},{"taxonomy":"product_tag","embeddable":true,"href":"https:\/\/www.dontpanicgames.com\/fr\/wp-json\/wp\/v2\/product_tag?post=32417"}],"curies":[{"name":"wp","href":"https:\/\/api.w.org\/{rel}","templated":true}]}}