{"id":31885,"date":"2023-03-31T09:42:14","date_gmt":"2023-03-31T08:42:14","guid":{"rendered":"https:\/\/www.dontpanicgames.com\/?post_type=product&#038;p=31885"},"modified":"2023-03-31T09:45:12","modified_gmt":"2023-03-31T08:45:12","slug":"tapis-de-jeu-evangelion-eva-02","status":"publish","type":"product","link":"https:\/\/www.dontpanicgames.com\/fr\/shop\/level-42\/tapis-de-jeu-evangelion-eva-02\/","title":{"rendered":"Tapis de jeu Evangelion &#8211; EVA 02"},"content":{"rendered":"<span class=\"et_bloom_bottom_trigger\"><\/span>","protected":false},"excerpt":{"rendered":"<p>Placez vos cartes, jetez vos d\u00e9s et profitez de ce superbe tapis officiel <em>Evangelion<\/em> ! Avec sa taille standard et une fabrication de premi\u00e8re qualit\u00e9, vous pouvez facilement l\u2019emporter partout avec vous pour rejoindre le combat des EVA.<\/p>\n<ul>\n<li>Taille : 36x61cm<\/li>\n<li>Mati\u00e8re : tissu imprim\u00e9 (recto), caoutchouc (verso)<\/li>\n<\/ul>\n","protected":false},"featured_media":31785,"template":"","meta":{"_acf_changed":false},"product_brand":[],"product_cat":[897,469],"product_tag":[826],"class_list":{"0":"post-31885","1":"product","2":"type-product","3":"status-publish","4":"has-post-thumbnail","6":"product_cat-accessoires","7":"product_cat-level-42","8":"product_tag-playmat","9":"product_shipping_class-standard-fr","11":"first","12":"instock","13":"taxable","14":"shipping-taxable","15":"purchasable","16":"product-type-simple"},"acf":[],"yoast_head":"<!-- This site is optimized with the Yoast SEO plugin v27.3 - https:\/\/yoast.com\/product\/yoast-seo-wordpress\/ -->\n<title>Tapis de jeu Evangelion - EVA 02 - Don&#039;t Panic Games<\/title>\n<meta name=\"robots\" content=\"index, follow, max-snippet:-1, max-image-preview:large, max-video-preview:-1\" \/>\n<link rel=\"canonical\" href=\"https:\/\/www.dontpanicgames.com\/fr\/shop\/level-42\/tapis-de-jeu-evangelion-eva-02\/\" \/>\n<meta property=\"og:locale\" content=\"fr_FR\" \/>\n<meta property=\"og:type\" content=\"article\" \/>\n<meta property=\"og:title\" content=\"Tapis de jeu Evangelion - EVA 02 - Don&#039;t Panic Games\" \/>\n<meta property=\"og:description\" content=\"Placez vos cartes, jetez vos d\u00e9s et profitez de ce superbe tapis officiel Evangelion ! Avec sa taille standard et une fabrication de premi\u00e8re qualit\u00e9, vous pouvez facilement l\u2019emporter partout avec vous pour rejoindre le combat des EVA.   Taille : 36x61cm  Mati\u00e8re : tissu imprim\u00e9 (recto), caoutchouc (verso)\" \/>\n<meta property=\"og:url\" content=\"https:\/\/www.dontpanicgames.com\/fr\/shop\/level-42\/tapis-de-jeu-evangelion-eva-02\/\" \/>\n<meta property=\"og:site_name\" content=\"Don&#039;t Panic Games\" \/>\n<meta property=\"article:publisher\" content=\"https:\/\/www.facebook.com\/dontpanicgames\/\" \/>\n<meta property=\"article:modified_time\" content=\"2023-03-31T08:45:12+00:00\" \/>\n<meta property=\"og:image\" content=\"https:\/\/www.dontpanicgames.com\/wp-content\/uploads\/2017\/01\/logo-dpg.png\" \/>\n\t<meta property=\"og:image:width\" content=\"180\" \/>\n\t<meta property=\"og:image:height\" content=\"180\" \/>\n\t<meta property=\"og:image:type\" content=\"image\/png\" \/>\n<meta name=\"twitter:card\" content=\"summary_large_image\" \/>\n<meta name=\"twitter:site\" content=\"@DontPanicGames1\" \/>\n<script type=\"application\/ld+json\" class=\"yoast-schema-graph\">{\"@context\":\"https:\\\/\\\/schema.org\",\"@graph\":[{\"@type\":\"WebPage\",\"@id\":\"https:\\\/\\\/www.dontpanicgames.com\\\/fr\\\/shop\\\/level-42\\\/tapis-de-jeu-evangelion-eva-02\\\/\",\"url\":\"https:\\\/\\\/www.dontpanicgames.com\\\/fr\\\/shop\\\/level-42\\\/tapis-de-jeu-evangelion-eva-02\\\/\",\"name\":\"Tapis de jeu Evangelion - EVA 02 - Don&#039;t Panic Games\",\"isPartOf\":{\"@id\":\"https:\\\/\\\/www.dontpanicgames.com\\\/fr\\\/#website\"},\"primaryImageOfPage\":{\"@id\":\"https:\\\/\\\/www.dontpanicgames.com\\\/fr\\\/shop\\\/level-42\\\/tapis-de-jeu-evangelion-eva-02\\\/#primaryimage\"},\"image\":{\"@id\":\"https:\\\/\\\/www.dontpanicgames.com\\\/fr\\\/shop\\\/level-42\\\/tapis-de-jeu-evangelion-eva-02\\\/#primaryimage\"},\"thumbnailUrl\":\"https:\\\/\\\/www.dontpanicgames.com\\\/wp-content\\\/uploads\\\/2023\\\/03\\\/evangelion-playmat-simulation-2.jpg\",\"datePublished\":\"2023-03-31T08:42:14+00:00\",\"dateModified\":\"2023-03-31T08:45:12+00:00\",\"breadcrumb\":{\"@id\":\"https:\\\/\\\/www.dontpanicgames.com\\\/fr\\\/shop\\\/level-42\\\/tapis-de-jeu-evangelion-eva-02\\\/#breadcrumb\"},\"inLanguage\":\"fr-FR\",\"potentialAction\":[{\"@type\":\"ReadAction\",\"target\":[\"https:\\\/\\\/www.dontpanicgames.com\\\/fr\\\/shop\\\/level-42\\\/tapis-de-jeu-evangelion-eva-02\\\/\"]}]},{\"@type\":\"ImageObject\",\"inLanguage\":\"fr-FR\",\"@id\":\"https:\\\/\\\/www.dontpanicgames.com\\\/fr\\\/shop\\\/level-42\\\/tapis-de-jeu-evangelion-eva-02\\\/#primaryimage\",\"url\":\"https:\\\/\\\/www.dontpanicgames.com\\\/wp-content\\\/uploads\\\/2023\\\/03\\\/evangelion-playmat-simulation-2.jpg\",\"contentUrl\":\"https:\\\/\\\/www.dontpanicgames.com\\\/wp-content\\\/uploads\\\/2023\\\/03\\\/evangelion-playmat-simulation-2.jpg\",\"width\":800,\"height\":800},{\"@type\":\"BreadcrumbList\",\"@id\":\"https:\\\/\\\/www.dontpanicgames.com\\\/fr\\\/shop\\\/level-42\\\/tapis-de-jeu-evangelion-eva-02\\\/#breadcrumb\",\"itemListElement\":[{\"@type\":\"ListItem\",\"position\":1,\"name\":\"Accueil\",\"item\":\"https:\\\/\\\/www.dontpanicgames.com\\\/fr\\\/\"},{\"@type\":\"ListItem\",\"position\":2,\"name\":\"Nos jeux\",\"item\":\"https:\\\/\\\/www.dontpanicgames.com\\\/fr\\\/nos-jeux\\\/\"},{\"@type\":\"ListItem\",\"position\":3,\"name\":\"Level 42\",\"item\":\"https:\\\/\\\/www.dontpanicgames.com\\\/fr\\\/shop\\\/c\\\/level-42\\\/\"},{\"@type\":\"ListItem\",\"position\":4,\"name\":\"Tapis de jeu Evangelion &#8211; EVA 02\"}]},{\"@type\":\"WebSite\",\"@id\":\"https:\\\/\\\/www.dontpanicgames.com\\\/fr\\\/#website\",\"url\":\"https:\\\/\\\/www.dontpanicgames.com\\\/fr\\\/\",\"name\":\"Don't Panic Games\",\"description\":\"Don&#039;t Panic Games.com website\",\"potentialAction\":[{\"@type\":\"SearchAction\",\"target\":{\"@type\":\"EntryPoint\",\"urlTemplate\":\"https:\\\/\\\/www.dontpanicgames.com\\\/fr\\\/?s={search_term_string}\"},\"query-input\":{\"@type\":\"PropertyValueSpecification\",\"valueRequired\":true,\"valueName\":\"search_term_string\"}}],\"inLanguage\":\"fr-FR\"}]}<\/script>\n<!-- \/ Yoast SEO plugin. -->","yoast_head_json":{"title":"Tapis de jeu Evangelion - EVA 02 - Don&#039;t Panic Games","robots":{"index":"index","follow":"follow","max-snippet":"max-snippet:-1","max-image-preview":"max-image-preview:large","max-video-preview":"max-video-preview:-1"},"canonical":"https:\/\/www.dontpanicgames.com\/fr\/shop\/level-42\/tapis-de-jeu-evangelion-eva-02\/","og_locale":"fr_FR","og_type":"article","og_title":"Tapis de jeu Evangelion - EVA 02 - Don&#039;t Panic Games","og_description":"Placez vos cartes, jetez vos d\u00e9s et profitez de ce superbe tapis officiel Evangelion ! Avec sa taille standard et une fabrication de premi\u00e8re qualit\u00e9, vous pouvez facilement l\u2019emporter partout avec vous pour rejoindre le combat des EVA.   Taille : 36x61cm  Mati\u00e8re : tissu imprim\u00e9 (recto), caoutchouc (verso)","og_url":"https:\/\/www.dontpanicgames.com\/fr\/shop\/level-42\/tapis-de-jeu-evangelion-eva-02\/","og_site_name":"Don&#039;t Panic Games","article_publisher":"https:\/\/www.facebook.com\/dontpanicgames\/","article_modified_time":"2023-03-31T08:45:12+00:00","og_image":[{"width":180,"height":180,"url":"https:\/\/www.dontpanicgames.com\/wp-content\/uploads\/2017\/01\/logo-dpg.png","type":"image\/png"}],"twitter_card":"summary_large_image","twitter_site":"@DontPanicGames1","schema":{"@context":"https:\/\/schema.org","@graph":[{"@type":"WebPage","@id":"https:\/\/www.dontpanicgames.com\/fr\/shop\/level-42\/tapis-de-jeu-evangelion-eva-02\/","url":"https:\/\/www.dontpanicgames.com\/fr\/shop\/level-42\/tapis-de-jeu-evangelion-eva-02\/","name":"Tapis de jeu Evangelion - EVA 02 - Don&#039;t Panic Games","isPartOf":{"@id":"https:\/\/www.dontpanicgames.com\/fr\/#website"},"primaryImageOfPage":{"@id":"https:\/\/www.dontpanicgames.com\/fr\/shop\/level-42\/tapis-de-jeu-evangelion-eva-02\/#primaryimage"},"image":{"@id":"https:\/\/www.dontpanicgames.com\/fr\/shop\/level-42\/tapis-de-jeu-evangelion-eva-02\/#primaryimage"},"thumbnailUrl":"https:\/\/www.dontpanicgames.com\/wp-content\/uploads\/2023\/03\/evangelion-playmat-simulation-2.jpg","datePublished":"2023-03-31T08:42:14+00:00","dateModified":"2023-03-31T08:45:12+00:00","breadcrumb":{"@id":"https:\/\/www.dontpanicgames.com\/fr\/shop\/level-42\/tapis-de-jeu-evangelion-eva-02\/#breadcrumb"},"inLanguage":"fr-FR","potentialAction":[{"@type":"ReadAction","target":["https:\/\/www.dontpanicgames.com\/fr\/shop\/level-42\/tapis-de-jeu-evangelion-eva-02\/"]}]},{"@type":"ImageObject","inLanguage":"fr-FR","@id":"https:\/\/www.dontpanicgames.com\/fr\/shop\/level-42\/tapis-de-jeu-evangelion-eva-02\/#primaryimage","url":"https:\/\/www.dontpanicgames.com\/wp-content\/uploads\/2023\/03\/evangelion-playmat-simulation-2.jpg","contentUrl":"https:\/\/www.dontpanicgames.com\/wp-content\/uploads\/2023\/03\/evangelion-playmat-simulation-2.jpg","width":800,"height":800},{"@type":"BreadcrumbList","@id":"https:\/\/www.dontpanicgames.com\/fr\/shop\/level-42\/tapis-de-jeu-evangelion-eva-02\/#breadcrumb","itemListElement":[{"@type":"ListItem","position":1,"name":"Accueil","item":"https:\/\/www.dontpanicgames.com\/fr\/"},{"@type":"ListItem","position":2,"name":"Nos jeux","item":"https:\/\/www.dontpanicgames.com\/fr\/nos-jeux\/"},{"@type":"ListItem","position":3,"name":"Level 42","item":"https:\/\/www.dontpanicgames.com\/fr\/shop\/c\/level-42\/"},{"@type":"ListItem","position":4,"name":"Tapis de jeu Evangelion &#8211; EVA 02"}]},{"@type":"WebSite","@id":"https:\/\/www.dontpanicgames.com\/fr\/#website","url":"https:\/\/www.dontpanicgames.com\/fr\/","name":"Don't Panic Games","description":"Don&#039;t Panic Games.com website","potentialAction":[{"@type":"SearchAction","target":{"@type":"EntryPoint","urlTemplate":"https:\/\/www.dontpanicgames.com\/fr\/?s={search_term_string}"},"query-input":{"@type":"PropertyValueSpecification","valueRequired":true,"valueName":"search_term_string"}}],"inLanguage":"fr-FR"}]}},"_links":{"self":[{"href":"https:\/\/www.dontpanicgames.com\/fr\/wp-json\/wp\/v2\/product\/31885","targetHints":{"allow":["GET"]}}],"collection":[{"href":"https:\/\/www.dontpanicgames.com\/fr\/wp-json\/wp\/v2\/product"}],"about":[{"href":"https:\/\/www.dontpanicgames.com\/fr\/wp-json\/wp\/v2\/types\/product"}],"wp:featuredmedia":[{"embeddable":true,"href":"https:\/\/www.dontpanicgames.com\/fr\/wp-json\/wp\/v2\/media\/31785"}],"wp:attachment":[{"href":"https:\/\/www.dontpanicgames.com\/fr\/wp-json\/wp\/v2\/media?parent=31885"}],"wp:term":[{"taxonomy":"product_brand","embeddable":true,"href":"https:\/\/www.dontpanicgames.com\/fr\/wp-json\/wp\/v2\/product_brand?post=31885"},{"taxonomy":"product_cat","embeddable":true,"href":"https:\/\/www.dontpanicgames.com\/fr\/wp-json\/wp\/v2\/product_cat?post=31885"},{"taxonomy":"product_tag","embeddable":true,"href":"https:\/\/www.dontpanicgames.com\/fr\/wp-json\/wp\/v2\/product_tag?post=31885"}],"curies":[{"name":"wp","href":"https:\/\/api.w.org\/{rel}","templated":true}]}}