{"id":31369,"date":"2023-02-21T16:59:45","date_gmt":"2023-02-21T15:59:45","guid":{"rendered":"https:\/\/www.dontpanicgames.com\/?post_type=product&#038;p=31369"},"modified":"2026-02-17T15:40:44","modified_gmt":"2026-02-17T14:40:44","slug":"tapis-de-jeu-fighter-of-the-pacific","status":"publish","type":"product","link":"https:\/\/www.dontpanicgames.com\/fr\/shop\/jeux\/tapis-de-jeu-fighter-of-the-pacific\/","title":{"rendered":"Fighters of the Pacific : Tapis de jeu"},"content":{"rendered":"<span class=\"et_bloom_bottom_trigger\"><\/span>","protected":false},"excerpt":{"rendered":"<div class=\"message-2qnXI6 cozyMessage-3V1Y8y groupStart-23k01U wrapper-2a6GCs cozy-3raOZG zalgo-jN1Ica\" tabindex=\"-1\" role=\"article\" data-list-item-id=\"chat-messages___chat-messages-915636352517799996\" aria-setsize=\"-1\" aria-roledescription=\"Message\" aria-labelledby=\"message-username-915636352517799996 uid_1 message-content-915636352517799996 uid_2 message-timestamp-915636352517799996\" aria-describedby=\"\">\n<div class=\"contents-2mQqc9\">\n<div id=\"message-content-915636352517799996\" class=\"markup-2BOw-j messageContent-2qWWxC\">\n<p>Si vous souhaitez apporter un soin particulier \u00e0 vos sessions de jeu, vivre la fureur des combats au plus pr\u00e8s de la r\u00e9alit\u00e9, ce tapis de jeu de la gamme <a href=\"https:\/\/www.dontpanicgames.com\/fr\/nos-jeux\/?_sf_s=fighters%20of%20the%20pacific\">Fighters of the Pacific <\/a>est l&rsquo;accessoire dont vous avez besoin ! Faites glisser vos jetons sur une surface lisse et sans bord pour une exp\u00e9rience de jeu in\u00e9gal\u00e9e.<\/p>\n<p>Retrouvez \u00e9galement un assortiment d&rsquo;\u00eeles et de nuages \u00e0 d\u00e9couper qui s&rsquo;int\u00e8gre parfaitement \u00e0 tous les sc\u00e9narios des jeux de la gamme <a href=\"https:\/\/www.dontpanicgames.com\/fr\/nos-jeux\/?_sf_s=fighters%20of%20the%20pacific\">Fighters of the Pacific<\/a>.<\/p>\n<\/div>\n<div id=\"message-content-915636352517799996\" class=\"markup-2BOw-j messageContent-2qWWxC\">\n<p>Tapis de jeu en n\u00e9opr\u00e8ne, 83&#215;64 cm.<\/p>\n<\/div>\n<\/div>\n<\/div>\n","protected":false},"featured_media":31370,"template":"","meta":{"_acf_changed":false},"product_brand":[],"product_cat":[897,993,381],"product_tag":[],"class_list":{"0":"post-31369","1":"product","2":"type-product","3":"status-publish","4":"has-post-thumbnail","6":"product_cat-accessoires","7":"product_cat-fighters-of-the-pacific","8":"product_cat-jeux","9":"product_shipping_class-standard-fr","11":"first","12":"outofstock","13":"taxable","14":"shipping-taxable","15":"purchasable","16":"product-type-simple"},"acf":[],"yoast_head":"<!-- This site is optimized with the Yoast SEO plugin v27.3 - https:\/\/yoast.com\/product\/yoast-seo-wordpress\/ -->\n<title>Fighters of the Pacific : Tapis de jeu - Don&#039;t Panic Games<\/title>\n<meta name=\"robots\" content=\"index, follow, max-snippet:-1, max-image-preview:large, max-video-preview:-1\" \/>\n<link rel=\"canonical\" href=\"https:\/\/www.dontpanicgames.com\/fr\/shop\/jeux\/tapis-de-jeu-fighter-of-the-pacific\/\" \/>\n<meta property=\"og:locale\" content=\"fr_FR\" \/>\n<meta property=\"og:type\" content=\"article\" \/>\n<meta property=\"og:title\" content=\"Fighters of the Pacific : Tapis de jeu - Don&#039;t Panic Games\" \/>\n<meta property=\"og:description\" content=\"Si vous souhaitez apporter un soin particulier \u00e0 vos sessions de jeu, vivre la fureur des combats au plus pr\u00e8s de la r\u00e9alit\u00e9, ce tapis de jeu de la gamme Fighters of the Pacific est l&#039;accessoire dont vous avez besoin ! Faites glisser vos jetons sur une surface lisse et sans bord pour une exp\u00e9rience de jeu in\u00e9gal\u00e9e.  Retrouvez \u00e9galement un assortiment d&#039;\u00eeles et de nuages \u00e0 d\u00e9couper qui s&#039;int\u00e8gre parfaitement \u00e0 tous les sc\u00e9narios des jeux de la gamme Fighters of the Pacific.     Tapis de jeu en n\u00e9opr\u00e8ne, 83x64 cm.\" \/>\n<meta property=\"og:url\" content=\"https:\/\/www.dontpanicgames.com\/fr\/shop\/jeux\/tapis-de-jeu-fighter-of-the-pacific\/\" \/>\n<meta property=\"og:site_name\" content=\"Don&#039;t Panic Games\" \/>\n<meta property=\"article:publisher\" content=\"https:\/\/www.facebook.com\/dontpanicgames\/\" \/>\n<meta property=\"article:modified_time\" content=\"2026-02-17T14:40:44+00:00\" \/>\n<meta property=\"og:image\" content=\"https:\/\/www.dontpanicgames.com\/wp-content\/uploads\/2023\/02\/images_produit_-add-on-playmat.jpg\" \/>\n\t<meta property=\"og:image:width\" content=\"1250\" \/>\n\t<meta property=\"og:image:height\" content=\"1250\" \/>\n\t<meta property=\"og:image:type\" content=\"image\/jpeg\" \/>\n<meta name=\"twitter:card\" content=\"summary_large_image\" \/>\n<meta name=\"twitter:site\" content=\"@DontPanicGames1\" \/>\n<meta name=\"twitter:label1\" content=\"Dur\u00e9e de lecture estim\u00e9e\" \/>\n\t<meta name=\"twitter:data1\" content=\"1 minute\" \/>\n<script type=\"application\/ld+json\" class=\"yoast-schema-graph\">{\"@context\":\"https:\\\/\\\/schema.org\",\"@graph\":[{\"@type\":\"WebPage\",\"@id\":\"https:\\\/\\\/www.dontpanicgames.com\\\/fr\\\/shop\\\/jeux\\\/tapis-de-jeu-fighter-of-the-pacific\\\/\",\"url\":\"https:\\\/\\\/www.dontpanicgames.com\\\/fr\\\/shop\\\/jeux\\\/tapis-de-jeu-fighter-of-the-pacific\\\/\",\"name\":\"Fighters of the Pacific : Tapis de jeu - Don&#039;t Panic Games\",\"isPartOf\":{\"@id\":\"https:\\\/\\\/www.dontpanicgames.com\\\/fr\\\/#website\"},\"primaryImageOfPage\":{\"@id\":\"https:\\\/\\\/www.dontpanicgames.com\\\/fr\\\/shop\\\/jeux\\\/tapis-de-jeu-fighter-of-the-pacific\\\/#primaryimage\"},\"image\":{\"@id\":\"https:\\\/\\\/www.dontpanicgames.com\\\/fr\\\/shop\\\/jeux\\\/tapis-de-jeu-fighter-of-the-pacific\\\/#primaryimage\"},\"thumbnailUrl\":\"https:\\\/\\\/www.dontpanicgames.com\\\/wp-content\\\/uploads\\\/2023\\\/02\\\/images_produit_-add-on-playmat.jpg\",\"datePublished\":\"2023-02-21T15:59:45+00:00\",\"dateModified\":\"2026-02-17T14:40:44+00:00\",\"breadcrumb\":{\"@id\":\"https:\\\/\\\/www.dontpanicgames.com\\\/fr\\\/shop\\\/jeux\\\/tapis-de-jeu-fighter-of-the-pacific\\\/#breadcrumb\"},\"inLanguage\":\"fr-FR\",\"potentialAction\":[{\"@type\":\"ReadAction\",\"target\":[\"https:\\\/\\\/www.dontpanicgames.com\\\/fr\\\/shop\\\/jeux\\\/tapis-de-jeu-fighter-of-the-pacific\\\/\"]}]},{\"@type\":\"ImageObject\",\"inLanguage\":\"fr-FR\",\"@id\":\"https:\\\/\\\/www.dontpanicgames.com\\\/fr\\\/shop\\\/jeux\\\/tapis-de-jeu-fighter-of-the-pacific\\\/#primaryimage\",\"url\":\"https:\\\/\\\/www.dontpanicgames.com\\\/wp-content\\\/uploads\\\/2023\\\/02\\\/images_produit_-add-on-playmat.jpg\",\"contentUrl\":\"https:\\\/\\\/www.dontpanicgames.com\\\/wp-content\\\/uploads\\\/2023\\\/02\\\/images_produit_-add-on-playmat.jpg\",\"width\":1250,\"height\":1250},{\"@type\":\"BreadcrumbList\",\"@id\":\"https:\\\/\\\/www.dontpanicgames.com\\\/fr\\\/shop\\\/jeux\\\/tapis-de-jeu-fighter-of-the-pacific\\\/#breadcrumb\",\"itemListElement\":[{\"@type\":\"ListItem\",\"position\":1,\"name\":\"Accueil\",\"item\":\"https:\\\/\\\/www.dontpanicgames.com\\\/fr\\\/\"},{\"@type\":\"ListItem\",\"position\":2,\"name\":\"Nos jeux\",\"item\":\"https:\\\/\\\/www.dontpanicgames.com\\\/fr\\\/nos-jeux\\\/\"},{\"@type\":\"ListItem\",\"position\":3,\"name\":\"Jeux\",\"item\":\"https:\\\/\\\/www.dontpanicgames.com\\\/fr\\\/shop\\\/c\\\/jeux\\\/\"},{\"@type\":\"ListItem\",\"position\":4,\"name\":\"Fighters of the Pacific : Tapis de jeu\"}]},{\"@type\":\"WebSite\",\"@id\":\"https:\\\/\\\/www.dontpanicgames.com\\\/fr\\\/#website\",\"url\":\"https:\\\/\\\/www.dontpanicgames.com\\\/fr\\\/\",\"name\":\"Don't Panic Games\",\"description\":\"Don&#039;t Panic Games.com website\",\"potentialAction\":[{\"@type\":\"SearchAction\",\"target\":{\"@type\":\"EntryPoint\",\"urlTemplate\":\"https:\\\/\\\/www.dontpanicgames.com\\\/fr\\\/?s={search_term_string}\"},\"query-input\":{\"@type\":\"PropertyValueSpecification\",\"valueRequired\":true,\"valueName\":\"search_term_string\"}}],\"inLanguage\":\"fr-FR\"}]}<\/script>\n<!-- \/ Yoast SEO plugin. -->","yoast_head_json":{"title":"Fighters of the Pacific : Tapis de jeu - Don&#039;t Panic Games","robots":{"index":"index","follow":"follow","max-snippet":"max-snippet:-1","max-image-preview":"max-image-preview:large","max-video-preview":"max-video-preview:-1"},"canonical":"https:\/\/www.dontpanicgames.com\/fr\/shop\/jeux\/tapis-de-jeu-fighter-of-the-pacific\/","og_locale":"fr_FR","og_type":"article","og_title":"Fighters of the Pacific : Tapis de jeu - Don&#039;t Panic Games","og_description":"Si vous souhaitez apporter un soin particulier \u00e0 vos sessions de jeu, vivre la fureur des combats au plus pr\u00e8s de la r\u00e9alit\u00e9, ce tapis de jeu de la gamme Fighters of the Pacific est l'accessoire dont vous avez besoin ! Faites glisser vos jetons sur une surface lisse et sans bord pour une exp\u00e9rience de jeu in\u00e9gal\u00e9e.  Retrouvez \u00e9galement un assortiment d'\u00eeles et de nuages \u00e0 d\u00e9couper qui s'int\u00e8gre parfaitement \u00e0 tous les sc\u00e9narios des jeux de la gamme Fighters of the Pacific.     Tapis de jeu en n\u00e9opr\u00e8ne, 83x64 cm.","og_url":"https:\/\/www.dontpanicgames.com\/fr\/shop\/jeux\/tapis-de-jeu-fighter-of-the-pacific\/","og_site_name":"Don&#039;t Panic Games","article_publisher":"https:\/\/www.facebook.com\/dontpanicgames\/","article_modified_time":"2026-02-17T14:40:44+00:00","og_image":[{"width":1250,"height":1250,"url":"https:\/\/www.dontpanicgames.com\/wp-content\/uploads\/2023\/02\/images_produit_-add-on-playmat.jpg","type":"image\/jpeg"}],"twitter_card":"summary_large_image","twitter_site":"@DontPanicGames1","twitter_misc":{"Dur\u00e9e de lecture estim\u00e9e":"1 minute"},"schema":{"@context":"https:\/\/schema.org","@graph":[{"@type":"WebPage","@id":"https:\/\/www.dontpanicgames.com\/fr\/shop\/jeux\/tapis-de-jeu-fighter-of-the-pacific\/","url":"https:\/\/www.dontpanicgames.com\/fr\/shop\/jeux\/tapis-de-jeu-fighter-of-the-pacific\/","name":"Fighters of the Pacific : Tapis de jeu - Don&#039;t Panic Games","isPartOf":{"@id":"https:\/\/www.dontpanicgames.com\/fr\/#website"},"primaryImageOfPage":{"@id":"https:\/\/www.dontpanicgames.com\/fr\/shop\/jeux\/tapis-de-jeu-fighter-of-the-pacific\/#primaryimage"},"image":{"@id":"https:\/\/www.dontpanicgames.com\/fr\/shop\/jeux\/tapis-de-jeu-fighter-of-the-pacific\/#primaryimage"},"thumbnailUrl":"https:\/\/www.dontpanicgames.com\/wp-content\/uploads\/2023\/02\/images_produit_-add-on-playmat.jpg","datePublished":"2023-02-21T15:59:45+00:00","dateModified":"2026-02-17T14:40:44+00:00","breadcrumb":{"@id":"https:\/\/www.dontpanicgames.com\/fr\/shop\/jeux\/tapis-de-jeu-fighter-of-the-pacific\/#breadcrumb"},"inLanguage":"fr-FR","potentialAction":[{"@type":"ReadAction","target":["https:\/\/www.dontpanicgames.com\/fr\/shop\/jeux\/tapis-de-jeu-fighter-of-the-pacific\/"]}]},{"@type":"ImageObject","inLanguage":"fr-FR","@id":"https:\/\/www.dontpanicgames.com\/fr\/shop\/jeux\/tapis-de-jeu-fighter-of-the-pacific\/#primaryimage","url":"https:\/\/www.dontpanicgames.com\/wp-content\/uploads\/2023\/02\/images_produit_-add-on-playmat.jpg","contentUrl":"https:\/\/www.dontpanicgames.com\/wp-content\/uploads\/2023\/02\/images_produit_-add-on-playmat.jpg","width":1250,"height":1250},{"@type":"BreadcrumbList","@id":"https:\/\/www.dontpanicgames.com\/fr\/shop\/jeux\/tapis-de-jeu-fighter-of-the-pacific\/#breadcrumb","itemListElement":[{"@type":"ListItem","position":1,"name":"Accueil","item":"https:\/\/www.dontpanicgames.com\/fr\/"},{"@type":"ListItem","position":2,"name":"Nos jeux","item":"https:\/\/www.dontpanicgames.com\/fr\/nos-jeux\/"},{"@type":"ListItem","position":3,"name":"Jeux","item":"https:\/\/www.dontpanicgames.com\/fr\/shop\/c\/jeux\/"},{"@type":"ListItem","position":4,"name":"Fighters of the Pacific : Tapis de jeu"}]},{"@type":"WebSite","@id":"https:\/\/www.dontpanicgames.com\/fr\/#website","url":"https:\/\/www.dontpanicgames.com\/fr\/","name":"Don't Panic Games","description":"Don&#039;t Panic Games.com website","potentialAction":[{"@type":"SearchAction","target":{"@type":"EntryPoint","urlTemplate":"https:\/\/www.dontpanicgames.com\/fr\/?s={search_term_string}"},"query-input":{"@type":"PropertyValueSpecification","valueRequired":true,"valueName":"search_term_string"}}],"inLanguage":"fr-FR"}]}},"_links":{"self":[{"href":"https:\/\/www.dontpanicgames.com\/fr\/wp-json\/wp\/v2\/product\/31369","targetHints":{"allow":["GET"]}}],"collection":[{"href":"https:\/\/www.dontpanicgames.com\/fr\/wp-json\/wp\/v2\/product"}],"about":[{"href":"https:\/\/www.dontpanicgames.com\/fr\/wp-json\/wp\/v2\/types\/product"}],"wp:featuredmedia":[{"embeddable":true,"href":"https:\/\/www.dontpanicgames.com\/fr\/wp-json\/wp\/v2\/media\/31370"}],"wp:attachment":[{"href":"https:\/\/www.dontpanicgames.com\/fr\/wp-json\/wp\/v2\/media?parent=31369"}],"wp:term":[{"taxonomy":"product_brand","embeddable":true,"href":"https:\/\/www.dontpanicgames.com\/fr\/wp-json\/wp\/v2\/product_brand?post=31369"},{"taxonomy":"product_cat","embeddable":true,"href":"https:\/\/www.dontpanicgames.com\/fr\/wp-json\/wp\/v2\/product_cat?post=31369"},{"taxonomy":"product_tag","embeddable":true,"href":"https:\/\/www.dontpanicgames.com\/fr\/wp-json\/wp\/v2\/product_tag?post=31369"}],"curies":[{"name":"wp","href":"https:\/\/api.w.org\/{rel}","templated":true}]}}