{"id":27928,"date":"2021-12-06T18:40:36","date_gmt":"2021-12-06T17:40:36","guid":{"rendered":"https:\/\/www.dontpanicgames.com\/?post_type=product&#038;p=27928"},"modified":"2026-04-13T14:59:18","modified_gmt":"2026-04-13T13:59:18","slug":"carte-promotionnelle-bouffon","status":"publish","type":"product","link":"https:\/\/www.dontpanicgames.com\/fr\/shop\/jeux\/carte-promotionnelle-bouffon\/","title":{"rendered":"Carte promotionnelle Bouffon"},"content":{"rendered":"<span class=\"et_bloom_bottom_trigger\"><\/span>","protected":false},"excerpt":{"rendered":"<div class=\"message-2qnXI6 cozyMessage-3V1Y8y groupStart-23k01U wrapper-2a6GCs cozy-3raOZG zalgo-jN1Ica\" tabindex=\"-1\" role=\"article\" data-list-item-id=\"chat-messages___chat-messages-915636352517799996\" aria-setsize=\"-1\" aria-roledescription=\"Message\" aria-labelledby=\"message-username-915636352517799996 uid_1 message-content-915636352517799996 uid_2 message-timestamp-915636352517799996\" aria-describedby=\"\">\n<div class=\"contents-2mQqc9\">\n<div id=\"message-content-915636352517799996\" class=\"markup-2BOw-j messageContent-2qWWxC\">Cette carte promotionnelle vous est offerte avec l\u2019achat du jeu <a href=\"https:\/\/www.dontpanicgames.com\/fr\/shop\/jeux\/fantasy-realms\/\"><em>Fantasy Realms<\/em><\/a> (ou l&rsquo;extension <em><a href=\"https:\/\/www.dontpanicgames.com\/fr\/shop\/jeux\/fantasy-realms-le-tresor-maudit\/\">Le Tr\u00e9sor Maudit<\/a><\/em>) sur notre site, dans la limite des stocks disponibles !<\/div>\n<div><\/div>\n<div class=\"markup-2BOw-j messageContent-2qWWxC\">Nous vous la proposons \u00e9galement \u00e0 la vente sur cette page, au cas ou vous n&rsquo;auriez pas pu vous la procurer, ou souhaiteriez enrichir votre jeu avec cette carte additionnelle.<\/div>\n<div><\/div>\n<\/div>\n<\/div>\n<div><\/div>\n<div><a href=\"https:\/\/www.dontpanicgames.com\/fr\/shop\/jeux\/fantasy-realms\/\">Pour plus d&rsquo;informations sur le jeu <em>Fantasy Realms<\/em>, cliquez ici.\u00a0\u00a0<\/a><\/div>\n<div class=\"message-2qnXI6 cozyMessage-3V1Y8y groupStart-23k01U wrapper-2a6GCs cozy-3raOZG zalgo-jN1Ica\" tabindex=\"-1\" role=\"article\" data-list-item-id=\"chat-messages___chat-messages-915636352517799996\" aria-setsize=\"-1\" aria-roledescription=\"Message\" aria-labelledby=\"message-username-915636352517799996 uid_1 message-content-915636352517799996 uid_2 message-timestamp-915636352517799996\" aria-describedby=\"\">\n<div class=\"buttonContainer-DHceWr\">\n<div class=\"buttons-cl5qTG container-3npvBV isHeader-2dII4U\" aria-label=\"Message actions\"><\/div>\n<\/div>\n<\/div>\n<div class=\"contents-2mQqc9\" role=\"document\"><\/div>\n","protected":false},"featured_media":27953,"template":"","meta":{"_acf_changed":false},"product_brand":[],"product_cat":[381],"product_tag":[],"class_list":{"0":"post-27928","1":"product","2":"type-product","3":"status-publish","4":"has-post-thumbnail","6":"product_cat-jeux","7":"product_shipping_class-envoi-a-2e","9":"first","10":"instock","11":"taxable","12":"shipping-taxable","13":"purchasable","14":"product-type-simple"},"acf":[],"yoast_head":"<!-- This site is optimized with the Yoast SEO plugin v27.4 - https:\/\/yoast.com\/product\/yoast-seo-wordpress\/ -->\n<title>Carte promotionnelle Bouffon - Don&#039;t Panic Games<\/title>\n<meta name=\"robots\" content=\"index, follow, max-snippet:-1, max-image-preview:large, max-video-preview:-1\" \/>\n<link rel=\"canonical\" href=\"https:\/\/www.dontpanicgames.com\/fr\/shop\/jeux\/carte-promotionnelle-bouffon\/\" \/>\n<meta property=\"og:locale\" content=\"fr_FR\" \/>\n<meta property=\"og:type\" content=\"article\" \/>\n<meta property=\"og:title\" content=\"Carte promotionnelle Bouffon - Don&#039;t Panic Games\" \/>\n<meta property=\"og:description\" content=\"Cette carte promotionnelle vous est offerte avec l\u2019achat du jeu Fantasy Realms (ou l&#039;extension Le Tr\u00e9sor Maudit) sur notre site, dans la limite des stocks disponibles !  Nous vous la proposons \u00e9galement \u00e0 la vente sur cette page, au cas ou vous n&#039;auriez pas pu vous la procurer, ou souhaiteriez enrichir votre jeu avec cette carte additionnelle.     Pour plus d&#039;informations sur le jeu Fantasy Realms, cliquez ici.\u00a0\u00a0\" \/>\n<meta property=\"og:url\" content=\"https:\/\/www.dontpanicgames.com\/fr\/shop\/jeux\/carte-promotionnelle-bouffon\/\" \/>\n<meta property=\"og:site_name\" content=\"Don&#039;t Panic Games\" \/>\n<meta property=\"article:publisher\" content=\"https:\/\/www.facebook.com\/dontpanicgames\/\" \/>\n<meta property=\"article:modified_time\" content=\"2026-04-13T13:59:18+00:00\" \/>\n<meta property=\"og:image\" content=\"https:\/\/www.dontpanicgames.com\/wp-content\/uploads\/2021\/12\/bouffon_shop.jpg\" \/>\n\t<meta property=\"og:image:width\" content=\"2000\" \/>\n\t<meta property=\"og:image:height\" content=\"2000\" \/>\n\t<meta property=\"og:image:type\" content=\"image\/jpeg\" \/>\n<meta name=\"twitter:card\" content=\"summary_large_image\" \/>\n<meta name=\"twitter:site\" content=\"@DontPanicGames1\" \/>\n<meta name=\"twitter:label1\" content=\"Dur\u00e9e de lecture estim\u00e9e\" \/>\n\t<meta name=\"twitter:data1\" content=\"1 minute\" \/>\n<script type=\"application\/ld+json\" class=\"yoast-schema-graph\">{\"@context\":\"https:\\\/\\\/schema.org\",\"@graph\":[{\"@type\":\"WebPage\",\"@id\":\"https:\\\/\\\/www.dontpanicgames.com\\\/fr\\\/shop\\\/jeux\\\/carte-promotionnelle-bouffon\\\/\",\"url\":\"https:\\\/\\\/www.dontpanicgames.com\\\/fr\\\/shop\\\/jeux\\\/carte-promotionnelle-bouffon\\\/\",\"name\":\"Carte promotionnelle Bouffon - Don&#039;t Panic Games\",\"isPartOf\":{\"@id\":\"https:\\\/\\\/www.dontpanicgames.com\\\/fr\\\/#website\"},\"primaryImageOfPage\":{\"@id\":\"https:\\\/\\\/www.dontpanicgames.com\\\/fr\\\/shop\\\/jeux\\\/carte-promotionnelle-bouffon\\\/#primaryimage\"},\"image\":{\"@id\":\"https:\\\/\\\/www.dontpanicgames.com\\\/fr\\\/shop\\\/jeux\\\/carte-promotionnelle-bouffon\\\/#primaryimage\"},\"thumbnailUrl\":\"https:\\\/\\\/www.dontpanicgames.com\\\/wp-content\\\/uploads\\\/2021\\\/12\\\/bouffon_shop.jpg\",\"datePublished\":\"2021-12-06T17:40:36+00:00\",\"dateModified\":\"2026-04-13T13:59:18+00:00\",\"breadcrumb\":{\"@id\":\"https:\\\/\\\/www.dontpanicgames.com\\\/fr\\\/shop\\\/jeux\\\/carte-promotionnelle-bouffon\\\/#breadcrumb\"},\"inLanguage\":\"fr-FR\",\"potentialAction\":[{\"@type\":\"ReadAction\",\"target\":[\"https:\\\/\\\/www.dontpanicgames.com\\\/fr\\\/shop\\\/jeux\\\/carte-promotionnelle-bouffon\\\/\"]}]},{\"@type\":\"ImageObject\",\"inLanguage\":\"fr-FR\",\"@id\":\"https:\\\/\\\/www.dontpanicgames.com\\\/fr\\\/shop\\\/jeux\\\/carte-promotionnelle-bouffon\\\/#primaryimage\",\"url\":\"https:\\\/\\\/www.dontpanicgames.com\\\/wp-content\\\/uploads\\\/2021\\\/12\\\/bouffon_shop.jpg\",\"contentUrl\":\"https:\\\/\\\/www.dontpanicgames.com\\\/wp-content\\\/uploads\\\/2021\\\/12\\\/bouffon_shop.jpg\",\"width\":2000,\"height\":2000},{\"@type\":\"BreadcrumbList\",\"@id\":\"https:\\\/\\\/www.dontpanicgames.com\\\/fr\\\/shop\\\/jeux\\\/carte-promotionnelle-bouffon\\\/#breadcrumb\",\"itemListElement\":[{\"@type\":\"ListItem\",\"position\":1,\"name\":\"Accueil\",\"item\":\"https:\\\/\\\/www.dontpanicgames.com\\\/fr\\\/\"},{\"@type\":\"ListItem\",\"position\":2,\"name\":\"Nos jeux\",\"item\":\"https:\\\/\\\/www.dontpanicgames.com\\\/fr\\\/nos-jeux\\\/\"},{\"@type\":\"ListItem\",\"position\":3,\"name\":\"Jeux\",\"item\":\"https:\\\/\\\/www.dontpanicgames.com\\\/fr\\\/shop\\\/c\\\/jeux\\\/\"},{\"@type\":\"ListItem\",\"position\":4,\"name\":\"Carte promotionnelle Bouffon\"}]},{\"@type\":\"WebSite\",\"@id\":\"https:\\\/\\\/www.dontpanicgames.com\\\/fr\\\/#website\",\"url\":\"https:\\\/\\\/www.dontpanicgames.com\\\/fr\\\/\",\"name\":\"Don't Panic Games\",\"description\":\"Don&#039;t Panic Games.com website\",\"potentialAction\":[{\"@type\":\"SearchAction\",\"target\":{\"@type\":\"EntryPoint\",\"urlTemplate\":\"https:\\\/\\\/www.dontpanicgames.com\\\/fr\\\/?s={search_term_string}\"},\"query-input\":{\"@type\":\"PropertyValueSpecification\",\"valueRequired\":true,\"valueName\":\"search_term_string\"}}],\"inLanguage\":\"fr-FR\"}]}<\/script>\n<!-- \/ Yoast SEO plugin. -->","yoast_head_json":{"title":"Carte promotionnelle Bouffon - Don&#039;t Panic Games","robots":{"index":"index","follow":"follow","max-snippet":"max-snippet:-1","max-image-preview":"max-image-preview:large","max-video-preview":"max-video-preview:-1"},"canonical":"https:\/\/www.dontpanicgames.com\/fr\/shop\/jeux\/carte-promotionnelle-bouffon\/","og_locale":"fr_FR","og_type":"article","og_title":"Carte promotionnelle Bouffon - Don&#039;t Panic Games","og_description":"Cette carte promotionnelle vous est offerte avec l\u2019achat du jeu Fantasy Realms (ou l'extension Le Tr\u00e9sor Maudit) sur notre site, dans la limite des stocks disponibles !  Nous vous la proposons \u00e9galement \u00e0 la vente sur cette page, au cas ou vous n'auriez pas pu vous la procurer, ou souhaiteriez enrichir votre jeu avec cette carte additionnelle.     Pour plus d'informations sur le jeu Fantasy Realms, cliquez ici.\u00a0\u00a0","og_url":"https:\/\/www.dontpanicgames.com\/fr\/shop\/jeux\/carte-promotionnelle-bouffon\/","og_site_name":"Don&#039;t Panic Games","article_publisher":"https:\/\/www.facebook.com\/dontpanicgames\/","article_modified_time":"2026-04-13T13:59:18+00:00","og_image":[{"width":2000,"height":2000,"url":"https:\/\/www.dontpanicgames.com\/wp-content\/uploads\/2021\/12\/bouffon_shop.jpg","type":"image\/jpeg"}],"twitter_card":"summary_large_image","twitter_site":"@DontPanicGames1","twitter_misc":{"Dur\u00e9e de lecture estim\u00e9e":"1 minute"},"schema":{"@context":"https:\/\/schema.org","@graph":[{"@type":"WebPage","@id":"https:\/\/www.dontpanicgames.com\/fr\/shop\/jeux\/carte-promotionnelle-bouffon\/","url":"https:\/\/www.dontpanicgames.com\/fr\/shop\/jeux\/carte-promotionnelle-bouffon\/","name":"Carte promotionnelle Bouffon - Don&#039;t Panic Games","isPartOf":{"@id":"https:\/\/www.dontpanicgames.com\/fr\/#website"},"primaryImageOfPage":{"@id":"https:\/\/www.dontpanicgames.com\/fr\/shop\/jeux\/carte-promotionnelle-bouffon\/#primaryimage"},"image":{"@id":"https:\/\/www.dontpanicgames.com\/fr\/shop\/jeux\/carte-promotionnelle-bouffon\/#primaryimage"},"thumbnailUrl":"https:\/\/www.dontpanicgames.com\/wp-content\/uploads\/2021\/12\/bouffon_shop.jpg","datePublished":"2021-12-06T17:40:36+00:00","dateModified":"2026-04-13T13:59:18+00:00","breadcrumb":{"@id":"https:\/\/www.dontpanicgames.com\/fr\/shop\/jeux\/carte-promotionnelle-bouffon\/#breadcrumb"},"inLanguage":"fr-FR","potentialAction":[{"@type":"ReadAction","target":["https:\/\/www.dontpanicgames.com\/fr\/shop\/jeux\/carte-promotionnelle-bouffon\/"]}]},{"@type":"ImageObject","inLanguage":"fr-FR","@id":"https:\/\/www.dontpanicgames.com\/fr\/shop\/jeux\/carte-promotionnelle-bouffon\/#primaryimage","url":"https:\/\/www.dontpanicgames.com\/wp-content\/uploads\/2021\/12\/bouffon_shop.jpg","contentUrl":"https:\/\/www.dontpanicgames.com\/wp-content\/uploads\/2021\/12\/bouffon_shop.jpg","width":2000,"height":2000},{"@type":"BreadcrumbList","@id":"https:\/\/www.dontpanicgames.com\/fr\/shop\/jeux\/carte-promotionnelle-bouffon\/#breadcrumb","itemListElement":[{"@type":"ListItem","position":1,"name":"Accueil","item":"https:\/\/www.dontpanicgames.com\/fr\/"},{"@type":"ListItem","position":2,"name":"Nos jeux","item":"https:\/\/www.dontpanicgames.com\/fr\/nos-jeux\/"},{"@type":"ListItem","position":3,"name":"Jeux","item":"https:\/\/www.dontpanicgames.com\/fr\/shop\/c\/jeux\/"},{"@type":"ListItem","position":4,"name":"Carte promotionnelle Bouffon"}]},{"@type":"WebSite","@id":"https:\/\/www.dontpanicgames.com\/fr\/#website","url":"https:\/\/www.dontpanicgames.com\/fr\/","name":"Don't Panic Games","description":"Don&#039;t Panic Games.com website","potentialAction":[{"@type":"SearchAction","target":{"@type":"EntryPoint","urlTemplate":"https:\/\/www.dontpanicgames.com\/fr\/?s={search_term_string}"},"query-input":{"@type":"PropertyValueSpecification","valueRequired":true,"valueName":"search_term_string"}}],"inLanguage":"fr-FR"}]}},"_links":{"self":[{"href":"https:\/\/www.dontpanicgames.com\/fr\/wp-json\/wp\/v2\/product\/27928","targetHints":{"allow":["GET"]}}],"collection":[{"href":"https:\/\/www.dontpanicgames.com\/fr\/wp-json\/wp\/v2\/product"}],"about":[{"href":"https:\/\/www.dontpanicgames.com\/fr\/wp-json\/wp\/v2\/types\/product"}],"wp:featuredmedia":[{"embeddable":true,"href":"https:\/\/www.dontpanicgames.com\/fr\/wp-json\/wp\/v2\/media\/27953"}],"wp:attachment":[{"href":"https:\/\/www.dontpanicgames.com\/fr\/wp-json\/wp\/v2\/media?parent=27928"}],"wp:term":[{"taxonomy":"product_brand","embeddable":true,"href":"https:\/\/www.dontpanicgames.com\/fr\/wp-json\/wp\/v2\/product_brand?post=27928"},{"taxonomy":"product_cat","embeddable":true,"href":"https:\/\/www.dontpanicgames.com\/fr\/wp-json\/wp\/v2\/product_cat?post=27928"},{"taxonomy":"product_tag","embeddable":true,"href":"https:\/\/www.dontpanicgames.com\/fr\/wp-json\/wp\/v2\/product_tag?post=27928"}],"curies":[{"name":"wp","href":"https:\/\/api.w.org\/{rel}","templated":true}]}}