{"id":25664,"date":"2021-05-12T10:22:00","date_gmt":"2021-05-12T09:22:00","guid":{"rendered":"https:\/\/www.dontpanicgames.com\/?post_type=product&#038;p=25664"},"modified":"2025-09-24T21:06:08","modified_gmt":"2025-09-24T20:06:08","slug":"tsukuyumi-leaderpack","status":"publish","type":"product","link":"https:\/\/www.dontpanicgames.com\/fr\/shop\/jeux\/tsukuyumi-leaderpack\/","title":{"rendered":"Tsukuyumi &#8211; Leaderpack"},"content":{"rendered":"<span class=\"et_bloom_bottom_trigger\"><\/span>","protected":false},"excerpt":{"rendered":"<p><strong>Menez chaque faction \u00e0 la victoire gr\u00e2ce \u00e0 ses meilleurs leaders !<\/strong><\/p>\n<p>En achetant la bo\u00eete du <a href=\"https:\/\/www.dontpanicgames.com\/fr\/shop\/jeux\/tsukuyumi-chute-de-lune\/\">jeu de base<\/a> ou la <a href=\"https:\/\/www.dontpanicgames.com\/fr\/shop\/jeux\/tsukuyumi-chute-de-lune-boite-collector\/\">version collector<\/a> sur notre site, recevez gratuitement ce module suppl\u00e9mentaire Leadership.<\/p>\n<p>Contenu :<\/p>\n<ul>\n<li>27 cartes<\/li>\n<li>3 cartes Leader pour chacune des 9 factions du jeu : KG3, Seigneurs Sangliers, Cybersamurai, Nomades, Nu\u00e9e Noire, Enfants du Lion, Seigneurs de la Mer Perdue, Rejetons Ardents, Sentinelles de Jade.<\/li>\n<\/ul>\n<div class=\"contents-2mQqc9\" role=\"document\">\n<p><a href=\"https:\/\/www.dontpanicgames.com\/fr\/shop\/?_sfm_licence=tsukuyumi\">Retrouvez tout l\u2019univers de <em>TSUKUYUMI<\/em> en cliquant ici.<\/a><\/p>\n<\/div>\n","protected":false},"featured_media":25685,"template":"","meta":{"_acf_changed":false},"product_brand":[],"product_cat":[381],"product_tag":[835,839],"class_list":{"0":"post-25664","1":"product","2":"type-product","3":"status-publish","4":"has-post-thumbnail","6":"product_cat-jeux","7":"product_tag-controle-de-territoire","8":"product_tag-tactique","9":"product_shipping_class-standard-fr","11":"first","12":"instock","13":"taxable","14":"shipping-taxable","15":"purchasable","16":"product-type-simple"},"acf":[],"yoast_head":"<!-- This site is optimized with the Yoast SEO plugin v27.3 - https:\/\/yoast.com\/product\/yoast-seo-wordpress\/ -->\n<title>Tsukuyumi - Leaderpack - Don&#039;t Panic Games<\/title>\n<meta name=\"robots\" content=\"index, follow, max-snippet:-1, max-image-preview:large, max-video-preview:-1\" \/>\n<link rel=\"canonical\" href=\"https:\/\/www.dontpanicgames.com\/fr\/shop\/jeux\/tsukuyumi-leaderpack\/\" \/>\n<meta property=\"og:locale\" content=\"fr_FR\" \/>\n<meta property=\"og:type\" content=\"article\" \/>\n<meta property=\"og:title\" content=\"Tsukuyumi - Leaderpack - Don&#039;t Panic Games\" \/>\n<meta property=\"og:description\" content=\"Menez chaque faction \u00e0 la victoire gr\u00e2ce \u00e0 ses meilleurs leaders !  En achetant la bo\u00eete du jeu de base ou la version collector sur notre site, recevez gratuitement ce module suppl\u00e9mentaire Leadership.  Contenu :   27 cartes  3 cartes Leader pour chacune des 9 factions du jeu : KG3, Seigneurs Sangliers, Cybersamurai, Nomades, Nu\u00e9e Noire, Enfants du Lion, Seigneurs de la Mer Perdue, Rejetons Ardents, Sentinelles de Jade.    Retrouvez tout l\u2019univers de TSUKUYUMI en cliquant ici.\" \/>\n<meta property=\"og:url\" content=\"https:\/\/www.dontpanicgames.com\/fr\/shop\/jeux\/tsukuyumi-leaderpack\/\" \/>\n<meta property=\"og:site_name\" content=\"Don&#039;t Panic Games\" \/>\n<meta property=\"article:publisher\" content=\"https:\/\/www.facebook.com\/dontpanicgames\/\" \/>\n<meta property=\"article:modified_time\" content=\"2025-09-24T20:06:08+00:00\" \/>\n<meta property=\"og:image\" content=\"https:\/\/www.dontpanicgames.com\/wp-content\/uploads\/2021\/05\/tsukuyumi-leaderpack-shop-scaled.jpg\" \/>\n\t<meta property=\"og:image:width\" content=\"2000\" \/>\n\t<meta property=\"og:image:height\" content=\"2000\" \/>\n\t<meta property=\"og:image:type\" content=\"image\/jpeg\" \/>\n<meta name=\"twitter:card\" content=\"summary_large_image\" \/>\n<meta name=\"twitter:site\" content=\"@DontPanicGames1\" \/>\n<script type=\"application\/ld+json\" class=\"yoast-schema-graph\">{\"@context\":\"https:\\\/\\\/schema.org\",\"@graph\":[{\"@type\":\"WebPage\",\"@id\":\"https:\\\/\\\/www.dontpanicgames.com\\\/fr\\\/shop\\\/jeux\\\/tsukuyumi-leaderpack\\\/\",\"url\":\"https:\\\/\\\/www.dontpanicgames.com\\\/fr\\\/shop\\\/jeux\\\/tsukuyumi-leaderpack\\\/\",\"name\":\"Tsukuyumi - Leaderpack - Don&#039;t Panic Games\",\"isPartOf\":{\"@id\":\"https:\\\/\\\/www.dontpanicgames.com\\\/fr\\\/#website\"},\"primaryImageOfPage\":{\"@id\":\"https:\\\/\\\/www.dontpanicgames.com\\\/fr\\\/shop\\\/jeux\\\/tsukuyumi-leaderpack\\\/#primaryimage\"},\"image\":{\"@id\":\"https:\\\/\\\/www.dontpanicgames.com\\\/fr\\\/shop\\\/jeux\\\/tsukuyumi-leaderpack\\\/#primaryimage\"},\"thumbnailUrl\":\"https:\\\/\\\/www.dontpanicgames.com\\\/wp-content\\\/uploads\\\/2021\\\/05\\\/tsukuyumi-leaderpack-shop-scaled.jpg\",\"datePublished\":\"2021-05-12T09:22:00+00:00\",\"dateModified\":\"2025-09-24T20:06:08+00:00\",\"breadcrumb\":{\"@id\":\"https:\\\/\\\/www.dontpanicgames.com\\\/fr\\\/shop\\\/jeux\\\/tsukuyumi-leaderpack\\\/#breadcrumb\"},\"inLanguage\":\"fr-FR\",\"potentialAction\":[{\"@type\":\"ReadAction\",\"target\":[\"https:\\\/\\\/www.dontpanicgames.com\\\/fr\\\/shop\\\/jeux\\\/tsukuyumi-leaderpack\\\/\"]}]},{\"@type\":\"ImageObject\",\"inLanguage\":\"fr-FR\",\"@id\":\"https:\\\/\\\/www.dontpanicgames.com\\\/fr\\\/shop\\\/jeux\\\/tsukuyumi-leaderpack\\\/#primaryimage\",\"url\":\"https:\\\/\\\/www.dontpanicgames.com\\\/wp-content\\\/uploads\\\/2021\\\/05\\\/tsukuyumi-leaderpack-shop-scaled.jpg\",\"contentUrl\":\"https:\\\/\\\/www.dontpanicgames.com\\\/wp-content\\\/uploads\\\/2021\\\/05\\\/tsukuyumi-leaderpack-shop-scaled.jpg\",\"width\":2000,\"height\":2000},{\"@type\":\"BreadcrumbList\",\"@id\":\"https:\\\/\\\/www.dontpanicgames.com\\\/fr\\\/shop\\\/jeux\\\/tsukuyumi-leaderpack\\\/#breadcrumb\",\"itemListElement\":[{\"@type\":\"ListItem\",\"position\":1,\"name\":\"Accueil\",\"item\":\"https:\\\/\\\/www.dontpanicgames.com\\\/fr\\\/\"},{\"@type\":\"ListItem\",\"position\":2,\"name\":\"Nos jeux\",\"item\":\"https:\\\/\\\/www.dontpanicgames.com\\\/fr\\\/nos-jeux\\\/\"},{\"@type\":\"ListItem\",\"position\":3,\"name\":\"Jeux\",\"item\":\"https:\\\/\\\/www.dontpanicgames.com\\\/fr\\\/shop\\\/c\\\/jeux\\\/\"},{\"@type\":\"ListItem\",\"position\":4,\"name\":\"Tsukuyumi &#8211; Leaderpack\"}]},{\"@type\":\"WebSite\",\"@id\":\"https:\\\/\\\/www.dontpanicgames.com\\\/fr\\\/#website\",\"url\":\"https:\\\/\\\/www.dontpanicgames.com\\\/fr\\\/\",\"name\":\"Don't Panic Games\",\"description\":\"Don&#039;t Panic Games.com website\",\"potentialAction\":[{\"@type\":\"SearchAction\",\"target\":{\"@type\":\"EntryPoint\",\"urlTemplate\":\"https:\\\/\\\/www.dontpanicgames.com\\\/fr\\\/?s={search_term_string}\"},\"query-input\":{\"@type\":\"PropertyValueSpecification\",\"valueRequired\":true,\"valueName\":\"search_term_string\"}}],\"inLanguage\":\"fr-FR\"}]}<\/script>\n<!-- \/ Yoast SEO plugin. -->","yoast_head_json":{"title":"Tsukuyumi - Leaderpack - Don&#039;t Panic Games","robots":{"index":"index","follow":"follow","max-snippet":"max-snippet:-1","max-image-preview":"max-image-preview:large","max-video-preview":"max-video-preview:-1"},"canonical":"https:\/\/www.dontpanicgames.com\/fr\/shop\/jeux\/tsukuyumi-leaderpack\/","og_locale":"fr_FR","og_type":"article","og_title":"Tsukuyumi - Leaderpack - Don&#039;t Panic Games","og_description":"Menez chaque faction \u00e0 la victoire gr\u00e2ce \u00e0 ses meilleurs leaders !  En achetant la bo\u00eete du jeu de base ou la version collector sur notre site, recevez gratuitement ce module suppl\u00e9mentaire Leadership.  Contenu :   27 cartes  3 cartes Leader pour chacune des 9 factions du jeu : KG3, Seigneurs Sangliers, Cybersamurai, Nomades, Nu\u00e9e Noire, Enfants du Lion, Seigneurs de la Mer Perdue, Rejetons Ardents, Sentinelles de Jade.    Retrouvez tout l\u2019univers de TSUKUYUMI en cliquant ici.","og_url":"https:\/\/www.dontpanicgames.com\/fr\/shop\/jeux\/tsukuyumi-leaderpack\/","og_site_name":"Don&#039;t Panic Games","article_publisher":"https:\/\/www.facebook.com\/dontpanicgames\/","article_modified_time":"2025-09-24T20:06:08+00:00","og_image":[{"width":2000,"height":2000,"url":"https:\/\/www.dontpanicgames.com\/wp-content\/uploads\/2021\/05\/tsukuyumi-leaderpack-shop-scaled.jpg","type":"image\/jpeg"}],"twitter_card":"summary_large_image","twitter_site":"@DontPanicGames1","schema":{"@context":"https:\/\/schema.org","@graph":[{"@type":"WebPage","@id":"https:\/\/www.dontpanicgames.com\/fr\/shop\/jeux\/tsukuyumi-leaderpack\/","url":"https:\/\/www.dontpanicgames.com\/fr\/shop\/jeux\/tsukuyumi-leaderpack\/","name":"Tsukuyumi - Leaderpack - Don&#039;t Panic Games","isPartOf":{"@id":"https:\/\/www.dontpanicgames.com\/fr\/#website"},"primaryImageOfPage":{"@id":"https:\/\/www.dontpanicgames.com\/fr\/shop\/jeux\/tsukuyumi-leaderpack\/#primaryimage"},"image":{"@id":"https:\/\/www.dontpanicgames.com\/fr\/shop\/jeux\/tsukuyumi-leaderpack\/#primaryimage"},"thumbnailUrl":"https:\/\/www.dontpanicgames.com\/wp-content\/uploads\/2021\/05\/tsukuyumi-leaderpack-shop-scaled.jpg","datePublished":"2021-05-12T09:22:00+00:00","dateModified":"2025-09-24T20:06:08+00:00","breadcrumb":{"@id":"https:\/\/www.dontpanicgames.com\/fr\/shop\/jeux\/tsukuyumi-leaderpack\/#breadcrumb"},"inLanguage":"fr-FR","potentialAction":[{"@type":"ReadAction","target":["https:\/\/www.dontpanicgames.com\/fr\/shop\/jeux\/tsukuyumi-leaderpack\/"]}]},{"@type":"ImageObject","inLanguage":"fr-FR","@id":"https:\/\/www.dontpanicgames.com\/fr\/shop\/jeux\/tsukuyumi-leaderpack\/#primaryimage","url":"https:\/\/www.dontpanicgames.com\/wp-content\/uploads\/2021\/05\/tsukuyumi-leaderpack-shop-scaled.jpg","contentUrl":"https:\/\/www.dontpanicgames.com\/wp-content\/uploads\/2021\/05\/tsukuyumi-leaderpack-shop-scaled.jpg","width":2000,"height":2000},{"@type":"BreadcrumbList","@id":"https:\/\/www.dontpanicgames.com\/fr\/shop\/jeux\/tsukuyumi-leaderpack\/#breadcrumb","itemListElement":[{"@type":"ListItem","position":1,"name":"Accueil","item":"https:\/\/www.dontpanicgames.com\/fr\/"},{"@type":"ListItem","position":2,"name":"Nos jeux","item":"https:\/\/www.dontpanicgames.com\/fr\/nos-jeux\/"},{"@type":"ListItem","position":3,"name":"Jeux","item":"https:\/\/www.dontpanicgames.com\/fr\/shop\/c\/jeux\/"},{"@type":"ListItem","position":4,"name":"Tsukuyumi &#8211; Leaderpack"}]},{"@type":"WebSite","@id":"https:\/\/www.dontpanicgames.com\/fr\/#website","url":"https:\/\/www.dontpanicgames.com\/fr\/","name":"Don't Panic Games","description":"Don&#039;t Panic Games.com website","potentialAction":[{"@type":"SearchAction","target":{"@type":"EntryPoint","urlTemplate":"https:\/\/www.dontpanicgames.com\/fr\/?s={search_term_string}"},"query-input":{"@type":"PropertyValueSpecification","valueRequired":true,"valueName":"search_term_string"}}],"inLanguage":"fr-FR"}]}},"_links":{"self":[{"href":"https:\/\/www.dontpanicgames.com\/fr\/wp-json\/wp\/v2\/product\/25664","targetHints":{"allow":["GET"]}}],"collection":[{"href":"https:\/\/www.dontpanicgames.com\/fr\/wp-json\/wp\/v2\/product"}],"about":[{"href":"https:\/\/www.dontpanicgames.com\/fr\/wp-json\/wp\/v2\/types\/product"}],"wp:featuredmedia":[{"embeddable":true,"href":"https:\/\/www.dontpanicgames.com\/fr\/wp-json\/wp\/v2\/media\/25685"}],"wp:attachment":[{"href":"https:\/\/www.dontpanicgames.com\/fr\/wp-json\/wp\/v2\/media?parent=25664"}],"wp:term":[{"taxonomy":"product_brand","embeddable":true,"href":"https:\/\/www.dontpanicgames.com\/fr\/wp-json\/wp\/v2\/product_brand?post=25664"},{"taxonomy":"product_cat","embeddable":true,"href":"https:\/\/www.dontpanicgames.com\/fr\/wp-json\/wp\/v2\/product_cat?post=25664"},{"taxonomy":"product_tag","embeddable":true,"href":"https:\/\/www.dontpanicgames.com\/fr\/wp-json\/wp\/v2\/product_tag?post=25664"}],"curies":[{"name":"wp","href":"https:\/\/api.w.org\/{rel}","templated":true}]}}