{"id":25620,"date":"2021-05-06T16:00:17","date_gmt":"2021-05-06T15:00:17","guid":{"rendered":"https:\/\/www.dontpanicgames.com\/?post_type=product&#038;p=25620"},"modified":"2026-02-08T17:09:32","modified_gmt":"2026-02-08T16:09:32","slug":"le-cliche-du-siecle-kit-deluxe","status":"publish","type":"product","link":"https:\/\/www.dontpanicgames.com\/fr\/shop\/jeux\/le-cliche-du-siecle-kit-deluxe\/","title":{"rendered":"Le Clich\u00e9 du si\u00e8cle &#8211; Kit deluxe"},"content":{"rendered":"<span class=\"et_bloom_bottom_trigger\"><\/span>","protected":false},"excerpt":{"rendered":"<div class=\"contents-2mQqc9\" role=\"document\">\n<div class=\"markup-2BOw-j messageContent-2qWWxC\">Le Kit Deluxe pour <em><a href=\"https:\/\/www.dontpanicgames.com\/fr\/shop\/jeux\/le-cliche-du-siecle\/\">Le Clich\u00e9 du Si\u00e8cle<\/a><\/em> contient des silhouettes transparentes de haute qualit\u00e9 pour donner encore plus de vie et d\u2019\u00e9clat \u00e0 vos clich\u00e9s parfaits !<\/div>\n<div><\/div>\n<div class=\"markup-2BOw-j messageContent-2qWWxC\">Le sachet contient suffisamment de silhouettes pour 2 joueurs. Pour \u00e9changer tous les personnages du jeu de base, vous avez besoin de 2 Kits Deluxe. Si vous ajoutez l\u2019extension <a href=\"https:\/\/www.dontpanicgames.com\/fr\/?post_type=product&amp;p=25555&amp;preview=true\"><em>Photo de Groupe<\/em><\/a> pour 5-6 joueurs, il vous faudra 3 sachets. Les personnages de l\u2019extension <a href=\"https:\/\/www.dontpanicgames.com\/fr\/shop\/jeux\/le-cliche-du-siecle-avant-premiere\/\"><em>Avant-Premi\u00e8re<\/em><\/a> sont \u00e9galement inclus.<\/div>\n<\/div>\n<p>&nbsp;<\/p>\n<p>Attention : Le jeu de base <a href=\"https:\/\/www.dontpanicgames.com\/fr\/shop\/jeux\/le-cliche-du-siecle\/\">Le Clich\u00e9 du Si\u00e8cle<\/a> est n\u00e9cessaire pour jouer.<\/p>\n<p>Retrouvez \u00e9galement dans notre catalogue la <a href=\"\/fr?p=25554\">Version collector<\/a>.<\/p>\n","protected":false},"featured_media":25612,"template":"","meta":{"_acf_changed":false},"product_brand":[],"product_cat":[381],"product_tag":[],"class_list":{"0":"post-25620","1":"product","2":"type-product","3":"status-publish","4":"has-post-thumbnail","6":"product_cat-jeux","8":"first","9":"instock","10":"taxable","11":"shipping-taxable","12":"purchasable","13":"product-type-simple"},"acf":[],"yoast_head":"<!-- This site is optimized with the Yoast SEO plugin v27.3 - https:\/\/yoast.com\/product\/yoast-seo-wordpress\/ -->\n<title>Le Clich\u00e9 du si\u00e8cle - Kit deluxe - Don&#039;t Panic Games<\/title>\n<meta name=\"robots\" content=\"index, follow, max-snippet:-1, max-image-preview:large, max-video-preview:-1\" \/>\n<link rel=\"canonical\" href=\"https:\/\/www.dontpanicgames.com\/fr\/shop\/jeux\/le-cliche-du-siecle-kit-deluxe\/\" \/>\n<meta property=\"og:locale\" content=\"fr_FR\" \/>\n<meta property=\"og:type\" content=\"article\" \/>\n<meta property=\"og:title\" content=\"Le Clich\u00e9 du si\u00e8cle - Kit deluxe - Don&#039;t Panic Games\" \/>\n<meta property=\"og:description\" content=\"Le Kit Deluxe pour Le Clich\u00e9 du Si\u00e8cle contient des silhouettes transparentes de haute qualit\u00e9 pour donner encore plus de vie et d\u2019\u00e9clat \u00e0 vos clich\u00e9s parfaits !  Le sachet contient suffisamment de silhouettes pour 2 joueurs. Pour \u00e9changer tous les personnages du jeu de base, vous avez besoin de 2 Kits Deluxe. Si vous ajoutez l\u2019extension Photo de Groupe pour 5-6 joueurs, il vous faudra 3 sachets. Les personnages de l\u2019extension Avant-Premi\u00e8re sont \u00e9galement inclus.  &nbsp;  Attention : Le jeu de base Le Clich\u00e9 du Si\u00e8cle est n\u00e9cessaire pour jouer.  Retrouvez \u00e9galement dans notre catalogue la Version collector.\" \/>\n<meta property=\"og:url\" content=\"https:\/\/www.dontpanicgames.com\/fr\/shop\/jeux\/le-cliche-du-siecle-kit-deluxe\/\" \/>\n<meta property=\"og:site_name\" content=\"Don&#039;t Panic Games\" \/>\n<meta property=\"article:publisher\" content=\"https:\/\/www.facebook.com\/dontpanicgames\/\" \/>\n<meta property=\"article:modified_time\" content=\"2026-02-08T16:09:32+00:00\" \/>\n<meta property=\"og:image\" content=\"https:\/\/www.dontpanicgames.com\/wp-content\/uploads\/2021\/04\/kit-deluxe-cds.jpg\" \/>\n\t<meta property=\"og:image:width\" content=\"678\" \/>\n\t<meta property=\"og:image:height\" content=\"844\" \/>\n\t<meta property=\"og:image:type\" content=\"image\/jpeg\" \/>\n<meta name=\"twitter:card\" content=\"summary_large_image\" \/>\n<meta name=\"twitter:site\" content=\"@DontPanicGames1\" \/>\n<script type=\"application\/ld+json\" class=\"yoast-schema-graph\">{\"@context\":\"https:\\\/\\\/schema.org\",\"@graph\":[{\"@type\":\"WebPage\",\"@id\":\"https:\\\/\\\/www.dontpanicgames.com\\\/fr\\\/shop\\\/jeux\\\/le-cliche-du-siecle-kit-deluxe\\\/\",\"url\":\"https:\\\/\\\/www.dontpanicgames.com\\\/fr\\\/shop\\\/jeux\\\/le-cliche-du-siecle-kit-deluxe\\\/\",\"name\":\"Le Clich\u00e9 du si\u00e8cle - Kit deluxe - Don&#039;t Panic Games\",\"isPartOf\":{\"@id\":\"https:\\\/\\\/www.dontpanicgames.com\\\/fr\\\/#website\"},\"primaryImageOfPage\":{\"@id\":\"https:\\\/\\\/www.dontpanicgames.com\\\/fr\\\/shop\\\/jeux\\\/le-cliche-du-siecle-kit-deluxe\\\/#primaryimage\"},\"image\":{\"@id\":\"https:\\\/\\\/www.dontpanicgames.com\\\/fr\\\/shop\\\/jeux\\\/le-cliche-du-siecle-kit-deluxe\\\/#primaryimage\"},\"thumbnailUrl\":\"https:\\\/\\\/www.dontpanicgames.com\\\/wp-content\\\/uploads\\\/2021\\\/04\\\/kit-deluxe-cds.jpg\",\"datePublished\":\"2021-05-06T15:00:17+00:00\",\"dateModified\":\"2026-02-08T16:09:32+00:00\",\"breadcrumb\":{\"@id\":\"https:\\\/\\\/www.dontpanicgames.com\\\/fr\\\/shop\\\/jeux\\\/le-cliche-du-siecle-kit-deluxe\\\/#breadcrumb\"},\"inLanguage\":\"fr-FR\",\"potentialAction\":[{\"@type\":\"ReadAction\",\"target\":[\"https:\\\/\\\/www.dontpanicgames.com\\\/fr\\\/shop\\\/jeux\\\/le-cliche-du-siecle-kit-deluxe\\\/\"]}]},{\"@type\":\"ImageObject\",\"inLanguage\":\"fr-FR\",\"@id\":\"https:\\\/\\\/www.dontpanicgames.com\\\/fr\\\/shop\\\/jeux\\\/le-cliche-du-siecle-kit-deluxe\\\/#primaryimage\",\"url\":\"https:\\\/\\\/www.dontpanicgames.com\\\/wp-content\\\/uploads\\\/2021\\\/04\\\/kit-deluxe-cds.jpg\",\"contentUrl\":\"https:\\\/\\\/www.dontpanicgames.com\\\/wp-content\\\/uploads\\\/2021\\\/04\\\/kit-deluxe-cds.jpg\",\"width\":678,\"height\":844},{\"@type\":\"BreadcrumbList\",\"@id\":\"https:\\\/\\\/www.dontpanicgames.com\\\/fr\\\/shop\\\/jeux\\\/le-cliche-du-siecle-kit-deluxe\\\/#breadcrumb\",\"itemListElement\":[{\"@type\":\"ListItem\",\"position\":1,\"name\":\"Accueil\",\"item\":\"https:\\\/\\\/www.dontpanicgames.com\\\/fr\\\/\"},{\"@type\":\"ListItem\",\"position\":2,\"name\":\"Nos jeux\",\"item\":\"https:\\\/\\\/www.dontpanicgames.com\\\/fr\\\/nos-jeux\\\/\"},{\"@type\":\"ListItem\",\"position\":3,\"name\":\"Jeux\",\"item\":\"https:\\\/\\\/www.dontpanicgames.com\\\/fr\\\/shop\\\/c\\\/jeux\\\/\"},{\"@type\":\"ListItem\",\"position\":4,\"name\":\"Le Clich\u00e9 du si\u00e8cle &#8211; Kit deluxe\"}]},{\"@type\":\"WebSite\",\"@id\":\"https:\\\/\\\/www.dontpanicgames.com\\\/fr\\\/#website\",\"url\":\"https:\\\/\\\/www.dontpanicgames.com\\\/fr\\\/\",\"name\":\"Don't Panic Games\",\"description\":\"Don&#039;t Panic Games.com website\",\"potentialAction\":[{\"@type\":\"SearchAction\",\"target\":{\"@type\":\"EntryPoint\",\"urlTemplate\":\"https:\\\/\\\/www.dontpanicgames.com\\\/fr\\\/?s={search_term_string}\"},\"query-input\":{\"@type\":\"PropertyValueSpecification\",\"valueRequired\":true,\"valueName\":\"search_term_string\"}}],\"inLanguage\":\"fr-FR\"}]}<\/script>\n<!-- \/ Yoast SEO plugin. -->","yoast_head_json":{"title":"Le Clich\u00e9 du si\u00e8cle - Kit deluxe - Don&#039;t Panic Games","robots":{"index":"index","follow":"follow","max-snippet":"max-snippet:-1","max-image-preview":"max-image-preview:large","max-video-preview":"max-video-preview:-1"},"canonical":"https:\/\/www.dontpanicgames.com\/fr\/shop\/jeux\/le-cliche-du-siecle-kit-deluxe\/","og_locale":"fr_FR","og_type":"article","og_title":"Le Clich\u00e9 du si\u00e8cle - Kit deluxe - Don&#039;t Panic Games","og_description":"Le Kit Deluxe pour Le Clich\u00e9 du Si\u00e8cle contient des silhouettes transparentes de haute qualit\u00e9 pour donner encore plus de vie et d\u2019\u00e9clat \u00e0 vos clich\u00e9s parfaits !  Le sachet contient suffisamment de silhouettes pour 2 joueurs. Pour \u00e9changer tous les personnages du jeu de base, vous avez besoin de 2 Kits Deluxe. Si vous ajoutez l\u2019extension Photo de Groupe pour 5-6 joueurs, il vous faudra 3 sachets. Les personnages de l\u2019extension Avant-Premi\u00e8re sont \u00e9galement inclus.  &nbsp;  Attention : Le jeu de base Le Clich\u00e9 du Si\u00e8cle est n\u00e9cessaire pour jouer.  Retrouvez \u00e9galement dans notre catalogue la Version collector.","og_url":"https:\/\/www.dontpanicgames.com\/fr\/shop\/jeux\/le-cliche-du-siecle-kit-deluxe\/","og_site_name":"Don&#039;t Panic Games","article_publisher":"https:\/\/www.facebook.com\/dontpanicgames\/","article_modified_time":"2026-02-08T16:09:32+00:00","og_image":[{"width":678,"height":844,"url":"https:\/\/www.dontpanicgames.com\/wp-content\/uploads\/2021\/04\/kit-deluxe-cds.jpg","type":"image\/jpeg"}],"twitter_card":"summary_large_image","twitter_site":"@DontPanicGames1","schema":{"@context":"https:\/\/schema.org","@graph":[{"@type":"WebPage","@id":"https:\/\/www.dontpanicgames.com\/fr\/shop\/jeux\/le-cliche-du-siecle-kit-deluxe\/","url":"https:\/\/www.dontpanicgames.com\/fr\/shop\/jeux\/le-cliche-du-siecle-kit-deluxe\/","name":"Le Clich\u00e9 du si\u00e8cle - Kit deluxe - Don&#039;t Panic Games","isPartOf":{"@id":"https:\/\/www.dontpanicgames.com\/fr\/#website"},"primaryImageOfPage":{"@id":"https:\/\/www.dontpanicgames.com\/fr\/shop\/jeux\/le-cliche-du-siecle-kit-deluxe\/#primaryimage"},"image":{"@id":"https:\/\/www.dontpanicgames.com\/fr\/shop\/jeux\/le-cliche-du-siecle-kit-deluxe\/#primaryimage"},"thumbnailUrl":"https:\/\/www.dontpanicgames.com\/wp-content\/uploads\/2021\/04\/kit-deluxe-cds.jpg","datePublished":"2021-05-06T15:00:17+00:00","dateModified":"2026-02-08T16:09:32+00:00","breadcrumb":{"@id":"https:\/\/www.dontpanicgames.com\/fr\/shop\/jeux\/le-cliche-du-siecle-kit-deluxe\/#breadcrumb"},"inLanguage":"fr-FR","potentialAction":[{"@type":"ReadAction","target":["https:\/\/www.dontpanicgames.com\/fr\/shop\/jeux\/le-cliche-du-siecle-kit-deluxe\/"]}]},{"@type":"ImageObject","inLanguage":"fr-FR","@id":"https:\/\/www.dontpanicgames.com\/fr\/shop\/jeux\/le-cliche-du-siecle-kit-deluxe\/#primaryimage","url":"https:\/\/www.dontpanicgames.com\/wp-content\/uploads\/2021\/04\/kit-deluxe-cds.jpg","contentUrl":"https:\/\/www.dontpanicgames.com\/wp-content\/uploads\/2021\/04\/kit-deluxe-cds.jpg","width":678,"height":844},{"@type":"BreadcrumbList","@id":"https:\/\/www.dontpanicgames.com\/fr\/shop\/jeux\/le-cliche-du-siecle-kit-deluxe\/#breadcrumb","itemListElement":[{"@type":"ListItem","position":1,"name":"Accueil","item":"https:\/\/www.dontpanicgames.com\/fr\/"},{"@type":"ListItem","position":2,"name":"Nos jeux","item":"https:\/\/www.dontpanicgames.com\/fr\/nos-jeux\/"},{"@type":"ListItem","position":3,"name":"Jeux","item":"https:\/\/www.dontpanicgames.com\/fr\/shop\/c\/jeux\/"},{"@type":"ListItem","position":4,"name":"Le Clich\u00e9 du si\u00e8cle &#8211; Kit deluxe"}]},{"@type":"WebSite","@id":"https:\/\/www.dontpanicgames.com\/fr\/#website","url":"https:\/\/www.dontpanicgames.com\/fr\/","name":"Don't Panic Games","description":"Don&#039;t Panic Games.com website","potentialAction":[{"@type":"SearchAction","target":{"@type":"EntryPoint","urlTemplate":"https:\/\/www.dontpanicgames.com\/fr\/?s={search_term_string}"},"query-input":{"@type":"PropertyValueSpecification","valueRequired":true,"valueName":"search_term_string"}}],"inLanguage":"fr-FR"}]}},"_links":{"self":[{"href":"https:\/\/www.dontpanicgames.com\/fr\/wp-json\/wp\/v2\/product\/25620","targetHints":{"allow":["GET"]}}],"collection":[{"href":"https:\/\/www.dontpanicgames.com\/fr\/wp-json\/wp\/v2\/product"}],"about":[{"href":"https:\/\/www.dontpanicgames.com\/fr\/wp-json\/wp\/v2\/types\/product"}],"wp:featuredmedia":[{"embeddable":true,"href":"https:\/\/www.dontpanicgames.com\/fr\/wp-json\/wp\/v2\/media\/25612"}],"wp:attachment":[{"href":"https:\/\/www.dontpanicgames.com\/fr\/wp-json\/wp\/v2\/media?parent=25620"}],"wp:term":[{"taxonomy":"product_brand","embeddable":true,"href":"https:\/\/www.dontpanicgames.com\/fr\/wp-json\/wp\/v2\/product_brand?post=25620"},{"taxonomy":"product_cat","embeddable":true,"href":"https:\/\/www.dontpanicgames.com\/fr\/wp-json\/wp\/v2\/product_cat?post=25620"},{"taxonomy":"product_tag","embeddable":true,"href":"https:\/\/www.dontpanicgames.com\/fr\/wp-json\/wp\/v2\/product_tag?post=25620"}],"curies":[{"name":"wp","href":"https:\/\/api.w.org\/{rel}","templated":true}]}}