{"id":25293,"date":"2021-03-30T12:39:08","date_gmt":"2021-03-30T11:39:08","guid":{"rendered":"https:\/\/www.dontpanicgames.com\/?post_type=product&#038;p=25293"},"modified":"2026-01-26T19:40:29","modified_gmt":"2026-01-26T18:40:29","slug":"tsukuyumi-upgrade-kit","status":"publish","type":"product","link":"https:\/\/www.dontpanicgames.com\/fr\/shop\/jeux\/tsukuyumi-upgrade-kit\/","title":{"rendered":"Tsukuyumi &#8211; Upgrade kit"},"content":{"rendered":"<span class=\"et_bloom_bottom_trigger\"><\/span>","protected":false},"excerpt":{"rendered":"<p>En exclusivit\u00e9 sur notre boutique et dans la limite des stocks disponibles, faites passer vos parties de <em>Tsukuyumi &#8211; Chute de Lune<\/em> \u00e0 la vitesse sup\u00e9rieure, gr\u00e2ce au kit d&rsquo;am\u00e9lioration incluant les r\u00e9compenses exclusives de la campagne de financement participatif.<\/p>\n<p>Contenu :<\/p>\n<div class=\"contents-2mQqc9\" role=\"document\">\n<ul>\n<li>9 figurines d&rsquo;Oni L\u00e9gendaires<\/li>\n<li class=\"markup-2BOw-j messageContent-2qWWxC\">4 figurines d&rsquo;unit\u00e9s KG3 am\u00e9lior\u00e9es<\/li>\n<li class=\"markup-2BOw-j messageContent-2qWWxC\">9 figurines de mascotte de faction<\/li>\n<li class=\"markup-2BOw-j messageContent-2qWWxC\">15 marqueurs en plastique d&rsquo;\u0153uf de la Nu\u00e9e Noire<\/li>\n<li class=\"markup-2BOw-j messageContent-2qWWxC\">15 marqueurs en plastique de mine des Nomades<\/li>\n<li class=\"markup-2BOw-j messageContent-2qWWxC\">5 marqueurs en plastique de pistolet des Nomades<\/li>\n<li class=\"markup-2BOw-j messageContent-2qWWxC\">5 marqueurs en plastique de fusil des Nomades<\/li>\n<li class=\"markup-2BOw-j messageContent-2qWWxC\">2 marqueurs en plastique de grenade des Nomades<\/li>\n<li class=\"markup-2BOw-j messageContent-2qWWxC\">2 marqueurs en plastique d&rsquo;attaque de missiles des Cybersamurai\n<div class=\"buttons-cl5qTG container-3npvBV\" aria-label=\"Message Actions\"><\/div>\n<\/li>\n<li class=\"markup-2BOw-j messageContent-2qWWxC\">\n<div class=\"markup-2BOw-j messageContent-2qWWxC\">5 marqueurs en plastique de barricade des Seigneurs Sangliers<\/div>\n<\/li>\n<li class=\"markup-2BOw-j messageContent-2qWWxC\">\n<div class=\"markup-2BOw-j messageContent-2qWWxC\">5 marqueurs en plastique de tunnel des Seigneurs Sangliers<\/div>\n<\/li>\n<li class=\"markup-2BOw-j messageContent-2qWWxC\">\n<div class=\"markup-2BOw-j messageContent-2qWWxC\">10 marqueurs en plastique de forteresse des Seigneurs Sangliers<\/div>\n<\/li>\n<li class=\"markup-2BOw-j messageContent-2qWWxC\">\n<div class=\"markup-2BOw-j messageContent-2qWWxC\">10 marqueurs en plastique de couverture des Seigneurs Sangliers<\/div>\n<\/li>\n<li class=\"markup-2BOw-j messageContent-2qWWxC\">\n<div class=\"buttons-cl5qTG container-3npvBV\" aria-label=\"Message Actions\">1 tuile Profanateur Oni<\/div>\n<\/li>\n<li class=\"markup-2BOw-j messageContent-2qWWxC\">\n<div class=\"buttons-cl5qTG container-3npvBV\" aria-label=\"Message Actions\">88 cartes: 12 cartes avantages de d\u00e9part, 10 \u00e9v\u00e9nements \u00e9piques, 8 objectifs alternatifs, 40 \u00e9v\u00e9nements de faction, 9 Oni l\u00e9gendaires (y compris une carte d&rsquo;attaque sp\u00e9ciale pour la Terreur d&rsquo;En-Haut), 3 missions Oni, 6 pouvoirs Oni<\/div>\n<\/li>\n<\/ul>\n<p><a href=\"https:\/\/www.dontpanicgames.com\/fr\/shop\/?_sfm_licence=tsukuyumi\">Retrouvez tout l\u2019univers de <em>TSUKUYUMI<\/em> en cliquant ici.<\/a><\/p>\n<\/div>\n","protected":false},"featured_media":25303,"template":"","meta":{"_acf_changed":false},"product_brand":[],"product_cat":[381],"product_tag":[835,839],"class_list":{"0":"post-25293","1":"product","2":"type-product","3":"status-publish","4":"has-post-thumbnail","6":"product_cat-jeux","7":"product_tag-controle-de-territoire","8":"product_tag-tactique","9":"product_shipping_class-standard-fr","11":"first","12":"instock","13":"taxable","14":"shipping-taxable","15":"purchasable","16":"product-type-simple"},"acf":[],"yoast_head":"<!-- This site is optimized with the Yoast SEO plugin v27.4 - https:\/\/yoast.com\/product\/yoast-seo-wordpress\/ -->\n<title>Tsukuyumi - Upgrade kit - Don&#039;t Panic Games<\/title>\n<meta name=\"robots\" content=\"index, follow, max-snippet:-1, max-image-preview:large, max-video-preview:-1\" \/>\n<link rel=\"canonical\" href=\"https:\/\/www.dontpanicgames.com\/fr\/shop\/jeux\/tsukuyumi-upgrade-kit\/\" \/>\n<meta property=\"og:locale\" content=\"fr_FR\" \/>\n<meta property=\"og:type\" content=\"article\" \/>\n<meta property=\"og:title\" content=\"Tsukuyumi - Upgrade kit - Don&#039;t Panic Games\" \/>\n<meta property=\"og:description\" content=\"En exclusivit\u00e9 sur notre boutique et dans la limite des stocks disponibles, faites passer vos parties de Tsukuyumi - Chute de Lune \u00e0 la vitesse sup\u00e9rieure, gr\u00e2ce au kit d&#039;am\u00e9lioration incluant les r\u00e9compenses exclusives de la campagne de financement participatif.  Contenu :    9 figurines d&#039;Oni L\u00e9gendaires  4 figurines d&#039;unit\u00e9s KG3 am\u00e9lior\u00e9es  9 figurines de mascotte de faction  15 marqueurs en plastique d&#039;\u0153uf de la Nu\u00e9e Noire  15 marqueurs en plastique de mine des Nomades  5 marqueurs en plastique de pistolet des Nomades  5 marqueurs en plastique de fusil des Nomades  2 marqueurs en plastique de grenade des Nomades  2 marqueurs en plastique d&#039;attaque de missiles des Cybersamurai    5 marqueurs en plastique de barricade des Seigneurs Sangliers   5 marqueurs en plastique de tunnel des Seigneurs Sangliers   10 marqueurs en plastique de forteresse des Seigneurs Sangliers   10 marqueurs en plastique de couverture des Seigneurs Sangliers   1 tuile Profanateur Oni   88 cartes: 12 cartes avantages de d\u00e9part, 10 \u00e9v\u00e9nements \u00e9piques, 8 objectifs alternatifs, 40 \u00e9v\u00e9nements de faction, 9 Oni l\u00e9gendaires (y compris une carte d&#039;attaque sp\u00e9ciale pour la Terreur d&#039;En-Haut), 3 missions Oni, 6 pouvoirs Oni  Retrouvez tout l\u2019univers de TSUKUYUMI en cliquant ici.\" \/>\n<meta property=\"og:url\" content=\"https:\/\/www.dontpanicgames.com\/fr\/shop\/jeux\/tsukuyumi-upgrade-kit\/\" \/>\n<meta property=\"og:site_name\" content=\"Don&#039;t Panic Games\" \/>\n<meta property=\"article:publisher\" content=\"https:\/\/www.facebook.com\/dontpanicgames\/\" \/>\n<meta property=\"article:modified_time\" content=\"2026-01-26T18:40:29+00:00\" \/>\n<meta property=\"og:image\" content=\"https:\/\/www.dontpanicgames.com\/wp-content\/uploads\/2021\/03\/tsukuyumi-pack_leader1.jpg\" \/>\n\t<meta property=\"og:image:width\" content=\"1000\" \/>\n\t<meta property=\"og:image:height\" content=\"560\" \/>\n\t<meta property=\"og:image:type\" content=\"image\/jpeg\" \/>\n<meta name=\"twitter:card\" content=\"summary_large_image\" \/>\n<meta name=\"twitter:site\" content=\"@DontPanicGames1\" \/>\n<script type=\"application\/ld+json\" class=\"yoast-schema-graph\">{\"@context\":\"https:\\\/\\\/schema.org\",\"@graph\":[{\"@type\":\"WebPage\",\"@id\":\"https:\\\/\\\/www.dontpanicgames.com\\\/fr\\\/shop\\\/jeux\\\/tsukuyumi-upgrade-kit\\\/\",\"url\":\"https:\\\/\\\/www.dontpanicgames.com\\\/fr\\\/shop\\\/jeux\\\/tsukuyumi-upgrade-kit\\\/\",\"name\":\"Tsukuyumi - Upgrade kit - Don&#039;t Panic Games\",\"isPartOf\":{\"@id\":\"https:\\\/\\\/www.dontpanicgames.com\\\/fr\\\/#website\"},\"primaryImageOfPage\":{\"@id\":\"https:\\\/\\\/www.dontpanicgames.com\\\/fr\\\/shop\\\/jeux\\\/tsukuyumi-upgrade-kit\\\/#primaryimage\"},\"image\":{\"@id\":\"https:\\\/\\\/www.dontpanicgames.com\\\/fr\\\/shop\\\/jeux\\\/tsukuyumi-upgrade-kit\\\/#primaryimage\"},\"thumbnailUrl\":\"https:\\\/\\\/www.dontpanicgames.com\\\/wp-content\\\/uploads\\\/2021\\\/03\\\/tsukuyumi-pack_leader_set-1.jpg\",\"datePublished\":\"2021-03-30T11:39:08+00:00\",\"dateModified\":\"2026-01-26T18:40:29+00:00\",\"breadcrumb\":{\"@id\":\"https:\\\/\\\/www.dontpanicgames.com\\\/fr\\\/shop\\\/jeux\\\/tsukuyumi-upgrade-kit\\\/#breadcrumb\"},\"inLanguage\":\"fr-FR\",\"potentialAction\":[{\"@type\":\"ReadAction\",\"target\":[\"https:\\\/\\\/www.dontpanicgames.com\\\/fr\\\/shop\\\/jeux\\\/tsukuyumi-upgrade-kit\\\/\"]}]},{\"@type\":\"ImageObject\",\"inLanguage\":\"fr-FR\",\"@id\":\"https:\\\/\\\/www.dontpanicgames.com\\\/fr\\\/shop\\\/jeux\\\/tsukuyumi-upgrade-kit\\\/#primaryimage\",\"url\":\"https:\\\/\\\/www.dontpanicgames.com\\\/wp-content\\\/uploads\\\/2021\\\/03\\\/tsukuyumi-pack_leader_set-1.jpg\",\"contentUrl\":\"https:\\\/\\\/www.dontpanicgames.com\\\/wp-content\\\/uploads\\\/2021\\\/03\\\/tsukuyumi-pack_leader_set-1.jpg\",\"width\":1000,\"height\":1000},{\"@type\":\"BreadcrumbList\",\"@id\":\"https:\\\/\\\/www.dontpanicgames.com\\\/fr\\\/shop\\\/jeux\\\/tsukuyumi-upgrade-kit\\\/#breadcrumb\",\"itemListElement\":[{\"@type\":\"ListItem\",\"position\":1,\"name\":\"Accueil\",\"item\":\"https:\\\/\\\/www.dontpanicgames.com\\\/fr\\\/\"},{\"@type\":\"ListItem\",\"position\":2,\"name\":\"Nos jeux\",\"item\":\"https:\\\/\\\/www.dontpanicgames.com\\\/fr\\\/nos-jeux\\\/\"},{\"@type\":\"ListItem\",\"position\":3,\"name\":\"Jeux\",\"item\":\"https:\\\/\\\/www.dontpanicgames.com\\\/fr\\\/shop\\\/c\\\/jeux\\\/\"},{\"@type\":\"ListItem\",\"position\":4,\"name\":\"Tsukuyumi &#8211; Upgrade kit\"}]},{\"@type\":\"WebSite\",\"@id\":\"https:\\\/\\\/www.dontpanicgames.com\\\/fr\\\/#website\",\"url\":\"https:\\\/\\\/www.dontpanicgames.com\\\/fr\\\/\",\"name\":\"Don't Panic Games\",\"description\":\"Don&#039;t Panic Games.com website\",\"potentialAction\":[{\"@type\":\"SearchAction\",\"target\":{\"@type\":\"EntryPoint\",\"urlTemplate\":\"https:\\\/\\\/www.dontpanicgames.com\\\/fr\\\/?s={search_term_string}\"},\"query-input\":{\"@type\":\"PropertyValueSpecification\",\"valueRequired\":true,\"valueName\":\"search_term_string\"}}],\"inLanguage\":\"fr-FR\"}]}<\/script>\n<!-- \/ Yoast SEO plugin. -->","yoast_head_json":{"title":"Tsukuyumi - Upgrade kit - Don&#039;t Panic Games","robots":{"index":"index","follow":"follow","max-snippet":"max-snippet:-1","max-image-preview":"max-image-preview:large","max-video-preview":"max-video-preview:-1"},"canonical":"https:\/\/www.dontpanicgames.com\/fr\/shop\/jeux\/tsukuyumi-upgrade-kit\/","og_locale":"fr_FR","og_type":"article","og_title":"Tsukuyumi - Upgrade kit - Don&#039;t Panic Games","og_description":"En exclusivit\u00e9 sur notre boutique et dans la limite des stocks disponibles, faites passer vos parties de Tsukuyumi - Chute de Lune \u00e0 la vitesse sup\u00e9rieure, gr\u00e2ce au kit d'am\u00e9lioration incluant les r\u00e9compenses exclusives de la campagne de financement participatif.  Contenu :    9 figurines d'Oni L\u00e9gendaires  4 figurines d'unit\u00e9s KG3 am\u00e9lior\u00e9es  9 figurines de mascotte de faction  15 marqueurs en plastique d'\u0153uf de la Nu\u00e9e Noire  15 marqueurs en plastique de mine des Nomades  5 marqueurs en plastique de pistolet des Nomades  5 marqueurs en plastique de fusil des Nomades  2 marqueurs en plastique de grenade des Nomades  2 marqueurs en plastique d'attaque de missiles des Cybersamurai    5 marqueurs en plastique de barricade des Seigneurs Sangliers   5 marqueurs en plastique de tunnel des Seigneurs Sangliers   10 marqueurs en plastique de forteresse des Seigneurs Sangliers   10 marqueurs en plastique de couverture des Seigneurs Sangliers   1 tuile Profanateur Oni   88 cartes: 12 cartes avantages de d\u00e9part, 10 \u00e9v\u00e9nements \u00e9piques, 8 objectifs alternatifs, 40 \u00e9v\u00e9nements de faction, 9 Oni l\u00e9gendaires (y compris une carte d'attaque sp\u00e9ciale pour la Terreur d'En-Haut), 3 missions Oni, 6 pouvoirs Oni  Retrouvez tout l\u2019univers de TSUKUYUMI en cliquant ici.","og_url":"https:\/\/www.dontpanicgames.com\/fr\/shop\/jeux\/tsukuyumi-upgrade-kit\/","og_site_name":"Don&#039;t Panic Games","article_publisher":"https:\/\/www.facebook.com\/dontpanicgames\/","article_modified_time":"2026-01-26T18:40:29+00:00","og_image":[{"width":1000,"height":560,"url":"https:\/\/www.dontpanicgames.com\/wp-content\/uploads\/2021\/03\/tsukuyumi-pack_leader1.jpg","type":"image\/jpeg"}],"twitter_card":"summary_large_image","twitter_site":"@DontPanicGames1","schema":{"@context":"https:\/\/schema.org","@graph":[{"@type":"WebPage","@id":"https:\/\/www.dontpanicgames.com\/fr\/shop\/jeux\/tsukuyumi-upgrade-kit\/","url":"https:\/\/www.dontpanicgames.com\/fr\/shop\/jeux\/tsukuyumi-upgrade-kit\/","name":"Tsukuyumi - Upgrade kit - Don&#039;t Panic Games","isPartOf":{"@id":"https:\/\/www.dontpanicgames.com\/fr\/#website"},"primaryImageOfPage":{"@id":"https:\/\/www.dontpanicgames.com\/fr\/shop\/jeux\/tsukuyumi-upgrade-kit\/#primaryimage"},"image":{"@id":"https:\/\/www.dontpanicgames.com\/fr\/shop\/jeux\/tsukuyumi-upgrade-kit\/#primaryimage"},"thumbnailUrl":"https:\/\/www.dontpanicgames.com\/wp-content\/uploads\/2021\/03\/tsukuyumi-pack_leader_set-1.jpg","datePublished":"2021-03-30T11:39:08+00:00","dateModified":"2026-01-26T18:40:29+00:00","breadcrumb":{"@id":"https:\/\/www.dontpanicgames.com\/fr\/shop\/jeux\/tsukuyumi-upgrade-kit\/#breadcrumb"},"inLanguage":"fr-FR","potentialAction":[{"@type":"ReadAction","target":["https:\/\/www.dontpanicgames.com\/fr\/shop\/jeux\/tsukuyumi-upgrade-kit\/"]}]},{"@type":"ImageObject","inLanguage":"fr-FR","@id":"https:\/\/www.dontpanicgames.com\/fr\/shop\/jeux\/tsukuyumi-upgrade-kit\/#primaryimage","url":"https:\/\/www.dontpanicgames.com\/wp-content\/uploads\/2021\/03\/tsukuyumi-pack_leader_set-1.jpg","contentUrl":"https:\/\/www.dontpanicgames.com\/wp-content\/uploads\/2021\/03\/tsukuyumi-pack_leader_set-1.jpg","width":1000,"height":1000},{"@type":"BreadcrumbList","@id":"https:\/\/www.dontpanicgames.com\/fr\/shop\/jeux\/tsukuyumi-upgrade-kit\/#breadcrumb","itemListElement":[{"@type":"ListItem","position":1,"name":"Accueil","item":"https:\/\/www.dontpanicgames.com\/fr\/"},{"@type":"ListItem","position":2,"name":"Nos jeux","item":"https:\/\/www.dontpanicgames.com\/fr\/nos-jeux\/"},{"@type":"ListItem","position":3,"name":"Jeux","item":"https:\/\/www.dontpanicgames.com\/fr\/shop\/c\/jeux\/"},{"@type":"ListItem","position":4,"name":"Tsukuyumi &#8211; Upgrade kit"}]},{"@type":"WebSite","@id":"https:\/\/www.dontpanicgames.com\/fr\/#website","url":"https:\/\/www.dontpanicgames.com\/fr\/","name":"Don't Panic Games","description":"Don&#039;t Panic Games.com website","potentialAction":[{"@type":"SearchAction","target":{"@type":"EntryPoint","urlTemplate":"https:\/\/www.dontpanicgames.com\/fr\/?s={search_term_string}"},"query-input":{"@type":"PropertyValueSpecification","valueRequired":true,"valueName":"search_term_string"}}],"inLanguage":"fr-FR"}]}},"_links":{"self":[{"href":"https:\/\/www.dontpanicgames.com\/fr\/wp-json\/wp\/v2\/product\/25293","targetHints":{"allow":["GET"]}}],"collection":[{"href":"https:\/\/www.dontpanicgames.com\/fr\/wp-json\/wp\/v2\/product"}],"about":[{"href":"https:\/\/www.dontpanicgames.com\/fr\/wp-json\/wp\/v2\/types\/product"}],"wp:featuredmedia":[{"embeddable":true,"href":"https:\/\/www.dontpanicgames.com\/fr\/wp-json\/wp\/v2\/media\/25303"}],"wp:attachment":[{"href":"https:\/\/www.dontpanicgames.com\/fr\/wp-json\/wp\/v2\/media?parent=25293"}],"wp:term":[{"taxonomy":"product_brand","embeddable":true,"href":"https:\/\/www.dontpanicgames.com\/fr\/wp-json\/wp\/v2\/product_brand?post=25293"},{"taxonomy":"product_cat","embeddable":true,"href":"https:\/\/www.dontpanicgames.com\/fr\/wp-json\/wp\/v2\/product_cat?post=25293"},{"taxonomy":"product_tag","embeddable":true,"href":"https:\/\/www.dontpanicgames.com\/fr\/wp-json\/wp\/v2\/product_tag?post=25293"}],"curies":[{"name":"wp","href":"https:\/\/api.w.org\/{rel}","templated":true}]}}