{"id":21666,"date":"2020-07-10T08:39:28","date_gmt":"2020-07-10T07:39:28","guid":{"rendered":"https:\/\/www.dontpanicgames.com\/?post_type=product&#038;p=21666"},"modified":"2025-01-11T10:26:20","modified_gmt":"2025-01-11T09:26:20","slug":"offre-heros","status":"publish","type":"product","link":"https:\/\/www.dontpanicgames.com\/fr\/shop\/jeux\/offre-heros\/","title":{"rendered":"Offre H\u00e9ros"},"content":{"rendered":"<span class=\"et_bloom_bottom_trigger\"><\/span>","protected":false},"excerpt":{"rendered":"<p>Dans le m\u00eame lot, obtenez 2 jeux de Deck-Building (<em><strong>DC Comics Deck-Building Games<\/strong><\/em>\u00a0+\u00a0<em><strong>DC Rivals : Batman vs Joker<\/strong><\/em>), un\u00a0<strong><em>Battle Quiz : Super-H\u00e9ros<\/em><\/strong>\u00a0et un mook\u00a0<strong>H\u00e9ros hors-s\u00e9rie Stan Lee<\/strong> !<\/p>\n<ul>\n<li>Dans le jeu\u00a0<em><strong>Deck-Building DC Comics Games<\/strong><\/em>,\u00a0vous incarnez le r\u00f4le de\u00a0Batman\u2122,\u00a0Superman\u2122 ou l\u2019un de leur brave et h\u00e9ro\u00efque alli\u00e9 dans la lutte contre les Super-Vilains ! De 2 \u00e0 5 joueurs, ce jeu est la premi\u00e8re bo\u00eete de notre gamme DC Comics Deck-Building. Retrouvez toutes les informations sur le jeu\u00a0<a href=\"https:\/\/www.dontpanicgames.com\/fr\/jeux\/dc-comics-deck-building-game\/\" target=\"_blank\" rel=\"noopener noreferrer\" data-saferedirecturl=\"https:\/\/www.google.com\/url?q=https:\/\/www.dontpanicgames.com\/fr\/jeux\/dc-comics-deck-building-game\/&amp;source=gmail&amp;ust=1594451664685000&amp;usg=AFQjCNG6vGKLJew1wBbDLn114CoNXIqzGg\">DC Comics Deck-Building Games en cliquant ici<\/a>.<\/li>\n<\/ul>\n<ul>\n<li>Dans\u00a0<em><strong>DC Rivals : Batman VS Le Joker<\/strong><\/em>, incarnez le Justicier Masqu\u00e9 ou le Prince du Crime dans le plus grand duel de tous les temps ! Ce jeu est id\u00e9al pour s\u2019affronter en duel, avec un mode de confrontation exclusif \u00e0 cette version.\u00a0<a href=\"https:\/\/www.dontpanicgames.com\/fr\/shop\/jeux\/dc-rivals-batman-vs-le-joker\/\" target=\"_blank\" rel=\"noopener noreferrer\" data-saferedirecturl=\"https:\/\/www.google.com\/url?q=https:\/\/www.dontpanicgames.com\/fr\/shop\/jeux\/dc-rivals-batman-vs-le-joker\/&amp;source=gmail&amp;ust=1594451664686000&amp;usg=AFQjCNEtm8Bs8zLRSkMYUwxnEEVjqyyA2g\">Retrouvez plus d\u2019informations DC Rivals : Batman VS Le Joker en cliquant ici.<\/a><\/li>\n<\/ul>\n<ul>\n<li>Le\u00a0<em><strong>Battle Quiz Super-H\u00e9ros<\/strong><\/em>\u00a0contient 125 cartes regroupant 500 questions diff\u00e9rentes sur l\u2019univers des Super-H\u00e9ros, ainsi qu\u2019un livret explicatif avec les r\u00e8gles du Battle Quiz et des r\u00e9ponses compl\u00e9mentaires. Les diff\u00e9rentes cat\u00e9gories du quiz sont\u00a0<strong>Comics,\u00a0S\u00e9ries T.V,\u00a0Cin\u00e9ma,\u00a0Top secret ! Marvel Cinematic Univers<\/strong>.\u00a0Retrouvez plus d\u2019informations sur le\u00a0<a href=\"https:\/\/www.dontpanicgames.com\/fr\/shop\/quiz\/battle-quiz-super-heros\/\" target=\"_blank\" rel=\"noopener noreferrer\" data-saferedirecturl=\"https:\/\/www.google.com\/url?q=https:\/\/www.dontpanicgames.com\/fr\/shop\/quiz\/battle-quiz-super-heros\/&amp;source=gmail&amp;ust=1594451664686000&amp;usg=AFQjCNHanzCheLsaQHa6BopAilghXwlmYg\">Battle Quiz Super-H\u00e9ros en cliquant ici<\/a>.<\/li>\n<\/ul>\n<ul>\n<li>Le mook\u00a0<strong>H\u00e9ros hors s\u00e9rie Stan Lee<\/strong>\u00a0quand \u00e0 lui a \u00e9t\u00e9 r\u00e9alis\u00e9 avec par l\u2019\u00e9diteur\u00a0<a href=\"https:\/\/ynnis-editions.fr\/\" target=\"_blank\" rel=\"noopener noreferrer\" data-saferedirecturl=\"https:\/\/www.google.com\/url?q=https:\/\/ynnis-editions.fr\/&amp;source=gmail&amp;ust=1594451664686000&amp;usg=AFQjCNFtjYI09OZJxhm0s67kcWsYiYlFFQ\">Ynnis \u00c9ditions<\/a>, un an apr\u00e8s la disparition de Stan Lee, \u00ab\u00a0The Man\u00a0\u00bb, papa de Spider-Man, Hulk,\u00a0Iron Man, les Avengers, et tant d\u2019autres personnages embl\u00e9matiques.\u00a0<a href=\"https:\/\/ynnis-editions.fr\/produit\/heros-hs1-stan-lee\/\" target=\"_blank\" rel=\"noopener noreferrer\" data-saferedirecturl=\"https:\/\/www.google.com\/url?q=https:\/\/ynnis-editions.fr\/produit\/heros-hs1-stan-lee\/&amp;source=gmail&amp;ust=1594451664686000&amp;usg=AFQjCNGKpsuhjS_ESzEn8JbMQsNpkmYO4g\">Retrouvez plus d\u2019informations sur ce mook H\u00e9ros en cliquant ici.<\/a><\/li>\n<\/ul>\n","protected":false},"featured_media":21692,"template":"","meta":{"_acf_changed":false},"product_brand":[],"product_cat":[667,381,664],"product_tag":[671],"class_list":{"0":"post-21666","1":"product","2":"type-product","3":"status-publish","4":"has-post-thumbnail","6":"product_cat-dc-deck-building-game","7":"product_cat-jeux","8":"product_cat-quiz","9":"product_tag-deck-building-fr","10":"product_shipping_class-standard-fr","12":"first","13":"outofstock","14":"taxable","15":"shipping-taxable","16":"purchasable","17":"product-type-simple"},"acf":[],"yoast_head":"<!-- This site is optimized with the Yoast SEO plugin v27.4 - https:\/\/yoast.com\/product\/yoast-seo-wordpress\/ -->\n<title>Offre H\u00e9ros - Don&#039;t Panic Games<\/title>\n<meta name=\"robots\" content=\"index, follow, max-snippet:-1, max-image-preview:large, max-video-preview:-1\" \/>\n<link rel=\"canonical\" href=\"https:\/\/www.dontpanicgames.com\/fr\/shop\/jeux\/offre-heros\/\" \/>\n<meta property=\"og:locale\" content=\"fr_FR\" \/>\n<meta property=\"og:type\" content=\"article\" \/>\n<meta property=\"og:title\" content=\"Offre H\u00e9ros - Don&#039;t Panic Games\" \/>\n<meta property=\"og:description\" content=\"Dans le m\u00eame lot, obtenez 2 jeux de Deck-Building (DC Comics Deck-Building Games\u00a0+\u00a0DC Rivals : Batman vs Joker), un\u00a0Battle Quiz : Super-H\u00e9ros\u00a0et un mook\u00a0H\u00e9ros hors-s\u00e9rie Stan Lee !   Dans le jeu\u00a0Deck-Building DC Comics Games,\u00a0vous incarnez le r\u00f4le de\u00a0Batman\u2122,\u00a0Superman\u2122 ou l\u2019un de leur brave et h\u00e9ro\u00efque alli\u00e9 dans la lutte contre les Super-Vilains ! De 2 \u00e0 5 joueurs, ce jeu est la premi\u00e8re bo\u00eete de notre gamme DC Comics Deck-Building. Retrouvez toutes les informations sur le jeu\u00a0DC Comics Deck-Building Games en cliquant ici.    Dans\u00a0DC Rivals : Batman VS Le Joker, incarnez le Justicier Masqu\u00e9 ou le Prince du Crime dans le plus grand duel de tous les temps ! Ce jeu est id\u00e9al pour s\u2019affronter en duel, avec un mode de confrontation exclusif \u00e0 cette version.\u00a0Retrouvez plus d\u2019informations DC Rivals : Batman VS Le Joker en cliquant ici.    Le\u00a0Battle Quiz Super-H\u00e9ros\u00a0contient 125 cartes regroupant 500 questions diff\u00e9rentes sur l\u2019univers des Super-H\u00e9ros, ainsi qu\u2019un livret explicatif avec les r\u00e8gles du Battle Quiz et des r\u00e9ponses compl\u00e9mentaires. Les diff\u00e9rentes cat\u00e9gories du quiz sont\u00a0Comics,\u00a0S\u00e9ries T.V,\u00a0Cin\u00e9ma,\u00a0Top secret ! Marvel Cinematic Univers.\u00a0Retrouvez plus d\u2019informations sur le\u00a0Battle Quiz Super-H\u00e9ros en cliquant ici.    Le mook\u00a0H\u00e9ros hors s\u00e9rie Stan Lee\u00a0quand \u00e0 lui a \u00e9t\u00e9 r\u00e9alis\u00e9 avec par l\u2019\u00e9diteur\u00a0Ynnis \u00c9ditions, un an apr\u00e8s la disparition de Stan Lee, \u00ab\u00a0The Man\u00a0\u00bb, papa de Spider-Man, Hulk,\u00a0Iron Man, les Avengers, et tant d\u2019autres personnages embl\u00e9matiques.\u00a0Retrouvez plus d\u2019informations sur ce mook H\u00e9ros en cliquant ici.\" \/>\n<meta property=\"og:url\" content=\"https:\/\/www.dontpanicgames.com\/fr\/shop\/jeux\/offre-heros\/\" \/>\n<meta property=\"og:site_name\" content=\"Don&#039;t Panic Games\" \/>\n<meta property=\"article:publisher\" content=\"https:\/\/www.facebook.com\/dontpanicgames\/\" \/>\n<meta property=\"article:modified_time\" content=\"2025-01-11T09:26:20+00:00\" \/>\n<meta property=\"og:image\" content=\"https:\/\/www.dontpanicgames.com\/wp-content\/uploads\/2017\/01\/logo-dpg.png\" \/>\n\t<meta property=\"og:image:width\" content=\"180\" \/>\n\t<meta property=\"og:image:height\" content=\"180\" \/>\n\t<meta property=\"og:image:type\" content=\"image\/png\" \/>\n<meta name=\"twitter:card\" content=\"summary_large_image\" \/>\n<meta name=\"twitter:site\" content=\"@DontPanicGames1\" \/>\n<script type=\"application\/ld+json\" class=\"yoast-schema-graph\">{\"@context\":\"https:\\\/\\\/schema.org\",\"@graph\":[{\"@type\":\"WebPage\",\"@id\":\"https:\\\/\\\/www.dontpanicgames.com\\\/fr\\\/shop\\\/jeux\\\/offre-heros\\\/\",\"url\":\"https:\\\/\\\/www.dontpanicgames.com\\\/fr\\\/shop\\\/jeux\\\/offre-heros\\\/\",\"name\":\"Offre H\u00e9ros - Don&#039;t Panic Games\",\"isPartOf\":{\"@id\":\"https:\\\/\\\/www.dontpanicgames.com\\\/fr\\\/#website\"},\"primaryImageOfPage\":{\"@id\":\"https:\\\/\\\/www.dontpanicgames.com\\\/fr\\\/shop\\\/jeux\\\/offre-heros\\\/#primaryimage\"},\"image\":{\"@id\":\"https:\\\/\\\/www.dontpanicgames.com\\\/fr\\\/shop\\\/jeux\\\/offre-heros\\\/#primaryimage\"},\"thumbnailUrl\":\"https:\\\/\\\/www.dontpanicgames.com\\\/wp-content\\\/uploads\\\/2020\\\/07\\\/offre-heros-2.jpg\",\"datePublished\":\"2020-07-10T07:39:28+00:00\",\"dateModified\":\"2025-01-11T09:26:20+00:00\",\"breadcrumb\":{\"@id\":\"https:\\\/\\\/www.dontpanicgames.com\\\/fr\\\/shop\\\/jeux\\\/offre-heros\\\/#breadcrumb\"},\"inLanguage\":\"fr-FR\",\"potentialAction\":[{\"@type\":\"ReadAction\",\"target\":[\"https:\\\/\\\/www.dontpanicgames.com\\\/fr\\\/shop\\\/jeux\\\/offre-heros\\\/\"]}]},{\"@type\":\"ImageObject\",\"inLanguage\":\"fr-FR\",\"@id\":\"https:\\\/\\\/www.dontpanicgames.com\\\/fr\\\/shop\\\/jeux\\\/offre-heros\\\/#primaryimage\",\"url\":\"https:\\\/\\\/www.dontpanicgames.com\\\/wp-content\\\/uploads\\\/2020\\\/07\\\/offre-heros-2.jpg\",\"contentUrl\":\"https:\\\/\\\/www.dontpanicgames.com\\\/wp-content\\\/uploads\\\/2020\\\/07\\\/offre-heros-2.jpg\",\"width\":625,\"height\":625},{\"@type\":\"BreadcrumbList\",\"@id\":\"https:\\\/\\\/www.dontpanicgames.com\\\/fr\\\/shop\\\/jeux\\\/offre-heros\\\/#breadcrumb\",\"itemListElement\":[{\"@type\":\"ListItem\",\"position\":1,\"name\":\"Accueil\",\"item\":\"https:\\\/\\\/www.dontpanicgames.com\\\/fr\\\/\"},{\"@type\":\"ListItem\",\"position\":2,\"name\":\"Nos jeux\",\"item\":\"https:\\\/\\\/www.dontpanicgames.com\\\/fr\\\/nos-jeux\\\/\"},{\"@type\":\"ListItem\",\"position\":3,\"name\":\"Jeux\",\"item\":\"https:\\\/\\\/www.dontpanicgames.com\\\/fr\\\/shop\\\/c\\\/jeux\\\/\"},{\"@type\":\"ListItem\",\"position\":4,\"name\":\"Offre H\u00e9ros\"}]},{\"@type\":\"WebSite\",\"@id\":\"https:\\\/\\\/www.dontpanicgames.com\\\/fr\\\/#website\",\"url\":\"https:\\\/\\\/www.dontpanicgames.com\\\/fr\\\/\",\"name\":\"Don't Panic Games\",\"description\":\"Don&#039;t Panic Games.com website\",\"potentialAction\":[{\"@type\":\"SearchAction\",\"target\":{\"@type\":\"EntryPoint\",\"urlTemplate\":\"https:\\\/\\\/www.dontpanicgames.com\\\/fr\\\/?s={search_term_string}\"},\"query-input\":{\"@type\":\"PropertyValueSpecification\",\"valueRequired\":true,\"valueName\":\"search_term_string\"}}],\"inLanguage\":\"fr-FR\"}]}<\/script>\n<!-- \/ Yoast SEO plugin. -->","yoast_head_json":{"title":"Offre H\u00e9ros - Don&#039;t Panic Games","robots":{"index":"index","follow":"follow","max-snippet":"max-snippet:-1","max-image-preview":"max-image-preview:large","max-video-preview":"max-video-preview:-1"},"canonical":"https:\/\/www.dontpanicgames.com\/fr\/shop\/jeux\/offre-heros\/","og_locale":"fr_FR","og_type":"article","og_title":"Offre H\u00e9ros - Don&#039;t Panic Games","og_description":"Dans le m\u00eame lot, obtenez 2 jeux de Deck-Building (DC Comics Deck-Building Games\u00a0+\u00a0DC Rivals : Batman vs Joker), un\u00a0Battle Quiz : Super-H\u00e9ros\u00a0et un mook\u00a0H\u00e9ros hors-s\u00e9rie Stan Lee !   Dans le jeu\u00a0Deck-Building DC Comics Games,\u00a0vous incarnez le r\u00f4le de\u00a0Batman\u2122,\u00a0Superman\u2122 ou l\u2019un de leur brave et h\u00e9ro\u00efque alli\u00e9 dans la lutte contre les Super-Vilains ! De 2 \u00e0 5 joueurs, ce jeu est la premi\u00e8re bo\u00eete de notre gamme DC Comics Deck-Building. Retrouvez toutes les informations sur le jeu\u00a0DC Comics Deck-Building Games en cliquant ici.    Dans\u00a0DC Rivals : Batman VS Le Joker, incarnez le Justicier Masqu\u00e9 ou le Prince du Crime dans le plus grand duel de tous les temps ! Ce jeu est id\u00e9al pour s\u2019affronter en duel, avec un mode de confrontation exclusif \u00e0 cette version.\u00a0Retrouvez plus d\u2019informations DC Rivals : Batman VS Le Joker en cliquant ici.    Le\u00a0Battle Quiz Super-H\u00e9ros\u00a0contient 125 cartes regroupant 500 questions diff\u00e9rentes sur l\u2019univers des Super-H\u00e9ros, ainsi qu\u2019un livret explicatif avec les r\u00e8gles du Battle Quiz et des r\u00e9ponses compl\u00e9mentaires. Les diff\u00e9rentes cat\u00e9gories du quiz sont\u00a0Comics,\u00a0S\u00e9ries T.V,\u00a0Cin\u00e9ma,\u00a0Top secret ! Marvel Cinematic Univers.\u00a0Retrouvez plus d\u2019informations sur le\u00a0Battle Quiz Super-H\u00e9ros en cliquant ici.    Le mook\u00a0H\u00e9ros hors s\u00e9rie Stan Lee\u00a0quand \u00e0 lui a \u00e9t\u00e9 r\u00e9alis\u00e9 avec par l\u2019\u00e9diteur\u00a0Ynnis \u00c9ditions, un an apr\u00e8s la disparition de Stan Lee, \u00ab\u00a0The Man\u00a0\u00bb, papa de Spider-Man, Hulk,\u00a0Iron Man, les Avengers, et tant d\u2019autres personnages embl\u00e9matiques.\u00a0Retrouvez plus d\u2019informations sur ce mook H\u00e9ros en cliquant ici.","og_url":"https:\/\/www.dontpanicgames.com\/fr\/shop\/jeux\/offre-heros\/","og_site_name":"Don&#039;t Panic Games","article_publisher":"https:\/\/www.facebook.com\/dontpanicgames\/","article_modified_time":"2025-01-11T09:26:20+00:00","og_image":[{"width":180,"height":180,"url":"https:\/\/www.dontpanicgames.com\/wp-content\/uploads\/2017\/01\/logo-dpg.png","type":"image\/png"}],"twitter_card":"summary_large_image","twitter_site":"@DontPanicGames1","schema":{"@context":"https:\/\/schema.org","@graph":[{"@type":"WebPage","@id":"https:\/\/www.dontpanicgames.com\/fr\/shop\/jeux\/offre-heros\/","url":"https:\/\/www.dontpanicgames.com\/fr\/shop\/jeux\/offre-heros\/","name":"Offre H\u00e9ros - Don&#039;t Panic Games","isPartOf":{"@id":"https:\/\/www.dontpanicgames.com\/fr\/#website"},"primaryImageOfPage":{"@id":"https:\/\/www.dontpanicgames.com\/fr\/shop\/jeux\/offre-heros\/#primaryimage"},"image":{"@id":"https:\/\/www.dontpanicgames.com\/fr\/shop\/jeux\/offre-heros\/#primaryimage"},"thumbnailUrl":"https:\/\/www.dontpanicgames.com\/wp-content\/uploads\/2020\/07\/offre-heros-2.jpg","datePublished":"2020-07-10T07:39:28+00:00","dateModified":"2025-01-11T09:26:20+00:00","breadcrumb":{"@id":"https:\/\/www.dontpanicgames.com\/fr\/shop\/jeux\/offre-heros\/#breadcrumb"},"inLanguage":"fr-FR","potentialAction":[{"@type":"ReadAction","target":["https:\/\/www.dontpanicgames.com\/fr\/shop\/jeux\/offre-heros\/"]}]},{"@type":"ImageObject","inLanguage":"fr-FR","@id":"https:\/\/www.dontpanicgames.com\/fr\/shop\/jeux\/offre-heros\/#primaryimage","url":"https:\/\/www.dontpanicgames.com\/wp-content\/uploads\/2020\/07\/offre-heros-2.jpg","contentUrl":"https:\/\/www.dontpanicgames.com\/wp-content\/uploads\/2020\/07\/offre-heros-2.jpg","width":625,"height":625},{"@type":"BreadcrumbList","@id":"https:\/\/www.dontpanicgames.com\/fr\/shop\/jeux\/offre-heros\/#breadcrumb","itemListElement":[{"@type":"ListItem","position":1,"name":"Accueil","item":"https:\/\/www.dontpanicgames.com\/fr\/"},{"@type":"ListItem","position":2,"name":"Nos jeux","item":"https:\/\/www.dontpanicgames.com\/fr\/nos-jeux\/"},{"@type":"ListItem","position":3,"name":"Jeux","item":"https:\/\/www.dontpanicgames.com\/fr\/shop\/c\/jeux\/"},{"@type":"ListItem","position":4,"name":"Offre H\u00e9ros"}]},{"@type":"WebSite","@id":"https:\/\/www.dontpanicgames.com\/fr\/#website","url":"https:\/\/www.dontpanicgames.com\/fr\/","name":"Don't Panic Games","description":"Don&#039;t Panic Games.com website","potentialAction":[{"@type":"SearchAction","target":{"@type":"EntryPoint","urlTemplate":"https:\/\/www.dontpanicgames.com\/fr\/?s={search_term_string}"},"query-input":{"@type":"PropertyValueSpecification","valueRequired":true,"valueName":"search_term_string"}}],"inLanguage":"fr-FR"}]}},"_links":{"self":[{"href":"https:\/\/www.dontpanicgames.com\/fr\/wp-json\/wp\/v2\/product\/21666","targetHints":{"allow":["GET"]}}],"collection":[{"href":"https:\/\/www.dontpanicgames.com\/fr\/wp-json\/wp\/v2\/product"}],"about":[{"href":"https:\/\/www.dontpanicgames.com\/fr\/wp-json\/wp\/v2\/types\/product"}],"wp:featuredmedia":[{"embeddable":true,"href":"https:\/\/www.dontpanicgames.com\/fr\/wp-json\/wp\/v2\/media\/21692"}],"wp:attachment":[{"href":"https:\/\/www.dontpanicgames.com\/fr\/wp-json\/wp\/v2\/media?parent=21666"}],"wp:term":[{"taxonomy":"product_brand","embeddable":true,"href":"https:\/\/www.dontpanicgames.com\/fr\/wp-json\/wp\/v2\/product_brand?post=21666"},{"taxonomy":"product_cat","embeddable":true,"href":"https:\/\/www.dontpanicgames.com\/fr\/wp-json\/wp\/v2\/product_cat?post=21666"},{"taxonomy":"product_tag","embeddable":true,"href":"https:\/\/www.dontpanicgames.com\/fr\/wp-json\/wp\/v2\/product_tag?post=21666"}],"curies":[{"name":"wp","href":"https:\/\/api.w.org\/{rel}","templated":true}]}}