{"id":21087,"date":"2020-05-20T14:24:37","date_gmt":"2020-05-20T13:24:37","guid":{"rendered":"https:\/\/www.dontpanicgames.com\/?post_type=product&#038;p=21087"},"modified":"2025-01-04T19:08:36","modified_gmt":"2025-01-04T18:08:36","slug":"negociateur-extension-4","status":"publish","type":"product","link":"https:\/\/www.dontpanicgames.com\/fr\/shop\/negociateur-prise-d-otages\/negociateur-extension-4\/","title":{"rendered":"N\u00e9gociateur &#8211; Extension 4"},"content":{"rendered":"<span class=\"et_bloom_bottom_trigger\"><\/span>","protected":false},"excerpt":{"rendered":"<p>Le preneur d&rsquo;otages s&rsquo;est empar\u00e9 d&rsquo;un bus rempli de voyageur et fonce vers la fronti\u00e8re. Vous serez amen\u00e9 \u00e0 employer des tactiques in\u00e9dites tout en continuant de n\u00e9gocier alors que le bus roule \u00e0 toute vitesse. Allez-vous relever le d\u00e9fi ? Des vies d&rsquo;innocents d\u00e9pendent de vos d\u00e9cisions !<\/p>\n<p><a href=\"https:\/\/www.dontpanicgames.com\/fr\/shop\/negociateur-prise-d-otages\/negociateur-prise-d-otages\/\">Plus d\u2019infos\u2026<\/a><\/p>\n","protected":false},"featured_media":24300,"template":"","meta":{"_acf_changed":false},"product_brand":[],"product_cat":[678],"product_tag":[849],"class_list":{"0":"post-21087","1":"product","2":"type-product","3":"status-publish","4":"has-post-thumbnail","6":"product_cat-negociateur-prise-d-otages","7":"product_tag-solitaire","9":"first","10":"instock","11":"taxable","12":"shipping-taxable","13":"purchasable","14":"product-type-simple"},"acf":[],"yoast_head":"<!-- This site is optimized with the Yoast SEO plugin v27.4 - https:\/\/yoast.com\/product\/yoast-seo-wordpress\/ -->\n<title>N\u00e9gociateur - Extension 4 - Don&#039;t Panic Games<\/title>\n<meta name=\"robots\" content=\"index, follow, max-snippet:-1, max-image-preview:large, max-video-preview:-1\" \/>\n<link rel=\"canonical\" href=\"https:\/\/www.dontpanicgames.com\/fr\/shop\/negociateur-prise-d-otages\/negociateur-extension-4\/\" \/>\n<meta property=\"og:locale\" content=\"fr_FR\" \/>\n<meta property=\"og:type\" content=\"article\" \/>\n<meta property=\"og:title\" content=\"N\u00e9gociateur - Extension 4 - Don&#039;t Panic Games\" \/>\n<meta property=\"og:description\" content=\"Le preneur d&#039;otages s&#039;est empar\u00e9 d&#039;un bus rempli de voyageur et fonce vers la fronti\u00e8re. Vous serez amen\u00e9 \u00e0 employer des tactiques in\u00e9dites tout en continuant de n\u00e9gocier alors que le bus roule \u00e0 toute vitesse. Allez-vous relever le d\u00e9fi ? Des vies d&#039;innocents d\u00e9pendent de vos d\u00e9cisions !  Plus d\u2019infos\u2026\" \/>\n<meta property=\"og:url\" content=\"https:\/\/www.dontpanicgames.com\/fr\/shop\/negociateur-prise-d-otages\/negociateur-extension-4\/\" \/>\n<meta property=\"og:site_name\" content=\"Don&#039;t Panic Games\" \/>\n<meta property=\"article:publisher\" content=\"https:\/\/www.facebook.com\/dontpanicgames\/\" \/>\n<meta property=\"article:modified_time\" content=\"2025-01-04T18:08:36+00:00\" \/>\n<meta property=\"og:image\" content=\"https:\/\/www.dontpanicgames.com\/wp-content\/uploads\/2020\/05\/packshot-foiler-hn-extension-4-2.jpg\" \/>\n\t<meta property=\"og:image:width\" content=\"500\" \/>\n\t<meta property=\"og:image:height\" content=\"500\" \/>\n\t<meta property=\"og:image:type\" content=\"image\/jpeg\" \/>\n<meta name=\"twitter:card\" content=\"summary_large_image\" \/>\n<meta name=\"twitter:site\" content=\"@DontPanicGames1\" \/>\n<script type=\"application\/ld+json\" class=\"yoast-schema-graph\">{\"@context\":\"https:\\\/\\\/schema.org\",\"@graph\":[{\"@type\":\"WebPage\",\"@id\":\"https:\\\/\\\/www.dontpanicgames.com\\\/fr\\\/shop\\\/negociateur-prise-d-otages\\\/negociateur-extension-4\\\/\",\"url\":\"https:\\\/\\\/www.dontpanicgames.com\\\/fr\\\/shop\\\/negociateur-prise-d-otages\\\/negociateur-extension-4\\\/\",\"name\":\"N\u00e9gociateur - Extension 4 - Don&#039;t Panic Games\",\"isPartOf\":{\"@id\":\"https:\\\/\\\/www.dontpanicgames.com\\\/fr\\\/#website\"},\"primaryImageOfPage\":{\"@id\":\"https:\\\/\\\/www.dontpanicgames.com\\\/fr\\\/shop\\\/negociateur-prise-d-otages\\\/negociateur-extension-4\\\/#primaryimage\"},\"image\":{\"@id\":\"https:\\\/\\\/www.dontpanicgames.com\\\/fr\\\/shop\\\/negociateur-prise-d-otages\\\/negociateur-extension-4\\\/#primaryimage\"},\"thumbnailUrl\":\"https:\\\/\\\/www.dontpanicgames.com\\\/wp-content\\\/uploads\\\/2020\\\/05\\\/packshot-foiler-hn-extension-4-2.jpg\",\"datePublished\":\"2020-05-20T13:24:37+00:00\",\"dateModified\":\"2025-01-04T18:08:36+00:00\",\"breadcrumb\":{\"@id\":\"https:\\\/\\\/www.dontpanicgames.com\\\/fr\\\/shop\\\/negociateur-prise-d-otages\\\/negociateur-extension-4\\\/#breadcrumb\"},\"inLanguage\":\"fr-FR\",\"potentialAction\":[{\"@type\":\"ReadAction\",\"target\":[\"https:\\\/\\\/www.dontpanicgames.com\\\/fr\\\/shop\\\/negociateur-prise-d-otages\\\/negociateur-extension-4\\\/\"]}]},{\"@type\":\"ImageObject\",\"inLanguage\":\"fr-FR\",\"@id\":\"https:\\\/\\\/www.dontpanicgames.com\\\/fr\\\/shop\\\/negociateur-prise-d-otages\\\/negociateur-extension-4\\\/#primaryimage\",\"url\":\"https:\\\/\\\/www.dontpanicgames.com\\\/wp-content\\\/uploads\\\/2020\\\/05\\\/packshot-foiler-hn-extension-4-2.jpg\",\"contentUrl\":\"https:\\\/\\\/www.dontpanicgames.com\\\/wp-content\\\/uploads\\\/2020\\\/05\\\/packshot-foiler-hn-extension-4-2.jpg\",\"width\":500,\"height\":500},{\"@type\":\"BreadcrumbList\",\"@id\":\"https:\\\/\\\/www.dontpanicgames.com\\\/fr\\\/shop\\\/negociateur-prise-d-otages\\\/negociateur-extension-4\\\/#breadcrumb\",\"itemListElement\":[{\"@type\":\"ListItem\",\"position\":1,\"name\":\"Accueil\",\"item\":\"https:\\\/\\\/www.dontpanicgames.com\\\/fr\\\/\"},{\"@type\":\"ListItem\",\"position\":2,\"name\":\"Nos jeux\",\"item\":\"https:\\\/\\\/www.dontpanicgames.com\\\/fr\\\/nos-jeux\\\/\"},{\"@type\":\"ListItem\",\"position\":3,\"name\":\"N\u00e9gociateur : Prise d'otages\",\"item\":\"https:\\\/\\\/www.dontpanicgames.com\\\/fr\\\/shop\\\/c\\\/negociateur-prise-d-otages\\\/\"},{\"@type\":\"ListItem\",\"position\":4,\"name\":\"N\u00e9gociateur &#8211; Extension 4\"}]},{\"@type\":\"WebSite\",\"@id\":\"https:\\\/\\\/www.dontpanicgames.com\\\/fr\\\/#website\",\"url\":\"https:\\\/\\\/www.dontpanicgames.com\\\/fr\\\/\",\"name\":\"Don't Panic Games\",\"description\":\"Don&#039;t Panic Games.com website\",\"potentialAction\":[{\"@type\":\"SearchAction\",\"target\":{\"@type\":\"EntryPoint\",\"urlTemplate\":\"https:\\\/\\\/www.dontpanicgames.com\\\/fr\\\/?s={search_term_string}\"},\"query-input\":{\"@type\":\"PropertyValueSpecification\",\"valueRequired\":true,\"valueName\":\"search_term_string\"}}],\"inLanguage\":\"fr-FR\"}]}<\/script>\n<!-- \/ Yoast SEO plugin. -->","yoast_head_json":{"title":"N\u00e9gociateur - Extension 4 - Don&#039;t Panic Games","robots":{"index":"index","follow":"follow","max-snippet":"max-snippet:-1","max-image-preview":"max-image-preview:large","max-video-preview":"max-video-preview:-1"},"canonical":"https:\/\/www.dontpanicgames.com\/fr\/shop\/negociateur-prise-d-otages\/negociateur-extension-4\/","og_locale":"fr_FR","og_type":"article","og_title":"N\u00e9gociateur - Extension 4 - Don&#039;t Panic Games","og_description":"Le preneur d'otages s'est empar\u00e9 d'un bus rempli de voyageur et fonce vers la fronti\u00e8re. Vous serez amen\u00e9 \u00e0 employer des tactiques in\u00e9dites tout en continuant de n\u00e9gocier alors que le bus roule \u00e0 toute vitesse. Allez-vous relever le d\u00e9fi ? Des vies d'innocents d\u00e9pendent de vos d\u00e9cisions !  Plus d\u2019infos\u2026","og_url":"https:\/\/www.dontpanicgames.com\/fr\/shop\/negociateur-prise-d-otages\/negociateur-extension-4\/","og_site_name":"Don&#039;t Panic Games","article_publisher":"https:\/\/www.facebook.com\/dontpanicgames\/","article_modified_time":"2025-01-04T18:08:36+00:00","og_image":[{"width":500,"height":500,"url":"https:\/\/www.dontpanicgames.com\/wp-content\/uploads\/2020\/05\/packshot-foiler-hn-extension-4-2.jpg","type":"image\/jpeg"}],"twitter_card":"summary_large_image","twitter_site":"@DontPanicGames1","schema":{"@context":"https:\/\/schema.org","@graph":[{"@type":"WebPage","@id":"https:\/\/www.dontpanicgames.com\/fr\/shop\/negociateur-prise-d-otages\/negociateur-extension-4\/","url":"https:\/\/www.dontpanicgames.com\/fr\/shop\/negociateur-prise-d-otages\/negociateur-extension-4\/","name":"N\u00e9gociateur - Extension 4 - Don&#039;t Panic Games","isPartOf":{"@id":"https:\/\/www.dontpanicgames.com\/fr\/#website"},"primaryImageOfPage":{"@id":"https:\/\/www.dontpanicgames.com\/fr\/shop\/negociateur-prise-d-otages\/negociateur-extension-4\/#primaryimage"},"image":{"@id":"https:\/\/www.dontpanicgames.com\/fr\/shop\/negociateur-prise-d-otages\/negociateur-extension-4\/#primaryimage"},"thumbnailUrl":"https:\/\/www.dontpanicgames.com\/wp-content\/uploads\/2020\/05\/packshot-foiler-hn-extension-4-2.jpg","datePublished":"2020-05-20T13:24:37+00:00","dateModified":"2025-01-04T18:08:36+00:00","breadcrumb":{"@id":"https:\/\/www.dontpanicgames.com\/fr\/shop\/negociateur-prise-d-otages\/negociateur-extension-4\/#breadcrumb"},"inLanguage":"fr-FR","potentialAction":[{"@type":"ReadAction","target":["https:\/\/www.dontpanicgames.com\/fr\/shop\/negociateur-prise-d-otages\/negociateur-extension-4\/"]}]},{"@type":"ImageObject","inLanguage":"fr-FR","@id":"https:\/\/www.dontpanicgames.com\/fr\/shop\/negociateur-prise-d-otages\/negociateur-extension-4\/#primaryimage","url":"https:\/\/www.dontpanicgames.com\/wp-content\/uploads\/2020\/05\/packshot-foiler-hn-extension-4-2.jpg","contentUrl":"https:\/\/www.dontpanicgames.com\/wp-content\/uploads\/2020\/05\/packshot-foiler-hn-extension-4-2.jpg","width":500,"height":500},{"@type":"BreadcrumbList","@id":"https:\/\/www.dontpanicgames.com\/fr\/shop\/negociateur-prise-d-otages\/negociateur-extension-4\/#breadcrumb","itemListElement":[{"@type":"ListItem","position":1,"name":"Accueil","item":"https:\/\/www.dontpanicgames.com\/fr\/"},{"@type":"ListItem","position":2,"name":"Nos jeux","item":"https:\/\/www.dontpanicgames.com\/fr\/nos-jeux\/"},{"@type":"ListItem","position":3,"name":"N\u00e9gociateur : Prise d'otages","item":"https:\/\/www.dontpanicgames.com\/fr\/shop\/c\/negociateur-prise-d-otages\/"},{"@type":"ListItem","position":4,"name":"N\u00e9gociateur &#8211; Extension 4"}]},{"@type":"WebSite","@id":"https:\/\/www.dontpanicgames.com\/fr\/#website","url":"https:\/\/www.dontpanicgames.com\/fr\/","name":"Don't Panic Games","description":"Don&#039;t Panic Games.com website","potentialAction":[{"@type":"SearchAction","target":{"@type":"EntryPoint","urlTemplate":"https:\/\/www.dontpanicgames.com\/fr\/?s={search_term_string}"},"query-input":{"@type":"PropertyValueSpecification","valueRequired":true,"valueName":"search_term_string"}}],"inLanguage":"fr-FR"}]}},"_links":{"self":[{"href":"https:\/\/www.dontpanicgames.com\/fr\/wp-json\/wp\/v2\/product\/21087","targetHints":{"allow":["GET"]}}],"collection":[{"href":"https:\/\/www.dontpanicgames.com\/fr\/wp-json\/wp\/v2\/product"}],"about":[{"href":"https:\/\/www.dontpanicgames.com\/fr\/wp-json\/wp\/v2\/types\/product"}],"wp:featuredmedia":[{"embeddable":true,"href":"https:\/\/www.dontpanicgames.com\/fr\/wp-json\/wp\/v2\/media\/24300"}],"wp:attachment":[{"href":"https:\/\/www.dontpanicgames.com\/fr\/wp-json\/wp\/v2\/media?parent=21087"}],"wp:term":[{"taxonomy":"product_brand","embeddable":true,"href":"https:\/\/www.dontpanicgames.com\/fr\/wp-json\/wp\/v2\/product_brand?post=21087"},{"taxonomy":"product_cat","embeddable":true,"href":"https:\/\/www.dontpanicgames.com\/fr\/wp-json\/wp\/v2\/product_cat?post=21087"},{"taxonomy":"product_tag","embeddable":true,"href":"https:\/\/www.dontpanicgames.com\/fr\/wp-json\/wp\/v2\/product_tag?post=21087"}],"curies":[{"name":"wp","href":"https:\/\/api.w.org\/{rel}","templated":true}]}}