{"id":21085,"date":"2020-05-20T14:21:00","date_gmt":"2020-05-20T13:21:00","guid":{"rendered":"https:\/\/www.dontpanicgames.com\/?post_type=product&#038;p=21085"},"modified":"2025-01-07T17:11:19","modified_gmt":"2025-01-07T16:11:19","slug":"negociateur-extension-3","status":"publish","type":"product","link":"https:\/\/www.dontpanicgames.com\/fr\/shop\/negociateur-prise-d-otages\/negociateur-extension-3\/","title":{"rendered":"N\u00e9gociateur &#8211; Extension 3"},"content":{"rendered":"<span class=\"et_bloom_bottom_trigger\"><\/span>","protected":false},"excerpt":{"rendered":"<p>Un de vos coll\u00e8gues policiers a pris des otages. Il clame qu&rsquo;il a \u00e9t\u00e9 pi\u00e9g\u00e9 et qu&rsquo;on l&rsquo;accuse \u00e0 tort du meurtre du chef de la police, et vous \u00eates le seul qui le croit innocent. Certains des otages pensent aussi qu&rsquo;il dit la v\u00e9rit\u00e9, ce qui complique leur coop\u00e9ration et votre travail. Tout repose sur vos \u00e9paules.<\/p>\n<p><a href=\"https:\/\/www.dontpanicgames.com\/fr\/shop\/negociateur-prise-d-otages\/negociateur-prise-d-otages\/\">Plus d\u2019infos\u2026<\/a><\/p>\n","protected":false},"featured_media":24302,"template":"","meta":{"_acf_changed":false},"product_brand":[],"product_cat":[678],"product_tag":[849],"class_list":{"0":"post-21085","1":"product","2":"type-product","3":"status-publish","4":"has-post-thumbnail","6":"product_cat-negociateur-prise-d-otages","7":"product_tag-solitaire","9":"first","10":"instock","11":"taxable","12":"shipping-taxable","13":"purchasable","14":"product-type-simple"},"acf":[],"yoast_head":"<!-- This site is optimized with the Yoast SEO plugin v27.4 - https:\/\/yoast.com\/product\/yoast-seo-wordpress\/ -->\n<title>N\u00e9gociateur - Extension 3 - Don&#039;t Panic Games<\/title>\n<meta name=\"robots\" content=\"index, follow, max-snippet:-1, max-image-preview:large, max-video-preview:-1\" \/>\n<link rel=\"canonical\" href=\"https:\/\/www.dontpanicgames.com\/fr\/shop\/negociateur-prise-d-otages\/negociateur-extension-3\/\" \/>\n<meta property=\"og:locale\" content=\"fr_FR\" \/>\n<meta property=\"og:type\" content=\"article\" \/>\n<meta property=\"og:title\" content=\"N\u00e9gociateur - Extension 3 - Don&#039;t Panic Games\" \/>\n<meta property=\"og:description\" content=\"Un de vos coll\u00e8gues policiers a pris des otages. Il clame qu&#039;il a \u00e9t\u00e9 pi\u00e9g\u00e9 et qu&#039;on l&#039;accuse \u00e0 tort du meurtre du chef de la police, et vous \u00eates le seul qui le croit innocent. Certains des otages pensent aussi qu&#039;il dit la v\u00e9rit\u00e9, ce qui complique leur coop\u00e9ration et votre travail. Tout repose sur vos \u00e9paules.  Plus d\u2019infos\u2026\" \/>\n<meta property=\"og:url\" content=\"https:\/\/www.dontpanicgames.com\/fr\/shop\/negociateur-prise-d-otages\/negociateur-extension-3\/\" \/>\n<meta property=\"og:site_name\" content=\"Don&#039;t Panic Games\" \/>\n<meta property=\"article:publisher\" content=\"https:\/\/www.facebook.com\/dontpanicgames\/\" \/>\n<meta property=\"article:modified_time\" content=\"2025-01-07T16:11:19+00:00\" \/>\n<meta property=\"og:image\" content=\"https:\/\/www.dontpanicgames.com\/wp-content\/uploads\/2020\/05\/packshot-foiler-hn-extension-3-2.jpg\" \/>\n\t<meta property=\"og:image:width\" content=\"500\" \/>\n\t<meta property=\"og:image:height\" content=\"500\" \/>\n\t<meta property=\"og:image:type\" content=\"image\/jpeg\" \/>\n<meta name=\"twitter:card\" content=\"summary_large_image\" \/>\n<meta name=\"twitter:site\" content=\"@DontPanicGames1\" \/>\n<script type=\"application\/ld+json\" class=\"yoast-schema-graph\">{\"@context\":\"https:\\\/\\\/schema.org\",\"@graph\":[{\"@type\":\"WebPage\",\"@id\":\"https:\\\/\\\/www.dontpanicgames.com\\\/fr\\\/shop\\\/negociateur-prise-d-otages\\\/negociateur-extension-3\\\/\",\"url\":\"https:\\\/\\\/www.dontpanicgames.com\\\/fr\\\/shop\\\/negociateur-prise-d-otages\\\/negociateur-extension-3\\\/\",\"name\":\"N\u00e9gociateur - Extension 3 - Don&#039;t Panic Games\",\"isPartOf\":{\"@id\":\"https:\\\/\\\/www.dontpanicgames.com\\\/fr\\\/#website\"},\"primaryImageOfPage\":{\"@id\":\"https:\\\/\\\/www.dontpanicgames.com\\\/fr\\\/shop\\\/negociateur-prise-d-otages\\\/negociateur-extension-3\\\/#primaryimage\"},\"image\":{\"@id\":\"https:\\\/\\\/www.dontpanicgames.com\\\/fr\\\/shop\\\/negociateur-prise-d-otages\\\/negociateur-extension-3\\\/#primaryimage\"},\"thumbnailUrl\":\"https:\\\/\\\/www.dontpanicgames.com\\\/wp-content\\\/uploads\\\/2020\\\/05\\\/packshot-foiler-hn-extension-3-2.jpg\",\"datePublished\":\"2020-05-20T13:21:00+00:00\",\"dateModified\":\"2025-01-07T16:11:19+00:00\",\"breadcrumb\":{\"@id\":\"https:\\\/\\\/www.dontpanicgames.com\\\/fr\\\/shop\\\/negociateur-prise-d-otages\\\/negociateur-extension-3\\\/#breadcrumb\"},\"inLanguage\":\"fr-FR\",\"potentialAction\":[{\"@type\":\"ReadAction\",\"target\":[\"https:\\\/\\\/www.dontpanicgames.com\\\/fr\\\/shop\\\/negociateur-prise-d-otages\\\/negociateur-extension-3\\\/\"]}]},{\"@type\":\"ImageObject\",\"inLanguage\":\"fr-FR\",\"@id\":\"https:\\\/\\\/www.dontpanicgames.com\\\/fr\\\/shop\\\/negociateur-prise-d-otages\\\/negociateur-extension-3\\\/#primaryimage\",\"url\":\"https:\\\/\\\/www.dontpanicgames.com\\\/wp-content\\\/uploads\\\/2020\\\/05\\\/packshot-foiler-hn-extension-3-2.jpg\",\"contentUrl\":\"https:\\\/\\\/www.dontpanicgames.com\\\/wp-content\\\/uploads\\\/2020\\\/05\\\/packshot-foiler-hn-extension-3-2.jpg\",\"width\":500,\"height\":500},{\"@type\":\"BreadcrumbList\",\"@id\":\"https:\\\/\\\/www.dontpanicgames.com\\\/fr\\\/shop\\\/negociateur-prise-d-otages\\\/negociateur-extension-3\\\/#breadcrumb\",\"itemListElement\":[{\"@type\":\"ListItem\",\"position\":1,\"name\":\"Accueil\",\"item\":\"https:\\\/\\\/www.dontpanicgames.com\\\/fr\\\/\"},{\"@type\":\"ListItem\",\"position\":2,\"name\":\"Nos jeux\",\"item\":\"https:\\\/\\\/www.dontpanicgames.com\\\/fr\\\/nos-jeux\\\/\"},{\"@type\":\"ListItem\",\"position\":3,\"name\":\"N\u00e9gociateur : Prise d'otages\",\"item\":\"https:\\\/\\\/www.dontpanicgames.com\\\/fr\\\/shop\\\/c\\\/negociateur-prise-d-otages\\\/\"},{\"@type\":\"ListItem\",\"position\":4,\"name\":\"N\u00e9gociateur &#8211; Extension 3\"}]},{\"@type\":\"WebSite\",\"@id\":\"https:\\\/\\\/www.dontpanicgames.com\\\/fr\\\/#website\",\"url\":\"https:\\\/\\\/www.dontpanicgames.com\\\/fr\\\/\",\"name\":\"Don't Panic Games\",\"description\":\"Don&#039;t Panic Games.com website\",\"potentialAction\":[{\"@type\":\"SearchAction\",\"target\":{\"@type\":\"EntryPoint\",\"urlTemplate\":\"https:\\\/\\\/www.dontpanicgames.com\\\/fr\\\/?s={search_term_string}\"},\"query-input\":{\"@type\":\"PropertyValueSpecification\",\"valueRequired\":true,\"valueName\":\"search_term_string\"}}],\"inLanguage\":\"fr-FR\"}]}<\/script>\n<!-- \/ Yoast SEO plugin. -->","yoast_head_json":{"title":"N\u00e9gociateur - Extension 3 - Don&#039;t Panic Games","robots":{"index":"index","follow":"follow","max-snippet":"max-snippet:-1","max-image-preview":"max-image-preview:large","max-video-preview":"max-video-preview:-1"},"canonical":"https:\/\/www.dontpanicgames.com\/fr\/shop\/negociateur-prise-d-otages\/negociateur-extension-3\/","og_locale":"fr_FR","og_type":"article","og_title":"N\u00e9gociateur - Extension 3 - Don&#039;t Panic Games","og_description":"Un de vos coll\u00e8gues policiers a pris des otages. Il clame qu'il a \u00e9t\u00e9 pi\u00e9g\u00e9 et qu'on l'accuse \u00e0 tort du meurtre du chef de la police, et vous \u00eates le seul qui le croit innocent. Certains des otages pensent aussi qu'il dit la v\u00e9rit\u00e9, ce qui complique leur coop\u00e9ration et votre travail. Tout repose sur vos \u00e9paules.  Plus d\u2019infos\u2026","og_url":"https:\/\/www.dontpanicgames.com\/fr\/shop\/negociateur-prise-d-otages\/negociateur-extension-3\/","og_site_name":"Don&#039;t Panic Games","article_publisher":"https:\/\/www.facebook.com\/dontpanicgames\/","article_modified_time":"2025-01-07T16:11:19+00:00","og_image":[{"width":500,"height":500,"url":"https:\/\/www.dontpanicgames.com\/wp-content\/uploads\/2020\/05\/packshot-foiler-hn-extension-3-2.jpg","type":"image\/jpeg"}],"twitter_card":"summary_large_image","twitter_site":"@DontPanicGames1","schema":{"@context":"https:\/\/schema.org","@graph":[{"@type":"WebPage","@id":"https:\/\/www.dontpanicgames.com\/fr\/shop\/negociateur-prise-d-otages\/negociateur-extension-3\/","url":"https:\/\/www.dontpanicgames.com\/fr\/shop\/negociateur-prise-d-otages\/negociateur-extension-3\/","name":"N\u00e9gociateur - Extension 3 - Don&#039;t Panic Games","isPartOf":{"@id":"https:\/\/www.dontpanicgames.com\/fr\/#website"},"primaryImageOfPage":{"@id":"https:\/\/www.dontpanicgames.com\/fr\/shop\/negociateur-prise-d-otages\/negociateur-extension-3\/#primaryimage"},"image":{"@id":"https:\/\/www.dontpanicgames.com\/fr\/shop\/negociateur-prise-d-otages\/negociateur-extension-3\/#primaryimage"},"thumbnailUrl":"https:\/\/www.dontpanicgames.com\/wp-content\/uploads\/2020\/05\/packshot-foiler-hn-extension-3-2.jpg","datePublished":"2020-05-20T13:21:00+00:00","dateModified":"2025-01-07T16:11:19+00:00","breadcrumb":{"@id":"https:\/\/www.dontpanicgames.com\/fr\/shop\/negociateur-prise-d-otages\/negociateur-extension-3\/#breadcrumb"},"inLanguage":"fr-FR","potentialAction":[{"@type":"ReadAction","target":["https:\/\/www.dontpanicgames.com\/fr\/shop\/negociateur-prise-d-otages\/negociateur-extension-3\/"]}]},{"@type":"ImageObject","inLanguage":"fr-FR","@id":"https:\/\/www.dontpanicgames.com\/fr\/shop\/negociateur-prise-d-otages\/negociateur-extension-3\/#primaryimage","url":"https:\/\/www.dontpanicgames.com\/wp-content\/uploads\/2020\/05\/packshot-foiler-hn-extension-3-2.jpg","contentUrl":"https:\/\/www.dontpanicgames.com\/wp-content\/uploads\/2020\/05\/packshot-foiler-hn-extension-3-2.jpg","width":500,"height":500},{"@type":"BreadcrumbList","@id":"https:\/\/www.dontpanicgames.com\/fr\/shop\/negociateur-prise-d-otages\/negociateur-extension-3\/#breadcrumb","itemListElement":[{"@type":"ListItem","position":1,"name":"Accueil","item":"https:\/\/www.dontpanicgames.com\/fr\/"},{"@type":"ListItem","position":2,"name":"Nos jeux","item":"https:\/\/www.dontpanicgames.com\/fr\/nos-jeux\/"},{"@type":"ListItem","position":3,"name":"N\u00e9gociateur : Prise d'otages","item":"https:\/\/www.dontpanicgames.com\/fr\/shop\/c\/negociateur-prise-d-otages\/"},{"@type":"ListItem","position":4,"name":"N\u00e9gociateur &#8211; Extension 3"}]},{"@type":"WebSite","@id":"https:\/\/www.dontpanicgames.com\/fr\/#website","url":"https:\/\/www.dontpanicgames.com\/fr\/","name":"Don't Panic Games","description":"Don&#039;t Panic Games.com website","potentialAction":[{"@type":"SearchAction","target":{"@type":"EntryPoint","urlTemplate":"https:\/\/www.dontpanicgames.com\/fr\/?s={search_term_string}"},"query-input":{"@type":"PropertyValueSpecification","valueRequired":true,"valueName":"search_term_string"}}],"inLanguage":"fr-FR"}]}},"_links":{"self":[{"href":"https:\/\/www.dontpanicgames.com\/fr\/wp-json\/wp\/v2\/product\/21085","targetHints":{"allow":["GET"]}}],"collection":[{"href":"https:\/\/www.dontpanicgames.com\/fr\/wp-json\/wp\/v2\/product"}],"about":[{"href":"https:\/\/www.dontpanicgames.com\/fr\/wp-json\/wp\/v2\/types\/product"}],"wp:featuredmedia":[{"embeddable":true,"href":"https:\/\/www.dontpanicgames.com\/fr\/wp-json\/wp\/v2\/media\/24302"}],"wp:attachment":[{"href":"https:\/\/www.dontpanicgames.com\/fr\/wp-json\/wp\/v2\/media?parent=21085"}],"wp:term":[{"taxonomy":"product_brand","embeddable":true,"href":"https:\/\/www.dontpanicgames.com\/fr\/wp-json\/wp\/v2\/product_brand?post=21085"},{"taxonomy":"product_cat","embeddable":true,"href":"https:\/\/www.dontpanicgames.com\/fr\/wp-json\/wp\/v2\/product_cat?post=21085"},{"taxonomy":"product_tag","embeddable":true,"href":"https:\/\/www.dontpanicgames.com\/fr\/wp-json\/wp\/v2\/product_tag?post=21085"}],"curies":[{"name":"wp","href":"https:\/\/api.w.org\/{rel}","templated":true}]}}