{"id":19844,"date":"2019-11-13T10:45:54","date_gmt":"2019-11-13T09:45:54","guid":{"rendered":"https:\/\/www.dontpanicgames.com\/?post_type=product&#038;p=19844"},"modified":"2024-08-29T12:39:43","modified_gmt":"2024-08-29T11:39:43","slug":"quiz-manga-animeland","status":"publish","type":"product","link":"https:\/\/www.dontpanicgames.com\/fr\/shop\/quiz\/quiz-manga-animeland\/","title":{"rendered":"Quiz Manga AnimeLand"},"content":{"rendered":"<span class=\"et_bloom_bottom_trigger\"><\/span>","protected":false},"excerpt":{"rendered":"<p>1 livret + 125 cartes \/ 500 questions sur les manga et anime<\/p>\n<ul>\n<li>Dans <em>Dragon Ball<\/em>, combien de fois meurt Krilin ?<\/li>\n<li>Comment s\u2019appelle le grand m\u00e9chant d\u2019Inspecteur Gadget ?<\/li>\n<li>Que signifie <em>Naruto<\/em> en japonais ?<\/li>\n<li>Comment l\u2019id\u00e9e de <em>L\u2019Attaque des Titans<\/em> est n\u00e9e dans la t\u00eate de son auteur ?<\/li>\n<\/ul>\n<p>Le Quiz AnimeLand permet de mesurer ses connaissances en mati\u00e8re d\u2019anime et de manga \u00e0 travers 500 questions class\u00e9es en 5 rubriques : classique (pour les plus anciens), manga, anime, film et expert (pour les sp\u00e9cialistes).<\/p>\n<p>AnimeLand a toujours \u00e9t\u00e9 d\u00e9fenseur de l\u2019anime et du manga et a toujours voulu que ses lecteurs apprennent le plus possible.\u00a0 Ainsi ce quiz permet-il de d\u00e9couvrir des anecdotes, puisqu\u2019un grand nombre de r\u00e9ponses sont d\u00e9velopp\u00e9es. On peut ainsi apprendre la cr\u00e9ation de Goldorak ou les petits secrets de <em>One Piece<\/em>, mais le tout en s\u2019amusant.<\/p>\n<p><strong>Auteurs<\/strong> : Collectif AnimeLand<\/p>\n","protected":false},"featured_media":24316,"template":"","meta":{"_acf_changed":false},"product_brand":[],"product_cat":[664],"product_tag":[834],"class_list":{"0":"post-19844","1":"product","2":"type-product","3":"status-publish","4":"has-post-thumbnail","6":"product_cat-quiz","7":"product_tag-culture-generale","9":"first","10":"instock","11":"taxable","12":"shipping-taxable","13":"purchasable","14":"product-type-simple"},"acf":[],"yoast_head":"<!-- This site is optimized with the Yoast SEO plugin v27.3 - https:\/\/yoast.com\/product\/yoast-seo-wordpress\/ -->\n<title>Quiz Manga AnimeLand - Don&#039;t Panic Games<\/title>\n<meta name=\"description\" content=\"Le Quiz AnimeLand permet de mesurer ses connaissances en mati\u00e8re d\u2019anime et de manga \u00e0 travers 500 questions class\u00e9es en 5 rubriques : classique, manga, anime, film et expert.\" \/>\n<meta name=\"robots\" content=\"index, follow, max-snippet:-1, max-image-preview:large, max-video-preview:-1\" \/>\n<link rel=\"canonical\" href=\"https:\/\/www.dontpanicgames.com\/fr\/shop\/quiz\/quiz-manga-animeland\/\" \/>\n<meta property=\"og:locale\" content=\"fr_FR\" \/>\n<meta property=\"og:type\" content=\"article\" \/>\n<meta property=\"og:title\" content=\"Quiz Manga AnimeLand - Don&#039;t Panic Games\" \/>\n<meta property=\"og:description\" content=\"Le Quiz AnimeLand permet de mesurer ses connaissances en mati\u00e8re d\u2019anime et de manga \u00e0 travers 500 questions class\u00e9es en 5 rubriques : classique, manga, anime, film et expert.\" \/>\n<meta property=\"og:url\" content=\"https:\/\/www.dontpanicgames.com\/fr\/shop\/quiz\/quiz-manga-animeland\/\" \/>\n<meta property=\"og:site_name\" content=\"Don&#039;t Panic Games\" \/>\n<meta property=\"article:publisher\" content=\"https:\/\/www.facebook.com\/dontpanicgames\/\" \/>\n<meta property=\"article:modified_time\" content=\"2024-08-29T11:39:43+00:00\" \/>\n<meta property=\"og:image\" content=\"https:\/\/www.dontpanicgames.com\/wp-content\/uploads\/2019\/11\/quiz-manga-packshot.jpg\" \/>\n\t<meta property=\"og:image:width\" content=\"702\" \/>\n\t<meta property=\"og:image:height\" content=\"296\" \/>\n\t<meta property=\"og:image:type\" content=\"image\/jpeg\" \/>\n<meta name=\"twitter:card\" content=\"summary_large_image\" \/>\n<meta name=\"twitter:site\" content=\"@DontPanicGames1\" \/>\n<script type=\"application\/ld+json\" class=\"yoast-schema-graph\">{\"@context\":\"https:\\\/\\\/schema.org\",\"@graph\":[{\"@type\":\"WebPage\",\"@id\":\"https:\\\/\\\/www.dontpanicgames.com\\\/fr\\\/shop\\\/quiz\\\/quiz-manga-animeland\\\/\",\"url\":\"https:\\\/\\\/www.dontpanicgames.com\\\/fr\\\/shop\\\/quiz\\\/quiz-manga-animeland\\\/\",\"name\":\"Quiz Manga AnimeLand - Don&#039;t Panic Games\",\"isPartOf\":{\"@id\":\"https:\\\/\\\/www.dontpanicgames.com\\\/fr\\\/#website\"},\"primaryImageOfPage\":{\"@id\":\"https:\\\/\\\/www.dontpanicgames.com\\\/fr\\\/shop\\\/quiz\\\/quiz-manga-animeland\\\/#primaryimage\"},\"image\":{\"@id\":\"https:\\\/\\\/www.dontpanicgames.com\\\/fr\\\/shop\\\/quiz\\\/quiz-manga-animeland\\\/#primaryimage\"},\"thumbnailUrl\":\"https:\\\/\\\/www.dontpanicgames.com\\\/wp-content\\\/uploads\\\/2021\\\/01\\\/quiz-manga-3d-2.jpg\",\"datePublished\":\"2019-11-13T09:45:54+00:00\",\"dateModified\":\"2024-08-29T11:39:43+00:00\",\"description\":\"Le Quiz AnimeLand permet de mesurer ses connaissances en mati\u00e8re d\u2019anime et de manga \u00e0 travers 500 questions class\u00e9es en 5 rubriques : classique, manga, anime, film et expert.\",\"breadcrumb\":{\"@id\":\"https:\\\/\\\/www.dontpanicgames.com\\\/fr\\\/shop\\\/quiz\\\/quiz-manga-animeland\\\/#breadcrumb\"},\"inLanguage\":\"fr-FR\",\"potentialAction\":[{\"@type\":\"ReadAction\",\"target\":[\"https:\\\/\\\/www.dontpanicgames.com\\\/fr\\\/shop\\\/quiz\\\/quiz-manga-animeland\\\/\"]}]},{\"@type\":\"ImageObject\",\"inLanguage\":\"fr-FR\",\"@id\":\"https:\\\/\\\/www.dontpanicgames.com\\\/fr\\\/shop\\\/quiz\\\/quiz-manga-animeland\\\/#primaryimage\",\"url\":\"https:\\\/\\\/www.dontpanicgames.com\\\/wp-content\\\/uploads\\\/2021\\\/01\\\/quiz-manga-3d-2.jpg\",\"contentUrl\":\"https:\\\/\\\/www.dontpanicgames.com\\\/wp-content\\\/uploads\\\/2021\\\/01\\\/quiz-manga-3d-2.jpg\",\"width\":800,\"height\":800},{\"@type\":\"BreadcrumbList\",\"@id\":\"https:\\\/\\\/www.dontpanicgames.com\\\/fr\\\/shop\\\/quiz\\\/quiz-manga-animeland\\\/#breadcrumb\",\"itemListElement\":[{\"@type\":\"ListItem\",\"position\":1,\"name\":\"Accueil\",\"item\":\"https:\\\/\\\/www.dontpanicgames.com\\\/fr\\\/\"},{\"@type\":\"ListItem\",\"position\":2,\"name\":\"Nos jeux\",\"item\":\"https:\\\/\\\/www.dontpanicgames.com\\\/fr\\\/nos-jeux\\\/\"},{\"@type\":\"ListItem\",\"position\":3,\"name\":\"Quiz\",\"item\":\"https:\\\/\\\/www.dontpanicgames.com\\\/fr\\\/shop\\\/c\\\/quiz\\\/\"},{\"@type\":\"ListItem\",\"position\":4,\"name\":\"Quiz Manga AnimeLand\"}]},{\"@type\":\"WebSite\",\"@id\":\"https:\\\/\\\/www.dontpanicgames.com\\\/fr\\\/#website\",\"url\":\"https:\\\/\\\/www.dontpanicgames.com\\\/fr\\\/\",\"name\":\"Don't Panic Games\",\"description\":\"Don&#039;t Panic Games.com website\",\"potentialAction\":[{\"@type\":\"SearchAction\",\"target\":{\"@type\":\"EntryPoint\",\"urlTemplate\":\"https:\\\/\\\/www.dontpanicgames.com\\\/fr\\\/?s={search_term_string}\"},\"query-input\":{\"@type\":\"PropertyValueSpecification\",\"valueRequired\":true,\"valueName\":\"search_term_string\"}}],\"inLanguage\":\"fr-FR\"}]}<\/script>\n<!-- \/ Yoast SEO plugin. -->","yoast_head_json":{"title":"Quiz Manga AnimeLand - Don&#039;t Panic Games","description":"Le Quiz AnimeLand permet de mesurer ses connaissances en mati\u00e8re d\u2019anime et de manga \u00e0 travers 500 questions class\u00e9es en 5 rubriques : classique, manga, anime, film et expert.","robots":{"index":"index","follow":"follow","max-snippet":"max-snippet:-1","max-image-preview":"max-image-preview:large","max-video-preview":"max-video-preview:-1"},"canonical":"https:\/\/www.dontpanicgames.com\/fr\/shop\/quiz\/quiz-manga-animeland\/","og_locale":"fr_FR","og_type":"article","og_title":"Quiz Manga AnimeLand - Don&#039;t Panic Games","og_description":"Le Quiz AnimeLand permet de mesurer ses connaissances en mati\u00e8re d\u2019anime et de manga \u00e0 travers 500 questions class\u00e9es en 5 rubriques : classique, manga, anime, film et expert.","og_url":"https:\/\/www.dontpanicgames.com\/fr\/shop\/quiz\/quiz-manga-animeland\/","og_site_name":"Don&#039;t Panic Games","article_publisher":"https:\/\/www.facebook.com\/dontpanicgames\/","article_modified_time":"2024-08-29T11:39:43+00:00","og_image":[{"width":702,"height":296,"url":"https:\/\/www.dontpanicgames.com\/wp-content\/uploads\/2019\/11\/quiz-manga-packshot.jpg","type":"image\/jpeg"}],"twitter_card":"summary_large_image","twitter_site":"@DontPanicGames1","schema":{"@context":"https:\/\/schema.org","@graph":[{"@type":"WebPage","@id":"https:\/\/www.dontpanicgames.com\/fr\/shop\/quiz\/quiz-manga-animeland\/","url":"https:\/\/www.dontpanicgames.com\/fr\/shop\/quiz\/quiz-manga-animeland\/","name":"Quiz Manga AnimeLand - Don&#039;t Panic Games","isPartOf":{"@id":"https:\/\/www.dontpanicgames.com\/fr\/#website"},"primaryImageOfPage":{"@id":"https:\/\/www.dontpanicgames.com\/fr\/shop\/quiz\/quiz-manga-animeland\/#primaryimage"},"image":{"@id":"https:\/\/www.dontpanicgames.com\/fr\/shop\/quiz\/quiz-manga-animeland\/#primaryimage"},"thumbnailUrl":"https:\/\/www.dontpanicgames.com\/wp-content\/uploads\/2021\/01\/quiz-manga-3d-2.jpg","datePublished":"2019-11-13T09:45:54+00:00","dateModified":"2024-08-29T11:39:43+00:00","description":"Le Quiz AnimeLand permet de mesurer ses connaissances en mati\u00e8re d\u2019anime et de manga \u00e0 travers 500 questions class\u00e9es en 5 rubriques : classique, manga, anime, film et expert.","breadcrumb":{"@id":"https:\/\/www.dontpanicgames.com\/fr\/shop\/quiz\/quiz-manga-animeland\/#breadcrumb"},"inLanguage":"fr-FR","potentialAction":[{"@type":"ReadAction","target":["https:\/\/www.dontpanicgames.com\/fr\/shop\/quiz\/quiz-manga-animeland\/"]}]},{"@type":"ImageObject","inLanguage":"fr-FR","@id":"https:\/\/www.dontpanicgames.com\/fr\/shop\/quiz\/quiz-manga-animeland\/#primaryimage","url":"https:\/\/www.dontpanicgames.com\/wp-content\/uploads\/2021\/01\/quiz-manga-3d-2.jpg","contentUrl":"https:\/\/www.dontpanicgames.com\/wp-content\/uploads\/2021\/01\/quiz-manga-3d-2.jpg","width":800,"height":800},{"@type":"BreadcrumbList","@id":"https:\/\/www.dontpanicgames.com\/fr\/shop\/quiz\/quiz-manga-animeland\/#breadcrumb","itemListElement":[{"@type":"ListItem","position":1,"name":"Accueil","item":"https:\/\/www.dontpanicgames.com\/fr\/"},{"@type":"ListItem","position":2,"name":"Nos jeux","item":"https:\/\/www.dontpanicgames.com\/fr\/nos-jeux\/"},{"@type":"ListItem","position":3,"name":"Quiz","item":"https:\/\/www.dontpanicgames.com\/fr\/shop\/c\/quiz\/"},{"@type":"ListItem","position":4,"name":"Quiz Manga AnimeLand"}]},{"@type":"WebSite","@id":"https:\/\/www.dontpanicgames.com\/fr\/#website","url":"https:\/\/www.dontpanicgames.com\/fr\/","name":"Don't Panic Games","description":"Don&#039;t Panic Games.com website","potentialAction":[{"@type":"SearchAction","target":{"@type":"EntryPoint","urlTemplate":"https:\/\/www.dontpanicgames.com\/fr\/?s={search_term_string}"},"query-input":{"@type":"PropertyValueSpecification","valueRequired":true,"valueName":"search_term_string"}}],"inLanguage":"fr-FR"}]}},"_links":{"self":[{"href":"https:\/\/www.dontpanicgames.com\/fr\/wp-json\/wp\/v2\/product\/19844","targetHints":{"allow":["GET"]}}],"collection":[{"href":"https:\/\/www.dontpanicgames.com\/fr\/wp-json\/wp\/v2\/product"}],"about":[{"href":"https:\/\/www.dontpanicgames.com\/fr\/wp-json\/wp\/v2\/types\/product"}],"wp:featuredmedia":[{"embeddable":true,"href":"https:\/\/www.dontpanicgames.com\/fr\/wp-json\/wp\/v2\/media\/24316"}],"wp:attachment":[{"href":"https:\/\/www.dontpanicgames.com\/fr\/wp-json\/wp\/v2\/media?parent=19844"}],"wp:term":[{"taxonomy":"product_brand","embeddable":true,"href":"https:\/\/www.dontpanicgames.com\/fr\/wp-json\/wp\/v2\/product_brand?post=19844"},{"taxonomy":"product_cat","embeddable":true,"href":"https:\/\/www.dontpanicgames.com\/fr\/wp-json\/wp\/v2\/product_cat?post=19844"},{"taxonomy":"product_tag","embeddable":true,"href":"https:\/\/www.dontpanicgames.com\/fr\/wp-json\/wp\/v2\/product_tag?post=19844"}],"curies":[{"name":"wp","href":"https:\/\/api.w.org\/{rel}","templated":true}]}}