{"id":19818,"date":"2019-11-12T16:34:34","date_gmt":"2019-11-12T15:34:34","guid":{"rendered":"https:\/\/www.dontpanicgames.com\/?post_type=product&#038;p=19818"},"modified":"2025-11-09T14:16:57","modified_gmt":"2025-11-09T13:16:57","slug":"ceci-nest-pas-un-quiz-porno-quoique","status":"publish","type":"product","link":"https:\/\/www.dontpanicgames.com\/fr\/shop\/quiz\/ceci-nest-pas-un-quiz-porno-quoique\/","title":{"rendered":"Ceci n&rsquo;est pas un quiz porno quoique&#8230;"},"content":{"rendered":"<span class=\"et_bloom_bottom_trigger\"><\/span>","protected":false},"excerpt":{"rendered":"<p><strong>Un jeu pornorigolo de Davy Mourier !<br \/>\n<\/strong>1 livret + 125 cartes \/ 500 questions sur les r\u00e9pliques du cin\u00e9ma d&rsquo;hier et d&rsquo;aujourd&rsquo;hui !<\/p>\n<p><strong>Le principe Battle Quiz :<\/strong><br \/>\nVous s\u00e9chez ? Pas de panique !<br \/>\nD\u00e9fiez vos amis en tirant une carte Battle, et l\u2019\u00e9quipe qui se rapproche le plus de la r\u00e9ponse l\u2019emporte ! Une occasion pour tout le monde de briller en soci\u00e9t\u00e9, m\u00eame en butant sur une question !<\/p>\n<ul>\n<li>Retrouve le titre du film c\u00e9l\u00e8bre qui se cache derri\u00e8re son pitch pornifi\u00e9 !<\/li>\n<li>Trouve le film pas porno cach\u00e9 au milieu de ces films porno !<\/li>\n<li>Devine quel c\u00e9l\u00e8bre film se cache derri\u00e8re un dessin de zob !<\/li>\n<\/ul>\n<p>Au travers de 500 questions et d\u00e9fis, Davy Mourier propose un quiz rigolo, illustr\u00e9, dans un style \u00e9l\u00e9gant qui ne triche pas, ou pas trop. Jouez avec vos amis dans une ambiance potache, d\u00e9complexante et d\u00e9complex\u00e9e, pour du rire garanti m\u00eame pas forc\u00e9, dans les mondes merveilleux de 20 000 vieux sous m\u00e9m\u00e8re et autres Sex Toy Story. Un quiz limite mais qui passe bien quand m\u00eame.<\/p>\n<p>Dedans : dessins (porno)rigolos, pitches l\u00e9g\u00e8rement truqu\u00e9s, mimes quasi-tendancieux, r\u00e9pliques cul-tes, et plein de po\u00e9sie.<br \/>\nD\u00e9conseill\u00e9 aux moins de 18 ans. Oui, c\u2019est potache et rigolo, mais attention : y&rsquo;a quand me\u0302me des dessins de teubs dedans et du langage pas mal cru aussi, comme le mot \u00ab teub \u00bb, par exemple.<\/p>\n","protected":false},"featured_media":24314,"template":"","meta":{"_acf_changed":false},"product_brand":[],"product_cat":[664],"product_tag":[850,834],"class_list":{"0":"post-19818","1":"product","2":"type-product","3":"status-publish","4":"has-post-thumbnail","6":"product_cat-quiz","7":"product_tag-adulte","8":"product_tag-culture-generale","9":"product_shipping_class-standard-fr","11":"first","12":"instock","13":"taxable","14":"shipping-taxable","15":"purchasable","16":"product-type-simple"},"acf":[],"yoast_head":"<!-- This site is optimized with the Yoast SEO plugin v27.3 - https:\/\/yoast.com\/product\/yoast-seo-wordpress\/ -->\n<title>Ceci n&#039;est pas un quiz porno quoique... - Don&#039;t Panic Games<\/title>\n<meta name=\"description\" content=\"Un quiz limite mais qui passe bien quand m\u00eame. Jouez avec vos amis dans une ambiance potache, d\u00e9complexante et d\u00e9complex\u00e9e, pour du rire garanti m\u00eame pas forc\u00e9, dans les mondes merveilleux de 20 000 vieux sous m\u00e9m\u00e8re et autres Sex Toy Story.\" \/>\n<meta name=\"robots\" content=\"index, follow, max-snippet:-1, max-image-preview:large, max-video-preview:-1\" \/>\n<link rel=\"canonical\" href=\"https:\/\/www.dontpanicgames.com\/fr\/shop\/quiz\/ceci-nest-pas-un-quiz-porno-quoique\/\" \/>\n<meta property=\"og:locale\" content=\"fr_FR\" \/>\n<meta property=\"og:type\" content=\"article\" \/>\n<meta property=\"og:title\" content=\"Ceci n&#039;est pas un quiz porno quoique... - Don&#039;t Panic Games\" \/>\n<meta property=\"og:description\" content=\"Un quiz limite mais qui passe bien quand m\u00eame. Jouez avec vos amis dans une ambiance potache, d\u00e9complexante et d\u00e9complex\u00e9e, pour du rire garanti m\u00eame pas forc\u00e9, dans les mondes merveilleux de 20 000 vieux sous m\u00e9m\u00e8re et autres Sex Toy Story.\" \/>\n<meta property=\"og:url\" content=\"https:\/\/www.dontpanicgames.com\/fr\/shop\/quiz\/ceci-nest-pas-un-quiz-porno-quoique\/\" \/>\n<meta property=\"og:site_name\" content=\"Don&#039;t Panic Games\" \/>\n<meta property=\"article:publisher\" content=\"https:\/\/www.facebook.com\/dontpanicgames\/\" \/>\n<meta property=\"article:modified_time\" content=\"2025-11-09T13:16:57+00:00\" \/>\n<meta property=\"og:image\" content=\"https:\/\/www.dontpanicgames.com\/wp-content\/uploads\/2019\/11\/quiz-pornoquoique-packshot-3d_presse.jpg\" \/>\n\t<meta property=\"og:image:width\" content=\"893\" \/>\n\t<meta property=\"og:image:height\" content=\"800\" \/>\n\t<meta property=\"og:image:type\" content=\"image\/jpeg\" \/>\n<meta name=\"twitter:card\" content=\"summary_large_image\" \/>\n<meta name=\"twitter:site\" content=\"@DontPanicGames1\" \/>\n<script type=\"application\/ld+json\" class=\"yoast-schema-graph\">{\"@context\":\"https:\\\/\\\/schema.org\",\"@graph\":[{\"@type\":\"WebPage\",\"@id\":\"https:\\\/\\\/www.dontpanicgames.com\\\/fr\\\/shop\\\/quiz\\\/ceci-nest-pas-un-quiz-porno-quoique\\\/\",\"url\":\"https:\\\/\\\/www.dontpanicgames.com\\\/fr\\\/shop\\\/quiz\\\/ceci-nest-pas-un-quiz-porno-quoique\\\/\",\"name\":\"Ceci n'est pas un quiz porno quoique... - Don&#039;t Panic Games\",\"isPartOf\":{\"@id\":\"https:\\\/\\\/www.dontpanicgames.com\\\/fr\\\/#website\"},\"primaryImageOfPage\":{\"@id\":\"https:\\\/\\\/www.dontpanicgames.com\\\/fr\\\/shop\\\/quiz\\\/ceci-nest-pas-un-quiz-porno-quoique\\\/#primaryimage\"},\"image\":{\"@id\":\"https:\\\/\\\/www.dontpanicgames.com\\\/fr\\\/shop\\\/quiz\\\/ceci-nest-pas-un-quiz-porno-quoique\\\/#primaryimage\"},\"thumbnailUrl\":\"https:\\\/\\\/www.dontpanicgames.com\\\/wp-content\\\/uploads\\\/2021\\\/01\\\/quiz-pornoquoique_3d-2.jpg\",\"datePublished\":\"2019-11-12T15:34:34+00:00\",\"dateModified\":\"2025-11-09T13:16:57+00:00\",\"description\":\"Un quiz limite mais qui passe bien quand m\u00eame. Jouez avec vos amis dans une ambiance potache, d\u00e9complexante et d\u00e9complex\u00e9e, pour du rire garanti m\u00eame pas forc\u00e9, dans les mondes merveilleux de 20 000 vieux sous m\u00e9m\u00e8re et autres Sex Toy Story.\",\"breadcrumb\":{\"@id\":\"https:\\\/\\\/www.dontpanicgames.com\\\/fr\\\/shop\\\/quiz\\\/ceci-nest-pas-un-quiz-porno-quoique\\\/#breadcrumb\"},\"inLanguage\":\"fr-FR\",\"potentialAction\":[{\"@type\":\"ReadAction\",\"target\":[\"https:\\\/\\\/www.dontpanicgames.com\\\/fr\\\/shop\\\/quiz\\\/ceci-nest-pas-un-quiz-porno-quoique\\\/\"]}]},{\"@type\":\"ImageObject\",\"inLanguage\":\"fr-FR\",\"@id\":\"https:\\\/\\\/www.dontpanicgames.com\\\/fr\\\/shop\\\/quiz\\\/ceci-nest-pas-un-quiz-porno-quoique\\\/#primaryimage\",\"url\":\"https:\\\/\\\/www.dontpanicgames.com\\\/wp-content\\\/uploads\\\/2021\\\/01\\\/quiz-pornoquoique_3d-2.jpg\",\"contentUrl\":\"https:\\\/\\\/www.dontpanicgames.com\\\/wp-content\\\/uploads\\\/2021\\\/01\\\/quiz-pornoquoique_3d-2.jpg\",\"width\":800,\"height\":800},{\"@type\":\"BreadcrumbList\",\"@id\":\"https:\\\/\\\/www.dontpanicgames.com\\\/fr\\\/shop\\\/quiz\\\/ceci-nest-pas-un-quiz-porno-quoique\\\/#breadcrumb\",\"itemListElement\":[{\"@type\":\"ListItem\",\"position\":1,\"name\":\"Accueil\",\"item\":\"https:\\\/\\\/www.dontpanicgames.com\\\/fr\\\/\"},{\"@type\":\"ListItem\",\"position\":2,\"name\":\"Nos jeux\",\"item\":\"https:\\\/\\\/www.dontpanicgames.com\\\/fr\\\/nos-jeux\\\/\"},{\"@type\":\"ListItem\",\"position\":3,\"name\":\"Quiz\",\"item\":\"https:\\\/\\\/www.dontpanicgames.com\\\/fr\\\/shop\\\/c\\\/quiz\\\/\"},{\"@type\":\"ListItem\",\"position\":4,\"name\":\"Ceci n&#8217;est pas un quiz porno quoique&#8230;\"}]},{\"@type\":\"WebSite\",\"@id\":\"https:\\\/\\\/www.dontpanicgames.com\\\/fr\\\/#website\",\"url\":\"https:\\\/\\\/www.dontpanicgames.com\\\/fr\\\/\",\"name\":\"Don't Panic Games\",\"description\":\"Don&#039;t Panic Games.com website\",\"potentialAction\":[{\"@type\":\"SearchAction\",\"target\":{\"@type\":\"EntryPoint\",\"urlTemplate\":\"https:\\\/\\\/www.dontpanicgames.com\\\/fr\\\/?s={search_term_string}\"},\"query-input\":{\"@type\":\"PropertyValueSpecification\",\"valueRequired\":true,\"valueName\":\"search_term_string\"}}],\"inLanguage\":\"fr-FR\"}]}<\/script>\n<!-- \/ Yoast SEO plugin. -->","yoast_head_json":{"title":"Ceci n'est pas un quiz porno quoique... - Don&#039;t Panic Games","description":"Un quiz limite mais qui passe bien quand m\u00eame. Jouez avec vos amis dans une ambiance potache, d\u00e9complexante et d\u00e9complex\u00e9e, pour du rire garanti m\u00eame pas forc\u00e9, dans les mondes merveilleux de 20 000 vieux sous m\u00e9m\u00e8re et autres Sex Toy Story.","robots":{"index":"index","follow":"follow","max-snippet":"max-snippet:-1","max-image-preview":"max-image-preview:large","max-video-preview":"max-video-preview:-1"},"canonical":"https:\/\/www.dontpanicgames.com\/fr\/shop\/quiz\/ceci-nest-pas-un-quiz-porno-quoique\/","og_locale":"fr_FR","og_type":"article","og_title":"Ceci n'est pas un quiz porno quoique... - Don&#039;t Panic Games","og_description":"Un quiz limite mais qui passe bien quand m\u00eame. Jouez avec vos amis dans une ambiance potache, d\u00e9complexante et d\u00e9complex\u00e9e, pour du rire garanti m\u00eame pas forc\u00e9, dans les mondes merveilleux de 20 000 vieux sous m\u00e9m\u00e8re et autres Sex Toy Story.","og_url":"https:\/\/www.dontpanicgames.com\/fr\/shop\/quiz\/ceci-nest-pas-un-quiz-porno-quoique\/","og_site_name":"Don&#039;t Panic Games","article_publisher":"https:\/\/www.facebook.com\/dontpanicgames\/","article_modified_time":"2025-11-09T13:16:57+00:00","og_image":[{"width":893,"height":800,"url":"https:\/\/www.dontpanicgames.com\/wp-content\/uploads\/2019\/11\/quiz-pornoquoique-packshot-3d_presse.jpg","type":"image\/jpeg"}],"twitter_card":"summary_large_image","twitter_site":"@DontPanicGames1","schema":{"@context":"https:\/\/schema.org","@graph":[{"@type":"WebPage","@id":"https:\/\/www.dontpanicgames.com\/fr\/shop\/quiz\/ceci-nest-pas-un-quiz-porno-quoique\/","url":"https:\/\/www.dontpanicgames.com\/fr\/shop\/quiz\/ceci-nest-pas-un-quiz-porno-quoique\/","name":"Ceci n'est pas un quiz porno quoique... - Don&#039;t Panic Games","isPartOf":{"@id":"https:\/\/www.dontpanicgames.com\/fr\/#website"},"primaryImageOfPage":{"@id":"https:\/\/www.dontpanicgames.com\/fr\/shop\/quiz\/ceci-nest-pas-un-quiz-porno-quoique\/#primaryimage"},"image":{"@id":"https:\/\/www.dontpanicgames.com\/fr\/shop\/quiz\/ceci-nest-pas-un-quiz-porno-quoique\/#primaryimage"},"thumbnailUrl":"https:\/\/www.dontpanicgames.com\/wp-content\/uploads\/2021\/01\/quiz-pornoquoique_3d-2.jpg","datePublished":"2019-11-12T15:34:34+00:00","dateModified":"2025-11-09T13:16:57+00:00","description":"Un quiz limite mais qui passe bien quand m\u00eame. Jouez avec vos amis dans une ambiance potache, d\u00e9complexante et d\u00e9complex\u00e9e, pour du rire garanti m\u00eame pas forc\u00e9, dans les mondes merveilleux de 20 000 vieux sous m\u00e9m\u00e8re et autres Sex Toy Story.","breadcrumb":{"@id":"https:\/\/www.dontpanicgames.com\/fr\/shop\/quiz\/ceci-nest-pas-un-quiz-porno-quoique\/#breadcrumb"},"inLanguage":"fr-FR","potentialAction":[{"@type":"ReadAction","target":["https:\/\/www.dontpanicgames.com\/fr\/shop\/quiz\/ceci-nest-pas-un-quiz-porno-quoique\/"]}]},{"@type":"ImageObject","inLanguage":"fr-FR","@id":"https:\/\/www.dontpanicgames.com\/fr\/shop\/quiz\/ceci-nest-pas-un-quiz-porno-quoique\/#primaryimage","url":"https:\/\/www.dontpanicgames.com\/wp-content\/uploads\/2021\/01\/quiz-pornoquoique_3d-2.jpg","contentUrl":"https:\/\/www.dontpanicgames.com\/wp-content\/uploads\/2021\/01\/quiz-pornoquoique_3d-2.jpg","width":800,"height":800},{"@type":"BreadcrumbList","@id":"https:\/\/www.dontpanicgames.com\/fr\/shop\/quiz\/ceci-nest-pas-un-quiz-porno-quoique\/#breadcrumb","itemListElement":[{"@type":"ListItem","position":1,"name":"Accueil","item":"https:\/\/www.dontpanicgames.com\/fr\/"},{"@type":"ListItem","position":2,"name":"Nos jeux","item":"https:\/\/www.dontpanicgames.com\/fr\/nos-jeux\/"},{"@type":"ListItem","position":3,"name":"Quiz","item":"https:\/\/www.dontpanicgames.com\/fr\/shop\/c\/quiz\/"},{"@type":"ListItem","position":4,"name":"Ceci n&#8217;est pas un quiz porno quoique&#8230;"}]},{"@type":"WebSite","@id":"https:\/\/www.dontpanicgames.com\/fr\/#website","url":"https:\/\/www.dontpanicgames.com\/fr\/","name":"Don't Panic Games","description":"Don&#039;t Panic Games.com website","potentialAction":[{"@type":"SearchAction","target":{"@type":"EntryPoint","urlTemplate":"https:\/\/www.dontpanicgames.com\/fr\/?s={search_term_string}"},"query-input":{"@type":"PropertyValueSpecification","valueRequired":true,"valueName":"search_term_string"}}],"inLanguage":"fr-FR"}]}},"_links":{"self":[{"href":"https:\/\/www.dontpanicgames.com\/fr\/wp-json\/wp\/v2\/product\/19818","targetHints":{"allow":["GET"]}}],"collection":[{"href":"https:\/\/www.dontpanicgames.com\/fr\/wp-json\/wp\/v2\/product"}],"about":[{"href":"https:\/\/www.dontpanicgames.com\/fr\/wp-json\/wp\/v2\/types\/product"}],"wp:featuredmedia":[{"embeddable":true,"href":"https:\/\/www.dontpanicgames.com\/fr\/wp-json\/wp\/v2\/media\/24314"}],"wp:attachment":[{"href":"https:\/\/www.dontpanicgames.com\/fr\/wp-json\/wp\/v2\/media?parent=19818"}],"wp:term":[{"taxonomy":"product_brand","embeddable":true,"href":"https:\/\/www.dontpanicgames.com\/fr\/wp-json\/wp\/v2\/product_brand?post=19818"},{"taxonomy":"product_cat","embeddable":true,"href":"https:\/\/www.dontpanicgames.com\/fr\/wp-json\/wp\/v2\/product_cat?post=19818"},{"taxonomy":"product_tag","embeddable":true,"href":"https:\/\/www.dontpanicgames.com\/fr\/wp-json\/wp\/v2\/product_tag?post=19818"}],"curies":[{"name":"wp","href":"https:\/\/api.w.org\/{rel}","templated":true}]}}