{"id":19815,"date":"2019-11-12T16:16:04","date_gmt":"2019-11-12T15:16:04","guid":{"rendered":"https:\/\/www.dontpanicgames.com\/?post_type=product&#038;p=19815"},"modified":"2025-08-27T16:28:17","modified_gmt":"2025-08-27T15:28:17","slug":"battle-quiz-jeux-video","status":"publish","type":"product","link":"https:\/\/www.dontpanicgames.com\/fr\/shop\/quiz\/battle-quiz-jeux-video\/","title":{"rendered":"Battle Quiz &#8211; Jeux vid\u00e9o"},"content":{"rendered":"<span class=\"et_bloom_bottom_trigger\"><\/span>","protected":false},"excerpt":{"rendered":"<p><strong>De Pong \u00e0 God of War, il n&rsquo;y a qu&rsquo;un quiz !<\/strong><br \/>\n1 livret + 125 cartes \/ 500 questions sur les jeux vid\u00e9os !<\/p>\n<p><strong>Le principe Battle Quiz :<\/strong><br \/>\nVous s\u00e9chez ? Pas de panique !<br \/>\nD\u00e9fiez vos amis en tirant une carte Battle, et l\u2019\u00e9quipe qui se rapproche le plus de la r\u00e9ponse l\u2019emporte ! Une occasion pour tout le monde de briller en soci\u00e9t\u00e9, m\u00eame en butant sur une question !<\/p>\n<ul>\n<li>Qui a cr\u00e9\u00e9 Tetris ?<\/li>\n<li>De quel peuple Ganondorf est-il le roi ?<\/li>\n<li>Dans quel univers se d\u00e9roule Dofus ?<\/li>\n<\/ul>\n<p>Testez vos connaissances et devenez incollables sur les jeux vid\u00e9o, des premi\u00e8res bornes d\u2019arcade aux derni\u00e8res g\u00e9n\u00e9rations. A travers les diff\u00e9rents genres et les multiples univers du jeu, montrez \u00e0 vos amis qui est le boss !<\/p>\n<p><strong>Cat\u00e9gories<\/strong><\/p>\n<ul>\n<li>Insert coin<\/li>\n<li>G\u00e9n\u00e9ration pixels<\/li>\n<li>Polygones<\/li>\n<li>Multiplayer<\/li>\n<li>Next generation<\/li>\n<li>Battle quiz<\/li>\n<\/ul>\n<p><strong>Auteurs<\/strong> : S\u00e9bastien Mirc<\/p>\n","protected":false},"featured_media":24308,"template":"","meta":{"_acf_changed":false},"product_brand":[],"product_cat":[664],"product_tag":[834],"class_list":{"0":"post-19815","1":"product","2":"type-product","3":"status-publish","4":"has-post-thumbnail","6":"product_cat-quiz","7":"product_tag-culture-generale","9":"first","10":"instock","11":"taxable","12":"shipping-taxable","13":"purchasable","14":"product-type-simple"},"acf":[],"yoast_head":"<!-- This site is optimized with the Yoast SEO plugin v27.3 - https:\/\/yoast.com\/product\/yoast-seo-wordpress\/ -->\n<title>Battle Quiz - Jeux vid\u00e9o - Don&#039;t Panic Games<\/title>\n<meta name=\"description\" content=\"Testez vos connaissances et devenez incollables sur les jeux vid\u00e9o, des premi\u00e8res bornes d\u2019arcade aux derni\u00e8res g\u00e9n\u00e9rations. A travers les diff\u00e9rents genres et les multiples univers du jeu, montrez \u00e0 vos amis qui est le boss !\" \/>\n<meta name=\"robots\" content=\"index, follow, max-snippet:-1, max-image-preview:large, max-video-preview:-1\" \/>\n<link rel=\"canonical\" href=\"https:\/\/www.dontpanicgames.com\/fr\/shop\/quiz\/battle-quiz-jeux-video\/\" \/>\n<meta property=\"og:locale\" content=\"fr_FR\" \/>\n<meta property=\"og:type\" content=\"article\" \/>\n<meta property=\"og:title\" content=\"Battle Quiz - Jeux vid\u00e9o - Don&#039;t Panic Games\" \/>\n<meta property=\"og:description\" content=\"Testez vos connaissances et devenez incollables sur les jeux vid\u00e9o, des premi\u00e8res bornes d\u2019arcade aux derni\u00e8res g\u00e9n\u00e9rations. A travers les diff\u00e9rents genres et les multiples univers du jeu, montrez \u00e0 vos amis qui est le boss !\" \/>\n<meta property=\"og:url\" content=\"https:\/\/www.dontpanicgames.com\/fr\/shop\/quiz\/battle-quiz-jeux-video\/\" \/>\n<meta property=\"og:site_name\" content=\"Don&#039;t Panic Games\" \/>\n<meta property=\"article:publisher\" content=\"https:\/\/www.facebook.com\/dontpanicgames\/\" \/>\n<meta property=\"article:modified_time\" content=\"2025-08-27T15:28:17+00:00\" \/>\n<meta property=\"og:image\" content=\"https:\/\/www.dontpanicgames.com\/wp-content\/uploads\/2019\/11\/quiz-jeuxvideo-packshot-3d_presse.jpg\" \/>\n\t<meta property=\"og:image:width\" content=\"893\" \/>\n\t<meta property=\"og:image:height\" content=\"800\" \/>\n\t<meta property=\"og:image:type\" content=\"image\/jpeg\" \/>\n<meta name=\"twitter:card\" content=\"summary_large_image\" \/>\n<meta name=\"twitter:site\" content=\"@DontPanicGames1\" \/>\n<meta name=\"twitter:label1\" content=\"Dur\u00e9e de lecture estim\u00e9e\" \/>\n\t<meta name=\"twitter:data1\" content=\"1 minute\" \/>\n<script type=\"application\/ld+json\" class=\"yoast-schema-graph\">{\"@context\":\"https:\\\/\\\/schema.org\",\"@graph\":[{\"@type\":\"WebPage\",\"@id\":\"https:\\\/\\\/www.dontpanicgames.com\\\/fr\\\/shop\\\/quiz\\\/battle-quiz-jeux-video\\\/\",\"url\":\"https:\\\/\\\/www.dontpanicgames.com\\\/fr\\\/shop\\\/quiz\\\/battle-quiz-jeux-video\\\/\",\"name\":\"Battle Quiz - Jeux vid\u00e9o - Don&#039;t Panic Games\",\"isPartOf\":{\"@id\":\"https:\\\/\\\/www.dontpanicgames.com\\\/fr\\\/#website\"},\"primaryImageOfPage\":{\"@id\":\"https:\\\/\\\/www.dontpanicgames.com\\\/fr\\\/shop\\\/quiz\\\/battle-quiz-jeux-video\\\/#primaryimage\"},\"image\":{\"@id\":\"https:\\\/\\\/www.dontpanicgames.com\\\/fr\\\/shop\\\/quiz\\\/battle-quiz-jeux-video\\\/#primaryimage\"},\"thumbnailUrl\":\"https:\\\/\\\/www.dontpanicgames.com\\\/wp-content\\\/uploads\\\/2021\\\/01\\\/quiz-jeuxvideo-3d-2.jpg\",\"datePublished\":\"2019-11-12T15:16:04+00:00\",\"dateModified\":\"2025-08-27T15:28:17+00:00\",\"description\":\"Testez vos connaissances et devenez incollables sur les jeux vid\u00e9o, des premi\u00e8res bornes d\u2019arcade aux derni\u00e8res g\u00e9n\u00e9rations. A travers les diff\u00e9rents genres et les multiples univers du jeu, montrez \u00e0 vos amis qui est le boss !\",\"breadcrumb\":{\"@id\":\"https:\\\/\\\/www.dontpanicgames.com\\\/fr\\\/shop\\\/quiz\\\/battle-quiz-jeux-video\\\/#breadcrumb\"},\"inLanguage\":\"fr-FR\",\"potentialAction\":[{\"@type\":\"ReadAction\",\"target\":[\"https:\\\/\\\/www.dontpanicgames.com\\\/fr\\\/shop\\\/quiz\\\/battle-quiz-jeux-video\\\/\"]}]},{\"@type\":\"ImageObject\",\"inLanguage\":\"fr-FR\",\"@id\":\"https:\\\/\\\/www.dontpanicgames.com\\\/fr\\\/shop\\\/quiz\\\/battle-quiz-jeux-video\\\/#primaryimage\",\"url\":\"https:\\\/\\\/www.dontpanicgames.com\\\/wp-content\\\/uploads\\\/2021\\\/01\\\/quiz-jeuxvideo-3d-2.jpg\",\"contentUrl\":\"https:\\\/\\\/www.dontpanicgames.com\\\/wp-content\\\/uploads\\\/2021\\\/01\\\/quiz-jeuxvideo-3d-2.jpg\",\"width\":800,\"height\":800},{\"@type\":\"BreadcrumbList\",\"@id\":\"https:\\\/\\\/www.dontpanicgames.com\\\/fr\\\/shop\\\/quiz\\\/battle-quiz-jeux-video\\\/#breadcrumb\",\"itemListElement\":[{\"@type\":\"ListItem\",\"position\":1,\"name\":\"Accueil\",\"item\":\"https:\\\/\\\/www.dontpanicgames.com\\\/fr\\\/\"},{\"@type\":\"ListItem\",\"position\":2,\"name\":\"Nos jeux\",\"item\":\"https:\\\/\\\/www.dontpanicgames.com\\\/fr\\\/nos-jeux\\\/\"},{\"@type\":\"ListItem\",\"position\":3,\"name\":\"Quiz\",\"item\":\"https:\\\/\\\/www.dontpanicgames.com\\\/fr\\\/shop\\\/c\\\/quiz\\\/\"},{\"@type\":\"ListItem\",\"position\":4,\"name\":\"Battle Quiz &#8211; Jeux vid\u00e9o\"}]},{\"@type\":\"WebSite\",\"@id\":\"https:\\\/\\\/www.dontpanicgames.com\\\/fr\\\/#website\",\"url\":\"https:\\\/\\\/www.dontpanicgames.com\\\/fr\\\/\",\"name\":\"Don't Panic Games\",\"description\":\"Don&#039;t Panic Games.com website\",\"potentialAction\":[{\"@type\":\"SearchAction\",\"target\":{\"@type\":\"EntryPoint\",\"urlTemplate\":\"https:\\\/\\\/www.dontpanicgames.com\\\/fr\\\/?s={search_term_string}\"},\"query-input\":{\"@type\":\"PropertyValueSpecification\",\"valueRequired\":true,\"valueName\":\"search_term_string\"}}],\"inLanguage\":\"fr-FR\"}]}<\/script>\n<!-- \/ Yoast SEO plugin. -->","yoast_head_json":{"title":"Battle Quiz - Jeux vid\u00e9o - Don&#039;t Panic Games","description":"Testez vos connaissances et devenez incollables sur les jeux vid\u00e9o, des premi\u00e8res bornes d\u2019arcade aux derni\u00e8res g\u00e9n\u00e9rations. A travers les diff\u00e9rents genres et les multiples univers du jeu, montrez \u00e0 vos amis qui est le boss !","robots":{"index":"index","follow":"follow","max-snippet":"max-snippet:-1","max-image-preview":"max-image-preview:large","max-video-preview":"max-video-preview:-1"},"canonical":"https:\/\/www.dontpanicgames.com\/fr\/shop\/quiz\/battle-quiz-jeux-video\/","og_locale":"fr_FR","og_type":"article","og_title":"Battle Quiz - Jeux vid\u00e9o - Don&#039;t Panic Games","og_description":"Testez vos connaissances et devenez incollables sur les jeux vid\u00e9o, des premi\u00e8res bornes d\u2019arcade aux derni\u00e8res g\u00e9n\u00e9rations. A travers les diff\u00e9rents genres et les multiples univers du jeu, montrez \u00e0 vos amis qui est le boss !","og_url":"https:\/\/www.dontpanicgames.com\/fr\/shop\/quiz\/battle-quiz-jeux-video\/","og_site_name":"Don&#039;t Panic Games","article_publisher":"https:\/\/www.facebook.com\/dontpanicgames\/","article_modified_time":"2025-08-27T15:28:17+00:00","og_image":[{"width":893,"height":800,"url":"https:\/\/www.dontpanicgames.com\/wp-content\/uploads\/2019\/11\/quiz-jeuxvideo-packshot-3d_presse.jpg","type":"image\/jpeg"}],"twitter_card":"summary_large_image","twitter_site":"@DontPanicGames1","twitter_misc":{"Dur\u00e9e de lecture estim\u00e9e":"1 minute"},"schema":{"@context":"https:\/\/schema.org","@graph":[{"@type":"WebPage","@id":"https:\/\/www.dontpanicgames.com\/fr\/shop\/quiz\/battle-quiz-jeux-video\/","url":"https:\/\/www.dontpanicgames.com\/fr\/shop\/quiz\/battle-quiz-jeux-video\/","name":"Battle Quiz - Jeux vid\u00e9o - Don&#039;t Panic Games","isPartOf":{"@id":"https:\/\/www.dontpanicgames.com\/fr\/#website"},"primaryImageOfPage":{"@id":"https:\/\/www.dontpanicgames.com\/fr\/shop\/quiz\/battle-quiz-jeux-video\/#primaryimage"},"image":{"@id":"https:\/\/www.dontpanicgames.com\/fr\/shop\/quiz\/battle-quiz-jeux-video\/#primaryimage"},"thumbnailUrl":"https:\/\/www.dontpanicgames.com\/wp-content\/uploads\/2021\/01\/quiz-jeuxvideo-3d-2.jpg","datePublished":"2019-11-12T15:16:04+00:00","dateModified":"2025-08-27T15:28:17+00:00","description":"Testez vos connaissances et devenez incollables sur les jeux vid\u00e9o, des premi\u00e8res bornes d\u2019arcade aux derni\u00e8res g\u00e9n\u00e9rations. A travers les diff\u00e9rents genres et les multiples univers du jeu, montrez \u00e0 vos amis qui est le boss !","breadcrumb":{"@id":"https:\/\/www.dontpanicgames.com\/fr\/shop\/quiz\/battle-quiz-jeux-video\/#breadcrumb"},"inLanguage":"fr-FR","potentialAction":[{"@type":"ReadAction","target":["https:\/\/www.dontpanicgames.com\/fr\/shop\/quiz\/battle-quiz-jeux-video\/"]}]},{"@type":"ImageObject","inLanguage":"fr-FR","@id":"https:\/\/www.dontpanicgames.com\/fr\/shop\/quiz\/battle-quiz-jeux-video\/#primaryimage","url":"https:\/\/www.dontpanicgames.com\/wp-content\/uploads\/2021\/01\/quiz-jeuxvideo-3d-2.jpg","contentUrl":"https:\/\/www.dontpanicgames.com\/wp-content\/uploads\/2021\/01\/quiz-jeuxvideo-3d-2.jpg","width":800,"height":800},{"@type":"BreadcrumbList","@id":"https:\/\/www.dontpanicgames.com\/fr\/shop\/quiz\/battle-quiz-jeux-video\/#breadcrumb","itemListElement":[{"@type":"ListItem","position":1,"name":"Accueil","item":"https:\/\/www.dontpanicgames.com\/fr\/"},{"@type":"ListItem","position":2,"name":"Nos jeux","item":"https:\/\/www.dontpanicgames.com\/fr\/nos-jeux\/"},{"@type":"ListItem","position":3,"name":"Quiz","item":"https:\/\/www.dontpanicgames.com\/fr\/shop\/c\/quiz\/"},{"@type":"ListItem","position":4,"name":"Battle Quiz &#8211; Jeux vid\u00e9o"}]},{"@type":"WebSite","@id":"https:\/\/www.dontpanicgames.com\/fr\/#website","url":"https:\/\/www.dontpanicgames.com\/fr\/","name":"Don't Panic Games","description":"Don&#039;t Panic Games.com website","potentialAction":[{"@type":"SearchAction","target":{"@type":"EntryPoint","urlTemplate":"https:\/\/www.dontpanicgames.com\/fr\/?s={search_term_string}"},"query-input":{"@type":"PropertyValueSpecification","valueRequired":true,"valueName":"search_term_string"}}],"inLanguage":"fr-FR"}]}},"_links":{"self":[{"href":"https:\/\/www.dontpanicgames.com\/fr\/wp-json\/wp\/v2\/product\/19815","targetHints":{"allow":["GET"]}}],"collection":[{"href":"https:\/\/www.dontpanicgames.com\/fr\/wp-json\/wp\/v2\/product"}],"about":[{"href":"https:\/\/www.dontpanicgames.com\/fr\/wp-json\/wp\/v2\/types\/product"}],"wp:featuredmedia":[{"embeddable":true,"href":"https:\/\/www.dontpanicgames.com\/fr\/wp-json\/wp\/v2\/media\/24308"}],"wp:attachment":[{"href":"https:\/\/www.dontpanicgames.com\/fr\/wp-json\/wp\/v2\/media?parent=19815"}],"wp:term":[{"taxonomy":"product_brand","embeddable":true,"href":"https:\/\/www.dontpanicgames.com\/fr\/wp-json\/wp\/v2\/product_brand?post=19815"},{"taxonomy":"product_cat","embeddable":true,"href":"https:\/\/www.dontpanicgames.com\/fr\/wp-json\/wp\/v2\/product_cat?post=19815"},{"taxonomy":"product_tag","embeddable":true,"href":"https:\/\/www.dontpanicgames.com\/fr\/wp-json\/wp\/v2\/product_tag?post=19815"}],"curies":[{"name":"wp","href":"https:\/\/api.w.org\/{rel}","templated":true}]}}