{"id":14555,"date":"2018-07-16T15:01:19","date_gmt":"2018-07-16T14:01:19","guid":{"rendered":"https:\/\/www.dontpanicgames.com\/?post_type=product&#038;p=14555"},"modified":"2025-07-01T13:59:58","modified_gmt":"2025-07-01T12:59:58","slug":"negociateur-prise-dotages-extension-1","status":"publish","type":"product","link":"https:\/\/www.dontpanicgames.com\/fr\/shop\/negociateur-prise-d-otages\/negociateur-prise-dotages-extension-1\/","title":{"rendered":"N\u00e9gociateur &#8211; Extension 1"},"content":{"rendered":"<span class=\"et_bloom_bottom_trigger\"><\/span>","protected":false},"excerpt":{"rendered":"<p>Dans l\u2019extension n\u00b01, vous serez face \u00e0 <b>Connor E. Ogden<\/b>, un PDG d\u00e9chu de ses fonctions et dont les actions de sa soci\u00e9t\u00e9 s\u2019effondrent. Gr\u00e2ce \u00e0 cette extension, vous b\u00e9n\u00e9ficiez de l\u2019aide d\u2019un complice \u00e0 l\u2019int\u00e9rieur des bureaux.<\/p>\n<p><b>Ce pack est une extension pour le jeu N\u00e9gociateur : Prise d&rsquo;Otages. Il contient 16 nouvelles cartes et apporte une nouvelle m\u00e9canique de jeu ! <\/b><\/p>\n<p><a href=\"https:\/\/www.dontpanicgames.com\/fr\/negociateur-prise-d-otages-les-extensions\/\">Plus d&rsquo;infos&#8230;<\/a><\/p>\n","protected":false},"featured_media":24306,"template":"","meta":{"_acf_changed":false},"product_brand":[],"product_cat":[678],"product_tag":[849],"class_list":{"0":"post-14555","1":"product","2":"type-product","3":"status-publish","4":"has-post-thumbnail","6":"product_cat-negociateur-prise-d-otages","7":"product_tag-solitaire","8":"product_shipping_class-standard-fr","10":"first","11":"outofstock","12":"taxable","13":"shipping-taxable","14":"purchasable","15":"product-type-simple"},"acf":[],"yoast_head":"<!-- This site is optimized with the Yoast SEO plugin v27.3 - https:\/\/yoast.com\/product\/yoast-seo-wordpress\/ -->\n<title>N\u00e9gociateur - Extension 1 - Don&#039;t Panic Games<\/title>\n<meta name=\"robots\" content=\"index, follow, max-snippet:-1, max-image-preview:large, max-video-preview:-1\" \/>\n<link rel=\"canonical\" href=\"https:\/\/www.dontpanicgames.com\/fr\/shop\/negociateur-prise-d-otages\/negociateur-prise-dotages-extension-1\/\" \/>\n<meta property=\"og:locale\" content=\"fr_FR\" \/>\n<meta property=\"og:type\" content=\"article\" \/>\n<meta property=\"og:title\" content=\"N\u00e9gociateur - Extension 1 - Don&#039;t Panic Games\" \/>\n<meta property=\"og:description\" content=\"Dans l\u2019extension n\u00b01, vous serez face \u00e0 Connor E. Ogden, un PDG d\u00e9chu de ses fonctions et dont les actions de sa soci\u00e9t\u00e9 s\u2019effondrent. Gr\u00e2ce \u00e0 cette extension, vous b\u00e9n\u00e9ficiez de l\u2019aide d\u2019un complice \u00e0 l\u2019int\u00e9rieur des bureaux.  Ce pack est une extension pour le jeu N\u00e9gociateur : Prise d&#039;Otages. Il contient 16 nouvelles cartes et apporte une nouvelle m\u00e9canique de jeu !   Plus d&#039;infos...\" \/>\n<meta property=\"og:url\" content=\"https:\/\/www.dontpanicgames.com\/fr\/shop\/negociateur-prise-d-otages\/negociateur-prise-dotages-extension-1\/\" \/>\n<meta property=\"og:site_name\" content=\"Don&#039;t Panic Games\" \/>\n<meta property=\"article:publisher\" content=\"https:\/\/www.facebook.com\/dontpanicgames\/\" \/>\n<meta property=\"article:modified_time\" content=\"2025-07-01T12:59:58+00:00\" \/>\n<meta property=\"og:image\" content=\"https:\/\/www.dontpanicgames.com\/wp-content\/uploads\/2018\/07\/negociateur-packshot-foiler-hn-extension-1-2.jpg\" \/>\n\t<meta property=\"og:image:width\" content=\"500\" \/>\n\t<meta property=\"og:image:height\" content=\"500\" \/>\n\t<meta property=\"og:image:type\" content=\"image\/jpeg\" \/>\n<meta name=\"twitter:card\" content=\"summary_large_image\" \/>\n<meta name=\"twitter:site\" content=\"@DontPanicGames1\" \/>\n<meta name=\"twitter:label1\" content=\"Dur\u00e9e de lecture estim\u00e9e\" \/>\n\t<meta name=\"twitter:data1\" content=\"1 minute\" \/>\n<script type=\"application\/ld+json\" class=\"yoast-schema-graph\">{\"@context\":\"https:\\\/\\\/schema.org\",\"@graph\":[{\"@type\":\"WebPage\",\"@id\":\"https:\\\/\\\/www.dontpanicgames.com\\\/fr\\\/shop\\\/negociateur-prise-d-otages\\\/negociateur-prise-dotages-extension-1\\\/\",\"url\":\"https:\\\/\\\/www.dontpanicgames.com\\\/fr\\\/shop\\\/negociateur-prise-d-otages\\\/negociateur-prise-dotages-extension-1\\\/\",\"name\":\"N\u00e9gociateur - Extension 1 - Don&#039;t Panic Games\",\"isPartOf\":{\"@id\":\"https:\\\/\\\/www.dontpanicgames.com\\\/fr\\\/#website\"},\"primaryImageOfPage\":{\"@id\":\"https:\\\/\\\/www.dontpanicgames.com\\\/fr\\\/shop\\\/negociateur-prise-d-otages\\\/negociateur-prise-dotages-extension-1\\\/#primaryimage\"},\"image\":{\"@id\":\"https:\\\/\\\/www.dontpanicgames.com\\\/fr\\\/shop\\\/negociateur-prise-d-otages\\\/negociateur-prise-dotages-extension-1\\\/#primaryimage\"},\"thumbnailUrl\":\"https:\\\/\\\/www.dontpanicgames.com\\\/wp-content\\\/uploads\\\/2018\\\/07\\\/negociateur-packshot-foiler-hn-extension-1-2.jpg\",\"datePublished\":\"2018-07-16T14:01:19+00:00\",\"dateModified\":\"2025-07-01T12:59:58+00:00\",\"breadcrumb\":{\"@id\":\"https:\\\/\\\/www.dontpanicgames.com\\\/fr\\\/shop\\\/negociateur-prise-d-otages\\\/negociateur-prise-dotages-extension-1\\\/#breadcrumb\"},\"inLanguage\":\"fr-FR\",\"potentialAction\":[{\"@type\":\"ReadAction\",\"target\":[\"https:\\\/\\\/www.dontpanicgames.com\\\/fr\\\/shop\\\/negociateur-prise-d-otages\\\/negociateur-prise-dotages-extension-1\\\/\"]}]},{\"@type\":\"ImageObject\",\"inLanguage\":\"fr-FR\",\"@id\":\"https:\\\/\\\/www.dontpanicgames.com\\\/fr\\\/shop\\\/negociateur-prise-d-otages\\\/negociateur-prise-dotages-extension-1\\\/#primaryimage\",\"url\":\"https:\\\/\\\/www.dontpanicgames.com\\\/wp-content\\\/uploads\\\/2018\\\/07\\\/negociateur-packshot-foiler-hn-extension-1-2.jpg\",\"contentUrl\":\"https:\\\/\\\/www.dontpanicgames.com\\\/wp-content\\\/uploads\\\/2018\\\/07\\\/negociateur-packshot-foiler-hn-extension-1-2.jpg\",\"width\":500,\"height\":500},{\"@type\":\"BreadcrumbList\",\"@id\":\"https:\\\/\\\/www.dontpanicgames.com\\\/fr\\\/shop\\\/negociateur-prise-d-otages\\\/negociateur-prise-dotages-extension-1\\\/#breadcrumb\",\"itemListElement\":[{\"@type\":\"ListItem\",\"position\":1,\"name\":\"Accueil\",\"item\":\"https:\\\/\\\/www.dontpanicgames.com\\\/fr\\\/\"},{\"@type\":\"ListItem\",\"position\":2,\"name\":\"Nos jeux\",\"item\":\"https:\\\/\\\/www.dontpanicgames.com\\\/fr\\\/nos-jeux\\\/\"},{\"@type\":\"ListItem\",\"position\":3,\"name\":\"N\u00e9gociateur : Prise d'otages\",\"item\":\"https:\\\/\\\/www.dontpanicgames.com\\\/fr\\\/shop\\\/c\\\/negociateur-prise-d-otages\\\/\"},{\"@type\":\"ListItem\",\"position\":4,\"name\":\"N\u00e9gociateur &#8211; Extension 1\"}]},{\"@type\":\"WebSite\",\"@id\":\"https:\\\/\\\/www.dontpanicgames.com\\\/fr\\\/#website\",\"url\":\"https:\\\/\\\/www.dontpanicgames.com\\\/fr\\\/\",\"name\":\"Don't Panic Games\",\"description\":\"Don&#039;t Panic Games.com website\",\"potentialAction\":[{\"@type\":\"SearchAction\",\"target\":{\"@type\":\"EntryPoint\",\"urlTemplate\":\"https:\\\/\\\/www.dontpanicgames.com\\\/fr\\\/?s={search_term_string}\"},\"query-input\":{\"@type\":\"PropertyValueSpecification\",\"valueRequired\":true,\"valueName\":\"search_term_string\"}}],\"inLanguage\":\"fr-FR\"}]}<\/script>\n<!-- \/ Yoast SEO plugin. -->","yoast_head_json":{"title":"N\u00e9gociateur - Extension 1 - Don&#039;t Panic Games","robots":{"index":"index","follow":"follow","max-snippet":"max-snippet:-1","max-image-preview":"max-image-preview:large","max-video-preview":"max-video-preview:-1"},"canonical":"https:\/\/www.dontpanicgames.com\/fr\/shop\/negociateur-prise-d-otages\/negociateur-prise-dotages-extension-1\/","og_locale":"fr_FR","og_type":"article","og_title":"N\u00e9gociateur - Extension 1 - Don&#039;t Panic Games","og_description":"Dans l\u2019extension n\u00b01, vous serez face \u00e0 Connor E. Ogden, un PDG d\u00e9chu de ses fonctions et dont les actions de sa soci\u00e9t\u00e9 s\u2019effondrent. Gr\u00e2ce \u00e0 cette extension, vous b\u00e9n\u00e9ficiez de l\u2019aide d\u2019un complice \u00e0 l\u2019int\u00e9rieur des bureaux.  Ce pack est une extension pour le jeu N\u00e9gociateur : Prise d'Otages. Il contient 16 nouvelles cartes et apporte une nouvelle m\u00e9canique de jeu !   Plus d'infos...","og_url":"https:\/\/www.dontpanicgames.com\/fr\/shop\/negociateur-prise-d-otages\/negociateur-prise-dotages-extension-1\/","og_site_name":"Don&#039;t Panic Games","article_publisher":"https:\/\/www.facebook.com\/dontpanicgames\/","article_modified_time":"2025-07-01T12:59:58+00:00","og_image":[{"width":500,"height":500,"url":"https:\/\/www.dontpanicgames.com\/wp-content\/uploads\/2018\/07\/negociateur-packshot-foiler-hn-extension-1-2.jpg","type":"image\/jpeg"}],"twitter_card":"summary_large_image","twitter_site":"@DontPanicGames1","twitter_misc":{"Dur\u00e9e de lecture estim\u00e9e":"1 minute"},"schema":{"@context":"https:\/\/schema.org","@graph":[{"@type":"WebPage","@id":"https:\/\/www.dontpanicgames.com\/fr\/shop\/negociateur-prise-d-otages\/negociateur-prise-dotages-extension-1\/","url":"https:\/\/www.dontpanicgames.com\/fr\/shop\/negociateur-prise-d-otages\/negociateur-prise-dotages-extension-1\/","name":"N\u00e9gociateur - Extension 1 - Don&#039;t Panic Games","isPartOf":{"@id":"https:\/\/www.dontpanicgames.com\/fr\/#website"},"primaryImageOfPage":{"@id":"https:\/\/www.dontpanicgames.com\/fr\/shop\/negociateur-prise-d-otages\/negociateur-prise-dotages-extension-1\/#primaryimage"},"image":{"@id":"https:\/\/www.dontpanicgames.com\/fr\/shop\/negociateur-prise-d-otages\/negociateur-prise-dotages-extension-1\/#primaryimage"},"thumbnailUrl":"https:\/\/www.dontpanicgames.com\/wp-content\/uploads\/2018\/07\/negociateur-packshot-foiler-hn-extension-1-2.jpg","datePublished":"2018-07-16T14:01:19+00:00","dateModified":"2025-07-01T12:59:58+00:00","breadcrumb":{"@id":"https:\/\/www.dontpanicgames.com\/fr\/shop\/negociateur-prise-d-otages\/negociateur-prise-dotages-extension-1\/#breadcrumb"},"inLanguage":"fr-FR","potentialAction":[{"@type":"ReadAction","target":["https:\/\/www.dontpanicgames.com\/fr\/shop\/negociateur-prise-d-otages\/negociateur-prise-dotages-extension-1\/"]}]},{"@type":"ImageObject","inLanguage":"fr-FR","@id":"https:\/\/www.dontpanicgames.com\/fr\/shop\/negociateur-prise-d-otages\/negociateur-prise-dotages-extension-1\/#primaryimage","url":"https:\/\/www.dontpanicgames.com\/wp-content\/uploads\/2018\/07\/negociateur-packshot-foiler-hn-extension-1-2.jpg","contentUrl":"https:\/\/www.dontpanicgames.com\/wp-content\/uploads\/2018\/07\/negociateur-packshot-foiler-hn-extension-1-2.jpg","width":500,"height":500},{"@type":"BreadcrumbList","@id":"https:\/\/www.dontpanicgames.com\/fr\/shop\/negociateur-prise-d-otages\/negociateur-prise-dotages-extension-1\/#breadcrumb","itemListElement":[{"@type":"ListItem","position":1,"name":"Accueil","item":"https:\/\/www.dontpanicgames.com\/fr\/"},{"@type":"ListItem","position":2,"name":"Nos jeux","item":"https:\/\/www.dontpanicgames.com\/fr\/nos-jeux\/"},{"@type":"ListItem","position":3,"name":"N\u00e9gociateur : Prise d'otages","item":"https:\/\/www.dontpanicgames.com\/fr\/shop\/c\/negociateur-prise-d-otages\/"},{"@type":"ListItem","position":4,"name":"N\u00e9gociateur &#8211; Extension 1"}]},{"@type":"WebSite","@id":"https:\/\/www.dontpanicgames.com\/fr\/#website","url":"https:\/\/www.dontpanicgames.com\/fr\/","name":"Don't Panic Games","description":"Don&#039;t Panic Games.com website","potentialAction":[{"@type":"SearchAction","target":{"@type":"EntryPoint","urlTemplate":"https:\/\/www.dontpanicgames.com\/fr\/?s={search_term_string}"},"query-input":{"@type":"PropertyValueSpecification","valueRequired":true,"valueName":"search_term_string"}}],"inLanguage":"fr-FR"}]}},"_links":{"self":[{"href":"https:\/\/www.dontpanicgames.com\/fr\/wp-json\/wp\/v2\/product\/14555","targetHints":{"allow":["GET"]}}],"collection":[{"href":"https:\/\/www.dontpanicgames.com\/fr\/wp-json\/wp\/v2\/product"}],"about":[{"href":"https:\/\/www.dontpanicgames.com\/fr\/wp-json\/wp\/v2\/types\/product"}],"wp:featuredmedia":[{"embeddable":true,"href":"https:\/\/www.dontpanicgames.com\/fr\/wp-json\/wp\/v2\/media\/24306"}],"wp:attachment":[{"href":"https:\/\/www.dontpanicgames.com\/fr\/wp-json\/wp\/v2\/media?parent=14555"}],"wp:term":[{"taxonomy":"product_brand","embeddable":true,"href":"https:\/\/www.dontpanicgames.com\/fr\/wp-json\/wp\/v2\/product_brand?post=14555"},{"taxonomy":"product_cat","embeddable":true,"href":"https:\/\/www.dontpanicgames.com\/fr\/wp-json\/wp\/v2\/product_cat?post=14555"},{"taxonomy":"product_tag","embeddable":true,"href":"https:\/\/www.dontpanicgames.com\/fr\/wp-json\/wp\/v2\/product_tag?post=14555"}],"curies":[{"name":"wp","href":"https:\/\/api.w.org\/{rel}","templated":true}]}}