{"id":13194,"date":"2017-11-20T14:07:08","date_gmt":"2017-11-20T12:07:08","guid":{"rendered":"https:\/\/www.dontpanicgames.com\/shop\/non class\u00e9\/mercenary-heroes-maus-thorolf\/"},"modified":"2017-11-20T14:07:08","modified_gmt":"2017-11-20T12:07:08","slug":"mercenary-heroes-maus-thorolf","status":"publish","type":"product","link":"https:\/\/www.dontpanicgames.com\/fr\/shop\/drakerys\/elementaires-et-mercenaires\/mercenary-heroes-maus-thorolf\/","title":{"rendered":"Mercenary Heroes: Maus &#038; Thorolf"},"content":{"rendered":"<span class=\"et_bloom_bottom_trigger\"><\/span>","protected":false},"excerpt":{"rendered":"<p>Voici venir deux mercenaires aussi embl\u00e9matiques que diff\u00e9rents ! Maus, le nain, est prot\u00e9g\u00e9 par une lourde armure et arm\u00e9 d\u2019une hache et d\u2019un marteau ouvrag\u00e9. Thorolf compte quant \u00e0 lui sur ses muscles, son habilet\u00e9 et sa fid\u00e8le \u00e9p\u00e9e longue !<\/p>\n<p>CONTENU:<br \/>\n1 Maus + 2 cartes d&rsquo;unit\u00e9 (Mercenaire et Aurium)<br \/>\n1 Thorolf + 1 carte d&rsquo;unit\u00e9 (Mercenaire)<\/p>\n","protected":false},"featured_media":13193,"template":"","meta":{"_acf_changed":false},"product_brand":[],"product_cat":[386],"product_tag":[],"class_list":{"0":"post-13194","1":"product","2":"type-product","3":"status-publish","4":"has-post-thumbnail","6":"product_cat-elementaires-et-mercenaires","7":"product_shipping_class-standard-fr","9":"first","10":"instock","11":"taxable","12":"shipping-taxable","13":"purchasable","14":"product-type-simple"},"acf":[],"yoast_head":"<!-- This site is optimized with the Yoast SEO plugin v27.4 - https:\/\/yoast.com\/product\/yoast-seo-wordpress\/ -->\n<title>Mercenary Heroes: Maus &amp; Thorolf - Don&#039;t Panic Games<\/title>\n<meta name=\"robots\" content=\"index, follow, max-snippet:-1, max-image-preview:large, max-video-preview:-1\" \/>\n<link rel=\"canonical\" href=\"https:\/\/www.dontpanicgames.com\/fr\/shop\/drakerys\/elementaires-et-mercenaires\/mercenary-heroes-maus-thorolf\/\" \/>\n<meta property=\"og:locale\" content=\"fr_FR\" \/>\n<meta property=\"og:type\" content=\"article\" \/>\n<meta property=\"og:title\" content=\"Mercenary Heroes: Maus &amp; Thorolf - Don&#039;t Panic Games\" \/>\n<meta property=\"og:description\" content=\"Voici venir deux mercenaires aussi embl\u00e9matiques que diff\u00e9rents ! Maus, le nain, est prot\u00e9g\u00e9 par une lourde armure et arm\u00e9 d\u2019une hache et d\u2019un marteau ouvrag\u00e9. Thorolf compte quant \u00e0 lui sur ses muscles, son habilet\u00e9 et sa fid\u00e8le \u00e9p\u00e9e longue ! CONTENU: 1 Maus + 2 cartes d&#039;unit\u00e9 (Mercenaire et Aurium) 1 Thorolf + 1 carte d&#039;unit\u00e9 (Mercenaire)\" \/>\n<meta property=\"og:url\" content=\"https:\/\/www.dontpanicgames.com\/fr\/shop\/drakerys\/elementaires-et-mercenaires\/mercenary-heroes-maus-thorolf\/\" \/>\n<meta property=\"og:site_name\" content=\"Don&#039;t Panic Games\" \/>\n<meta property=\"article:publisher\" content=\"https:\/\/www.facebook.com\/dontpanicgames\/\" \/>\n<meta property=\"og:image\" content=\"https:\/\/www.dontpanicgames.com\/wp-content\/uploads\/2017\/11\/nasb1406-packaging.jpg\" \/>\n\t<meta property=\"og:image:width\" content=\"850\" \/>\n\t<meta property=\"og:image:height\" content=\"850\" \/>\n\t<meta property=\"og:image:type\" content=\"image\/jpeg\" \/>\n<meta name=\"twitter:card\" content=\"summary_large_image\" \/>\n<meta name=\"twitter:site\" content=\"@DontPanicGames1\" \/>\n<script type=\"application\/ld+json\" class=\"yoast-schema-graph\">{\"@context\":\"https:\\\/\\\/schema.org\",\"@graph\":[{\"@type\":\"WebPage\",\"@id\":\"https:\\\/\\\/www.dontpanicgames.com\\\/fr\\\/shop\\\/drakerys\\\/elementaires-et-mercenaires\\\/mercenary-heroes-maus-thorolf\\\/\",\"url\":\"https:\\\/\\\/www.dontpanicgames.com\\\/fr\\\/shop\\\/drakerys\\\/elementaires-et-mercenaires\\\/mercenary-heroes-maus-thorolf\\\/\",\"name\":\"Mercenary Heroes: Maus & Thorolf - Don&#039;t Panic Games\",\"isPartOf\":{\"@id\":\"https:\\\/\\\/www.dontpanicgames.com\\\/fr\\\/#website\"},\"primaryImageOfPage\":{\"@id\":\"https:\\\/\\\/www.dontpanicgames.com\\\/fr\\\/shop\\\/drakerys\\\/elementaires-et-mercenaires\\\/mercenary-heroes-maus-thorolf\\\/#primaryimage\"},\"image\":{\"@id\":\"https:\\\/\\\/www.dontpanicgames.com\\\/fr\\\/shop\\\/drakerys\\\/elementaires-et-mercenaires\\\/mercenary-heroes-maus-thorolf\\\/#primaryimage\"},\"thumbnailUrl\":\"https:\\\/\\\/www.dontpanicgames.com\\\/wp-content\\\/uploads\\\/2017\\\/11\\\/nasb1406-packaging.jpg\",\"datePublished\":\"2017-11-20T12:07:08+00:00\",\"breadcrumb\":{\"@id\":\"https:\\\/\\\/www.dontpanicgames.com\\\/fr\\\/shop\\\/drakerys\\\/elementaires-et-mercenaires\\\/mercenary-heroes-maus-thorolf\\\/#breadcrumb\"},\"inLanguage\":\"fr-FR\",\"potentialAction\":[{\"@type\":\"ReadAction\",\"target\":[\"https:\\\/\\\/www.dontpanicgames.com\\\/fr\\\/shop\\\/drakerys\\\/elementaires-et-mercenaires\\\/mercenary-heroes-maus-thorolf\\\/\"]}]},{\"@type\":\"ImageObject\",\"inLanguage\":\"fr-FR\",\"@id\":\"https:\\\/\\\/www.dontpanicgames.com\\\/fr\\\/shop\\\/drakerys\\\/elementaires-et-mercenaires\\\/mercenary-heroes-maus-thorolf\\\/#primaryimage\",\"url\":\"https:\\\/\\\/www.dontpanicgames.com\\\/wp-content\\\/uploads\\\/2017\\\/11\\\/nasb1406-packaging.jpg\",\"contentUrl\":\"https:\\\/\\\/www.dontpanicgames.com\\\/wp-content\\\/uploads\\\/2017\\\/11\\\/nasb1406-packaging.jpg\",\"width\":850,\"height\":850},{\"@type\":\"BreadcrumbList\",\"@id\":\"https:\\\/\\\/www.dontpanicgames.com\\\/fr\\\/shop\\\/drakerys\\\/elementaires-et-mercenaires\\\/mercenary-heroes-maus-thorolf\\\/#breadcrumb\",\"itemListElement\":[{\"@type\":\"ListItem\",\"position\":1,\"name\":\"Accueil\",\"item\":\"https:\\\/\\\/www.dontpanicgames.com\\\/fr\\\/\"},{\"@type\":\"ListItem\",\"position\":2,\"name\":\"Nos jeux\",\"item\":\"https:\\\/\\\/www.dontpanicgames.com\\\/fr\\\/nos-jeux\\\/\"},{\"@type\":\"ListItem\",\"position\":3,\"name\":\"Drakerys\",\"item\":\"https:\\\/\\\/www.dontpanicgames.com\\\/fr\\\/shop\\\/c\\\/drakerys\\\/\"},{\"@type\":\"ListItem\",\"position\":4,\"name\":\"El\u00e9mentaires et Mercenaires\",\"item\":\"https:\\\/\\\/www.dontpanicgames.com\\\/fr\\\/shop\\\/c\\\/drakerys\\\/elementaires-et-mercenaires\\\/\"},{\"@type\":\"ListItem\",\"position\":5,\"name\":\"Mercenary Heroes: Maus &#038; Thorolf\"}]},{\"@type\":\"WebSite\",\"@id\":\"https:\\\/\\\/www.dontpanicgames.com\\\/fr\\\/#website\",\"url\":\"https:\\\/\\\/www.dontpanicgames.com\\\/fr\\\/\",\"name\":\"Don't Panic Games\",\"description\":\"Don&#039;t Panic Games.com website\",\"potentialAction\":[{\"@type\":\"SearchAction\",\"target\":{\"@type\":\"EntryPoint\",\"urlTemplate\":\"https:\\\/\\\/www.dontpanicgames.com\\\/fr\\\/?s={search_term_string}\"},\"query-input\":{\"@type\":\"PropertyValueSpecification\",\"valueRequired\":true,\"valueName\":\"search_term_string\"}}],\"inLanguage\":\"fr-FR\"}]}<\/script>\n<!-- \/ Yoast SEO plugin. -->","yoast_head_json":{"title":"Mercenary Heroes: Maus & Thorolf - Don&#039;t Panic Games","robots":{"index":"index","follow":"follow","max-snippet":"max-snippet:-1","max-image-preview":"max-image-preview:large","max-video-preview":"max-video-preview:-1"},"canonical":"https:\/\/www.dontpanicgames.com\/fr\/shop\/drakerys\/elementaires-et-mercenaires\/mercenary-heroes-maus-thorolf\/","og_locale":"fr_FR","og_type":"article","og_title":"Mercenary Heroes: Maus & Thorolf - Don&#039;t Panic Games","og_description":"Voici venir deux mercenaires aussi embl\u00e9matiques que diff\u00e9rents ! Maus, le nain, est prot\u00e9g\u00e9 par une lourde armure et arm\u00e9 d\u2019une hache et d\u2019un marteau ouvrag\u00e9. Thorolf compte quant \u00e0 lui sur ses muscles, son habilet\u00e9 et sa fid\u00e8le \u00e9p\u00e9e longue ! CONTENU: 1 Maus + 2 cartes d'unit\u00e9 (Mercenaire et Aurium) 1 Thorolf + 1 carte d'unit\u00e9 (Mercenaire)","og_url":"https:\/\/www.dontpanicgames.com\/fr\/shop\/drakerys\/elementaires-et-mercenaires\/mercenary-heroes-maus-thorolf\/","og_site_name":"Don&#039;t Panic Games","article_publisher":"https:\/\/www.facebook.com\/dontpanicgames\/","og_image":[{"width":850,"height":850,"url":"https:\/\/www.dontpanicgames.com\/wp-content\/uploads\/2017\/11\/nasb1406-packaging.jpg","type":"image\/jpeg"}],"twitter_card":"summary_large_image","twitter_site":"@DontPanicGames1","schema":{"@context":"https:\/\/schema.org","@graph":[{"@type":"WebPage","@id":"https:\/\/www.dontpanicgames.com\/fr\/shop\/drakerys\/elementaires-et-mercenaires\/mercenary-heroes-maus-thorolf\/","url":"https:\/\/www.dontpanicgames.com\/fr\/shop\/drakerys\/elementaires-et-mercenaires\/mercenary-heroes-maus-thorolf\/","name":"Mercenary Heroes: Maus & Thorolf - Don&#039;t Panic Games","isPartOf":{"@id":"https:\/\/www.dontpanicgames.com\/fr\/#website"},"primaryImageOfPage":{"@id":"https:\/\/www.dontpanicgames.com\/fr\/shop\/drakerys\/elementaires-et-mercenaires\/mercenary-heroes-maus-thorolf\/#primaryimage"},"image":{"@id":"https:\/\/www.dontpanicgames.com\/fr\/shop\/drakerys\/elementaires-et-mercenaires\/mercenary-heroes-maus-thorolf\/#primaryimage"},"thumbnailUrl":"https:\/\/www.dontpanicgames.com\/wp-content\/uploads\/2017\/11\/nasb1406-packaging.jpg","datePublished":"2017-11-20T12:07:08+00:00","breadcrumb":{"@id":"https:\/\/www.dontpanicgames.com\/fr\/shop\/drakerys\/elementaires-et-mercenaires\/mercenary-heroes-maus-thorolf\/#breadcrumb"},"inLanguage":"fr-FR","potentialAction":[{"@type":"ReadAction","target":["https:\/\/www.dontpanicgames.com\/fr\/shop\/drakerys\/elementaires-et-mercenaires\/mercenary-heroes-maus-thorolf\/"]}]},{"@type":"ImageObject","inLanguage":"fr-FR","@id":"https:\/\/www.dontpanicgames.com\/fr\/shop\/drakerys\/elementaires-et-mercenaires\/mercenary-heroes-maus-thorolf\/#primaryimage","url":"https:\/\/www.dontpanicgames.com\/wp-content\/uploads\/2017\/11\/nasb1406-packaging.jpg","contentUrl":"https:\/\/www.dontpanicgames.com\/wp-content\/uploads\/2017\/11\/nasb1406-packaging.jpg","width":850,"height":850},{"@type":"BreadcrumbList","@id":"https:\/\/www.dontpanicgames.com\/fr\/shop\/drakerys\/elementaires-et-mercenaires\/mercenary-heroes-maus-thorolf\/#breadcrumb","itemListElement":[{"@type":"ListItem","position":1,"name":"Accueil","item":"https:\/\/www.dontpanicgames.com\/fr\/"},{"@type":"ListItem","position":2,"name":"Nos jeux","item":"https:\/\/www.dontpanicgames.com\/fr\/nos-jeux\/"},{"@type":"ListItem","position":3,"name":"Drakerys","item":"https:\/\/www.dontpanicgames.com\/fr\/shop\/c\/drakerys\/"},{"@type":"ListItem","position":4,"name":"El\u00e9mentaires et Mercenaires","item":"https:\/\/www.dontpanicgames.com\/fr\/shop\/c\/drakerys\/elementaires-et-mercenaires\/"},{"@type":"ListItem","position":5,"name":"Mercenary Heroes: Maus &#038; Thorolf"}]},{"@type":"WebSite","@id":"https:\/\/www.dontpanicgames.com\/fr\/#website","url":"https:\/\/www.dontpanicgames.com\/fr\/","name":"Don't Panic Games","description":"Don&#039;t Panic Games.com website","potentialAction":[{"@type":"SearchAction","target":{"@type":"EntryPoint","urlTemplate":"https:\/\/www.dontpanicgames.com\/fr\/?s={search_term_string}"},"query-input":{"@type":"PropertyValueSpecification","valueRequired":true,"valueName":"search_term_string"}}],"inLanguage":"fr-FR"}]}},"_links":{"self":[{"href":"https:\/\/www.dontpanicgames.com\/fr\/wp-json\/wp\/v2\/product\/13194","targetHints":{"allow":["GET"]}}],"collection":[{"href":"https:\/\/www.dontpanicgames.com\/fr\/wp-json\/wp\/v2\/product"}],"about":[{"href":"https:\/\/www.dontpanicgames.com\/fr\/wp-json\/wp\/v2\/types\/product"}],"wp:featuredmedia":[{"embeddable":true,"href":"https:\/\/www.dontpanicgames.com\/fr\/wp-json\/wp\/v2\/media\/13193"}],"wp:attachment":[{"href":"https:\/\/www.dontpanicgames.com\/fr\/wp-json\/wp\/v2\/media?parent=13194"}],"wp:term":[{"taxonomy":"product_brand","embeddable":true,"href":"https:\/\/www.dontpanicgames.com\/fr\/wp-json\/wp\/v2\/product_brand?post=13194"},{"taxonomy":"product_cat","embeddable":true,"href":"https:\/\/www.dontpanicgames.com\/fr\/wp-json\/wp\/v2\/product_cat?post=13194"},{"taxonomy":"product_tag","embeddable":true,"href":"https:\/\/www.dontpanicgames.com\/fr\/wp-json\/wp\/v2\/product_tag?post=13194"}],"curies":[{"name":"wp","href":"https:\/\/api.w.org\/{rel}","templated":true}]}}