{"id":12961,"date":"2017-09-19T15:18:26","date_gmt":"2017-09-19T13:18:26","guid":{"rendered":"https:\/\/www.dontpanicgames.com\/shop\/non%20class\u00e9\/army-dice-irosia-paladinate\/"},"modified":"2017-10-04T16:01:20","modified_gmt":"2017-10-04T14:01:20","slug":"des-armee-paladinat-d-irosia","status":"publish","type":"product","link":"https:\/\/www.dontpanicgames.com\/fr\/shop\/drakerys\/paladinat-irosia\/des-armee-paladinat-d-irosia\/","title":{"rendered":"D\u00e9s arm\u00e9e : Paladinat d&rsquo;Irosia"},"content":{"rendered":"<span class=\"et_bloom_bottom_trigger\"><\/span>","protected":false},"excerpt":{"rendered":"<p>Des d\u00e9s sont disponibles pour chacune des arm\u00e9es. Ils sont parfaits pour les collectionneurs !<\/p>\n<p>Chaque paquet contient 10 d\u00e9s avec le logo de l&rsquo;arm\u00e9e correspondant \u00e0 sa couleur.<\/p>\n","protected":false},"featured_media":12186,"template":"","meta":{"_acf_changed":false},"product_brand":[],"product_cat":[389,388],"product_tag":[],"class_list":{"0":"post-12961","1":"product","2":"type-product","3":"status-publish","4":"has-post-thumbnail","6":"product_cat-starter-set-accessoires","7":"product_cat-paladinat-irosia","8":"product_shipping_class-standard-fr","10":"first","11":"instock","12":"taxable","13":"shipping-taxable","14":"purchasable","15":"product-type-simple"},"acf":[],"yoast_head":"<!-- This site is optimized with the Yoast SEO plugin v27.3 - https:\/\/yoast.com\/product\/yoast-seo-wordpress\/ -->\n<title>D\u00e9s arm\u00e9e : Paladinat d&#039;Irosia - Don&#039;t Panic Games<\/title>\n<meta name=\"robots\" content=\"index, follow, max-snippet:-1, max-image-preview:large, max-video-preview:-1\" \/>\n<link rel=\"canonical\" href=\"https:\/\/www.dontpanicgames.com\/fr\/shop\/drakerys\/paladinat-irosia\/des-armee-paladinat-d-irosia\/\" \/>\n<meta property=\"og:locale\" content=\"fr_FR\" \/>\n<meta property=\"og:type\" content=\"article\" \/>\n<meta property=\"og:title\" content=\"D\u00e9s arm\u00e9e : Paladinat d&#039;Irosia - Don&#039;t Panic Games\" \/>\n<meta property=\"og:description\" content=\"Des d\u00e9s sont disponibles pour chacune des arm\u00e9es. Ils sont parfaits pour les collectionneurs !  Chaque paquet contient 10 d\u00e9s avec le logo de l&#039;arm\u00e9e correspondant \u00e0 sa couleur.\" \/>\n<meta property=\"og:url\" content=\"https:\/\/www.dontpanicgames.com\/fr\/shop\/drakerys\/paladinat-irosia\/des-armee-paladinat-d-irosia\/\" \/>\n<meta property=\"og:site_name\" content=\"Don&#039;t Panic Games\" \/>\n<meta property=\"article:publisher\" content=\"https:\/\/www.facebook.com\/dontpanicgames\/\" \/>\n<meta property=\"article:modified_time\" content=\"2017-10-04T14:01:20+00:00\" \/>\n<meta property=\"og:image\" content=\"https:\/\/www.dontpanicgames.com\/wp-content\/uploads\/addFromServer\/products\/ACSP0006-des-irosia.jpg\" \/>\n\t<meta property=\"og:image:width\" content=\"700\" \/>\n\t<meta property=\"og:image:height\" content=\"700\" \/>\n\t<meta property=\"og:image:type\" content=\"image\/jpeg\" \/>\n<meta name=\"twitter:card\" content=\"summary_large_image\" \/>\n<meta name=\"twitter:site\" content=\"@DontPanicGames1\" \/>\n<script type=\"application\/ld+json\" class=\"yoast-schema-graph\">{\"@context\":\"https:\\\/\\\/schema.org\",\"@graph\":[{\"@type\":\"WebPage\",\"@id\":\"https:\\\/\\\/www.dontpanicgames.com\\\/fr\\\/shop\\\/drakerys\\\/paladinat-irosia\\\/des-armee-paladinat-d-irosia\\\/\",\"url\":\"https:\\\/\\\/www.dontpanicgames.com\\\/fr\\\/shop\\\/drakerys\\\/paladinat-irosia\\\/des-armee-paladinat-d-irosia\\\/\",\"name\":\"D\u00e9s arm\u00e9e : Paladinat d'Irosia - Don&#039;t Panic Games\",\"isPartOf\":{\"@id\":\"https:\\\/\\\/www.dontpanicgames.com\\\/fr\\\/#website\"},\"primaryImageOfPage\":{\"@id\":\"https:\\\/\\\/www.dontpanicgames.com\\\/fr\\\/shop\\\/drakerys\\\/paladinat-irosia\\\/des-armee-paladinat-d-irosia\\\/#primaryimage\"},\"image\":{\"@id\":\"https:\\\/\\\/www.dontpanicgames.com\\\/fr\\\/shop\\\/drakerys\\\/paladinat-irosia\\\/des-armee-paladinat-d-irosia\\\/#primaryimage\"},\"thumbnailUrl\":\"https:\\\/\\\/www.dontpanicgames.com\\\/wp-content\\\/uploads\\\/addFromServer\\\/products\\\/ACSP0006-des-irosia.jpg\",\"datePublished\":\"2017-09-19T13:18:26+00:00\",\"dateModified\":\"2017-10-04T14:01:20+00:00\",\"breadcrumb\":{\"@id\":\"https:\\\/\\\/www.dontpanicgames.com\\\/fr\\\/shop\\\/drakerys\\\/paladinat-irosia\\\/des-armee-paladinat-d-irosia\\\/#breadcrumb\"},\"inLanguage\":\"fr-FR\",\"potentialAction\":[{\"@type\":\"ReadAction\",\"target\":[\"https:\\\/\\\/www.dontpanicgames.com\\\/fr\\\/shop\\\/drakerys\\\/paladinat-irosia\\\/des-armee-paladinat-d-irosia\\\/\"]}]},{\"@type\":\"ImageObject\",\"inLanguage\":\"fr-FR\",\"@id\":\"https:\\\/\\\/www.dontpanicgames.com\\\/fr\\\/shop\\\/drakerys\\\/paladinat-irosia\\\/des-armee-paladinat-d-irosia\\\/#primaryimage\",\"url\":\"https:\\\/\\\/www.dontpanicgames.com\\\/wp-content\\\/uploads\\\/addFromServer\\\/products\\\/ACSP0006-des-irosia.jpg\",\"contentUrl\":\"https:\\\/\\\/www.dontpanicgames.com\\\/wp-content\\\/uploads\\\/addFromServer\\\/products\\\/ACSP0006-des-irosia.jpg\",\"width\":700,\"height\":700},{\"@type\":\"BreadcrumbList\",\"@id\":\"https:\\\/\\\/www.dontpanicgames.com\\\/fr\\\/shop\\\/drakerys\\\/paladinat-irosia\\\/des-armee-paladinat-d-irosia\\\/#breadcrumb\",\"itemListElement\":[{\"@type\":\"ListItem\",\"position\":1,\"name\":\"Accueil\",\"item\":\"https:\\\/\\\/www.dontpanicgames.com\\\/fr\\\/\"},{\"@type\":\"ListItem\",\"position\":2,\"name\":\"Nos jeux\",\"item\":\"https:\\\/\\\/www.dontpanicgames.com\\\/fr\\\/nos-jeux\\\/\"},{\"@type\":\"ListItem\",\"position\":3,\"name\":\"Drakerys\",\"item\":\"https:\\\/\\\/www.dontpanicgames.com\\\/fr\\\/shop\\\/c\\\/drakerys\\\/\"},{\"@type\":\"ListItem\",\"position\":4,\"name\":\"Starter Set et accessoires\",\"item\":\"https:\\\/\\\/www.dontpanicgames.com\\\/fr\\\/shop\\\/c\\\/drakerys\\\/starter-set-accessoires\\\/\"},{\"@type\":\"ListItem\",\"position\":5,\"name\":\"D\u00e9s arm\u00e9e : Paladinat d&#8217;Irosia\"}]},{\"@type\":\"WebSite\",\"@id\":\"https:\\\/\\\/www.dontpanicgames.com\\\/fr\\\/#website\",\"url\":\"https:\\\/\\\/www.dontpanicgames.com\\\/fr\\\/\",\"name\":\"Don't Panic Games\",\"description\":\"Don&#039;t Panic Games.com website\",\"potentialAction\":[{\"@type\":\"SearchAction\",\"target\":{\"@type\":\"EntryPoint\",\"urlTemplate\":\"https:\\\/\\\/www.dontpanicgames.com\\\/fr\\\/?s={search_term_string}\"},\"query-input\":{\"@type\":\"PropertyValueSpecification\",\"valueRequired\":true,\"valueName\":\"search_term_string\"}}],\"inLanguage\":\"fr-FR\"}]}<\/script>\n<!-- \/ Yoast SEO plugin. -->","yoast_head_json":{"title":"D\u00e9s arm\u00e9e : Paladinat d'Irosia - Don&#039;t Panic Games","robots":{"index":"index","follow":"follow","max-snippet":"max-snippet:-1","max-image-preview":"max-image-preview:large","max-video-preview":"max-video-preview:-1"},"canonical":"https:\/\/www.dontpanicgames.com\/fr\/shop\/drakerys\/paladinat-irosia\/des-armee-paladinat-d-irosia\/","og_locale":"fr_FR","og_type":"article","og_title":"D\u00e9s arm\u00e9e : Paladinat d'Irosia - Don&#039;t Panic Games","og_description":"Des d\u00e9s sont disponibles pour chacune des arm\u00e9es. Ils sont parfaits pour les collectionneurs !  Chaque paquet contient 10 d\u00e9s avec le logo de l'arm\u00e9e correspondant \u00e0 sa couleur.","og_url":"https:\/\/www.dontpanicgames.com\/fr\/shop\/drakerys\/paladinat-irosia\/des-armee-paladinat-d-irosia\/","og_site_name":"Don&#039;t Panic Games","article_publisher":"https:\/\/www.facebook.com\/dontpanicgames\/","article_modified_time":"2017-10-04T14:01:20+00:00","og_image":[{"width":700,"height":700,"url":"https:\/\/www.dontpanicgames.com\/wp-content\/uploads\/addFromServer\/products\/ACSP0006-des-irosia.jpg","type":"image\/jpeg"}],"twitter_card":"summary_large_image","twitter_site":"@DontPanicGames1","schema":{"@context":"https:\/\/schema.org","@graph":[{"@type":"WebPage","@id":"https:\/\/www.dontpanicgames.com\/fr\/shop\/drakerys\/paladinat-irosia\/des-armee-paladinat-d-irosia\/","url":"https:\/\/www.dontpanicgames.com\/fr\/shop\/drakerys\/paladinat-irosia\/des-armee-paladinat-d-irosia\/","name":"D\u00e9s arm\u00e9e : Paladinat d'Irosia - Don&#039;t Panic Games","isPartOf":{"@id":"https:\/\/www.dontpanicgames.com\/fr\/#website"},"primaryImageOfPage":{"@id":"https:\/\/www.dontpanicgames.com\/fr\/shop\/drakerys\/paladinat-irosia\/des-armee-paladinat-d-irosia\/#primaryimage"},"image":{"@id":"https:\/\/www.dontpanicgames.com\/fr\/shop\/drakerys\/paladinat-irosia\/des-armee-paladinat-d-irosia\/#primaryimage"},"thumbnailUrl":"https:\/\/www.dontpanicgames.com\/wp-content\/uploads\/addFromServer\/products\/ACSP0006-des-irosia.jpg","datePublished":"2017-09-19T13:18:26+00:00","dateModified":"2017-10-04T14:01:20+00:00","breadcrumb":{"@id":"https:\/\/www.dontpanicgames.com\/fr\/shop\/drakerys\/paladinat-irosia\/des-armee-paladinat-d-irosia\/#breadcrumb"},"inLanguage":"fr-FR","potentialAction":[{"@type":"ReadAction","target":["https:\/\/www.dontpanicgames.com\/fr\/shop\/drakerys\/paladinat-irosia\/des-armee-paladinat-d-irosia\/"]}]},{"@type":"ImageObject","inLanguage":"fr-FR","@id":"https:\/\/www.dontpanicgames.com\/fr\/shop\/drakerys\/paladinat-irosia\/des-armee-paladinat-d-irosia\/#primaryimage","url":"https:\/\/www.dontpanicgames.com\/wp-content\/uploads\/addFromServer\/products\/ACSP0006-des-irosia.jpg","contentUrl":"https:\/\/www.dontpanicgames.com\/wp-content\/uploads\/addFromServer\/products\/ACSP0006-des-irosia.jpg","width":700,"height":700},{"@type":"BreadcrumbList","@id":"https:\/\/www.dontpanicgames.com\/fr\/shop\/drakerys\/paladinat-irosia\/des-armee-paladinat-d-irosia\/#breadcrumb","itemListElement":[{"@type":"ListItem","position":1,"name":"Accueil","item":"https:\/\/www.dontpanicgames.com\/fr\/"},{"@type":"ListItem","position":2,"name":"Nos jeux","item":"https:\/\/www.dontpanicgames.com\/fr\/nos-jeux\/"},{"@type":"ListItem","position":3,"name":"Drakerys","item":"https:\/\/www.dontpanicgames.com\/fr\/shop\/c\/drakerys\/"},{"@type":"ListItem","position":4,"name":"Starter Set et accessoires","item":"https:\/\/www.dontpanicgames.com\/fr\/shop\/c\/drakerys\/starter-set-accessoires\/"},{"@type":"ListItem","position":5,"name":"D\u00e9s arm\u00e9e : Paladinat d&#8217;Irosia"}]},{"@type":"WebSite","@id":"https:\/\/www.dontpanicgames.com\/fr\/#website","url":"https:\/\/www.dontpanicgames.com\/fr\/","name":"Don't Panic Games","description":"Don&#039;t Panic Games.com website","potentialAction":[{"@type":"SearchAction","target":{"@type":"EntryPoint","urlTemplate":"https:\/\/www.dontpanicgames.com\/fr\/?s={search_term_string}"},"query-input":{"@type":"PropertyValueSpecification","valueRequired":true,"valueName":"search_term_string"}}],"inLanguage":"fr-FR"}]}},"_links":{"self":[{"href":"https:\/\/www.dontpanicgames.com\/fr\/wp-json\/wp\/v2\/product\/12961","targetHints":{"allow":["GET"]}}],"collection":[{"href":"https:\/\/www.dontpanicgames.com\/fr\/wp-json\/wp\/v2\/product"}],"about":[{"href":"https:\/\/www.dontpanicgames.com\/fr\/wp-json\/wp\/v2\/types\/product"}],"wp:featuredmedia":[{"embeddable":true,"href":"https:\/\/www.dontpanicgames.com\/fr\/wp-json\/wp\/v2\/media\/12186"}],"wp:attachment":[{"href":"https:\/\/www.dontpanicgames.com\/fr\/wp-json\/wp\/v2\/media?parent=12961"}],"wp:term":[{"taxonomy":"product_brand","embeddable":true,"href":"https:\/\/www.dontpanicgames.com\/fr\/wp-json\/wp\/v2\/product_brand?post=12961"},{"taxonomy":"product_cat","embeddable":true,"href":"https:\/\/www.dontpanicgames.com\/fr\/wp-json\/wp\/v2\/product_cat?post=12961"},{"taxonomy":"product_tag","embeddable":true,"href":"https:\/\/www.dontpanicgames.com\/fr\/wp-json\/wp\/v2\/product_tag?post=12961"}],"curies":[{"name":"wp","href":"https:\/\/api.w.org\/{rel}","templated":true}]}}