{"id":12959,"date":"2017-09-19T15:18:24","date_gmt":"2017-09-19T14:18:24","guid":{"rendered":"https:\/\/www.dontpanicgames.com\/shop\/non%20class\u00e9\/irosia-paladinate-troops-5-bowmen-conscripts-halberders\/"},"modified":"2017-10-04T16:53:12","modified_gmt":"2017-10-04T14:53:12","slug":"archers-conscrits-hallebardiers","status":"publish","type":"product","link":"https:\/\/www.dontpanicgames.com\/fr\/shop\/drakerys\/paladinat-irosia\/archers-conscrits-hallebardiers\/","title":{"rendered":"Troupes du Paladinat d&rsquo;Irosia : 5 Archers \/ Conscrits \/ Hallebardiers"},"content":{"rendered":"<p><iframe data-src=\"\/\/www.youtube.com\/embed\/enm9tr5wmtM?rel=0\" width=\"560\" height=\"315\" frameborder=\"0\" allowfullscreen=\"allowfullscreen\" src=\"data:image\/svg+xml;base64,PHN2ZyB3aWR0aD0iMSIgaGVpZ2h0PSIxIiB4bWxucz0iaHR0cDovL3d3dy53My5vcmcvMjAwMC9zdmciPjwvc3ZnPg==\" class=\"lazyload\" data-load-mode=\"1\"><\/iframe><\/p>\n<span class=\"et_bloom_bottom_trigger\"><\/span>","protected":false},"excerpt":{"rendered":"<p><strong>Cette bo\u00eete contient 5 soldats du Paladinat d&rsquo;Irosia.<br \/>\n<\/strong>Ils peuvent \u00eatre assembl\u00e9s suivant les configurations suivantes :<br \/>\n&#8211; Hache et bouclier (\u00e9p\u00e9e et bouclier pour le leader)<br \/>\n&#8211; Archers<br \/>\n&#8211; Hallebardiers<\/p>\n<p>Mat\u00e9riel :<br \/>\n\u2022 5 corps<br \/>\n\u2022 1 combinaison \u00e9p\u00e9e + bouclier pour le chef d&rsquo;unit\u00e9<br \/>\n\u2022 5 combinaisons hache + bouclier<br \/>\n\u2022 5 archers<br \/>\n\u2022 5 combinaisons hallebardier + bouclier<\/p>\n<p><em>Les Conscrits d&rsquo;Irosia dont les hommes de troupe de l&rsquo;Empire. Leur force r\u00e9side dans le nombre, particuli\u00e8rement lorsqu&rsquo;ils disposent de nombreuses combinaisons d&rsquo;armes. Dans ce cas, ils an\u00e9antissent n&rsquo;importe quel ennemi !<\/em><\/p>\n","protected":false},"featured_media":12268,"template":"","meta":{"_acf_changed":false},"product_brand":[],"product_cat":[388],"product_tag":[],"class_list":{"0":"post-12959","1":"product","2":"type-product","3":"status-publish","4":"has-post-thumbnail","6":"product_cat-paladinat-irosia","7":"product_shipping_class-standard-fr","9":"first","10":"outofstock","11":"taxable","12":"shipping-taxable","13":"purchasable","14":"product-type-simple"},"acf":[],"yoast_head":"<!-- This site is optimized with the Yoast SEO plugin v27.3 - https:\/\/yoast.com\/product\/yoast-seo-wordpress\/ -->\n<title>Troupes du Paladinat d&#039;Irosia : 5 Archers \/ Conscrits \/ Hallebardiers - Don&#039;t Panic Games<\/title>\n<meta name=\"robots\" content=\"index, follow, max-snippet:-1, max-image-preview:large, max-video-preview:-1\" \/>\n<link rel=\"canonical\" href=\"https:\/\/www.dontpanicgames.com\/fr\/shop\/drakerys\/paladinat-irosia\/archers-conscrits-hallebardiers\/\" \/>\n<meta property=\"og:locale\" content=\"fr_FR\" \/>\n<meta property=\"og:type\" content=\"article\" \/>\n<meta property=\"og:title\" content=\"Troupes du Paladinat d&#039;Irosia : 5 Archers \/ Conscrits \/ Hallebardiers - Don&#039;t Panic Games\" \/>\n<meta property=\"og:description\" content=\"Cette bo\u00eete contient 5 soldats du Paladinat d&#039;Irosia. Ils peuvent \u00eatre assembl\u00e9s suivant les configurations suivantes : - Hache et bouclier (\u00e9p\u00e9e et bouclier pour le leader) - Archers - Hallebardiers  Mat\u00e9riel : \u2022 5 corps \u2022 1 combinaison \u00e9p\u00e9e + bouclier pour le chef d&#039;unit\u00e9 \u2022 5 combinaisons hache + bouclier \u2022 5 archers \u2022 5 combinaisons hallebardier + bouclier  Les Conscrits d&#039;Irosia dont les hommes de troupe de l&#039;Empire. Leur force r\u00e9side dans le nombre, particuli\u00e8rement lorsqu&#039;ils disposent de nombreuses combinaisons d&#039;armes. Dans ce cas, ils an\u00e9antissent n&#039;importe quel ennemi !\" \/>\n<meta property=\"og:url\" content=\"https:\/\/www.dontpanicgames.com\/fr\/shop\/drakerys\/paladinat-irosia\/archers-conscrits-hallebardiers\/\" \/>\n<meta property=\"og:site_name\" content=\"Don&#039;t Panic Games\" \/>\n<meta property=\"article:publisher\" content=\"https:\/\/www.facebook.com\/dontpanicgames\/\" \/>\n<meta property=\"article:modified_time\" content=\"2017-10-04T14:53:12+00:00\" \/>\n<meta property=\"og:image\" content=\"https:\/\/www.dontpanicgames.com\/wp-content\/uploads\/addFromServer\/products\/IRUB2301-conscripts-mockup.jpg\" \/>\n\t<meta property=\"og:image:width\" content=\"1000\" \/>\n\t<meta property=\"og:image:height\" content=\"1000\" \/>\n\t<meta property=\"og:image:type\" content=\"image\/jpeg\" \/>\n<meta name=\"twitter:card\" content=\"summary_large_image\" \/>\n<meta name=\"twitter:site\" content=\"@DontPanicGames1\" \/>\n<script type=\"application\/ld+json\" class=\"yoast-schema-graph\">{\"@context\":\"https:\\\/\\\/schema.org\",\"@graph\":[{\"@type\":\"WebPage\",\"@id\":\"https:\\\/\\\/www.dontpanicgames.com\\\/fr\\\/shop\\\/drakerys\\\/paladinat-irosia\\\/archers-conscrits-hallebardiers\\\/\",\"url\":\"https:\\\/\\\/www.dontpanicgames.com\\\/fr\\\/shop\\\/drakerys\\\/paladinat-irosia\\\/archers-conscrits-hallebardiers\\\/\",\"name\":\"Troupes du Paladinat d'Irosia : 5 Archers \\\/ Conscrits \\\/ Hallebardiers - Don&#039;t Panic Games\",\"isPartOf\":{\"@id\":\"https:\\\/\\\/www.dontpanicgames.com\\\/fr\\\/#website\"},\"primaryImageOfPage\":{\"@id\":\"https:\\\/\\\/www.dontpanicgames.com\\\/fr\\\/shop\\\/drakerys\\\/paladinat-irosia\\\/archers-conscrits-hallebardiers\\\/#primaryimage\"},\"image\":{\"@id\":\"https:\\\/\\\/www.dontpanicgames.com\\\/fr\\\/shop\\\/drakerys\\\/paladinat-irosia\\\/archers-conscrits-hallebardiers\\\/#primaryimage\"},\"thumbnailUrl\":\"https:\\\/\\\/www.dontpanicgames.com\\\/wp-content\\\/uploads\\\/addFromServer\\\/products\\\/IRUB2301-conscripts-mockup.jpg\",\"datePublished\":\"2017-09-19T14:18:24+00:00\",\"dateModified\":\"2017-10-04T14:53:12+00:00\",\"breadcrumb\":{\"@id\":\"https:\\\/\\\/www.dontpanicgames.com\\\/fr\\\/shop\\\/drakerys\\\/paladinat-irosia\\\/archers-conscrits-hallebardiers\\\/#breadcrumb\"},\"inLanguage\":\"fr-FR\",\"potentialAction\":[{\"@type\":\"ReadAction\",\"target\":[\"https:\\\/\\\/www.dontpanicgames.com\\\/fr\\\/shop\\\/drakerys\\\/paladinat-irosia\\\/archers-conscrits-hallebardiers\\\/\"]}]},{\"@type\":\"ImageObject\",\"inLanguage\":\"fr-FR\",\"@id\":\"https:\\\/\\\/www.dontpanicgames.com\\\/fr\\\/shop\\\/drakerys\\\/paladinat-irosia\\\/archers-conscrits-hallebardiers\\\/#primaryimage\",\"url\":\"https:\\\/\\\/www.dontpanicgames.com\\\/wp-content\\\/uploads\\\/addFromServer\\\/products\\\/IRUB2301-conscripts-mockup.jpg\",\"contentUrl\":\"https:\\\/\\\/www.dontpanicgames.com\\\/wp-content\\\/uploads\\\/addFromServer\\\/products\\\/IRUB2301-conscripts-mockup.jpg\",\"width\":1000,\"height\":1000},{\"@type\":\"BreadcrumbList\",\"@id\":\"https:\\\/\\\/www.dontpanicgames.com\\\/fr\\\/shop\\\/drakerys\\\/paladinat-irosia\\\/archers-conscrits-hallebardiers\\\/#breadcrumb\",\"itemListElement\":[{\"@type\":\"ListItem\",\"position\":1,\"name\":\"Accueil\",\"item\":\"https:\\\/\\\/www.dontpanicgames.com\\\/fr\\\/\"},{\"@type\":\"ListItem\",\"position\":2,\"name\":\"Nos jeux\",\"item\":\"https:\\\/\\\/www.dontpanicgames.com\\\/fr\\\/nos-jeux\\\/\"},{\"@type\":\"ListItem\",\"position\":3,\"name\":\"Drakerys\",\"item\":\"https:\\\/\\\/www.dontpanicgames.com\\\/fr\\\/shop\\\/c\\\/drakerys\\\/\"},{\"@type\":\"ListItem\",\"position\":4,\"name\":\"Paladinat d'Irosia\",\"item\":\"https:\\\/\\\/www.dontpanicgames.com\\\/fr\\\/shop\\\/c\\\/drakerys\\\/paladinat-irosia\\\/\"},{\"@type\":\"ListItem\",\"position\":5,\"name\":\"Troupes du Paladinat d&#8217;Irosia : 5 Archers \\\/ Conscrits \\\/ Hallebardiers\"}]},{\"@type\":\"WebSite\",\"@id\":\"https:\\\/\\\/www.dontpanicgames.com\\\/fr\\\/#website\",\"url\":\"https:\\\/\\\/www.dontpanicgames.com\\\/fr\\\/\",\"name\":\"Don't Panic Games\",\"description\":\"Don&#039;t Panic Games.com website\",\"potentialAction\":[{\"@type\":\"SearchAction\",\"target\":{\"@type\":\"EntryPoint\",\"urlTemplate\":\"https:\\\/\\\/www.dontpanicgames.com\\\/fr\\\/?s={search_term_string}\"},\"query-input\":{\"@type\":\"PropertyValueSpecification\",\"valueRequired\":true,\"valueName\":\"search_term_string\"}}],\"inLanguage\":\"fr-FR\"}]}<\/script>\n<!-- \/ Yoast SEO plugin. -->","yoast_head_json":{"title":"Troupes du Paladinat d'Irosia : 5 Archers \/ Conscrits \/ Hallebardiers - Don&#039;t Panic Games","robots":{"index":"index","follow":"follow","max-snippet":"max-snippet:-1","max-image-preview":"max-image-preview:large","max-video-preview":"max-video-preview:-1"},"canonical":"https:\/\/www.dontpanicgames.com\/fr\/shop\/drakerys\/paladinat-irosia\/archers-conscrits-hallebardiers\/","og_locale":"fr_FR","og_type":"article","og_title":"Troupes du Paladinat d'Irosia : 5 Archers \/ Conscrits \/ Hallebardiers - Don&#039;t Panic Games","og_description":"Cette bo\u00eete contient 5 soldats du Paladinat d'Irosia. Ils peuvent \u00eatre assembl\u00e9s suivant les configurations suivantes : - Hache et bouclier (\u00e9p\u00e9e et bouclier pour le leader) - Archers - Hallebardiers  Mat\u00e9riel : \u2022 5 corps \u2022 1 combinaison \u00e9p\u00e9e + bouclier pour le chef d'unit\u00e9 \u2022 5 combinaisons hache + bouclier \u2022 5 archers \u2022 5 combinaisons hallebardier + bouclier  Les Conscrits d'Irosia dont les hommes de troupe de l'Empire. Leur force r\u00e9side dans le nombre, particuli\u00e8rement lorsqu'ils disposent de nombreuses combinaisons d'armes. Dans ce cas, ils an\u00e9antissent n'importe quel ennemi !","og_url":"https:\/\/www.dontpanicgames.com\/fr\/shop\/drakerys\/paladinat-irosia\/archers-conscrits-hallebardiers\/","og_site_name":"Don&#039;t Panic Games","article_publisher":"https:\/\/www.facebook.com\/dontpanicgames\/","article_modified_time":"2017-10-04T14:53:12+00:00","og_image":[{"width":1000,"height":1000,"url":"https:\/\/www.dontpanicgames.com\/wp-content\/uploads\/addFromServer\/products\/IRUB2301-conscripts-mockup.jpg","type":"image\/jpeg"}],"twitter_card":"summary_large_image","twitter_site":"@DontPanicGames1","schema":{"@context":"https:\/\/schema.org","@graph":[{"@type":"WebPage","@id":"https:\/\/www.dontpanicgames.com\/fr\/shop\/drakerys\/paladinat-irosia\/archers-conscrits-hallebardiers\/","url":"https:\/\/www.dontpanicgames.com\/fr\/shop\/drakerys\/paladinat-irosia\/archers-conscrits-hallebardiers\/","name":"Troupes du Paladinat d'Irosia : 5 Archers \/ Conscrits \/ Hallebardiers - Don&#039;t Panic Games","isPartOf":{"@id":"https:\/\/www.dontpanicgames.com\/fr\/#website"},"primaryImageOfPage":{"@id":"https:\/\/www.dontpanicgames.com\/fr\/shop\/drakerys\/paladinat-irosia\/archers-conscrits-hallebardiers\/#primaryimage"},"image":{"@id":"https:\/\/www.dontpanicgames.com\/fr\/shop\/drakerys\/paladinat-irosia\/archers-conscrits-hallebardiers\/#primaryimage"},"thumbnailUrl":"https:\/\/www.dontpanicgames.com\/wp-content\/uploads\/addFromServer\/products\/IRUB2301-conscripts-mockup.jpg","datePublished":"2017-09-19T14:18:24+00:00","dateModified":"2017-10-04T14:53:12+00:00","breadcrumb":{"@id":"https:\/\/www.dontpanicgames.com\/fr\/shop\/drakerys\/paladinat-irosia\/archers-conscrits-hallebardiers\/#breadcrumb"},"inLanguage":"fr-FR","potentialAction":[{"@type":"ReadAction","target":["https:\/\/www.dontpanicgames.com\/fr\/shop\/drakerys\/paladinat-irosia\/archers-conscrits-hallebardiers\/"]}]},{"@type":"ImageObject","inLanguage":"fr-FR","@id":"https:\/\/www.dontpanicgames.com\/fr\/shop\/drakerys\/paladinat-irosia\/archers-conscrits-hallebardiers\/#primaryimage","url":"https:\/\/www.dontpanicgames.com\/wp-content\/uploads\/addFromServer\/products\/IRUB2301-conscripts-mockup.jpg","contentUrl":"https:\/\/www.dontpanicgames.com\/wp-content\/uploads\/addFromServer\/products\/IRUB2301-conscripts-mockup.jpg","width":1000,"height":1000},{"@type":"BreadcrumbList","@id":"https:\/\/www.dontpanicgames.com\/fr\/shop\/drakerys\/paladinat-irosia\/archers-conscrits-hallebardiers\/#breadcrumb","itemListElement":[{"@type":"ListItem","position":1,"name":"Accueil","item":"https:\/\/www.dontpanicgames.com\/fr\/"},{"@type":"ListItem","position":2,"name":"Nos jeux","item":"https:\/\/www.dontpanicgames.com\/fr\/nos-jeux\/"},{"@type":"ListItem","position":3,"name":"Drakerys","item":"https:\/\/www.dontpanicgames.com\/fr\/shop\/c\/drakerys\/"},{"@type":"ListItem","position":4,"name":"Paladinat d'Irosia","item":"https:\/\/www.dontpanicgames.com\/fr\/shop\/c\/drakerys\/paladinat-irosia\/"},{"@type":"ListItem","position":5,"name":"Troupes du Paladinat d&#8217;Irosia : 5 Archers \/ Conscrits \/ Hallebardiers"}]},{"@type":"WebSite","@id":"https:\/\/www.dontpanicgames.com\/fr\/#website","url":"https:\/\/www.dontpanicgames.com\/fr\/","name":"Don't Panic Games","description":"Don&#039;t Panic Games.com website","potentialAction":[{"@type":"SearchAction","target":{"@type":"EntryPoint","urlTemplate":"https:\/\/www.dontpanicgames.com\/fr\/?s={search_term_string}"},"query-input":{"@type":"PropertyValueSpecification","valueRequired":true,"valueName":"search_term_string"}}],"inLanguage":"fr-FR"}]}},"_links":{"self":[{"href":"https:\/\/www.dontpanicgames.com\/fr\/wp-json\/wp\/v2\/product\/12959","targetHints":{"allow":["GET"]}}],"collection":[{"href":"https:\/\/www.dontpanicgames.com\/fr\/wp-json\/wp\/v2\/product"}],"about":[{"href":"https:\/\/www.dontpanicgames.com\/fr\/wp-json\/wp\/v2\/types\/product"}],"wp:featuredmedia":[{"embeddable":true,"href":"https:\/\/www.dontpanicgames.com\/fr\/wp-json\/wp\/v2\/media\/12268"}],"wp:attachment":[{"href":"https:\/\/www.dontpanicgames.com\/fr\/wp-json\/wp\/v2\/media?parent=12959"}],"wp:term":[{"taxonomy":"product_brand","embeddable":true,"href":"https:\/\/www.dontpanicgames.com\/fr\/wp-json\/wp\/v2\/product_brand?post=12959"},{"taxonomy":"product_cat","embeddable":true,"href":"https:\/\/www.dontpanicgames.com\/fr\/wp-json\/wp\/v2\/product_cat?post=12959"},{"taxonomy":"product_tag","embeddable":true,"href":"https:\/\/www.dontpanicgames.com\/fr\/wp-json\/wp\/v2\/product_tag?post=12959"}],"curies":[{"name":"wp","href":"https:\/\/api.w.org\/{rel}","templated":true}]}}