{"id":8263,"date":"2017-05-17T15:59:03","date_gmt":"2017-05-17T14:59:03","guid":{"rendered":"https:\/\/www.dontpanicgames.com\/level-42\/"},"modified":"2019-10-22T17:34:12","modified_gmt":"2019-10-22T16:34:12","slug":"level-42","status":"publish","type":"page","link":"https:\/\/www.dontpanicgames.com\/fr\/jeux\/level-42\/","title":{"rendered":"Level 42"},"content":{"rendered":"<div class=\"wpb-content-wrapper\">[mk_page_section bg_image=\u00a0\u00bbhttps:\/\/www.dontpanicgames.com\/wp-content\/uploads\/2017\/03\/mises-en-situations3c.jpg\u00a0\u00bb bg_position=\u00a0\u00bbcenter top\u00a0\u00bb bg_repeat=\u00a0\u00bbno-repeat\u00a0\u00bb bg_stretch=\u00a0\u00bbtrue\u00a0\u00bb video_color_mask=\u00a0\u00bb#3f3f3f\u00a0\u00bb video_opacity=\u00a0\u00bb0.2&Prime; adaptive_height=\u00a0\u00bbtrue\u00a0\u00bb max_height=\u00a0\u00bb500&Prime; min_height=\u00a0\u00bb280&Prime; full_width=\u00a0\u00bbtrue\u00a0\u00bb js_vertical_centered=\u00a0\u00bbtrue\u00a0\u00bb top_shape_color=\u00a0\u00bb#ffffff\u00a0\u00bb bottom_shape_style=\u00a0\u00bbjagged-bottom\u00a0\u00bb bottom_shape_color=\u00a0\u00bb#ffffff\u00a0\u00bb sidebar=\u00a0\u00bbsidebar-1&Prime;][vc_column][vc_single_image image=\u00a0\u00bb7724&Prime; img_size=\u00a0\u00bbfull\u00a0\u00bb alignment=\u00a0\u00bbcenter\u00a0\u00bb css_animation=\u00a0\u00bbfadeIn\u00a0\u00bb][\/vc_column][\/mk_page_section][vc_row el_class=\u00a0\u00bbgame-title\u00a0\u00bb][vc_column css=\u00a0\u00bb.vc_custom_1495462708872{margin-top: 30px !important;}\u00a0\u00bb][mk_fancy_title tag_name=\u00a0\u00bbh1&Prime; size=\u00a0\u00bb30&Prime; txt_transform=\u00a0\u00bbuppercase\u00a0\u00bb margin_bottom=\u00a0\u00bb0&Prime; font_family=\u00a0\u00bbnone\u00a0\u00bb align=\u00a0\u00bbcenter\u00a0\u00bb]\n<p style=\"text-align: center;\"><strong>Level 42<\/strong><\/p>\n[\/mk_fancy_title][mk_fancy_title tag_name=\u00a0\u00bbh3&Prime; size=\u00a0\u00bb24&Prime; font_family=\u00a0\u00bbnone\u00a0\u00bb align=\u00a0\u00bbcenter\u00a0\u00bb]\n<p style=\"text-align: center;\"><em>Accessoires pour une immersion totale<\/em><\/p>\n[\/mk_fancy_title][\/vc_column][\/vc_row][vc_row][vc_column width=\u00a0\u00bb8\/12&Prime;][vc_column_text disable_pattern=\u00a0\u00bbfalse\u00a0\u00bb]<em>Level 42<\/em> propose une large gamme d\u2019accessoires de jeu : tapis, socles textur\u00e9s et d\u00e9cors r\u00e9alistes qu\u2019il est possible de peindre. Enrichissez votre exp\u00e9rience de jeu gr\u00e2ce aux diff\u00e9rents accessoires propos\u00e9s ![\/vc_column_text][\/vc_column][vc_column width=\u00a0\u00bb4\/12&Prime;][vc_column_text disable_pattern=\u00a0\u00bbfalse\u00a0\u00bb align=\u00a0\u00bbcenter\u00a0\u00bb el_class=\u00a0\u00bbgame-pictos hidden\u00a0\u00bb]\n<div class=\"genre\">Accessoires<\/div>\n<p><!--\n\n\n<div class=\"wrapper\">\n\n\n<div class=\"players\">\n\n1-4<\/div>\n\n\n\n\n<div class=\"age\">\n\n14+<\/div>\n\n\n\n\n<div class=\"duration\">\n\n60<\/div>\n\n\n-->[\/vc_column_text][vc_column_text disable_pattern=\u00a0\u00bbfalse\u00a0\u00bb align=\u00a0\u00bbcenter\u00a0\u00bb el_class=\u00a0\u00bbcartouche\u00a0\u00bb css=\u00a0\u00bb.vc_custom_1534772785195{margin-bottom: 0px !important;}\u00a0\u00bb]\n<div class=\"cart\"><a href=\"https:\/\/www.dontpanicgames.com\/fr\/shop\/c\/drakerys\/\/level-42\" target=\"\" rel=\"noopener noreferrer\"><img decoding=\"async\" data-src=\"https:\/\/www.dontpanicgames.com\/wp-content\/themes\/jupiter-child\/img\/icon-cart-white.png\" alt=\"cart\" src=\"data:image\/svg+xml;base64,PHN2ZyB3aWR0aD0iMSIgaGVpZ2h0PSIxIiB4bWxucz0iaHR0cDovL3d3dy53My5vcmcvMjAwMC9zdmciPjwvc3ZnPg==\" class=\"lazyload\" style=\"--smush-placeholder-width: 100px; --smush-placeholder-aspect-ratio: 100\/100;\" \/>Commander<\/a><\/div>\n[\/vc_column_text][vc_column_text disable_pattern=\u00a0\u00bbfalse\u00a0\u00bb align=\u00a0\u00bbcenter\u00a0\u00bb el_class=\u00a0\u00bbcartouche social\u00a0\u00bb css=\u00a0\u00bb.vc_custom_1521193626465{margin-bottom: 0px !important;padding-top: 0px !important;padding-bottom: 0px !important;}\u00a0\u00bb]<div class=\"swp_social_panel swp_horizontal_panel swp_flat_fresh  swp_default_full_color swp_individual_full_color swp_other_full_color scale-100  scale-\" data-min-width=\"1100\" data-float-color=\"#ffffff\" data-float=\"none\" data-float-mobile=\"none\" data-transition=\"slide\" data-post-id=\"8263\" ><div class=\"nc_tweetContainer swp_share_button swp_facebook\" data-network=\"facebook\"><a class=\"nc_tweet swp_share_link\" rel=\"nofollow noreferrer noopener\" target=\"_blank\" href=\"https:\/\/www.facebook.com\/share.php?u=https%3A%2F%2Fwww.dontpanicgames.com%2Ffr%2Fjeux%2Flevel-42%2F\" data-link=\"https:\/\/www.facebook.com\/share.php?u=https%3A%2F%2Fwww.dontpanicgames.com%2Ffr%2Fjeux%2Flevel-42%2F\"><span class=\"swp_count swp_hide\"><span class=\"iconFiller\"><span class=\"spaceManWilly\"><i class=\"sw swp_facebook_icon\"><\/i><span class=\"swp_share\">Partagez<\/span><\/span><\/span><\/span><\/a><\/div><div class=\"nc_tweetContainer swp_share_button swp_twitter\" data-network=\"twitter\"><a class=\"nc_tweet swp_share_link\" rel=\"nofollow noreferrer noopener\" target=\"_blank\" href=\"https:\/\/twitter.com\/intent\/tweet?text=Level+42&url=https%3A%2F%2Fwww.dontpanicgames.com%2Ffr%2Fjeux%2Flevel-42%2F&via=DontPanicGames1\" data-link=\"https:\/\/twitter.com\/intent\/tweet?text=Level+42&url=https%3A%2F%2Fwww.dontpanicgames.com%2Ffr%2Fjeux%2Flevel-42%2F&via=DontPanicGames1\"><span class=\"swp_count swp_hide\"><span class=\"iconFiller\"><span class=\"spaceManWilly\"><i class=\"sw swp_twitter_icon\"><\/i><span class=\"swp_share\">Tweetez<\/span><\/span><\/span><\/span><\/a><\/div><\/div>[\/vc_column_text][\/vc_column][\/vc_row][vc_row css=\u00a0\u00bb.vc_custom_1486560332841{margin-bottom: 50px !important;}\u00a0\u00bb][vc_column css=\u00a0\u00bb.vc_custom_1495462055170{padding-top: 50px !important;}\u00a0\u00bb][vc_column_text title=\u00a0\u00bbD\u00e9cors\u00a0\u00bb disable_pattern=\u00a0\u00bbfalse\u00a0\u00bb]Les d\u00e9cors sont des indispensables dans n\u2019importe quel jeu de figurines : ils rendront vos parties plus r\u00e9alistes, mais deviendront \u00e9galement un \u00e9l\u00e9ment \u00e0 part enti\u00e8re du jeu. En effet, les d\u00e9cors permettent \u00e0 vos figurines de se mettre \u00e0 couvert, bloquent les lignes de mire ou deviennent des lieux \u00e0 conqu\u00e9rir. Vous pourrez ainsi vivre des batailles intenses !<\/p>\n<p>Tout comme les figurines, vous serez libres de peindre les d\u00e9cors si vous le souhaitez.[\/vc_column_text][\/vc_column][vc_column][mk_gallery images=\u00a0\u00bb7051,7045,7036,7040,7046,7048&Prime; image_size=\u00a0\u00bblarge\u00a0\u00bb orderby=\u00a0\u00bbpost__in\u00a0\u00bb][mk_divider style=\u00a0\u00bbshadow_line\u00a0\u00bb margin_top=\u00a0\u00bb40&Prime; margin_bottom=\u00a0\u00bb40&Prime;][\/vc_column][\/vc_row][vc_row css=\u00a0\u00bb.vc_custom_1486560332841{margin-bottom: 50px !important;}\u00a0\u00bb][vc_column width=\u00a0\u00bb1\/2&Prime; css=\u00a0\u00bb.vc_custom_1495462093311{padding-top: 30px !important;}\u00a0\u00bb][vc_column_text title=\u00a0\u00bbSocles\u00a0\u00bb disable_pattern=\u00a0\u00bbfalse\u00a0\u00bb]Les socles de figurines leur ajoutent une touche parfaite pour se fondre parfaitement dans le d\u00e9cors. Ils sont textur\u00e9s et r\u00e9alis\u00e9s en plastique, vous pourrez les peindre pour plus de r\u00e9alisme. La gamme <em>Level 42<\/em> proposent des socles de deux diam\u00e8tres diff\u00e9rents :<\/p>\n<ul>\n<li>Les socles de 30mm, conditionn\u00e9s par 10.<\/li>\n<li>Les socles de 40mm, conditionn\u00e9s par 5.<\/li>\n<\/ul>\n[\/vc_column_text][\/vc_column][vc_column width=\u00a0\u00bb1\/2&Prime;][mk_image src=\u00a0\u00bbhttps:\/\/www.dontpanicgames.com\/wp-content\/uploads\/2017\/05\/6-socles-30mm.jpg\u00a0\u00bb image_size=\u00a0\u00bbfull\u00a0\u00bb lightbox=\u00a0\u00bbtrue\u00a0\u00bb el_class=\u00a0\u00bbvc_box_shadow_3d halfwidth floatL\u00a0\u00bb][mk_image src=\u00a0\u00bbhttps:\/\/www.dontpanicgames.com\/wp-content\/uploads\/2017\/05\/12-socles-40mm.jpg\u00a0\u00bb image_size=\u00a0\u00bbfull\u00a0\u00bb lightbox=\u00a0\u00bbtrue\u00a0\u00bb el_class=\u00a0\u00bbvc_box_shadow_3d halfwidth floatL\u00a0\u00bb][\/vc_column][vc_column][mk_divider style=\u00a0\u00bbshadow_line\u00a0\u00bb margin_top=\u00a0\u00bb40&Prime; margin_bottom=\u00a0\u00bb40&Prime;][\/vc_column][\/vc_row][vc_row css=\u00a0\u00bb.vc_custom_1486560332841{margin-bottom: 50px !important;}\u00a0\u00bb][vc_column width=\u00a0\u00bb9\/12&Prime;][vc_column_text title=\u00a0\u00bbTapis de jeu\u00a0\u00bb disable_pattern=\u00a0\u00bbfalse\u00a0\u00bb]Les tapis sont parfaits pour rendre votre exp\u00e9rience de jeu r\u00e9aliste ! Ils serviront de v\u00e9ritables d\u00e9cors mais \u00e9viteront aux cartes et figurines de s\u2019ab\u00eemer. D\u00e9couvrez quatre lieux diff\u00e9rents : une vieille ville, une ville antique, un champ de bataille ou encore un sanctuaire dans la jungle.<\/p>\n<p>Les tapis mesurent 90x90cm. Ils sont r\u00e9alis\u00e9s en mati\u00e8re synth\u00e9tique (identique aux tapis de souris) et sont munis d\u2019un caoutchouc anti-d\u00e9rapant.<\/p>\n<p>Les quatre tapis de la gamme <em>Level 42<\/em> ont originellement \u00e9t\u00e9 con\u00e7us pour le jeu <a href=\"\/wip\/?page_id=8154\"><em>Drakerys<\/em><\/a>, mais ils sont compatibles avec tous les jeux de figurines 28-32 mm.[\/vc_column_text][\/vc_column][vc_column width=\u00a0\u00bb3\/12&Prime;][mk_image src=\u00a0\u00bbhttps:\/\/www.dontpanicgames.com\/wp-content\/uploads\/2017\/05\/10-level-42-tapis-a-3d.jpg\u00a0\u00bb image_size=\u00a0\u00bbfull\u00a0\u00bb el_class=\u00a0\u00bbvc_box_shadow_3d\u00a0\u00bb][\/vc_column][vc_column css=\u00a0\u00bb.vc_custom_1495462206656{margin-top: 20px !important;}\u00a0\u00bb][mk_gallery images=\u00a0\u00bb7069,7067,7065,7063&Prime; column=\u00a0\u00bb4&Prime; image_size=\u00a0\u00bblarge\u00a0\u00bb item_spacing=\u00a0\u00bb30&Prime; orderby=\u00a0\u00bbpost__in\u00a0\u00bb][\/vc_column][\/vc_row]\n<\/div><span class=\"et_bloom_bottom_trigger\"><\/span>","protected":false},"excerpt":{"rendered":"<p>[mk_page_section bg_image=\u00a0\u00bbhttps:\/\/www.dontpanicgames.com\/wp-content\/uploads\/2017\/03\/mises-en-situations3c.jpg\u00a0\u00bb bg_position=\u00a0\u00bbcenter top\u00a0\u00bb bg_repeat=\u00a0\u00bbno-repeat\u00a0\u00bb bg_stretch=\u00a0\u00bbtrue\u00a0\u00bb video_color_mask=\u00a0\u00bb#3f3f3f\u00a0\u00bb video_opacity=\u00a0\u00bb0.2&Prime; adaptive_height=\u00a0\u00bbtrue\u00a0\u00bb max_height=\u00a0\u00bb500&Prime; min_height=\u00a0\u00bb280&Prime; full_width=\u00a0\u00bbtrue\u00a0\u00bb js_vertical_centered=\u00a0\u00bbtrue\u00a0\u00bb top_shape_color=\u00a0\u00bb#ffffff\u00a0\u00bb bottom_shape_style=\u00a0\u00bbjagged-bottom\u00a0\u00bb bottom_shape_color=\u00a0\u00bb#ffffff\u00a0\u00bb sidebar=\u00a0\u00bbsidebar-1&Prime;][vc_column][vc_single_image image=\u00a0\u00bb7724&Prime; img_size=\u00a0\u00bbfull\u00a0\u00bb alignment=\u00a0\u00bbcenter\u00a0\u00bb css_animation=\u00a0\u00bbfadeIn\u00a0\u00bb][\/vc_column][\/mk_page_section][vc_row el_class=\u00a0\u00bbgame-title\u00a0\u00bb][vc_column css=\u00a0\u00bb.vc_custom_1495462708872{margin-top: 30px !important;}\u00a0\u00bb][mk_fancy_title tag_name=\u00a0\u00bbh1&Prime; size=\u00a0\u00bb30&Prime; txt_transform=\u00a0\u00bbuppercase\u00a0\u00bb margin_bottom=\u00a0\u00bb0&Prime; font_family=\u00a0\u00bbnone\u00a0\u00bb align=\u00a0\u00bbcenter\u00a0\u00bb] Level 42 [\/mk_fancy_title][mk_fancy_title tag_name=\u00a0\u00bbh3&Prime; size=\u00a0\u00bb24&Prime; font_family=\u00a0\u00bbnone\u00a0\u00bb align=\u00a0\u00bbcenter\u00a0\u00bb] Accessoires pour une immersion totale [\/mk_fancy_title][\/vc_column][\/vc_row][vc_row][vc_column width=\u00a0\u00bb8\/12&Prime;][vc_column_text disable_pattern=\u00a0\u00bbfalse\u00a0\u00bb]Level 42 propose une large gamme d\u2019accessoires de jeu : [&hellip;]<\/p>\n","protected":false},"author":1,"featured_media":0,"parent":8289,"menu_order":1,"comment_status":"closed","ping_status":"closed","template":"","meta":{"_acf_changed":false,"footnotes":""},"categories":[192],"tags":[640],"class_list":["post-8263","page","type-page","status-publish","hentry","category-jeux-de-plateau","tag-640"],"acf":[],"yoast_head":"<!-- This site is optimized with the Yoast SEO plugin v27.4 - https:\/\/yoast.com\/product\/yoast-seo-wordpress\/ -->\n<title>Level 42 - Don&#039;t Panic Games<\/title>\n<meta name=\"description\" content=\"Accessoires pour une immersion totale Level 42 propose une large gamme d\u2019accessoires de jeu : tapis, socles textur\u00e9s et d\u00e9cors r\u00e9alistes qu\u2019il est possible de peindre. Enrichissez votre exp\u00e9rience de jeu gr\u00e2ce aux diff\u00e9rents accessoires propos\u00e9s !\" \/>\n<meta name=\"robots\" content=\"index, follow, max-snippet:-1, max-image-preview:large, max-video-preview:-1\" \/>\n<link rel=\"canonical\" href=\"https:\/\/www.dontpanicgames.com\/fr\/jeux\/level-42\/\" \/>\n<meta property=\"og:locale\" content=\"fr_FR\" \/>\n<meta property=\"og:type\" content=\"article\" \/>\n<meta property=\"og:title\" content=\"Level 42 - Don&#039;t Panic Games\" \/>\n<meta property=\"og:description\" content=\"Accessoires pour une immersion totale Level 42 propose une large gamme d\u2019accessoires de jeu : tapis, socles textur\u00e9s et d\u00e9cors r\u00e9alistes qu\u2019il est possible de peindre. Enrichissez votre exp\u00e9rience de jeu gr\u00e2ce aux diff\u00e9rents accessoires propos\u00e9s !\" \/>\n<meta property=\"og:url\" content=\"https:\/\/www.dontpanicgames.com\/fr\/jeux\/level-42\/\" \/>\n<meta property=\"og:site_name\" content=\"Don&#039;t Panic Games\" \/>\n<meta property=\"article:publisher\" content=\"https:\/\/www.facebook.com\/dontpanicgames\/\" \/>\n<meta property=\"article:modified_time\" content=\"2019-10-22T16:34:12+00:00\" \/>\n<meta property=\"og:image\" content=\"https:\/\/www.dontpanicgames.com\/wp-content\/uploads\/2017\/03\/level-42-situation-thumb.jpg\" \/>\n\t<meta property=\"og:image:width\" content=\"1211\" \/>\n\t<meta property=\"og:image:height\" content=\"680\" \/>\n\t<meta property=\"og:image:type\" content=\"image\/jpeg\" \/>\n<meta name=\"twitter:card\" content=\"summary_large_image\" \/>\n<meta name=\"twitter:site\" content=\"@DontPanicGames1\" \/>\n<meta name=\"twitter:label1\" content=\"Dur\u00e9e de lecture estim\u00e9e\" \/>\n\t<meta name=\"twitter:data1\" content=\"4 minutes\" \/>\n<script type=\"application\/ld+json\" class=\"yoast-schema-graph\">{\"@context\":\"https:\\\/\\\/schema.org\",\"@graph\":[{\"@type\":\"WebPage\",\"@id\":\"https:\\\/\\\/www.dontpanicgames.com\\\/fr\\\/jeux\\\/level-42\\\/\",\"url\":\"https:\\\/\\\/www.dontpanicgames.com\\\/fr\\\/jeux\\\/level-42\\\/\",\"name\":\"Level 42 - Don&#039;t Panic Games\",\"isPartOf\":{\"@id\":\"https:\\\/\\\/www.dontpanicgames.com\\\/fr\\\/#website\"},\"primaryImageOfPage\":{\"@id\":\"https:\\\/\\\/www.dontpanicgames.com\\\/fr\\\/jeux\\\/level-42\\\/#primaryimage\"},\"image\":{\"@id\":\"https:\\\/\\\/www.dontpanicgames.com\\\/fr\\\/jeux\\\/level-42\\\/#primaryimage\"},\"thumbnailUrl\":\"https:\\\/\\\/www.dontpanicgames.com\\\/wp-content\\\/themes\\\/jupiter-child\\\/img\\\/icon-cart-white.png\",\"datePublished\":\"2017-05-17T14:59:03+00:00\",\"dateModified\":\"2019-10-22T16:34:12+00:00\",\"description\":\"Accessoires pour une immersion totale Level 42 propose une large gamme d\u2019accessoires de jeu : tapis, socles textur\u00e9s et d\u00e9cors r\u00e9alistes qu\u2019il est possible de peindre. Enrichissez votre exp\u00e9rience de jeu gr\u00e2ce aux diff\u00e9rents accessoires propos\u00e9s !\",\"breadcrumb\":{\"@id\":\"https:\\\/\\\/www.dontpanicgames.com\\\/fr\\\/jeux\\\/level-42\\\/#breadcrumb\"},\"inLanguage\":\"fr-FR\",\"potentialAction\":[{\"@type\":\"ReadAction\",\"target\":[\"https:\\\/\\\/www.dontpanicgames.com\\\/fr\\\/jeux\\\/level-42\\\/\"]}]},{\"@type\":\"ImageObject\",\"inLanguage\":\"fr-FR\",\"@id\":\"https:\\\/\\\/www.dontpanicgames.com\\\/fr\\\/jeux\\\/level-42\\\/#primaryimage\",\"url\":\"https:\\\/\\\/www.dontpanicgames.com\\\/wp-content\\\/themes\\\/jupiter-child\\\/img\\\/icon-cart-white.png\",\"contentUrl\":\"https:\\\/\\\/www.dontpanicgames.com\\\/wp-content\\\/themes\\\/jupiter-child\\\/img\\\/icon-cart-white.png\"},{\"@type\":\"BreadcrumbList\",\"@id\":\"https:\\\/\\\/www.dontpanicgames.com\\\/fr\\\/jeux\\\/level-42\\\/#breadcrumb\",\"itemListElement\":[{\"@type\":\"ListItem\",\"position\":1,\"name\":\"Accueil\",\"item\":\"https:\\\/\\\/www.dontpanicgames.com\\\/fr\\\/\"},{\"@type\":\"ListItem\",\"position\":2,\"name\":\"Jeux\",\"item\":\"https:\\\/\\\/www.dontpanicgames.com\\\/fr\\\/jeux\\\/\"},{\"@type\":\"ListItem\",\"position\":3,\"name\":\"Level 42\"}]},{\"@type\":\"WebSite\",\"@id\":\"https:\\\/\\\/www.dontpanicgames.com\\\/fr\\\/#website\",\"url\":\"https:\\\/\\\/www.dontpanicgames.com\\\/fr\\\/\",\"name\":\"Don't Panic Games\",\"description\":\"Don&#039;t Panic Games.com website\",\"potentialAction\":[{\"@type\":\"SearchAction\",\"target\":{\"@type\":\"EntryPoint\",\"urlTemplate\":\"https:\\\/\\\/www.dontpanicgames.com\\\/fr\\\/?s={search_term_string}\"},\"query-input\":{\"@type\":\"PropertyValueSpecification\",\"valueRequired\":true,\"valueName\":\"search_term_string\"}}],\"inLanguage\":\"fr-FR\"}]}<\/script>\n<!-- \/ Yoast SEO plugin. -->","yoast_head_json":{"title":"Level 42 - Don&#039;t Panic Games","description":"Accessoires pour une immersion totale Level 42 propose une large gamme d\u2019accessoires de jeu : tapis, socles textur\u00e9s et d\u00e9cors r\u00e9alistes qu\u2019il est possible de peindre. Enrichissez votre exp\u00e9rience de jeu gr\u00e2ce aux diff\u00e9rents accessoires propos\u00e9s !","robots":{"index":"index","follow":"follow","max-snippet":"max-snippet:-1","max-image-preview":"max-image-preview:large","max-video-preview":"max-video-preview:-1"},"canonical":"https:\/\/www.dontpanicgames.com\/fr\/jeux\/level-42\/","og_locale":"fr_FR","og_type":"article","og_title":"Level 42 - Don&#039;t Panic Games","og_description":"Accessoires pour une immersion totale Level 42 propose une large gamme d\u2019accessoires de jeu : tapis, socles textur\u00e9s et d\u00e9cors r\u00e9alistes qu\u2019il est possible de peindre. Enrichissez votre exp\u00e9rience de jeu gr\u00e2ce aux diff\u00e9rents accessoires propos\u00e9s !","og_url":"https:\/\/www.dontpanicgames.com\/fr\/jeux\/level-42\/","og_site_name":"Don&#039;t Panic Games","article_publisher":"https:\/\/www.facebook.com\/dontpanicgames\/","article_modified_time":"2019-10-22T16:34:12+00:00","og_image":[{"width":1211,"height":680,"url":"https:\/\/www.dontpanicgames.com\/wp-content\/uploads\/2017\/03\/level-42-situation-thumb.jpg","type":"image\/jpeg"}],"twitter_card":"summary_large_image","twitter_site":"@DontPanicGames1","twitter_misc":{"Dur\u00e9e de lecture estim\u00e9e":"4 minutes"},"schema":{"@context":"https:\/\/schema.org","@graph":[{"@type":"WebPage","@id":"https:\/\/www.dontpanicgames.com\/fr\/jeux\/level-42\/","url":"https:\/\/www.dontpanicgames.com\/fr\/jeux\/level-42\/","name":"Level 42 - Don&#039;t Panic Games","isPartOf":{"@id":"https:\/\/www.dontpanicgames.com\/fr\/#website"},"primaryImageOfPage":{"@id":"https:\/\/www.dontpanicgames.com\/fr\/jeux\/level-42\/#primaryimage"},"image":{"@id":"https:\/\/www.dontpanicgames.com\/fr\/jeux\/level-42\/#primaryimage"},"thumbnailUrl":"https:\/\/www.dontpanicgames.com\/wp-content\/themes\/jupiter-child\/img\/icon-cart-white.png","datePublished":"2017-05-17T14:59:03+00:00","dateModified":"2019-10-22T16:34:12+00:00","description":"Accessoires pour une immersion totale Level 42 propose une large gamme d\u2019accessoires de jeu : tapis, socles textur\u00e9s et d\u00e9cors r\u00e9alistes qu\u2019il est possible de peindre. Enrichissez votre exp\u00e9rience de jeu gr\u00e2ce aux diff\u00e9rents accessoires propos\u00e9s !","breadcrumb":{"@id":"https:\/\/www.dontpanicgames.com\/fr\/jeux\/level-42\/#breadcrumb"},"inLanguage":"fr-FR","potentialAction":[{"@type":"ReadAction","target":["https:\/\/www.dontpanicgames.com\/fr\/jeux\/level-42\/"]}]},{"@type":"ImageObject","inLanguage":"fr-FR","@id":"https:\/\/www.dontpanicgames.com\/fr\/jeux\/level-42\/#primaryimage","url":"https:\/\/www.dontpanicgames.com\/wp-content\/themes\/jupiter-child\/img\/icon-cart-white.png","contentUrl":"https:\/\/www.dontpanicgames.com\/wp-content\/themes\/jupiter-child\/img\/icon-cart-white.png"},{"@type":"BreadcrumbList","@id":"https:\/\/www.dontpanicgames.com\/fr\/jeux\/level-42\/#breadcrumb","itemListElement":[{"@type":"ListItem","position":1,"name":"Accueil","item":"https:\/\/www.dontpanicgames.com\/fr\/"},{"@type":"ListItem","position":2,"name":"Jeux","item":"https:\/\/www.dontpanicgames.com\/fr\/jeux\/"},{"@type":"ListItem","position":3,"name":"Level 42"}]},{"@type":"WebSite","@id":"https:\/\/www.dontpanicgames.com\/fr\/#website","url":"https:\/\/www.dontpanicgames.com\/fr\/","name":"Don't Panic Games","description":"Don&#039;t Panic Games.com website","potentialAction":[{"@type":"SearchAction","target":{"@type":"EntryPoint","urlTemplate":"https:\/\/www.dontpanicgames.com\/fr\/?s={search_term_string}"},"query-input":{"@type":"PropertyValueSpecification","valueRequired":true,"valueName":"search_term_string"}}],"inLanguage":"fr-FR"}]}},"_links":{"self":[{"href":"https:\/\/www.dontpanicgames.com\/fr\/wp-json\/wp\/v2\/pages\/8263","targetHints":{"allow":["GET"]}}],"collection":[{"href":"https:\/\/www.dontpanicgames.com\/fr\/wp-json\/wp\/v2\/pages"}],"about":[{"href":"https:\/\/www.dontpanicgames.com\/fr\/wp-json\/wp\/v2\/types\/page"}],"author":[{"embeddable":true,"href":"https:\/\/www.dontpanicgames.com\/fr\/wp-json\/wp\/v2\/users\/1"}],"replies":[{"embeddable":true,"href":"https:\/\/www.dontpanicgames.com\/fr\/wp-json\/wp\/v2\/comments?post=8263"}],"version-history":[{"count":0,"href":"https:\/\/www.dontpanicgames.com\/fr\/wp-json\/wp\/v2\/pages\/8263\/revisions"}],"up":[{"embeddable":true,"href":"https:\/\/www.dontpanicgames.com\/fr\/wp-json\/wp\/v2\/pages\/8289"}],"wp:attachment":[{"href":"https:\/\/www.dontpanicgames.com\/fr\/wp-json\/wp\/v2\/media?parent=8263"}],"wp:term":[{"taxonomy":"category","embeddable":true,"href":"https:\/\/www.dontpanicgames.com\/fr\/wp-json\/wp\/v2\/categories?post=8263"},{"taxonomy":"post_tag","embeddable":true,"href":"https:\/\/www.dontpanicgames.com\/fr\/wp-json\/wp\/v2\/tags?post=8263"}],"curies":[{"name":"wp","href":"https:\/\/api.w.org\/{rel}","templated":true}]}}