{"id":8247,"date":"2017-05-23T21:02:20","date_gmt":"2017-05-23T20:02:20","guid":{"rendered":"https:\/\/www.dontpanicgames.com\/mentions-legales\/"},"modified":"2023-04-03T12:43:06","modified_gmt":"2023-04-03T11:43:06","slug":"mentions-legales","status":"publish","type":"page","link":"https:\/\/www.dontpanicgames.com\/fr\/mentions-legales\/","title":{"rendered":"Mentions l\u00e9gales"},"content":{"rendered":"<h1><strong>Mentions l\u00e9gales<\/strong><\/h1>\n<p>Le pr\u00e9sent site promotionnel et commercial est \u00e9dit\u00e9 par la soci\u00e9t\u00e9 <strong>Don&rsquo;t Panic Games SAS<\/strong>, soci\u00e9t\u00e9 par actions simplifi\u00e9e au Capital Social de 43 300\u20ac, immatricul\u00e9e au registre du commerce et des soci\u00e9t\u00e9s de France sous le num\u00e9ro SIRET 79954974600011 dont le si\u00e8ge social est situ\u00e9 : 38, rue Notre-Dame de Nazareth, 75003 Paris.<\/p>\n<p>Don&rsquo;t Panic Games SAS a pour num\u00e9ro individuel d\u2019identification \u00e0 la TVA le FR76799549746.<\/p>\n<p>Le repr\u00e9sentant l\u00e9gal de Don\u2019t Panic Games SAS est Monsieur C\u00e9dric Littardi.<\/p>\n<p>Email: <a href=\"mailto:contact@dontpanicgames.com\">contact@dontpanicgames.com<\/a><\/p>\n<p>Le site est h\u00e9berg\u00e9 par IN CUBES &#8211; 36 Avenue de l&rsquo;Esp\u00e9rance 93150 Le Blanc-Mesnil &#8211; FRANCE (<a href=\"https:\/\/in-cubes.com\/contactez-nous\">contact<\/a>).<\/p>\n<span class=\"et_bloom_bottom_trigger\"><\/span>","protected":false},"excerpt":{"rendered":"<p>Mentions l\u00e9gales Le pr\u00e9sent site promotionnel et commercial est \u00e9dit\u00e9 par la soci\u00e9t\u00e9 Don&rsquo;t Panic Games SAS, soci\u00e9t\u00e9 par actions simplifi\u00e9e au Capital Social de 43 300\u20ac, immatricul\u00e9e au registre du commerce et des soci\u00e9t\u00e9s de France sous le num\u00e9ro SIRET 79954974600011 dont le si\u00e8ge social est situ\u00e9 : 38, rue Notre-Dame de Nazareth, 75003 [&hellip;]<\/p>\n","protected":false},"author":1,"featured_media":0,"parent":0,"menu_order":0,"comment_status":"closed","ping_status":"closed","template":"","meta":{"_acf_changed":false,"footnotes":""},"categories":[],"tags":[],"class_list":["post-8247","page","type-page","status-publish","hentry"],"acf":[],"yoast_head":"<!-- This site is optimized with the Yoast SEO plugin v27.3 - https:\/\/yoast.com\/product\/yoast-seo-wordpress\/ -->\n<title>Mentions l\u00e9gales - Don&#039;t Panic Games<\/title>\n<meta name=\"robots\" content=\"index, follow, max-snippet:-1, max-image-preview:large, max-video-preview:-1\" \/>\n<link rel=\"canonical\" href=\"https:\/\/www.dontpanicgames.com\/fr\/mentions-legales\/\" \/>\n<meta property=\"og:locale\" content=\"fr_FR\" \/>\n<meta property=\"og:type\" content=\"article\" \/>\n<meta property=\"og:title\" content=\"Mentions l\u00e9gales - Don&#039;t Panic Games\" \/>\n<meta property=\"og:description\" content=\"Mentions l\u00e9gales Le pr\u00e9sent site promotionnel et commercial est \u00e9dit\u00e9 par la soci\u00e9t\u00e9 Don&rsquo;t Panic Games SAS, soci\u00e9t\u00e9 par actions simplifi\u00e9e au Capital Social de 43 300\u20ac, immatricul\u00e9e au registre du commerce et des soci\u00e9t\u00e9s de France sous le num\u00e9ro SIRET 79954974600011 dont le si\u00e8ge social est situ\u00e9 : 38, rue Notre-Dame de Nazareth, 75003 [&hellip;]\" \/>\n<meta property=\"og:url\" content=\"https:\/\/www.dontpanicgames.com\/fr\/mentions-legales\/\" \/>\n<meta property=\"og:site_name\" content=\"Don&#039;t Panic Games\" \/>\n<meta property=\"article:publisher\" content=\"https:\/\/www.facebook.com\/dontpanicgames\/\" \/>\n<meta property=\"article:modified_time\" content=\"2023-04-03T11:43:06+00:00\" \/>\n<meta property=\"og:image\" content=\"https:\/\/www.dontpanicgames.com\/wp-content\/uploads\/2017\/01\/logo-dpg.png\" \/>\n\t<meta property=\"og:image:width\" content=\"180\" \/>\n\t<meta property=\"og:image:height\" content=\"180\" \/>\n\t<meta property=\"og:image:type\" content=\"image\/png\" \/>\n<meta name=\"twitter:card\" content=\"summary_large_image\" \/>\n<meta name=\"twitter:site\" content=\"@DontPanicGames1\" \/>\n<meta name=\"twitter:label1\" content=\"Dur\u00e9e de lecture estim\u00e9e\" \/>\n\t<meta name=\"twitter:data1\" content=\"1 minute\" \/>\n<script type=\"application\/ld+json\" class=\"yoast-schema-graph\">{\"@context\":\"https:\\\/\\\/schema.org\",\"@graph\":[{\"@type\":\"WebPage\",\"@id\":\"https:\\\/\\\/www.dontpanicgames.com\\\/fr\\\/mentions-legales\\\/\",\"url\":\"https:\\\/\\\/www.dontpanicgames.com\\\/fr\\\/mentions-legales\\\/\",\"name\":\"Mentions l\u00e9gales - Don&#039;t Panic Games\",\"isPartOf\":{\"@id\":\"https:\\\/\\\/www.dontpanicgames.com\\\/fr\\\/#website\"},\"datePublished\":\"2017-05-23T20:02:20+00:00\",\"dateModified\":\"2023-04-03T11:43:06+00:00\",\"breadcrumb\":{\"@id\":\"https:\\\/\\\/www.dontpanicgames.com\\\/fr\\\/mentions-legales\\\/#breadcrumb\"},\"inLanguage\":\"fr-FR\",\"potentialAction\":[{\"@type\":\"ReadAction\",\"target\":[\"https:\\\/\\\/www.dontpanicgames.com\\\/fr\\\/mentions-legales\\\/\"]}]},{\"@type\":\"BreadcrumbList\",\"@id\":\"https:\\\/\\\/www.dontpanicgames.com\\\/fr\\\/mentions-legales\\\/#breadcrumb\",\"itemListElement\":[{\"@type\":\"ListItem\",\"position\":1,\"name\":\"Accueil\",\"item\":\"https:\\\/\\\/www.dontpanicgames.com\\\/fr\\\/\"},{\"@type\":\"ListItem\",\"position\":2,\"name\":\"Mentions l\u00e9gales\"}]},{\"@type\":\"WebSite\",\"@id\":\"https:\\\/\\\/www.dontpanicgames.com\\\/fr\\\/#website\",\"url\":\"https:\\\/\\\/www.dontpanicgames.com\\\/fr\\\/\",\"name\":\"Don't Panic Games\",\"description\":\"Don&#039;t Panic Games.com website\",\"potentialAction\":[{\"@type\":\"SearchAction\",\"target\":{\"@type\":\"EntryPoint\",\"urlTemplate\":\"https:\\\/\\\/www.dontpanicgames.com\\\/fr\\\/?s={search_term_string}\"},\"query-input\":{\"@type\":\"PropertyValueSpecification\",\"valueRequired\":true,\"valueName\":\"search_term_string\"}}],\"inLanguage\":\"fr-FR\"}]}<\/script>\n<!-- \/ Yoast SEO plugin. -->","yoast_head_json":{"title":"Mentions l\u00e9gales - Don&#039;t Panic Games","robots":{"index":"index","follow":"follow","max-snippet":"max-snippet:-1","max-image-preview":"max-image-preview:large","max-video-preview":"max-video-preview:-1"},"canonical":"https:\/\/www.dontpanicgames.com\/fr\/mentions-legales\/","og_locale":"fr_FR","og_type":"article","og_title":"Mentions l\u00e9gales - Don&#039;t Panic Games","og_description":"Mentions l\u00e9gales Le pr\u00e9sent site promotionnel et commercial est \u00e9dit\u00e9 par la soci\u00e9t\u00e9 Don&rsquo;t Panic Games SAS, soci\u00e9t\u00e9 par actions simplifi\u00e9e au Capital Social de 43 300\u20ac, immatricul\u00e9e au registre du commerce et des soci\u00e9t\u00e9s de France sous le num\u00e9ro SIRET 79954974600011 dont le si\u00e8ge social est situ\u00e9 : 38, rue Notre-Dame de Nazareth, 75003 [&hellip;]","og_url":"https:\/\/www.dontpanicgames.com\/fr\/mentions-legales\/","og_site_name":"Don&#039;t Panic Games","article_publisher":"https:\/\/www.facebook.com\/dontpanicgames\/","article_modified_time":"2023-04-03T11:43:06+00:00","og_image":[{"width":180,"height":180,"url":"https:\/\/www.dontpanicgames.com\/wp-content\/uploads\/2017\/01\/logo-dpg.png","type":"image\/png"}],"twitter_card":"summary_large_image","twitter_site":"@DontPanicGames1","twitter_misc":{"Dur\u00e9e de lecture estim\u00e9e":"1 minute"},"schema":{"@context":"https:\/\/schema.org","@graph":[{"@type":"WebPage","@id":"https:\/\/www.dontpanicgames.com\/fr\/mentions-legales\/","url":"https:\/\/www.dontpanicgames.com\/fr\/mentions-legales\/","name":"Mentions l\u00e9gales - Don&#039;t Panic Games","isPartOf":{"@id":"https:\/\/www.dontpanicgames.com\/fr\/#website"},"datePublished":"2017-05-23T20:02:20+00:00","dateModified":"2023-04-03T11:43:06+00:00","breadcrumb":{"@id":"https:\/\/www.dontpanicgames.com\/fr\/mentions-legales\/#breadcrumb"},"inLanguage":"fr-FR","potentialAction":[{"@type":"ReadAction","target":["https:\/\/www.dontpanicgames.com\/fr\/mentions-legales\/"]}]},{"@type":"BreadcrumbList","@id":"https:\/\/www.dontpanicgames.com\/fr\/mentions-legales\/#breadcrumb","itemListElement":[{"@type":"ListItem","position":1,"name":"Accueil","item":"https:\/\/www.dontpanicgames.com\/fr\/"},{"@type":"ListItem","position":2,"name":"Mentions l\u00e9gales"}]},{"@type":"WebSite","@id":"https:\/\/www.dontpanicgames.com\/fr\/#website","url":"https:\/\/www.dontpanicgames.com\/fr\/","name":"Don't Panic Games","description":"Don&#039;t Panic Games.com website","potentialAction":[{"@type":"SearchAction","target":{"@type":"EntryPoint","urlTemplate":"https:\/\/www.dontpanicgames.com\/fr\/?s={search_term_string}"},"query-input":{"@type":"PropertyValueSpecification","valueRequired":true,"valueName":"search_term_string"}}],"inLanguage":"fr-FR"}]}},"_links":{"self":[{"href":"https:\/\/www.dontpanicgames.com\/fr\/wp-json\/wp\/v2\/pages\/8247","targetHints":{"allow":["GET"]}}],"collection":[{"href":"https:\/\/www.dontpanicgames.com\/fr\/wp-json\/wp\/v2\/pages"}],"about":[{"href":"https:\/\/www.dontpanicgames.com\/fr\/wp-json\/wp\/v2\/types\/page"}],"author":[{"embeddable":true,"href":"https:\/\/www.dontpanicgames.com\/fr\/wp-json\/wp\/v2\/users\/1"}],"replies":[{"embeddable":true,"href":"https:\/\/www.dontpanicgames.com\/fr\/wp-json\/wp\/v2\/comments?post=8247"}],"version-history":[{"count":0,"href":"https:\/\/www.dontpanicgames.com\/fr\/wp-json\/wp\/v2\/pages\/8247\/revisions"}],"wp:attachment":[{"href":"https:\/\/www.dontpanicgames.com\/fr\/wp-json\/wp\/v2\/media?parent=8247"}],"wp:term":[{"taxonomy":"category","embeddable":true,"href":"https:\/\/www.dontpanicgames.com\/fr\/wp-json\/wp\/v2\/categories?post=8247"},{"taxonomy":"post_tag","embeddable":true,"href":"https:\/\/www.dontpanicgames.com\/fr\/wp-json\/wp\/v2\/tags?post=8247"}],"curies":[{"name":"wp","href":"https:\/\/api.w.org\/{rel}","templated":true}]}}