{"id":45190,"date":"2025-10-20T15:59:02","date_gmt":"2025-10-20T14:59:02","guid":{"rendered":"https:\/\/www.dontpanicgames.com\/?page_id=45190"},"modified":"2025-10-20T15:59:02","modified_gmt":"2025-10-20T14:59:02","slug":"toutou-detective-3-contenu-a-telecharger","status":"publish","type":"page","link":"https:\/\/www.dontpanicgames.com\/fr\/toutou-detective-3-contenu-a-telecharger\/","title":{"rendered":"TouTou Detective 3 &#8211; Contenu \u00e0 T\u00e9l\u00e9charger"},"content":{"rendered":"<div class=\"wpb-content-wrapper\">[vc_row][vc_column][vc_column_text css=\u00a0\u00bb.vc_custom_1760971720306{margin-bottom: 0px !important;}\u00a0\u00bb]\n<h3 style=\"text-align: center;\">Toutou d\u00e9tective &#8211; Les 15 Mondes de Lucy (Le H\u00e9ros de la B.D, c&rsquo;est toi !)<\/h3>\n[\/vc_column_text][vc_column_text css=\u00a0\u00bb.vc_custom_1760971736619{margin-bottom: 0px !important;}\u00a0\u00bb]\n<div id=\"shopify-section-template--26110097064276__section_rich_text_WTWEFY\" class=\"shopify-section js-section__rich-text\">\n<section class=\"section section--rich-text section--template--26110097064276__section_rich_text_WTWEFY\" data-section-id=\"template--26110097064276__section_rich_text_WTWEFY\" data-section-type=\"rich-text\">\n<div class=\"home-rich-text\">\n<div class=\"container container--tiny\">\n<div class=\"home-rich-text__content u-text-center rte js-sr-loaded\" data-sr-id=\"11\">\n<p style=\"text-align: center;\">Si tu n&rsquo;as pas envie d&rsquo;\u00e9crire directement sur le\u00a0<strong>Carnet de Guapo\u00a0<\/strong>ou la<strong>\u00a0Page 10<\/strong>, tu peux\u00a0<strong>t\u00e9l\u00e9charger ce fichier et l&rsquo;imprimer<\/strong>\u00a0pour\u00a0<strong>\u00e9crire<\/strong>,\u00a0<strong>gribouiller\u00a0<\/strong>et\u00a0<strong>effacer\u00a0<\/strong>autant de fois que tu le souhaites. Ton Livre restera immacul\u00e9.<\/p>\n<\/div>\n<\/div>\n<\/div>\n<\/section>\n<\/div>\n[\/vc_column_text][\/vc_column][\/vc_row][vc_row][vc_column][vc_separator css=\u00a0\u00bb\u00a0\u00bb][\/vc_column][\/vc_row][vc_row][vc_column][vc_raw_html css=\u00a0\u00bb\u00a0\u00bb]JTNDJTIxLS0lMjBTRUNUSU9OJTIwMSUyMCUyOEhUTUwlMjBCUlVUJTIwcG91ciUyMFdvcmRQcmVzcyUyQyUyMHNhbnMlMjAlMjJWZXJzaW9uJTIwTW9iaWxlJTIyJTI5JTIwLS0lM0UlMEQlMEElM0NkaXYlMjBjbGFzcyUzRCUyMndwLXdhbGxwYXBlcnMtc2VjdGlvbiUyMiUyMGFyaWEtbGFiZWwlM0QlMjJTZWN0aW9uJTIwMSUyMC0lMjBGb25kcyUyMGQlMjclQzMlQTljcmFuJTIyJTNFJTBEJTBBJTIwJTIwJTNDZGl2JTIwY2xhc3MlM0QlMjJ3cC13YWxscGFwZXJzLWdyaWQlMjIlM0UlMEQlMEElMEQlMEElMjAlMjAlMjAlMjAlM0MlMjEtLSUyMEJMT0MlMjAxJTIwLS0lM0UlMEQlMEElMjAlMjAlMjAlMjAlM0NkaXYlMjBjbGFzcyUzRCUyMndwLXdhbGxwYXBlci1pdGVtJTIyJTNFJTBEJTBBJTIwJTIwJTIwJTIwJTIwJTIwJTNDYSUyMGhyZWYlM0QlMjIlMjMlMjIlMjBvbmNsaWNrJTNEJTIyZG93bmxvYWRKUEclMjglMjdodHRwcyUzQSUyRiUyRnd3dy5kb250cGFuaWNnYW1lcy5jb20lMkZ3cC1jb250ZW50JTJGdXBsb2FkcyUyRjIwMjUlMkYxMCUyRnlubmlzX3RvdXRvdV9kZXRlY3RpdmVfM19lbmlnbWUuanBnJTI3JTJDJTI3TGUtY2FybmV0LWRlLUd1YXBvLmpwZyUyNyUyOSUzQiUyMHJldHVybiUyMGZhbHNlJTNCJTIyJTIwYXJpYS1sYWJlbCUzRCUyMlQlQzMlQTlsJUMzJUE5Y2hhcmdlciUyMExlJTIwY2FybmV0JTIwZGUlMjBHdWFwbyUyMiUzRSUwRCUwQSUyMCUyMCUyMCUyMCUyMCUyMCUyMCUyMCUzQ2ltZyUyMHNyYyUzRCUyMmh0dHBzJTNBJTJGJTJGd3d3LmRvbnRwYW5pY2dhbWVzLmNvbSUyRndwLWNvbnRlbnQlMkZ1cGxvYWRzJTJGMjAyNSUyRjEwJTJGeW5uaXNfdG91dG91X2RldGVjdGl2ZV8zX2VuaWdtZS5qcGclMjIlMjBhbHQlM0QlMjJMZSUyMGNhcm5ldCUyMGRlJTIwR3VhcG8lMjAtJTIweW5uaXMlMjB0b3V0b3UlMjBkZXRlY3RpdmUlMjIlMjBsb2FkaW5nJTNEJTIybGF6eSUyMiUzRSUwRCUwQSUyMCUyMCUyMCUyMCUyMCUyMCUzQyUyRmElM0UlMEQlMEElMjAlMjAlMjAlMjAlMjAlMjAlM0NoMiUzRUxlJTIwY2FybmV0JTIwZGUlMjBHdWFwbyUzQyUyRmgyJTNFJTBEJTBBJTIwJTIwJTIwJTIwJTIwJTIwJTNDYSUyMGNsYXNzJTNEJTIyd3AtZG93bmxvYWQtYnRuJTIyJTIwaHJlZiUzRCUyMiUyMyUyMiUyMG9uY2xpY2slM0QlMjJkb3dubG9hZEpQRyUyOCUyN2h0dHBzJTNBJTJGJTJGd3d3LmRvbnRwYW5pY2dhbWVzLmNvbSUyRndwLWNvbnRlbnQlMkZ1cGxvYWRzJTJGMjAyNSUyRjEwJTJGeW5uaXNfdG91dG91X2RldGVjdGl2ZV8zX2VuaWdtZS5qcGclMjclMkMlMjdMZS1jYXJuZXQtZGUtR3VhcG8uanBnJTI3JTI5JTNCJTIwcmV0dXJuJTIwZmFsc2UlM0IlMjIlMjByb2xlJTNEJTIyYnV0dG9uJTIyJTIwYXJpYS1sYWJlbCUzRCUyMlQlQzMlQTlsJUMzJUE5Y2hhcmdlciUyMGwlMjdpbWFnZSUyMExlJTIwY2FybmV0JTIwZGUlMjBHdWFwbyUyMiUzRSUwRCUwQSUyMCUyMCUyMCUyMCUyMCUyMCUyMCUyMFQlQzMlQTlsJUMzJUE5Y2hhcmdlciUyMGwlMjdpbWFnZSUwRCUwQSUyMCUyMCUyMCUyMCUyMCUyMCUzQyUyRmElM0UlMEQlMEElMjAlMjAlMjAlMjAlM0MlMkZkaXYlM0UlMEQlMEElMEQlMEElMjAlMjAlMjAlMjAlM0MlMjEtLSUyMEJMT0MlMjAyJTIwLS0lM0UlMEQlMEElMjAlMjAlMjAlMjAlM0NkaXYlMjBjbGFzcyUzRCUyMndwLXdhbGxwYXBlci1pdGVtJTIyJTNFJTBEJTBBJTIwJTIwJTIwJTIwJTIwJTIwJTNDYSUyMGhyZWYlM0QlMjIlMjMlMjIlMjBvbmNsaWNrJTNEJTIyZG93bmxvYWRKUEclMjglMjdodHRwcyUzQSUyRiUyRnd3dy5kb250cGFuaWNnYW1lcy5jb20lMkZ3cC1jb250ZW50JTJGdXBsb2FkcyUyRjIwMjUlMkYxMCUyRnlubmlzX3RvdXRvdV9kZXRlY3RpdmVfM19wcGFnZS0xMC5qcGclMjclMkMlMjdQYWdlLTEwLmpwZyUyNyUyOSUzQiUyMHJldHVybiUyMGZhbHNlJTNCJTIyJTIwYXJpYS1sYWJlbCUzRCUyMlQlQzMlQTlsJUMzJUE5Y2hhcmdlciUyMFBhZ2UlMjAxMCUyMiUzRSUwRCUwQSUyMCUyMCUyMCUyMCUyMCUyMCUyMCUyMCUzQ2ltZyUyMHNyYyUzRCUyMmh0dHBzJTNBJTJGJTJGd3d3LmRvbnRwYW5pY2dhbWVzLmNvbSUyRndwLWNvbnRlbnQlMkZ1cGxvYWRzJTJGMjAyNSUyRjEwJTJGeW5uaXNfdG91dG91X2RldGVjdGl2ZV8zX3BwYWdlLTEwLmpwZyUyMiUyMGFsdCUzRCUyMlBhZ2UlMjAxMCUyMC0lMjB5bm5pcyUyMHRvdXRvdSUyMGRldGVjdGl2ZSUyMiUyMGxvYWRpbmclM0QlMjJsYXp5JTIyJTNFJTBEJTBBJTIwJTIwJTIwJTIwJTIwJTIwJTNDJTJGYSUzRSUwRCUwQSUyMCUyMCUyMCUyMCUyMCUyMCUzQ2gyJTNFUGFnZSUyMDEwJTNDJTJGaDIlM0UlMEQlMEElMjAlMjAlMjAlMjAlMjAlMjAlM0NhJTIwY2xhc3MlM0QlMjJ3cC1kb3dubG9hZC1idG4lMjIlMjBocmVmJTNEJTIyJTIzJTIyJTIwb25jbGljayUzRCUyMmRvd25sb2FkSlBHJTI4JTI3aHR0cHMlM0ElMkYlMkZ3d3cuZG9udHBhbmljZ2FtZXMuY29tJTJGd3AtY29udGVudCUyRnVwbG9hZHMlMkYyMDI1JTJGMTAlMkZ5bm5pc190b3V0b3VfZGV0ZWN0aXZlXzNfcHBhZ2UtMTAuanBnJTI3JTJDJTI3UGFnZS0xMC5qcGclMjclMjklM0IlMjByZXR1cm4lMjBmYWxzZSUzQiUyMiUyMHJvbGUlM0QlMjJidXR0b24lMjIlMjBhcmlhLWxhYmVsJTNEJTIyVCVDMyVBOWwlQzMlQTljaGFyZ2VyJTIwbCUyN2ltYWdlJTIwUGFnZSUyMDEwJTIyJTNFJTBEJTBBJTIwJTIwJTIwJTIwJTIwJTIwJTIwJTIwVCVDMyVBOWwlQzMlQTljaGFyZ2VyJTIwbCUyN2ltYWdlJTBEJTBBJTIwJTIwJTIwJTIwJTIwJTIwJTNDJTJGYSUzRSUwRCUwQSUyMCUyMCUyMCUyMCUzQyUyRmRpdiUzRSUwRCUwQSUwRCUwQSUyMCUyMCUzQyUyRmRpdiUzRSUwRCUwQSUzQyUyRmRpdiUzRSUwRCUwQSUwRCUwQSUzQyUyMS0tJTIwU1RZTEUlMjAlMjglQzMlQTAlMjBpbmNsdXJlJTIwZGFucyUyMGxlJTIwbSVDMyVBQW1lJTIwYmxvYyUyMEhUTUwlMjBvdSUyMGRhbnMlMjBsZSUyMENTUyUyMGR1JTIwdGglQzMlQThtZSUyOSUyMC0tJTNFJTBEJTBBJTNDc3R5bGUlM0UlMEQlMEElMkYlMkElMjBTY29wZSUyMHNwJUMzJUE5Y2lmaXF1ZSUyMHBvdXIlMjAlQzMlQTl2aXRlciUyMGxlcyUyMGNvbmZsaXRzJTIwYXZlYyUyMGxlJTIwdGglQzMlQThtZSUyMCUyQSUyRiUwRCUwQS53cC13YWxscGFwZXJzLXNlY3Rpb24lMjAlN0IlMEQlMEElMjAlMjBtYXJnaW4lM0ElMjA2MHB4JTIwYXV0byUzQiUwRCUwQSUyMCUyMG1heC13aWR0aCUzQSUyMDEwMDBweCUzQiUwRCUwQSUyMCUyMHBhZGRpbmclM0ElMjAwJTIwMTZweCUzQiUwRCUwQSU3RCUwRCUwQS53cC13YWxscGFwZXJzLWdyaWQlMjAlN0IlMEQlMEElMjAlMjBkaXNwbGF5JTNBJTIwZ3JpZCUzQiUwRCUwQSUyMCUyMGdyaWQtdGVtcGxhdGUtY29sdW1ucyUzQSUyMHJlcGVhdCUyODIlMkMlMjAxZnIlMjklM0IlMEQlMEElMjAlMjBnYXAlM0ElMjAycmVtJTNCJTBEJTBBJTdEJTBEJTBBLndwLXdhbGxwYXBlci1pdGVtJTIwJTdCJTBEJTBBJTIwJTIwdGV4dC1hbGlnbiUzQSUyMGNlbnRlciUzQiUwRCUwQSU3RCUwRCUwQS53cC13YWxscGFwZXItaXRlbSUyMGltZyUyMCU3QiUwRCUwQSUyMCUyMHdpZHRoJTNBJTIwMTAwJTI1JTNCJTBEJTBBJTIwJTIwaGVpZ2h0JTNBJTIwYXV0byUzQiUwRCUwQSUyMCUyMGJvcmRlci1yYWRpdXMlM0ElMjAxMnB4JTNCJTBEJTBBJTIwJTIwdHJhbnNpdGlvbiUzQSUyMHRyYW5zZm9ybSUyMDAuMnMlMjBlYXNlJTNCJTBEJTBBJTIwJTIwY3Vyc29yJTNBJTIwcG9pbnRlciUzQiUwRCUwQSUyMCUyMGRpc3BsYXklM0ElMjBibG9jayUzQiUwRCUwQSU3RCUwRCUwQS53cC13YWxscGFwZXItaXRlbSUyMGltZyUzQWhvdmVyJTIwJTdCJTBEJTBBJTIwJTIwdHJhbnNmb3JtJTNBJTIwc2NhbGUlMjgxLjAzJTI5JTNCJTBEJTBBJTdEJTBEJTBBLndwLXdhbGxwYXBlci1pdGVtJTIwaDIlMjAlN0IlMEQlMEElMjAlMjBtYXJnaW4lM0ElMjAxMnB4JTIwMCUyMDZweCUyMDAlM0IlMEQlMEElMjAlMjBmb250LXNpemUlM0ElMjAxLjJyZW0lM0IlMEQlMEElMjAlMjBmb250LXdlaWdodCUzQSUyMDYwMCUzQiUwRCUwQSU3RCUwRCUwQS53cC1kb3dubG9hZC1idG4lMjAlN0IlMEQlMEElMjAlMjBkaXNwbGF5JTNBJTIwaW5saW5lLWJsb2NrJTNCJTBEJTBBJTIwJTIwbWFyZ2luLXRvcCUzQSUyMDhweCUzQiUwRCUwQSUyMCUyMGJhY2tncm91bmQtY29sb3IlM0ElMjAlMjNiYzE3MjUlM0IlMEQlMEElMjAlMjBjb2xvciUzQSUyMCUyM2ZmZiUyMCUyMWltcG9ydGFudCUzQiUwRCUwQSUyMCUyMHBhZGRpbmclM0ElMjAxMHB4JTIwMThweCUzQiUwRCUwQSUyMCUyMGJvcmRlci1yYWRpdXMlM0ElMjA4cHglM0IlMEQlMEElMjAlMjBib3JkZXIlM0ElMjAxcHglMjBzb2xpZCUyMHJnYmElMjgwJTJDMCUyQzAlMkMwLjElMjklM0IlMEQlMEElMjAlMjB0ZXh0LWRlY29yYXRpb24lM0ElMjBub25lJTNCJTBEJTBBJTIwJTIwZm9udC13ZWlnaHQlM0ElMjA2MDAlM0IlMEQlMEElMjAlMjB0cmFuc2l0aW9uJTNBJTIwYmFja2dyb3VuZC1jb2xvciUyMDAuMnMlMjBlYXNlJTNCJTBEJTBBJTdEJTBEJTBBLndwLWRvd25sb2FkLWJ0biUzQWhvdmVyJTIwJTdCJTBEJTBBJTIwJTIwYmFja2dyb3VuZC1jb2xvciUzQSUyMCUyM2ExMTMyMCUzQiUwRCUwQSU3RCUwRCUwQSUwRCUwQSUyRiUyQSUyMFJlc3BvbnNpdmUlMjAlMkElMkYlMEQlMEElNDBtZWRpYSUyMCUyOG1heC13aWR0aCUzQSUyMDc2OHB4JTI5JTIwJTdCJTBEJTBBJTIwJTIwLndwLXdhbGxwYXBlcnMtZ3JpZCUyMCU3QiUwRCUwQSUyMCUyMCUyMCUyMGdyaWQtdGVtcGxhdGUtY29sdW1ucyUzQSUyMDFmciUzQiUwRCUwQSUyMCUyMCU3RCUwRCUwQSU3RCUwRCUwQSUzQyUyRnN0eWxlJTNFJTBEJTBBJTBEJTBBJTNDJTIxLS0lMjBTQ1JJUFQlMjBKUyUyMFBPVVIlMjBGT1JDRVIlMjBMRSUyMFQlQzMlODlMJUMzJTg5Q0hBUkdFTUVOVCUyMEVOJTIwSlBHJTIwLS0lM0UlMEQlMEElM0NzY3JpcHQlM0UlMEQlMEFmdW5jdGlvbiUyMGRvd25sb2FkSlBHJTI4dXJsJTJDJTIwZmlsZW5hbWUlMjklN0IlMEQlMEElMjAlMjBmZXRjaCUyOHVybCUyQyUyMCU3QiUyMG1vZGUlM0ElMjAlMjdjb3JzJTI3JTIwJTdEJTI5JTBEJTBBJTIwJTIwJTIwJTIwLnRoZW4lMjhmdW5jdGlvbiUyOHJlc3AlMjklN0IlMEQlMEElMjAlMjAlMjAlMjAlMjAlMjBpZiUyOCUyMXJlc3Aub2slMjklMjB0aHJvdyUyMG5ldyUyMEVycm9yJTI4JTI3JUMzJTg5Y2hlYyUyMGR1JTIwdCVDMyVBOWwlQzMlQTljaGFyZ2VtZW50JTIwJTNBJTIwJTI3JTIwJTJCJTIwcmVzcC5zdGF0dXMlMjklM0IlMEQlMEElMjAlMjAlMjAlMjAlMjAlMjByZXR1cm4lMjByZXNwLmJsb2IlMjglMjklM0IlMEQlMEElMjAlMjAlMjAlMjAlN0QlMjklMEQlMEElMjAlMjAlMjAlMjAudGhlbiUyOGZ1bmN0aW9uJTI4YmxvYiUyOSU3QiUwRCUwQSUyMCUyMCUyMCUyMCUyMCUyMGNvbnN0JTIwbGluayUyMCUzRCUyMGRvY3VtZW50LmNyZWF0ZUVsZW1lbnQlMjglMjdhJTI3JTI5JTNCJTBEJTBBJTIwJTIwJTIwJTIwJTIwJTIwbGluay5ocmVmJTIwJTNEJTIwVVJMLmNyZWF0ZU9iamVjdFVSTCUyOGJsb2IlMjklM0IlMEQlMEElMjAlMjAlMjAlMjAlMjAlMjBsaW5rLmRvd25sb2FkJTIwJTNEJTIwZmlsZW5hbWUlM0IlMEQlMEElMjAlMjAlMjAlMjAlMjAlMjBkb2N1bWVudC5ib2R5LmFwcGVuZENoaWxkJTI4bGluayUyOSUzQiUwRCUwQSUyMCUyMCUyMCUyMCUyMCUyMGxpbmsuY2xpY2slMjglMjklM0IlMEQlMEElMjAlMjAlMjAlMjAlMjAlMjBkb2N1bWVudC5ib2R5LnJlbW92ZUNoaWxkJTI4bGluayUyOSUzQiUwRCUwQSUyMCUyMCUyMCUyMCUyMCUyMHNldFRpbWVvdXQlMjhmdW5jdGlvbiUyOCUyOSU3QiUyMFVSTC5yZXZva2VPYmplY3RVUkwlMjhsaW5rLmhyZWYlMjklM0IlMjAlN0QlMkMlMjAxMDAwJTI5JTNCJTBEJTBBJTIwJTIwJTIwJTIwJTdEJTI5JTBEJTBBJTIwJTIwJTIwJTIwLmNhdGNoJTI4ZnVuY3Rpb24lMjhlcnIlMjklN0IlMEQlMEElMjAlMjAlMjAlMjAlMjAlMjBjb25zb2xlLmVycm9yJTI4ZXJyJTI5JTNCJTBEJTBBJTIwJTIwJTIwJTIwJTIwJTIwYWxlcnQlMjglMjdJbXBvc3NpYmxlJTIwZGUlMjB0JUMzJUE5bCVDMyVBOWNoYXJnZXIlMjBsJTVDJTI3aW1hZ2UlMjBwb3VyJTIwbGUlMjBtb21lbnQuJTIwUiVDMyVBOWVzc2F5ZXolMjBwbHVzJTIwdGFyZC4lMjclMjklM0IlMEQlMEElMjAlMjAlMjAlMjAlN0QlMjklM0IlMEQlMEElN0QlMEQlMEElM0MlMkZzY3JpcHQlM0UlMEQlMEE=[\/vc_raw_html][\/vc_column][\/vc_row]\n<\/div><span class=\"et_bloom_bottom_trigger\"><\/span>","protected":false},"excerpt":{"rendered":"<p>[vc_row][vc_column][vc_column_text css=\u00a0\u00bb.vc_custom_1760971720306{margin-bottom: 0px !important;}\u00a0\u00bb] Toutou d\u00e9tective &#8211; Les 15 Mondes de Lucy (Le H\u00e9ros de la B.D, c&rsquo;est toi !) [\/vc_column_text][vc_column_text css=\u00a0\u00bb.vc_custom_1760971736619{margin-bottom: 0px !important;}\u00a0\u00bb] Si tu n&rsquo;as pas envie d&rsquo;\u00e9crire directement sur le\u00a0Carnet de Guapo\u00a0ou la\u00a0Page 10, tu peux\u00a0t\u00e9l\u00e9charger ce fichier et l&rsquo;imprimer\u00a0pour\u00a0\u00e9crire,\u00a0gribouiller\u00a0et\u00a0effacer\u00a0autant de fois que tu le souhaites. Ton Livre restera immacul\u00e9. [\/vc_column_text][\/vc_column][\/vc_row][vc_row][vc_column][vc_separator css=\u00a0\u00bb\u00a0\u00bb][\/vc_column][\/vc_row][vc_row][vc_column][vc_raw_html [&hellip;]<\/p>\n","protected":false},"author":1147,"featured_media":0,"parent":0,"menu_order":0,"comment_status":"closed","ping_status":"closed","template":"","meta":{"_acf_changed":false,"footnotes":""},"categories":[],"tags":[],"class_list":["post-45190","page","type-page","status-publish","hentry"],"acf":[],"yoast_head":"<!-- This site is optimized with the Yoast SEO plugin v27.3 - https:\/\/yoast.com\/product\/yoast-seo-wordpress\/ -->\n<title>TouTou Detective 3 - Contenu \u00e0 T\u00e9l\u00e9charger - Don&#039;t Panic Games<\/title>\n<meta name=\"robots\" content=\"index, follow, max-snippet:-1, max-image-preview:large, max-video-preview:-1\" \/>\n<link rel=\"canonical\" href=\"https:\/\/www.dontpanicgames.com\/fr\/toutou-detective-3-contenu-a-telecharger\/\" \/>\n<meta property=\"og:locale\" content=\"fr_FR\" \/>\n<meta property=\"og:type\" content=\"article\" \/>\n<meta property=\"og:title\" content=\"TouTou Detective 3 - Contenu \u00e0 T\u00e9l\u00e9charger - Don&#039;t Panic Games\" \/>\n<meta property=\"og:description\" content=\"[vc_row][vc_column][vc_column_text css=\u00a0\u00bb.vc_custom_1760971720306{margin-bottom: 0px !important;}\u00a0\u00bb] Toutou d\u00e9tective &#8211; Les 15 Mondes de Lucy (Le H\u00e9ros de la B.D, c&rsquo;est toi !) [\/vc_column_text][vc_column_text css=\u00a0\u00bb.vc_custom_1760971736619{margin-bottom: 0px !important;}\u00a0\u00bb] Si tu n&rsquo;as pas envie d&rsquo;\u00e9crire directement sur le\u00a0Carnet de Guapo\u00a0ou la\u00a0Page 10, tu peux\u00a0t\u00e9l\u00e9charger ce fichier et l&rsquo;imprimer\u00a0pour\u00a0\u00e9crire,\u00a0gribouiller\u00a0et\u00a0effacer\u00a0autant de fois que tu le souhaites. Ton Livre restera immacul\u00e9. [\/vc_column_text][\/vc_column][\/vc_row][vc_row][vc_column][vc_separator css=\u00a0\u00bb\u00a0\u00bb][\/vc_column][\/vc_row][vc_row][vc_column][vc_raw_html [&hellip;]\" \/>\n<meta property=\"og:url\" content=\"https:\/\/www.dontpanicgames.com\/fr\/toutou-detective-3-contenu-a-telecharger\/\" \/>\n<meta property=\"og:site_name\" content=\"Don&#039;t Panic Games\" \/>\n<meta property=\"article:publisher\" content=\"https:\/\/www.facebook.com\/dontpanicgames\/\" \/>\n<meta property=\"og:image\" content=\"https:\/\/www.dontpanicgames.com\/wp-content\/uploads\/2017\/01\/logo-dpg.png\" \/>\n\t<meta property=\"og:image:width\" content=\"180\" \/>\n\t<meta property=\"og:image:height\" content=\"180\" \/>\n\t<meta property=\"og:image:type\" content=\"image\/png\" \/>\n<meta name=\"twitter:card\" content=\"summary_large_image\" \/>\n<meta name=\"twitter:site\" content=\"@DontPanicGames1\" \/>\n<meta name=\"twitter:label1\" content=\"Dur\u00e9e de lecture estim\u00e9e\" \/>\n\t<meta name=\"twitter:data1\" content=\"1 minute\" \/>\n<script type=\"application\/ld+json\" class=\"yoast-schema-graph\">{\"@context\":\"https:\\\/\\\/schema.org\",\"@graph\":[{\"@type\":\"WebPage\",\"@id\":\"https:\\\/\\\/www.dontpanicgames.com\\\/fr\\\/toutou-detective-3-contenu-a-telecharger\\\/\",\"url\":\"https:\\\/\\\/www.dontpanicgames.com\\\/fr\\\/toutou-detective-3-contenu-a-telecharger\\\/\",\"name\":\"TouTou Detective 3 - Contenu \u00e0 T\u00e9l\u00e9charger - Don&#039;t Panic Games\",\"isPartOf\":{\"@id\":\"https:\\\/\\\/www.dontpanicgames.com\\\/fr\\\/#website\"},\"datePublished\":\"2025-10-20T14:59:02+00:00\",\"breadcrumb\":{\"@id\":\"https:\\\/\\\/www.dontpanicgames.com\\\/fr\\\/toutou-detective-3-contenu-a-telecharger\\\/#breadcrumb\"},\"inLanguage\":\"fr-FR\",\"potentialAction\":[{\"@type\":\"ReadAction\",\"target\":[\"https:\\\/\\\/www.dontpanicgames.com\\\/fr\\\/toutou-detective-3-contenu-a-telecharger\\\/\"]}]},{\"@type\":\"BreadcrumbList\",\"@id\":\"https:\\\/\\\/www.dontpanicgames.com\\\/fr\\\/toutou-detective-3-contenu-a-telecharger\\\/#breadcrumb\",\"itemListElement\":[{\"@type\":\"ListItem\",\"position\":1,\"name\":\"Accueil\",\"item\":\"https:\\\/\\\/www.dontpanicgames.com\\\/fr\\\/\"},{\"@type\":\"ListItem\",\"position\":2,\"name\":\"TouTou Detective 3 &#8211; Contenu \u00e0 T\u00e9l\u00e9charger\"}]},{\"@type\":\"WebSite\",\"@id\":\"https:\\\/\\\/www.dontpanicgames.com\\\/fr\\\/#website\",\"url\":\"https:\\\/\\\/www.dontpanicgames.com\\\/fr\\\/\",\"name\":\"Don't Panic Games\",\"description\":\"Don&#039;t Panic Games.com website\",\"potentialAction\":[{\"@type\":\"SearchAction\",\"target\":{\"@type\":\"EntryPoint\",\"urlTemplate\":\"https:\\\/\\\/www.dontpanicgames.com\\\/fr\\\/?s={search_term_string}\"},\"query-input\":{\"@type\":\"PropertyValueSpecification\",\"valueRequired\":true,\"valueName\":\"search_term_string\"}}],\"inLanguage\":\"fr-FR\"}]}<\/script>\n<!-- \/ Yoast SEO plugin. -->","yoast_head_json":{"title":"TouTou Detective 3 - Contenu \u00e0 T\u00e9l\u00e9charger - Don&#039;t Panic Games","robots":{"index":"index","follow":"follow","max-snippet":"max-snippet:-1","max-image-preview":"max-image-preview:large","max-video-preview":"max-video-preview:-1"},"canonical":"https:\/\/www.dontpanicgames.com\/fr\/toutou-detective-3-contenu-a-telecharger\/","og_locale":"fr_FR","og_type":"article","og_title":"TouTou Detective 3 - Contenu \u00e0 T\u00e9l\u00e9charger - Don&#039;t Panic Games","og_description":"[vc_row][vc_column][vc_column_text css=\u00a0\u00bb.vc_custom_1760971720306{margin-bottom: 0px !important;}\u00a0\u00bb] Toutou d\u00e9tective &#8211; Les 15 Mondes de Lucy (Le H\u00e9ros de la B.D, c&rsquo;est toi !) [\/vc_column_text][vc_column_text css=\u00a0\u00bb.vc_custom_1760971736619{margin-bottom: 0px !important;}\u00a0\u00bb] Si tu n&rsquo;as pas envie d&rsquo;\u00e9crire directement sur le\u00a0Carnet de Guapo\u00a0ou la\u00a0Page 10, tu peux\u00a0t\u00e9l\u00e9charger ce fichier et l&rsquo;imprimer\u00a0pour\u00a0\u00e9crire,\u00a0gribouiller\u00a0et\u00a0effacer\u00a0autant de fois que tu le souhaites. Ton Livre restera immacul\u00e9. [\/vc_column_text][\/vc_column][\/vc_row][vc_row][vc_column][vc_separator css=\u00a0\u00bb\u00a0\u00bb][\/vc_column][\/vc_row][vc_row][vc_column][vc_raw_html [&hellip;]","og_url":"https:\/\/www.dontpanicgames.com\/fr\/toutou-detective-3-contenu-a-telecharger\/","og_site_name":"Don&#039;t Panic Games","article_publisher":"https:\/\/www.facebook.com\/dontpanicgames\/","og_image":[{"width":180,"height":180,"url":"https:\/\/www.dontpanicgames.com\/wp-content\/uploads\/2017\/01\/logo-dpg.png","type":"image\/png"}],"twitter_card":"summary_large_image","twitter_site":"@DontPanicGames1","twitter_misc":{"Dur\u00e9e de lecture estim\u00e9e":"1 minute"},"schema":{"@context":"https:\/\/schema.org","@graph":[{"@type":"WebPage","@id":"https:\/\/www.dontpanicgames.com\/fr\/toutou-detective-3-contenu-a-telecharger\/","url":"https:\/\/www.dontpanicgames.com\/fr\/toutou-detective-3-contenu-a-telecharger\/","name":"TouTou Detective 3 - Contenu \u00e0 T\u00e9l\u00e9charger - Don&#039;t Panic Games","isPartOf":{"@id":"https:\/\/www.dontpanicgames.com\/fr\/#website"},"datePublished":"2025-10-20T14:59:02+00:00","breadcrumb":{"@id":"https:\/\/www.dontpanicgames.com\/fr\/toutou-detective-3-contenu-a-telecharger\/#breadcrumb"},"inLanguage":"fr-FR","potentialAction":[{"@type":"ReadAction","target":["https:\/\/www.dontpanicgames.com\/fr\/toutou-detective-3-contenu-a-telecharger\/"]}]},{"@type":"BreadcrumbList","@id":"https:\/\/www.dontpanicgames.com\/fr\/toutou-detective-3-contenu-a-telecharger\/#breadcrumb","itemListElement":[{"@type":"ListItem","position":1,"name":"Accueil","item":"https:\/\/www.dontpanicgames.com\/fr\/"},{"@type":"ListItem","position":2,"name":"TouTou Detective 3 &#8211; Contenu \u00e0 T\u00e9l\u00e9charger"}]},{"@type":"WebSite","@id":"https:\/\/www.dontpanicgames.com\/fr\/#website","url":"https:\/\/www.dontpanicgames.com\/fr\/","name":"Don't Panic Games","description":"Don&#039;t Panic Games.com website","potentialAction":[{"@type":"SearchAction","target":{"@type":"EntryPoint","urlTemplate":"https:\/\/www.dontpanicgames.com\/fr\/?s={search_term_string}"},"query-input":{"@type":"PropertyValueSpecification","valueRequired":true,"valueName":"search_term_string"}}],"inLanguage":"fr-FR"}]}},"_links":{"self":[{"href":"https:\/\/www.dontpanicgames.com\/fr\/wp-json\/wp\/v2\/pages\/45190","targetHints":{"allow":["GET"]}}],"collection":[{"href":"https:\/\/www.dontpanicgames.com\/fr\/wp-json\/wp\/v2\/pages"}],"about":[{"href":"https:\/\/www.dontpanicgames.com\/fr\/wp-json\/wp\/v2\/types\/page"}],"author":[{"embeddable":true,"href":"https:\/\/www.dontpanicgames.com\/fr\/wp-json\/wp\/v2\/users\/1147"}],"replies":[{"embeddable":true,"href":"https:\/\/www.dontpanicgames.com\/fr\/wp-json\/wp\/v2\/comments?post=45190"}],"version-history":[{"count":0,"href":"https:\/\/www.dontpanicgames.com\/fr\/wp-json\/wp\/v2\/pages\/45190\/revisions"}],"wp:attachment":[{"href":"https:\/\/www.dontpanicgames.com\/fr\/wp-json\/wp\/v2\/media?parent=45190"}],"wp:term":[{"taxonomy":"category","embeddable":true,"href":"https:\/\/www.dontpanicgames.com\/fr\/wp-json\/wp\/v2\/categories?post=45190"},{"taxonomy":"post_tag","embeddable":true,"href":"https:\/\/www.dontpanicgames.com\/fr\/wp-json\/wp\/v2\/tags?post=45190"}],"curies":[{"name":"wp","href":"https:\/\/api.w.org\/{rel}","templated":true}]}}