{"id":45092,"date":"2025-10-15T16:18:19","date_gmt":"2025-10-15T15:18:19","guid":{"rendered":"https:\/\/www.dontpanicgames.com\/?page_id=45092"},"modified":"2025-10-20T15:57:21","modified_gmt":"2025-10-20T14:57:21","slug":"ghost-in-the-shell-standalone","status":"publish","type":"page","link":"https:\/\/www.dontpanicgames.com\/fr\/ghost-in-the-shell-standalone\/","title":{"rendered":"Ghost In The Shell &#8211; Stand Alone Complex"},"content":{"rendered":"<div class=\"wpb-content-wrapper\">[vc_row][vc_column width=\u00a0\u00bb1\/2&Prime;][mk_image src=\u00a0\u00bbhttps:\/\/www.dontpanicgames.com\/wp-content\/uploads\/2025\/10\/ghost-in-the-shell-stand-alone-landing-page.jpg\u00a0\u00bb image_size=\u00a0\u00bbImage Size 500&#215;500&Prime;][\/vc_column][vc_column width=\u00a0\u00bb1\/2&Prime;][vc_separator color=\u00a0\u00bbwhite\u00a0\u00bb css=\u00a0\u00bb\u00a0\u00bb][vc_separator color=\u00a0\u00bbwhite\u00a0\u00bb css=\u00a0\u00bb\u00a0\u00bb][vc_separator color=\u00a0\u00bbwhite\u00a0\u00bb css=\u00a0\u00bb\u00a0\u00bb][vc_separator color=\u00a0\u00bbwhite\u00a0\u00bb css=\u00a0\u00bb\u00a0\u00bb][vc_column_text css=\u00a0\u00bb.vc_custom_1760605554478{margin-bottom: 0px !important;}\u00a0\u00bb]\n<h1 style=\"text-align: center;\">Ghost In The Shell &#8211; Stand Alone Complex<\/h1>\n[\/vc_column_text][vc_column_text css=\u00a0\u00bb.vc_custom_1760605581527{margin-bottom: 0px !important;}\u00a0\u00bb]\n<p style=\"text-align: center;\">Rejoignez la Section 9 ! <strong>Inscrivez-vous<\/strong> pour recevoir toutes les infos sur Ghost in the Shell: Stand Alone Complex \u2013 le jeu de soci\u00e9t\u00e9.<\/p>\n<p style=\"text-align: center;\">Join Section 9! <strong>Sign up<\/strong> to get all the latest updates on Ghost in the Shell: Stand Alone Complex \u2013 The Board Game.<\/p>\n<p>&nbsp;<\/p>\n[\/vc_column_text][\/vc_column][\/vc_row][vc_row][vc_column][vc_separator color=\u00a0\u00bbwhite\u00a0\u00bb css=\u00a0\u00bb\u00a0\u00bb][\/vc_column][\/vc_row][vc_row][vc_column][vc_raw_html css=\u00a0\u00bb\u00a0\u00bb]JTNDZGl2JTIwc3R5bGUlM0QlMjJtYXgtd2lkdGglM0ElMjA4MDBweCUzQiUyMG1hcmdpbiUzQSUyMDAlMjBhdXRvJTNCJTIwcGFkZGluZyUzQSUyMDQwcHglM0IlMjBiYWNrZ3JvdW5kLWNvbG9yJTNBJTIwJTIzZjVmNWY4JTNCJTIwZm9udC1mYW1pbHklM0ElMjBBcmlhbCUyQyUyMHNhbnMtc2VyaWYlM0IlMjIlM0UlMEQlMEElMjAlMjAlM0NoMiUyMHN0eWxlJTNEJTIydGV4dC1hbGlnbiUzQSUyMGNlbnRlciUzQiUyMGZvbnQtc2l6ZSUzQSUyMDI4cHglM0IlMjBtYXJnaW4tYm90dG9tJTNBJTIwMzBweCUzQiUyMiUzRSUwRCUwQSUyMCUyMCUyMCUyMFBsZWFzZSUyMGtlZXAlMjBtZSUyMHBvc3RlZCUzQ2JyJTNFSmUlMjByZXN0ZSUyMHRlbnUlMjBpbmZvcm0lQzMlQTklMjBkZXMlMjBhY3R1YWxpdCVDMyVBOXMlMEQlMEElMjAlMjAlM0MlMkZoMiUzRSUwRCUwQSUwRCUwQSUyMCUyMCUzQ2Zvcm0lMjBtZXRob2QlM0QlMjJwb3N0JTIyJTIwYWN0aW9uJTNEJTIyaHR0cHMlM0ElMkYlMkZzY3JpcHQuZ29vZ2xlLmNvbSUyRm1hY3JvcyUyRnMlMkZBS2Z5Y2J4bXFCbktFU1E1QUZ0aFZkRFB1eVUxTllWbmFNM0gwaFRBemY1dU5TaVVCZFMxYk0wa1BJeV83NTFORXo5NU9tZl9pUSUyRmV4ZWMlMjIlMjBzdHlsZSUzRCUyMmRpc3BsYXklM0ElMjBmbGV4JTNCJTIwZmxleC1kaXJlY3Rpb24lM0ElMjBjb2x1bW4lM0IlMjBnYXAlM0ElMjAxNXB4JTNCJTIyJTNFJTBEJTBBJTIwJTIwJTIwJTIwJTNDZGl2JTIwc3R5bGUlM0QlMjJkaXNwbGF5JTNBJTIwZmxleCUzQiUyMGdhcCUzQSUyMDEwcHglM0IlMjIlM0UlMEQlMEElMjAlMjAlMjAlMjAlMjAlMjAlM0NpbnB1dCUyMHR5cGUlM0QlMjJ0ZXh0JTIyJTIwbmFtZSUzRCUyMnByZW5vbSUyMiUyMHBsYWNlaG9sZGVyJTNEJTIyRmlyc3QlMjBuYW1lJTIwJTJGJTIwUHIlQzMlQTlub20lMjIlMjByZXF1aXJlZCUyMHN0eWxlJTNEJTIyZmxleCUzQSUyMDElM0IlMjBwYWRkaW5nJTNBJTIwMTBweCUzQiUyMGJvcmRlciUzQSUyMDFweCUyMHNvbGlkJTIwJTIzY2NjJTNCJTIwYm9yZGVyLXJhZGl1cyUzQSUyMDRweCUzQiUyMiUzRSUwRCUwQSUyMCUyMCUyMCUyMCUyMCUyMCUzQ2lucHV0JTIwdHlwZSUzRCUyMnRleHQlMjIlMjBuYW1lJTNEJTIybm9tJTIyJTIwcGxhY2Vob2xkZXIlM0QlMjJOYW1lJTIwJTJGJTIwTm9tJTIyJTIwcmVxdWlyZWQlMjBzdHlsZSUzRCUyMmZsZXglM0ElMjAxJTNCJTIwcGFkZGluZyUzQSUyMDEwcHglM0IlMjBib3JkZXIlM0ElMjAxcHglMjBzb2xpZCUyMCUyM2NjYyUzQiUyMGJvcmRlci1yYWRpdXMlM0ElMjA0cHglM0IlMjIlM0UlMEQlMEElMjAlMjAlMjAlMjAlM0MlMkZkaXYlM0UlMEQlMEElMEQlMEElMjAlMjAlMjAlMjAlM0NpbnB1dCUyMHR5cGUlM0QlMjJlbWFpbCUyMiUyMG5hbWUlM0QlMjJlbWFpbCUyMiUyMHBsYWNlaG9sZGVyJTNEJTIyRS1tYWlsJTIyJTIwcmVxdWlyZWQlMjBzdHlsZSUzRCUyMndpZHRoJTNBJTIwMTAwJTI1JTNCJTIwcGFkZGluZyUzQSUyMDEwcHglM0IlMjBib3JkZXIlM0ElMjAxcHglMjBzb2xpZCUyMCUyM2NjYyUzQiUyMGJvcmRlci1yYWRpdXMlM0ElMjA0cHglM0IlMjIlM0UlMEQlMEElMEQlMEElMjAlMjAlMjAlMjAlM0NidXR0b24lMjB0eXBlJTNEJTIyc3VibWl0JTIyJTIwc3R5bGUlM0QlMjJiYWNrZ3JvdW5kLWNvbG9yJTNBJTIwJTIzOTgxNDBhJTNCJTIwY29sb3IlM0ElMjAlMjNmZmYlM0IlMjBwYWRkaW5nJTNBJTIwMTRweCUzQiUyMGJvcmRlciUzQSUyMG5vbmUlM0IlMjBib3JkZXItcmFkaXVzJTNBJTIwNHB4JTNCJTIwZm9udC1zaXplJTNBJTIwMTZweCUzQiUyMGN1cnNvciUzQSUyMHBvaW50ZXIlM0IlMjIlM0UlMEQlMEElMjAlMjAlMjAlMjAlMjAlMjBTdWJzY3JpYmUlMjAlMkYlMjBTJUUyJTgwJTk5aW5zY3JpcmUlMEQlMEElMjAlMjAlMjAlMjAlM0MlMkZidXR0b24lM0UlMEQlMEElMjAlMjAlM0MlMkZmb3JtJTNFJTBEJTBBJTNDJTJGZGl2JTNF[\/vc_raw_html][\/vc_column][\/vc_row]\n<\/div><span class=\"et_bloom_bottom_trigger\"><\/span>","protected":false},"excerpt":{"rendered":"<p>[vc_row][vc_column width=\u00a0\u00bb1\/2&Prime;][mk_image src=\u00a0\u00bbhttps:\/\/www.dontpanicgames.com\/wp-content\/uploads\/2025\/10\/ghost-in-the-shell-stand-alone-landing-page.jpg\u00a0\u00bb image_size=\u00a0\u00bbImage Size 500&#215;500&Prime;][\/vc_column][vc_column width=\u00a0\u00bb1\/2&Prime;][vc_separator color=\u00a0\u00bbwhite\u00a0\u00bb css=\u00a0\u00bb\u00a0\u00bb][vc_separator color=\u00a0\u00bbwhite\u00a0\u00bb css=\u00a0\u00bb\u00a0\u00bb][vc_separator color=\u00a0\u00bbwhite\u00a0\u00bb css=\u00a0\u00bb\u00a0\u00bb][vc_separator color=\u00a0\u00bbwhite\u00a0\u00bb css=\u00a0\u00bb\u00a0\u00bb][vc_column_text css=\u00a0\u00bb.vc_custom_1760605554478{margin-bottom: 0px !important;}\u00a0\u00bb] Ghost In The Shell &#8211; Stand Alone Complex [\/vc_column_text][vc_column_text css=\u00a0\u00bb.vc_custom_1760605581527{margin-bottom: 0px !important;}\u00a0\u00bb] Rejoignez la Section 9 ! Inscrivez-vous pour recevoir toutes les infos sur Ghost in the Shell: Stand Alone Complex \u2013 le jeu de soci\u00e9t\u00e9. Join [&hellip;]<\/p>\n","protected":false},"author":1147,"featured_media":45095,"parent":0,"menu_order":0,"comment_status":"closed","ping_status":"closed","template":"","meta":{"_acf_changed":false,"footnotes":""},"categories":[],"tags":[],"class_list":["post-45092","page","type-page","status-publish","has-post-thumbnail","hentry"],"acf":[],"yoast_head":"<!-- This site is optimized with the Yoast SEO plugin v27.5 - https:\/\/yoast.com\/product\/yoast-seo-wordpress\/ -->\n<title>Ghost In The Shell - Stand Alone Complex - Jeu de soci\u00e9t\u00e9<\/title>\n<meta name=\"description\" content=\"Inscris-toi, pour recevoir les actualit\u00e9s li\u00e9es au jeu de soci\u00e9t\u00e9 Ghost In The Shell. Le Stand Alone Complex \u00e9dit\u00e9 par Don&#039;t Panic Games !\" \/>\n<meta name=\"robots\" content=\"index, follow, max-snippet:-1, max-image-preview:large, max-video-preview:-1\" \/>\n<link rel=\"canonical\" href=\"https:\/\/www.dontpanicgames.com\/fr\/ghost-in-the-shell-standalone\/\" \/>\n<meta property=\"og:locale\" content=\"fr_FR\" \/>\n<meta property=\"og:type\" content=\"article\" \/>\n<meta property=\"og:title\" content=\"Ghost In The Shell - Stand Alone Complex - Jeu de soci\u00e9t\u00e9\" \/>\n<meta property=\"og:description\" content=\"Inscris-toi, pour recevoir les actualit\u00e9s li\u00e9es au jeu de soci\u00e9t\u00e9 Ghost In The Shell. Le Stand Alone Complex \u00e9dit\u00e9 par Don&#039;t Panic Games !\" \/>\n<meta property=\"og:url\" content=\"https:\/\/www.dontpanicgames.com\/fr\/ghost-in-the-shell-standalone\/\" \/>\n<meta property=\"og:site_name\" content=\"Don&#039;t Panic Games\" \/>\n<meta property=\"article:publisher\" content=\"https:\/\/www.facebook.com\/dontpanicgames\/\" \/>\n<meta property=\"article:modified_time\" content=\"2025-10-20T14:57:21+00:00\" \/>\n<meta property=\"og:image\" content=\"https:\/\/www.dontpanicgames.com\/wp-content\/uploads\/2025\/10\/ghost-in-the-shell-stand-alone-landing-page.jpg\" \/>\n\t<meta property=\"og:image:width\" content=\"2000\" \/>\n\t<meta property=\"og:image:height\" content=\"1998\" \/>\n\t<meta property=\"og:image:type\" content=\"image\/jpeg\" \/>\n<meta name=\"twitter:card\" content=\"summary_large_image\" \/>\n<meta name=\"twitter:site\" content=\"@DontPanicGames1\" \/>\n<meta name=\"twitter:label1\" content=\"Dur\u00e9e de lecture estim\u00e9e\" \/>\n\t<meta name=\"twitter:data1\" content=\"1 minute\" \/>\n<script type=\"application\/ld+json\" class=\"yoast-schema-graph\">{\"@context\":\"https:\\\/\\\/schema.org\",\"@graph\":[{\"@type\":\"WebPage\",\"@id\":\"https:\\\/\\\/www.dontpanicgames.com\\\/fr\\\/ghost-in-the-shell-standalone\\\/\",\"url\":\"https:\\\/\\\/www.dontpanicgames.com\\\/fr\\\/ghost-in-the-shell-standalone\\\/\",\"name\":\"Ghost In The Shell - Stand Alone Complex - Jeu de soci\u00e9t\u00e9\",\"isPartOf\":{\"@id\":\"https:\\\/\\\/www.dontpanicgames.com\\\/fr\\\/#website\"},\"primaryImageOfPage\":{\"@id\":\"https:\\\/\\\/www.dontpanicgames.com\\\/fr\\\/ghost-in-the-shell-standalone\\\/#primaryimage\"},\"image\":{\"@id\":\"https:\\\/\\\/www.dontpanicgames.com\\\/fr\\\/ghost-in-the-shell-standalone\\\/#primaryimage\"},\"thumbnailUrl\":\"https:\\\/\\\/www.dontpanicgames.com\\\/wp-content\\\/uploads\\\/2025\\\/10\\\/ghost-in-the-shell-stand-alone-landing-page.jpg\",\"datePublished\":\"2025-10-15T15:18:19+00:00\",\"dateModified\":\"2025-10-20T14:57:21+00:00\",\"description\":\"Inscris-toi, pour recevoir les actualit\u00e9s li\u00e9es au jeu de soci\u00e9t\u00e9 Ghost In The Shell. Le Stand Alone Complex \u00e9dit\u00e9 par Don't Panic Games !\",\"breadcrumb\":{\"@id\":\"https:\\\/\\\/www.dontpanicgames.com\\\/fr\\\/ghost-in-the-shell-standalone\\\/#breadcrumb\"},\"inLanguage\":\"fr-FR\",\"potentialAction\":[{\"@type\":\"ReadAction\",\"target\":[\"https:\\\/\\\/www.dontpanicgames.com\\\/fr\\\/ghost-in-the-shell-standalone\\\/\"]}]},{\"@type\":\"ImageObject\",\"inLanguage\":\"fr-FR\",\"@id\":\"https:\\\/\\\/www.dontpanicgames.com\\\/fr\\\/ghost-in-the-shell-standalone\\\/#primaryimage\",\"url\":\"https:\\\/\\\/www.dontpanicgames.com\\\/wp-content\\\/uploads\\\/2025\\\/10\\\/ghost-in-the-shell-stand-alone-landing-page.jpg\",\"contentUrl\":\"https:\\\/\\\/www.dontpanicgames.com\\\/wp-content\\\/uploads\\\/2025\\\/10\\\/ghost-in-the-shell-stand-alone-landing-page.jpg\",\"width\":2000,\"height\":1998,\"caption\":\"Jeu de soci\u00e9t\u00e9, standalone de la licence Ghost In The Shell\"},{\"@type\":\"BreadcrumbList\",\"@id\":\"https:\\\/\\\/www.dontpanicgames.com\\\/fr\\\/ghost-in-the-shell-standalone\\\/#breadcrumb\",\"itemListElement\":[{\"@type\":\"ListItem\",\"position\":1,\"name\":\"Accueil\",\"item\":\"https:\\\/\\\/www.dontpanicgames.com\\\/fr\\\/\"},{\"@type\":\"ListItem\",\"position\":2,\"name\":\"Ghost In The Shell &#8211; Stand Alone Complex\"}]},{\"@type\":\"WebSite\",\"@id\":\"https:\\\/\\\/www.dontpanicgames.com\\\/fr\\\/#website\",\"url\":\"https:\\\/\\\/www.dontpanicgames.com\\\/fr\\\/\",\"name\":\"Don't Panic Games\",\"description\":\"Don&#039;t Panic Games.com website\",\"potentialAction\":[{\"@type\":\"SearchAction\",\"target\":{\"@type\":\"EntryPoint\",\"urlTemplate\":\"https:\\\/\\\/www.dontpanicgames.com\\\/fr\\\/?s={search_term_string}\"},\"query-input\":{\"@type\":\"PropertyValueSpecification\",\"valueRequired\":true,\"valueName\":\"search_term_string\"}}],\"inLanguage\":\"fr-FR\"}]}<\/script>\n<!-- \/ Yoast SEO plugin. -->","yoast_head_json":{"title":"Ghost In The Shell - Stand Alone Complex - Jeu de soci\u00e9t\u00e9","description":"Inscris-toi, pour recevoir les actualit\u00e9s li\u00e9es au jeu de soci\u00e9t\u00e9 Ghost In The Shell. Le Stand Alone Complex \u00e9dit\u00e9 par Don't Panic Games !","robots":{"index":"index","follow":"follow","max-snippet":"max-snippet:-1","max-image-preview":"max-image-preview:large","max-video-preview":"max-video-preview:-1"},"canonical":"https:\/\/www.dontpanicgames.com\/fr\/ghost-in-the-shell-standalone\/","og_locale":"fr_FR","og_type":"article","og_title":"Ghost In The Shell - Stand Alone Complex - Jeu de soci\u00e9t\u00e9","og_description":"Inscris-toi, pour recevoir les actualit\u00e9s li\u00e9es au jeu de soci\u00e9t\u00e9 Ghost In The Shell. Le Stand Alone Complex \u00e9dit\u00e9 par Don't Panic Games !","og_url":"https:\/\/www.dontpanicgames.com\/fr\/ghost-in-the-shell-standalone\/","og_site_name":"Don&#039;t Panic Games","article_publisher":"https:\/\/www.facebook.com\/dontpanicgames\/","article_modified_time":"2025-10-20T14:57:21+00:00","og_image":[{"width":2000,"height":1998,"url":"https:\/\/www.dontpanicgames.com\/wp-content\/uploads\/2025\/10\/ghost-in-the-shell-stand-alone-landing-page.jpg","type":"image\/jpeg"}],"twitter_card":"summary_large_image","twitter_site":"@DontPanicGames1","twitter_misc":{"Dur\u00e9e de lecture estim\u00e9e":"1 minute"},"schema":{"@context":"https:\/\/schema.org","@graph":[{"@type":"WebPage","@id":"https:\/\/www.dontpanicgames.com\/fr\/ghost-in-the-shell-standalone\/","url":"https:\/\/www.dontpanicgames.com\/fr\/ghost-in-the-shell-standalone\/","name":"Ghost In The Shell - Stand Alone Complex - Jeu de soci\u00e9t\u00e9","isPartOf":{"@id":"https:\/\/www.dontpanicgames.com\/fr\/#website"},"primaryImageOfPage":{"@id":"https:\/\/www.dontpanicgames.com\/fr\/ghost-in-the-shell-standalone\/#primaryimage"},"image":{"@id":"https:\/\/www.dontpanicgames.com\/fr\/ghost-in-the-shell-standalone\/#primaryimage"},"thumbnailUrl":"https:\/\/www.dontpanicgames.com\/wp-content\/uploads\/2025\/10\/ghost-in-the-shell-stand-alone-landing-page.jpg","datePublished":"2025-10-15T15:18:19+00:00","dateModified":"2025-10-20T14:57:21+00:00","description":"Inscris-toi, pour recevoir les actualit\u00e9s li\u00e9es au jeu de soci\u00e9t\u00e9 Ghost In The Shell. Le Stand Alone Complex \u00e9dit\u00e9 par Don't Panic Games !","breadcrumb":{"@id":"https:\/\/www.dontpanicgames.com\/fr\/ghost-in-the-shell-standalone\/#breadcrumb"},"inLanguage":"fr-FR","potentialAction":[{"@type":"ReadAction","target":["https:\/\/www.dontpanicgames.com\/fr\/ghost-in-the-shell-standalone\/"]}]},{"@type":"ImageObject","inLanguage":"fr-FR","@id":"https:\/\/www.dontpanicgames.com\/fr\/ghost-in-the-shell-standalone\/#primaryimage","url":"https:\/\/www.dontpanicgames.com\/wp-content\/uploads\/2025\/10\/ghost-in-the-shell-stand-alone-landing-page.jpg","contentUrl":"https:\/\/www.dontpanicgames.com\/wp-content\/uploads\/2025\/10\/ghost-in-the-shell-stand-alone-landing-page.jpg","width":2000,"height":1998,"caption":"Jeu de soci\u00e9t\u00e9, standalone de la licence Ghost In The Shell"},{"@type":"BreadcrumbList","@id":"https:\/\/www.dontpanicgames.com\/fr\/ghost-in-the-shell-standalone\/#breadcrumb","itemListElement":[{"@type":"ListItem","position":1,"name":"Accueil","item":"https:\/\/www.dontpanicgames.com\/fr\/"},{"@type":"ListItem","position":2,"name":"Ghost In The Shell &#8211; Stand Alone Complex"}]},{"@type":"WebSite","@id":"https:\/\/www.dontpanicgames.com\/fr\/#website","url":"https:\/\/www.dontpanicgames.com\/fr\/","name":"Don't Panic Games","description":"Don&#039;t Panic Games.com website","potentialAction":[{"@type":"SearchAction","target":{"@type":"EntryPoint","urlTemplate":"https:\/\/www.dontpanicgames.com\/fr\/?s={search_term_string}"},"query-input":{"@type":"PropertyValueSpecification","valueRequired":true,"valueName":"search_term_string"}}],"inLanguage":"fr-FR"}]}},"_links":{"self":[{"href":"https:\/\/www.dontpanicgames.com\/fr\/wp-json\/wp\/v2\/pages\/45092","targetHints":{"allow":["GET"]}}],"collection":[{"href":"https:\/\/www.dontpanicgames.com\/fr\/wp-json\/wp\/v2\/pages"}],"about":[{"href":"https:\/\/www.dontpanicgames.com\/fr\/wp-json\/wp\/v2\/types\/page"}],"author":[{"embeddable":true,"href":"https:\/\/www.dontpanicgames.com\/fr\/wp-json\/wp\/v2\/users\/1147"}],"replies":[{"embeddable":true,"href":"https:\/\/www.dontpanicgames.com\/fr\/wp-json\/wp\/v2\/comments?post=45092"}],"version-history":[{"count":0,"href":"https:\/\/www.dontpanicgames.com\/fr\/wp-json\/wp\/v2\/pages\/45092\/revisions"}],"wp:featuredmedia":[{"embeddable":true,"href":"https:\/\/www.dontpanicgames.com\/fr\/wp-json\/wp\/v2\/media\/45095"}],"wp:attachment":[{"href":"https:\/\/www.dontpanicgames.com\/fr\/wp-json\/wp\/v2\/media?parent=45092"}],"wp:term":[{"taxonomy":"category","embeddable":true,"href":"https:\/\/www.dontpanicgames.com\/fr\/wp-json\/wp\/v2\/categories?post=45092"},{"taxonomy":"post_tag","embeddable":true,"href":"https:\/\/www.dontpanicgames.com\/fr\/wp-json\/wp\/v2\/tags?post=45092"}],"curies":[{"name":"wp","href":"https:\/\/api.w.org\/{rel}","templated":true}]}}