{"id":41321,"date":"2025-01-07T14:20:57","date_gmt":"2025-01-07T13:20:57","guid":{"rendered":"https:\/\/www.dontpanicgames.com\/?page_id=41321"},"modified":"2025-01-08T17:18:02","modified_gmt":"2025-01-08T16:18:02","slug":"soldes","status":"publish","type":"page","link":"https:\/\/www.dontpanicgames.com\/fr\/soldes\/","title":{"rendered":"Soldes"},"content":{"rendered":"<div class=\"wpb-content-wrapper\">[vc_row fullwidth=\u00a0\u00bbtrue\u00a0\u00bb][vc_column][\/vc_column][\/vc_row][vc_row fullwidth=\u00a0\u00bbtrue\u00a0\u00bb fullwidth_content=\u00a0\u00bbfalse\u00a0\u00bb disable_element=\u00a0\u00bbyes\u00a0\u00bb][vc_column][vc_separator css=\u00a0\u00bb\u00a0\u00bb][\/vc_column][\/vc_row][vc_row][vc_column]<div class=\"woocommerce columns-4 \"><div class=\"mk-product-loop compact-layout grid--float\">\n\t<section class=\"products mk--row js-el\" data-grid-config='{\"item\":\".product\"}' data-mk-component=\"Grid\">\n\n<article class=\"item mk--col mk--col--3-12 product type-product post-23297 status-publish instock product_cat-jeux product_tag-abstrait product_tag-tactique has-post-thumbnail taxable shipping-taxable purchasable product-type-simple\">\n<div class=\"mk-product-holder\">\n\t\t<div class=\"product-loop-thumb\">\n\t\t<a href=\"https:\/\/www.dontpanicgames.com\/fr\/shop\/jeux\/above\/\" class=\"product-link\"><img decoding=\"async\" data-src=\"https:\/\/www.dontpanicgames.com\/wp-content\/uploads\/2020\/01\/above-box-3d-300x300.jpg\" data-mk-image-src-set='{\"default\":\"https:\/\/www.dontpanicgames.com\/wp-content\/uploads\/2020\/01\/above-box-3d-300x300.jpg\",\"2x\":\"https:\/\/www.dontpanicgames.com\/wp-content\/uploads\/2020\/01\/above-box-3d-600x600.jpg\",\"mobile\":\"\",\"responsive\":\"true\"}' class=\"product-loop-image lazyload\" alt=\"Above\" title=\"Above\" itemprop=\"image\" src=\"data:image\/svg+xml;base64,PHN2ZyB3aWR0aD0iMSIgaGVpZ2h0PSIxIiB4bWxucz0iaHR0cDovL3d3dy53My5vcmcvMjAwMC9zdmciPjwvc3ZnPg==\" style=\"--smush-placeholder-width: 300px; --smush-placeholder-aspect-ratio: 300\/300;\" \/><span class=\"product-loading-icon added-cart\"><\/span><\/a>\n\t\t<div class=\"product-item-footer without-rating\">\n\t\t\t\t\t\t<\/a><a rel=\"nofollow\" href=\"\/fr\/wp-json\/wp\/v2\/pages\/41321?add-to-cart=23297\" data-quantity=\"1\" data-product_id=\"23297\" data-product_sku=\"Above\" class=\"product_loop_button product_type_simple add_to_cart_button ajax_add_to_cart\" data-product_id=\"23297\" data-product_sku=\"Above\" aria-label=\"Ajouter au panier\u00a0: &ldquo;Above&rdquo;\" rel=\"nofollow\" data-success_message=\"\u00ab\u00a0Above\u00a0\u00bb a \u00e9t\u00e9 ajout\u00e9 \u00e0 votre panier\" role=\"button\"><svg  class=\"mk-svg-icon\" data-name=\"mk-moon-cart-plus\" data-cacheid=\"icon-69d747ad966f0\" style=\" height:16px; width: 16px; \"  xmlns=\"http:\/\/www.w3.org\/2000\/svg\" viewBox=\"0 0 512 512\"><path d=\"M416 96h-272c-16.138 0-29.751 12.018-31.753 28.031l-28.496 227.969h-51.751c-17.673 0-32 14.327-32 32s14.327 32 32 32h80c16.138 0 29.751-12.017 31.753-28.031l28.496-227.969h219.613l57.369 200.791c4.854 16.993 22.567 26.832 39.56 21.978 16.993-4.855 26.833-22.567 21.978-39.56l-64-224c-3.925-13.737-16.482-23.209-30.769-23.209zm-288-80a48 48 2700 1 0 96 0 48 48 2700 1 0-96 0zm192 0a48 48 2700 1 0 96 0 48 48 2700 1 0-96 0zm64 240h-64v-64h-64v64h-64v64h64v64h64v-64h64z\" transform=\"scale(1 -1) translate(0 -480)\"\/><\/svg><span class=\"product_loop_button_text\">Ajouter au panier<\/a>\t<\/div>\n<\/div>\n\t<a href=\"https:\/\/www.dontpanicgames.com\/fr\/shop\/jeux\/above\/\" class=\"woocommerce-LoopProduct-link woocommerce-loop-product__link\">\n\t\t<div class=\"mk-shop-item-detail\">\n\t\t\t<h3 class=\"product-title\"><a href=\"https:\/\/www.dontpanicgames.com\/fr\/shop\/jeux\/above\/\">Above<\/a><\/h3>\n\t\t\t\n\t<span class=\"price\"><span class=\"woocommerce-Price-amount amount\"><bdi>38.00<span class=\"woocommerce-Price-currencySymbol\">&euro;<\/span><\/bdi><\/span><\/span>\n\n\t\t\t\t\t<\/div>\n<\/div>\n<\/article>\n\n<article class=\"item mk--col mk--col--3-12 product type-product post-31082 status-publish last instock product_cat-jeux product_tag-prise-en-main-immediate has-post-thumbnail taxable shipping-taxable purchasable product-type-simple\">\n<div class=\"mk-product-holder\">\n\t\t<div class=\"product-loop-thumb\">\n\t\t<a href=\"https:\/\/www.dontpanicgames.com\/fr\/shop\/jeux\/fantasy-realms-star-trek-missions\/\" class=\"product-link\"><img decoding=\"async\" data-src=\"https:\/\/www.dontpanicgames.com\/wp-content\/uploads\/2023\/01\/star-trek_shop.jpg\" data-mk-image-src-set='{\"default\":\"https:\/\/www.dontpanicgames.com\/wp-content\/uploads\/2023\/01\/star-trek_shop.jpg\",\"2x\":\"https:\/\/www.dontpanicgames.com\/wp-content\/uploads\/2023\/01\/star-trek_shop.jpg\",\"mobile\":\"\",\"responsive\":\"true\"}' class=\"product-loop-image lazyload\" alt=\"Fantasy Realms &#8211; Star Trek Missions\" title=\"Fantasy Realms &#8211; Star Trek Missions\" itemprop=\"image\" src=\"data:image\/svg+xml;base64,PHN2ZyB3aWR0aD0iMSIgaGVpZ2h0PSIxIiB4bWxucz0iaHR0cDovL3d3dy53My5vcmcvMjAwMC9zdmciPjwvc3ZnPg==\" style=\"--smush-placeholder-width: 300px; --smush-placeholder-aspect-ratio: 300\/300;\" \/><span class=\"product-loading-icon added-cart\"><\/span><\/a>\n\t\t<div class=\"product-item-footer without-rating\">\n\t\t\t\t\t\t<\/a><a rel=\"nofollow\" href=\"\/fr\/wp-json\/wp\/v2\/pages\/41321?add-to-cart=31082\" data-quantity=\"1\" data-product_id=\"31082\" data-product_sku=\"GAME1142\" class=\"product_loop_button product_type_simple add_to_cart_button ajax_add_to_cart\" data-product_id=\"31082\" data-product_sku=\"GAME1142\" aria-label=\"Ajouter au panier\u00a0: &ldquo;Fantasy Realms - Star Trek Missions&rdquo;\" rel=\"nofollow\" data-success_message=\"\u00ab\u00a0Fantasy Realms - Star Trek Missions\u00a0\u00bb a \u00e9t\u00e9 ajout\u00e9 \u00e0 votre panier\" role=\"button\"><svg  class=\"mk-svg-icon\" data-name=\"mk-moon-cart-plus\" data-cacheid=\"icon-69d747ad9836e\" style=\" height:16px; width: 16px; \"  xmlns=\"http:\/\/www.w3.org\/2000\/svg\" viewBox=\"0 0 512 512\"><path d=\"M416 96h-272c-16.138 0-29.751 12.018-31.753 28.031l-28.496 227.969h-51.751c-17.673 0-32 14.327-32 32s14.327 32 32 32h80c16.138 0 29.751-12.017 31.753-28.031l28.496-227.969h219.613l57.369 200.791c4.854 16.993 22.567 26.832 39.56 21.978 16.993-4.855 26.833-22.567 21.978-39.56l-64-224c-3.925-13.737-16.482-23.209-30.769-23.209zm-288-80a48 48 2700 1 0 96 0 48 48 2700 1 0-96 0zm192 0a48 48 2700 1 0 96 0 48 48 2700 1 0-96 0zm64 240h-64v-64h-64v64h-64v64h64v64h64v-64h64z\" transform=\"scale(1 -1) translate(0 -480)\"\/><\/svg><span class=\"product_loop_button_text\">Ajouter au panier<\/a>\t<\/div>\n<\/div>\n\t<a href=\"https:\/\/www.dontpanicgames.com\/fr\/shop\/jeux\/fantasy-realms-star-trek-missions\/\" class=\"woocommerce-LoopProduct-link woocommerce-loop-product__link\">\n\t\t<div class=\"mk-shop-item-detail\">\n\t\t\t<h3 class=\"product-title\"><a href=\"https:\/\/www.dontpanicgames.com\/fr\/shop\/jeux\/fantasy-realms-star-trek-missions\/\">Fantasy Realms &#8211; Star Trek Missions<\/a><\/h3>\n\t\t\t\n\t<span class=\"price\"><span class=\"woocommerce-Price-amount amount\"><bdi>24.90<span class=\"woocommerce-Price-currencySymbol\">&euro;<\/span><\/bdi><\/span><\/span>\n\n\t\t\t\t\t<\/div>\n<\/div>\n<\/article>\n\n<article class=\"item mk--col mk--col--3-12 product type-product post-19629 status-publish instock product_cat-jeux product_cat-soldes-hiver-2026 product_tag-pose-de-tuiles has-post-thumbnail taxable shipping-taxable purchasable product-type-simple\">\n<div class=\"mk-product-holder\">\n\t\t<div class=\"product-loop-thumb\">\n\t\t<a href=\"https:\/\/www.dontpanicgames.com\/fr\/shop\/jeux\/gobi\/\" class=\"product-link\"><img decoding=\"async\" data-src=\"https:\/\/www.dontpanicgames.com\/wp-content\/uploads\/2021\/01\/gobi-box-3d-2-300x300.jpg\" data-mk-image-src-set='{\"default\":\"https:\/\/www.dontpanicgames.com\/wp-content\/uploads\/2021\/01\/gobi-box-3d-2-300x300.jpg\",\"2x\":\"https:\/\/www.dontpanicgames.com\/wp-content\/uploads\/2021\/01\/gobi-box-3d-2-600x600.jpg\",\"mobile\":\"\",\"responsive\":\"true\"}' class=\"product-loop-image lazyload\" alt=\"Gobi\" title=\"Gobi\" itemprop=\"image\" src=\"data:image\/svg+xml;base64,PHN2ZyB3aWR0aD0iMSIgaGVpZ2h0PSIxIiB4bWxucz0iaHR0cDovL3d3dy53My5vcmcvMjAwMC9zdmciPjwvc3ZnPg==\" style=\"--smush-placeholder-width: 300px; --smush-placeholder-aspect-ratio: 300\/300;\" \/><span class=\"product-loading-icon added-cart\"><\/span><\/a>\n\t\t<div class=\"product-item-footer without-rating\">\n\t\t\t\t\t\t<\/a><a rel=\"nofollow\" href=\"\/fr\/wp-json\/wp\/v2\/pages\/41321?add-to-cart=19629\" data-quantity=\"1\" data-product_id=\"19629\" data-product_sku=\"91918\" class=\"product_loop_button product_type_simple add_to_cart_button ajax_add_to_cart\" data-product_id=\"19629\" data-product_sku=\"91918\" aria-label=\"Ajouter au panier\u00a0: &ldquo;Gobi&rdquo;\" rel=\"nofollow\" data-success_message=\"\u00ab\u00a0Gobi\u00a0\u00bb a \u00e9t\u00e9 ajout\u00e9 \u00e0 votre panier\" role=\"button\"><svg  class=\"mk-svg-icon\" data-name=\"mk-moon-cart-plus\" data-cacheid=\"icon-69d747ad99db4\" style=\" height:16px; width: 16px; \"  xmlns=\"http:\/\/www.w3.org\/2000\/svg\" viewBox=\"0 0 512 512\"><path d=\"M416 96h-272c-16.138 0-29.751 12.018-31.753 28.031l-28.496 227.969h-51.751c-17.673 0-32 14.327-32 32s14.327 32 32 32h80c16.138 0 29.751-12.017 31.753-28.031l28.496-227.969h219.613l57.369 200.791c4.854 16.993 22.567 26.832 39.56 21.978 16.993-4.855 26.833-22.567 21.978-39.56l-64-224c-3.925-13.737-16.482-23.209-30.769-23.209zm-288-80a48 48 2700 1 0 96 0 48 48 2700 1 0-96 0zm192 0a48 48 2700 1 0 96 0 48 48 2700 1 0-96 0zm64 240h-64v-64h-64v64h-64v64h64v64h64v-64h64z\" transform=\"scale(1 -1) translate(0 -480)\"\/><\/svg><span class=\"product_loop_button_text\">Ajouter au panier<\/a>\t<\/div>\n<\/div>\n\t<a href=\"https:\/\/www.dontpanicgames.com\/fr\/shop\/jeux\/gobi\/\" class=\"woocommerce-LoopProduct-link woocommerce-loop-product__link\">\n\t\t<div class=\"mk-shop-item-detail\">\n\t\t\t<h3 class=\"product-title\"><a href=\"https:\/\/www.dontpanicgames.com\/fr\/shop\/jeux\/gobi\/\">Gobi<\/a><\/h3>\n\t\t\t\n\t<span class=\"price\"><span class=\"woocommerce-Price-amount amount\"><bdi>28.00<span class=\"woocommerce-Price-currencySymbol\">&euro;<\/span><\/bdi><\/span><\/span>\n\n\t\t\t\t\t<\/div>\n<\/div>\n<\/article>\n\n<article class=\"item mk--col mk--col--3-12 product type-product post-33930 status-publish last instock product_cat-jeux product_tag-encheres product_tag-gestion has-post-thumbnail taxable shipping-taxable purchasable product-type-simple\">\n<div class=\"mk-product-holder\">\n\t\t<div class=\"product-loop-thumb\">\n\t\t<a href=\"https:\/\/www.dontpanicgames.com\/fr\/shop\/jeux\/les-princes-de-florence\/\" class=\"product-link\"><img decoding=\"async\" data-src=\"https:\/\/www.dontpanicgames.com\/wp-content\/uploads\/2023\/08\/lpdf_shop-300x300.jpg\" data-mk-image-src-set='{\"default\":\"https:\/\/www.dontpanicgames.com\/wp-content\/uploads\/2023\/08\/lpdf_shop-300x300.jpg\",\"2x\":\"https:\/\/www.dontpanicgames.com\/wp-content\/uploads\/2023\/08\/lpdf_shop-600x600.jpg\",\"mobile\":\"\",\"responsive\":\"true\"}' class=\"product-loop-image lazyload\" alt=\"Les princes de Florence\" title=\"Les princes de Florence\" itemprop=\"image\" src=\"data:image\/svg+xml;base64,PHN2ZyB3aWR0aD0iMSIgaGVpZ2h0PSIxIiB4bWxucz0iaHR0cDovL3d3dy53My5vcmcvMjAwMC9zdmciPjwvc3ZnPg==\" style=\"--smush-placeholder-width: 300px; --smush-placeholder-aspect-ratio: 300\/300;\" \/><span class=\"product-loading-icon added-cart\"><\/span><\/a>\n\t\t<div class=\"product-item-footer without-rating\">\n\t\t\t\t\t\t<\/a><a rel=\"nofollow\" href=\"\/fr\/wp-json\/wp\/v2\/pages\/41321?add-to-cart=33930\" data-quantity=\"1\" data-product_id=\"33930\" data-product_sku=\"GAME1156\" class=\"product_loop_button product_type_simple add_to_cart_button ajax_add_to_cart\" data-product_id=\"33930\" data-product_sku=\"GAME1156\" aria-label=\"Ajouter au panier\u00a0: &ldquo;Les princes de Florence&rdquo;\" rel=\"nofollow\" data-success_message=\"\u00ab\u00a0Les princes de Florence\u00a0\u00bb a \u00e9t\u00e9 ajout\u00e9 \u00e0 votre panier\" role=\"button\"><svg  class=\"mk-svg-icon\" data-name=\"mk-moon-cart-plus\" data-cacheid=\"icon-69d747ad9b6c1\" style=\" height:16px; width: 16px; \"  xmlns=\"http:\/\/www.w3.org\/2000\/svg\" viewBox=\"0 0 512 512\"><path d=\"M416 96h-272c-16.138 0-29.751 12.018-31.753 28.031l-28.496 227.969h-51.751c-17.673 0-32 14.327-32 32s14.327 32 32 32h80c16.138 0 29.751-12.017 31.753-28.031l28.496-227.969h219.613l57.369 200.791c4.854 16.993 22.567 26.832 39.56 21.978 16.993-4.855 26.833-22.567 21.978-39.56l-64-224c-3.925-13.737-16.482-23.209-30.769-23.209zm-288-80a48 48 2700 1 0 96 0 48 48 2700 1 0-96 0zm192 0a48 48 2700 1 0 96 0 48 48 2700 1 0-96 0zm64 240h-64v-64h-64v64h-64v64h64v64h64v-64h64z\" transform=\"scale(1 -1) translate(0 -480)\"\/><\/svg><span class=\"product_loop_button_text\">Ajouter au panier<\/a>\t<\/div>\n<\/div>\n\t<a href=\"https:\/\/www.dontpanicgames.com\/fr\/shop\/jeux\/les-princes-de-florence\/\" class=\"woocommerce-LoopProduct-link woocommerce-loop-product__link\">\n\t\t<div class=\"mk-shop-item-detail\">\n\t\t\t<h3 class=\"product-title\"><a href=\"https:\/\/www.dontpanicgames.com\/fr\/shop\/jeux\/les-princes-de-florence\/\">Les princes de Florence<\/a><\/h3>\n\t\t\t\n\t<span class=\"price\"><span class=\"woocommerce-Price-amount amount\"><bdi>45.00<span class=\"woocommerce-Price-currencySymbol\">&euro;<\/span><\/bdi><\/span><\/span>\n\n\t\t\t\t\t<\/div>\n<\/div>\n<\/article>\n\t<\/section>\n<\/div>\n<\/div>[\/vc_column][\/vc_row][vc_row][vc_column]<div class=\"woocommerce columns-4 \"><div class=\"mk-product-loop compact-layout grid--float\">\n\t<section class=\"products mk--row js-el\" data-grid-config='{\"item\":\".product\"}' data-mk-component=\"Grid\">\n\n<article class=\"item mk--col mk--col--3-12 product type-product post-28723 status-publish instock product_cat-jeux has-post-thumbnail taxable shipping-taxable purchasable product-type-simple\">\n<div class=\"mk-product-holder\">\n\t\t<div class=\"product-loop-thumb\">\n\t\t<a href=\"https:\/\/www.dontpanicgames.com\/fr\/shop\/jeux\/the-dark-knight-returns-le-jeu\/\" class=\"product-link\"><img decoding=\"async\" data-src=\"https:\/\/www.dontpanicgames.com\/wp-content\/uploads\/2022\/03\/dkr_shop.jpg\" data-mk-image-src-set='{\"default\":\"https:\/\/www.dontpanicgames.com\/wp-content\/uploads\/2022\/03\/dkr_shop.jpg\",\"2x\":\"https:\/\/www.dontpanicgames.com\/wp-content\/uploads\/2022\/03\/dkr_shop.jpg\",\"mobile\":\"\",\"responsive\":\"true\"}' class=\"product-loop-image lazyload\" alt=\"The Dark Knight Returns &#8211; Le Jeu\" title=\"The Dark Knight Returns &#8211; Le Jeu\" itemprop=\"image\" src=\"data:image\/svg+xml;base64,PHN2ZyB3aWR0aD0iMSIgaGVpZ2h0PSIxIiB4bWxucz0iaHR0cDovL3d3dy53My5vcmcvMjAwMC9zdmciPjwvc3ZnPg==\" style=\"--smush-placeholder-width: 300px; --smush-placeholder-aspect-ratio: 300\/300;\" \/><span class=\"product-loading-icon added-cart\"><\/span><\/a>\n\t\t<div class=\"product-item-footer without-rating\">\n\t\t\t\t\t\t<\/a><a rel=\"nofollow\" href=\"\/fr\/wp-json\/wp\/v2\/pages\/41321?add-to-cart=28723\" data-quantity=\"1\" data-product_id=\"28723\" data-product_sku=\"GAME1124\" class=\"product_loop_button product_type_simple add_to_cart_button ajax_add_to_cart\" data-product_id=\"28723\" data-product_sku=\"GAME1124\" aria-label=\"Ajouter au panier\u00a0: &ldquo;The Dark Knight Returns - Le Jeu&rdquo;\" rel=\"nofollow\" data-success_message=\"\u00ab\u00a0The Dark Knight Returns - Le Jeu\u00a0\u00bb a \u00e9t\u00e9 ajout\u00e9 \u00e0 votre panier\" role=\"button\"><svg  class=\"mk-svg-icon\" data-name=\"mk-moon-cart-plus\" data-cacheid=\"icon-69d747ad9db83\" style=\" height:16px; width: 16px; \"  xmlns=\"http:\/\/www.w3.org\/2000\/svg\" viewBox=\"0 0 512 512\"><path d=\"M416 96h-272c-16.138 0-29.751 12.018-31.753 28.031l-28.496 227.969h-51.751c-17.673 0-32 14.327-32 32s14.327 32 32 32h80c16.138 0 29.751-12.017 31.753-28.031l28.496-227.969h219.613l57.369 200.791c4.854 16.993 22.567 26.832 39.56 21.978 16.993-4.855 26.833-22.567 21.978-39.56l-64-224c-3.925-13.737-16.482-23.209-30.769-23.209zm-288-80a48 48 2700 1 0 96 0 48 48 2700 1 0-96 0zm192 0a48 48 2700 1 0 96 0 48 48 2700 1 0-96 0zm64 240h-64v-64h-64v64h-64v64h64v64h64v-64h64z\" transform=\"scale(1 -1) translate(0 -480)\"\/><\/svg><span class=\"product_loop_button_text\">Ajouter au panier<\/a>\t<\/div>\n<\/div>\n\t<a href=\"https:\/\/www.dontpanicgames.com\/fr\/shop\/jeux\/the-dark-knight-returns-le-jeu\/\" class=\"woocommerce-LoopProduct-link woocommerce-loop-product__link\">\n\t\t<div class=\"mk-shop-item-detail\">\n\t\t\t<h3 class=\"product-title\"><a href=\"https:\/\/www.dontpanicgames.com\/fr\/shop\/jeux\/the-dark-knight-returns-le-jeu\/\">The Dark Knight Returns &#8211; Le Jeu<\/a><\/h3>\n\t\t\t\n\t<span class=\"price\"><span class=\"woocommerce-Price-amount amount\"><bdi>90.00<span class=\"woocommerce-Price-currencySymbol\">&euro;<\/span><\/bdi><\/span><\/span>\n\n\t\t\t\t\t<\/div>\n<\/div>\n<\/article>\n\t<\/section>\n<\/div>\n<\/div>[\/vc_column][\/vc_row][vc_row][vc_column]<div class=\"woocommerce columns-4 \"><\/div>[\/vc_column][\/vc_row]\n<\/div><span class=\"et_bloom_bottom_trigger\"><\/span>","protected":false},"excerpt":{"rendered":"<p>[vc_row fullwidth=\u00a0\u00bbtrue\u00a0\u00bb][vc_column][\/vc_column][\/vc_row][vc_row fullwidth=\u00a0\u00bbtrue\u00a0\u00bb fullwidth_content=\u00a0\u00bbfalse\u00a0\u00bb disable_element=\u00a0\u00bbyes\u00a0\u00bb][vc_column][vc_separator css=\u00a0\u00bb\u00a0\u00bb][\/vc_column][\/vc_row][vc_row][vc_column][\/vc_column][\/vc_row][vc_row][vc_column][\/vc_column][\/vc_row][vc_row][vc_column][\/vc_column][\/vc_row]<\/p>\n","protected":false},"author":1147,"featured_media":0,"parent":0,"menu_order":0,"comment_status":"closed","ping_status":"closed","template":"","meta":{"_acf_changed":false,"footnotes":""},"categories":[],"tags":[],"class_list":["post-41321","page","type-page","status-publish","hentry"],"acf":[],"yoast_head":"<!-- This site is optimized with the Yoast SEO plugin v27.3 - https:\/\/yoast.com\/product\/yoast-seo-wordpress\/ -->\n<title>Soldes - Don&#039;t Panic Games<\/title>\n<meta name=\"robots\" content=\"index, follow, max-snippet:-1, max-image-preview:large, max-video-preview:-1\" \/>\n<link rel=\"canonical\" href=\"https:\/\/www.dontpanicgames.com\/fr\/soldes\/\" \/>\n<meta property=\"og:locale\" content=\"fr_FR\" \/>\n<meta property=\"og:type\" content=\"article\" \/>\n<meta property=\"og:title\" content=\"Soldes - Don&#039;t Panic Games\" \/>\n<meta property=\"og:description\" content=\"[vc_row fullwidth=\u00a0\u00bbtrue\u00a0\u00bb][vc_column][\/vc_column][\/vc_row][vc_row fullwidth=\u00a0\u00bbtrue\u00a0\u00bb fullwidth_content=\u00a0\u00bbfalse\u00a0\u00bb disable_element=\u00a0\u00bbyes\u00a0\u00bb][vc_column][vc_separator css=\u00a0\u00bb\u00a0\u00bb][\/vc_column][\/vc_row][vc_row][vc_column][\/vc_column][\/vc_row][vc_row][vc_column][\/vc_column][\/vc_row][vc_row][vc_column][\/vc_column][\/vc_row]\" \/>\n<meta property=\"og:url\" content=\"https:\/\/www.dontpanicgames.com\/fr\/soldes\/\" \/>\n<meta property=\"og:site_name\" content=\"Don&#039;t Panic Games\" \/>\n<meta property=\"article:publisher\" content=\"https:\/\/www.facebook.com\/dontpanicgames\/\" \/>\n<meta property=\"article:modified_time\" content=\"2025-01-08T16:18:02+00:00\" \/>\n<meta property=\"og:image\" content=\"https:\/\/www.dontpanicgames.com\/wp-content\/uploads\/2017\/01\/logo-dpg.png\" \/>\n\t<meta property=\"og:image:width\" content=\"180\" \/>\n\t<meta property=\"og:image:height\" content=\"180\" \/>\n\t<meta property=\"og:image:type\" content=\"image\/png\" \/>\n<meta name=\"twitter:card\" content=\"summary_large_image\" \/>\n<meta name=\"twitter:site\" content=\"@DontPanicGames1\" \/>\n<meta name=\"twitter:label1\" content=\"Dur\u00e9e de lecture estim\u00e9e\" \/>\n\t<meta name=\"twitter:data1\" content=\"1 minute\" \/>\n<script type=\"application\/ld+json\" class=\"yoast-schema-graph\">{\"@context\":\"https:\\\/\\\/schema.org\",\"@graph\":[{\"@type\":\"WebPage\",\"@id\":\"https:\\\/\\\/www.dontpanicgames.com\\\/fr\\\/soldes\\\/\",\"url\":\"https:\\\/\\\/www.dontpanicgames.com\\\/fr\\\/soldes\\\/\",\"name\":\"Soldes - Don&#039;t Panic Games\",\"isPartOf\":{\"@id\":\"https:\\\/\\\/www.dontpanicgames.com\\\/fr\\\/#website\"},\"datePublished\":\"2025-01-07T13:20:57+00:00\",\"dateModified\":\"2025-01-08T16:18:02+00:00\",\"breadcrumb\":{\"@id\":\"https:\\\/\\\/www.dontpanicgames.com\\\/fr\\\/soldes\\\/#breadcrumb\"},\"inLanguage\":\"fr-FR\",\"potentialAction\":[{\"@type\":\"ReadAction\",\"target\":[\"https:\\\/\\\/www.dontpanicgames.com\\\/fr\\\/soldes\\\/\"]}]},{\"@type\":\"BreadcrumbList\",\"@id\":\"https:\\\/\\\/www.dontpanicgames.com\\\/fr\\\/soldes\\\/#breadcrumb\",\"itemListElement\":[{\"@type\":\"ListItem\",\"position\":1,\"name\":\"Accueil\",\"item\":\"https:\\\/\\\/www.dontpanicgames.com\\\/fr\\\/\"},{\"@type\":\"ListItem\",\"position\":2,\"name\":\"Soldes\"}]},{\"@type\":\"WebSite\",\"@id\":\"https:\\\/\\\/www.dontpanicgames.com\\\/fr\\\/#website\",\"url\":\"https:\\\/\\\/www.dontpanicgames.com\\\/fr\\\/\",\"name\":\"Don't Panic Games\",\"description\":\"Don&#039;t Panic Games.com website\",\"potentialAction\":[{\"@type\":\"SearchAction\",\"target\":{\"@type\":\"EntryPoint\",\"urlTemplate\":\"https:\\\/\\\/www.dontpanicgames.com\\\/fr\\\/?s={search_term_string}\"},\"query-input\":{\"@type\":\"PropertyValueSpecification\",\"valueRequired\":true,\"valueName\":\"search_term_string\"}}],\"inLanguage\":\"fr-FR\"}]}<\/script>\n<!-- \/ Yoast SEO plugin. -->","yoast_head_json":{"title":"Soldes - Don&#039;t Panic Games","robots":{"index":"index","follow":"follow","max-snippet":"max-snippet:-1","max-image-preview":"max-image-preview:large","max-video-preview":"max-video-preview:-1"},"canonical":"https:\/\/www.dontpanicgames.com\/fr\/soldes\/","og_locale":"fr_FR","og_type":"article","og_title":"Soldes - Don&#039;t Panic Games","og_description":"[vc_row fullwidth=\u00a0\u00bbtrue\u00a0\u00bb][vc_column][\/vc_column][\/vc_row][vc_row fullwidth=\u00a0\u00bbtrue\u00a0\u00bb fullwidth_content=\u00a0\u00bbfalse\u00a0\u00bb disable_element=\u00a0\u00bbyes\u00a0\u00bb][vc_column][vc_separator css=\u00a0\u00bb\u00a0\u00bb][\/vc_column][\/vc_row][vc_row][vc_column][\/vc_column][\/vc_row][vc_row][vc_column][\/vc_column][\/vc_row][vc_row][vc_column][\/vc_column][\/vc_row]","og_url":"https:\/\/www.dontpanicgames.com\/fr\/soldes\/","og_site_name":"Don&#039;t Panic Games","article_publisher":"https:\/\/www.facebook.com\/dontpanicgames\/","article_modified_time":"2025-01-08T16:18:02+00:00","og_image":[{"width":180,"height":180,"url":"https:\/\/www.dontpanicgames.com\/wp-content\/uploads\/2017\/01\/logo-dpg.png","type":"image\/png"}],"twitter_card":"summary_large_image","twitter_site":"@DontPanicGames1","twitter_misc":{"Dur\u00e9e de lecture estim\u00e9e":"1 minute"},"schema":{"@context":"https:\/\/schema.org","@graph":[{"@type":"WebPage","@id":"https:\/\/www.dontpanicgames.com\/fr\/soldes\/","url":"https:\/\/www.dontpanicgames.com\/fr\/soldes\/","name":"Soldes - Don&#039;t Panic Games","isPartOf":{"@id":"https:\/\/www.dontpanicgames.com\/fr\/#website"},"datePublished":"2025-01-07T13:20:57+00:00","dateModified":"2025-01-08T16:18:02+00:00","breadcrumb":{"@id":"https:\/\/www.dontpanicgames.com\/fr\/soldes\/#breadcrumb"},"inLanguage":"fr-FR","potentialAction":[{"@type":"ReadAction","target":["https:\/\/www.dontpanicgames.com\/fr\/soldes\/"]}]},{"@type":"BreadcrumbList","@id":"https:\/\/www.dontpanicgames.com\/fr\/soldes\/#breadcrumb","itemListElement":[{"@type":"ListItem","position":1,"name":"Accueil","item":"https:\/\/www.dontpanicgames.com\/fr\/"},{"@type":"ListItem","position":2,"name":"Soldes"}]},{"@type":"WebSite","@id":"https:\/\/www.dontpanicgames.com\/fr\/#website","url":"https:\/\/www.dontpanicgames.com\/fr\/","name":"Don't Panic Games","description":"Don&#039;t Panic Games.com website","potentialAction":[{"@type":"SearchAction","target":{"@type":"EntryPoint","urlTemplate":"https:\/\/www.dontpanicgames.com\/fr\/?s={search_term_string}"},"query-input":{"@type":"PropertyValueSpecification","valueRequired":true,"valueName":"search_term_string"}}],"inLanguage":"fr-FR"}]}},"_links":{"self":[{"href":"https:\/\/www.dontpanicgames.com\/fr\/wp-json\/wp\/v2\/pages\/41321","targetHints":{"allow":["GET"]}}],"collection":[{"href":"https:\/\/www.dontpanicgames.com\/fr\/wp-json\/wp\/v2\/pages"}],"about":[{"href":"https:\/\/www.dontpanicgames.com\/fr\/wp-json\/wp\/v2\/types\/page"}],"author":[{"embeddable":true,"href":"https:\/\/www.dontpanicgames.com\/fr\/wp-json\/wp\/v2\/users\/1147"}],"replies":[{"embeddable":true,"href":"https:\/\/www.dontpanicgames.com\/fr\/wp-json\/wp\/v2\/comments?post=41321"}],"version-history":[{"count":0,"href":"https:\/\/www.dontpanicgames.com\/fr\/wp-json\/wp\/v2\/pages\/41321\/revisions"}],"wp:attachment":[{"href":"https:\/\/www.dontpanicgames.com\/fr\/wp-json\/wp\/v2\/media?parent=41321"}],"wp:term":[{"taxonomy":"category","embeddable":true,"href":"https:\/\/www.dontpanicgames.com\/fr\/wp-json\/wp\/v2\/categories?post=41321"},{"taxonomy":"post_tag","embeddable":true,"href":"https:\/\/www.dontpanicgames.com\/fr\/wp-json\/wp\/v2\/tags?post=41321"}],"curies":[{"name":"wp","href":"https:\/\/api.w.org\/{rel}","templated":true}]}}