{"id":29824,"date":"2022-09-15T15:13:31","date_gmt":"2022-09-15T14:13:31","guid":{"rendered":"https:\/\/www.dontpanicgames.com\/?page_id=29824"},"modified":"2022-09-15T15:15:40","modified_gmt":"2022-09-15T14:15:40","slug":"presskit-2022","status":"publish","type":"page","link":"https:\/\/www.dontpanicgames.com\/fr\/presskit-2022\/","title":{"rendered":"PRESSKIT 2022"},"content":{"rendered":"<div class=\"wpb-content-wrapper\">[mk_page_section border_color=\u00a0\u00bb#cbe000&Prime; bg_position=\u00a0\u00bbcenter center\u00a0\u00bb bg_repeat=\u00a0\u00bbno-repeat\u00a0\u00bb bg_stretch=\u00a0\u00bbtrue\u00a0\u00bb video_opacity=\u00a0\u00bb0.1&Prime; top_shadow=\u00a0\u00bbtrue\u00a0\u00bb adaptive_height=\u00a0\u00bbtrue\u00a0\u00bb min_height=\u00a0\u00bb365&Prime; full_width=\u00a0\u00bbtrue\u00a0\u00bb js_vertical_centered=\u00a0\u00bbtrue\u00a0\u00bb el_class=\u00a0\u00bbhidden\u00a0\u00bb sidebar=\u00a0\u00bbsidebar-1&Prime;][vc_column][\/vc_column][\/mk_page_section][vc_row el_class=\u00a0\u00bbgame-title\u00a0\u00bb][vc_column][vc_single_image image=\u00a0\u00bb29932&Prime; img_size=\u00a0\u00bbfull\u00a0\u00bb alignment=\u00a0\u00bbcenter\u00a0\u00bb css_animation=\u00a0\u00bbnone\u00a0\u00bb][mk_fancy_title margin_bottom=\u00a0\u00bb0&Prime; font_family=\u00a0\u00bbnone\u00a0\u00bb]\n<h3 style=\"text-align: center;\"><strong>Catalogue 2022<\/strong><\/h3>\n[\/mk_fancy_title][vc_btn title=\u00a0\u00bbT\u00c9L\u00c9CHARGER\u00a0\u00bb style=\u00a0\u00bb3d\u00a0\u00bb color=\u00a0\u00bbblue\u00a0\u00bb size=\u00a0\u00bblg\u00a0\u00bb align=\u00a0\u00bbcenter\u00a0\u00bb link=\u00a0\u00bburl:https%3A%2F%2Fwww.dontpanicgames.com%2Fstatic%2FCATALOGUE_FR_sept22.pdf\u00a0\u00bb][vc_empty_space][vc_column_text css=\u00a0\u00bb.vc_custom_1663250367713{margin-bottom: 0px !important;}\u00a0\u00bb]\n<p style=\"text-align: center;\"><strong>Une Maison d\u2019\u00e9dition fran\u00e7aise de jeux \u00e9clectiques<\/strong><\/p>\n<p style=\"text-align: center;\">Fond\u00e9 en 2013, Don\u2019t Panic Games d\u00e9veloppe et \u00e9dite des jeux vari\u00e9s, aussi d\u00e9cal\u00e9s qu\u2019inattendus.<\/p>\n<p style=\"text-align: center;\">S\u2019appuyant sur une poign\u00e9e d\u2019irr\u00e9ductibles passionn\u00e9s de Jeux de soci\u00e9t\u00e9 et du Divertissement, elle est historiquement influenc\u00e9e par la culture japonaise.<\/p>\n<p style=\"text-align: center;\">Du jeu d\u2019ambiance rapide et fun (<em>L\u00e2che pas la savonnette<\/em>) au jeu de plateau pour se challenger (<em>Above, Dual Power<\/em>), en passant par les licences les plus cultes (<em>Naruto, Cowboy Bebop, Rick et Morty, DC Univers<\/em>), les quizz de pop culture\u00a0(<em>Japanime<\/em>), les jeux de d\u00e9duction (<em>Pantone, Muse<\/em>) ou encore des exp\u00e9riences trans-m\u00e9dias (<em>Escape Quest<\/em>) : il y en a pour tous les go\u00fbts.<\/p>\n<p style=\"text-align: center;\">Son ambition\u00a0? D\u00e9velopper les cultures de l\u2019imaginaire par le jeu. Militants d\u2019une offre non standardis\u00e9e, Don\u2019t Panic Games soutient que l\u2019humour et l\u2019ouverture au monde par le jeu permet bien des audaces d\u2019\u00e9dition. Et que si son objectif premier reste de transmettre plaisir et curiosit\u00e9 \u00e0 travers la vari\u00e9t\u00e9 des d\u00e9veloppements, cela doit se faire tout en revendiquant une esth\u00e9tique soign\u00e9e.<\/p>\n<p style=\"text-align: center;\"><strong>La Gen\u00e8se de Don\u2019t Panic Games<\/strong> La maison d\u2019\u00e9dition n\u00e9e en 2013 sous l\u2019impulsion de trois associ\u00e9s dont Cedric Littardi, consid\u00e9r\u00e9 comme \u00e9tant le 1er geek entrepreneur fran\u00e7ais. Passionn\u00e9 par la culture japonaise, il a largement contribu\u00e9 \u00e0 sa diffusion en France dans les ann\u00e9es 1990, notamment en cr\u00e9ant le label sp\u00e9cialis\u00e9 dans l\u2019animation japonaise Kaz\u00e9 (1994)\u00a0et la r\u00e9f\u00e9rence en termes de magazine consacr\u00e9 \u00e0 l\u2019animation japonaise AnimeLand (1991). Fort de ces premiers faits d\u2019armes, C\u00e9dric a d\u00e9velopp\u00e9 de multiples autres projets rattach\u00e9s aux univers de la culture de l\u2019Imaginaire, sous de multiples supports\u00a0: Ynnis \u00c9ditions pour les livres (des anime aux comics) ou encore Le Dernier Bar avant la Fin du Monde pour que la <em>Geek G\u00e9n\u00e9ration<\/em> puisse se retrouver dans un espace d\u00e9di\u00e9.<\/p>\n<p style=\"text-align: center;\">Aujourd\u2019hui encore aux commandes de ce studio, C\u00e9dric s\u2019est entour\u00e9 d\u2019une \u00e9quipe enthousiaste issue de diff\u00e9rents univers connexes au jeu, afin de pousser ses pions dans l\u2019univers ludique. Fort d\u2019une centaine de jeux diffus\u00e9s dans le monde entier, l\u2019\u00e9diteur \u0153uvre autant sur des localisations de jeux en fran\u00e7ais que sur ses propres d\u00e9veloppements, avec ou sans licence, afin de proposer des exp\u00e9riences de jeu originales pour tous les publics.<\/p>\n[\/vc_column_text][\/vc_column][\/vc_row][vc_row][vc_column width=\u00a0\u00bb1\/3&Prime;][\/vc_column][vc_column width=\u00a0\u00bb1\/3&Prime;][\/vc_column][vc_column width=\u00a0\u00bb1\/3&Prime;][\/vc_column][\/vc_row][vc_row][vc_column][\/vc_column][\/vc_row]\n<\/div><span class=\"et_bloom_bottom_trigger\"><\/span>","protected":false},"excerpt":{"rendered":"<p>[mk_page_section border_color=\u00a0\u00bb#cbe000&Prime; bg_position=\u00a0\u00bbcenter center\u00a0\u00bb bg_repeat=\u00a0\u00bbno-repeat\u00a0\u00bb bg_stretch=\u00a0\u00bbtrue\u00a0\u00bb video_opacity=\u00a0\u00bb0.1&Prime; top_shadow=\u00a0\u00bbtrue\u00a0\u00bb adaptive_height=\u00a0\u00bbtrue\u00a0\u00bb min_height=\u00a0\u00bb365&Prime; full_width=\u00a0\u00bbtrue\u00a0\u00bb js_vertical_centered=\u00a0\u00bbtrue\u00a0\u00bb el_class=\u00a0\u00bbhidden\u00a0\u00bb sidebar=\u00a0\u00bbsidebar-1&Prime;][vc_column][\/vc_column][\/mk_page_section][vc_row el_class=\u00a0\u00bbgame-title\u00a0\u00bb][vc_column][vc_single_image image=\u00a0\u00bb29932&Prime; img_size=\u00a0\u00bbfull\u00a0\u00bb alignment=\u00a0\u00bbcenter\u00a0\u00bb css_animation=\u00a0\u00bbnone\u00a0\u00bb][mk_fancy_title margin_bottom=\u00a0\u00bb0&Prime; font_family=\u00a0\u00bbnone\u00a0\u00bb] Catalogue 2022 [\/mk_fancy_title][vc_btn title=\u00a0\u00bbT\u00c9L\u00c9CHARGER\u00a0\u00bb style=\u00a0\u00bb3d\u00a0\u00bb color=\u00a0\u00bbblue\u00a0\u00bb size=\u00a0\u00bblg\u00a0\u00bb align=\u00a0\u00bbcenter\u00a0\u00bb link=\u00a0\u00bburl:https%3A%2F%2Fwww.dontpanicgames.com%2Fstatic%2FCATALOGUE_FR_sept22.pdf\u00a0\u00bb][vc_empty_space][vc_column_text css=\u00a0\u00bb.vc_custom_1663250367713{margin-bottom: 0px !important;}\u00a0\u00bb] Une Maison d\u2019\u00e9dition fran\u00e7aise de jeux \u00e9clectiques Fond\u00e9 en 2013, Don\u2019t Panic Games d\u00e9veloppe et \u00e9dite des jeux vari\u00e9s, aussi d\u00e9cal\u00e9s qu\u2019inattendus. [&hellip;]<\/p>\n","protected":false},"author":1,"featured_media":0,"parent":0,"menu_order":4,"comment_status":"closed","ping_status":"closed","template":"","meta":{"_acf_changed":false,"footnotes":""},"categories":[192],"tags":[],"class_list":["post-29824","page","type-page","status-publish","hentry","category-jeux-de-plateau"],"acf":[],"yoast_head":"<!-- This site is optimized with the Yoast SEO plugin v27.3 - https:\/\/yoast.com\/product\/yoast-seo-wordpress\/ -->\n<title>PRESSKIT 2022 - Don&#039;t Panic Games<\/title>\n<meta name=\"robots\" content=\"index, follow, max-snippet:-1, max-image-preview:large, max-video-preview:-1\" \/>\n<link rel=\"canonical\" href=\"https:\/\/www.dontpanicgames.com\/fr\/presskit-2022\/\" \/>\n<meta property=\"og:locale\" content=\"fr_FR\" \/>\n<meta property=\"og:type\" content=\"article\" \/>\n<meta property=\"og:title\" content=\"PRESSKIT 2022 - Don&#039;t Panic Games\" \/>\n<meta property=\"og:description\" content=\"[mk_page_section border_color=\u00a0\u00bb#cbe000&Prime; bg_position=\u00a0\u00bbcenter center\u00a0\u00bb bg_repeat=\u00a0\u00bbno-repeat\u00a0\u00bb bg_stretch=\u00a0\u00bbtrue\u00a0\u00bb video_opacity=\u00a0\u00bb0.1&Prime; top_shadow=\u00a0\u00bbtrue\u00a0\u00bb adaptive_height=\u00a0\u00bbtrue\u00a0\u00bb min_height=\u00a0\u00bb365&Prime; full_width=\u00a0\u00bbtrue\u00a0\u00bb js_vertical_centered=\u00a0\u00bbtrue\u00a0\u00bb el_class=\u00a0\u00bbhidden\u00a0\u00bb sidebar=\u00a0\u00bbsidebar-1&Prime;][vc_column][\/vc_column][\/mk_page_section][vc_row el_class=\u00a0\u00bbgame-title\u00a0\u00bb][vc_column][vc_single_image image=\u00a0\u00bb29932&Prime; img_size=\u00a0\u00bbfull\u00a0\u00bb alignment=\u00a0\u00bbcenter\u00a0\u00bb css_animation=\u00a0\u00bbnone\u00a0\u00bb][mk_fancy_title margin_bottom=\u00a0\u00bb0&Prime; font_family=\u00a0\u00bbnone\u00a0\u00bb] Catalogue 2022 [\/mk_fancy_title][vc_btn title=\u00a0\u00bbT\u00c9L\u00c9CHARGER\u00a0\u00bb style=\u00a0\u00bb3d\u00a0\u00bb color=\u00a0\u00bbblue\u00a0\u00bb size=\u00a0\u00bblg\u00a0\u00bb align=\u00a0\u00bbcenter\u00a0\u00bb link=\u00a0\u00bburl:https%3A%2F%2Fwww.dontpanicgames.com%2Fstatic%2FCATALOGUE_FR_sept22.pdf\u00a0\u00bb][vc_empty_space][vc_column_text css=\u00a0\u00bb.vc_custom_1663250367713{margin-bottom: 0px !important;}\u00a0\u00bb] Une Maison d\u2019\u00e9dition fran\u00e7aise de jeux \u00e9clectiques Fond\u00e9 en 2013, Don\u2019t Panic Games d\u00e9veloppe et \u00e9dite des jeux vari\u00e9s, aussi d\u00e9cal\u00e9s qu\u2019inattendus. [&hellip;]\" \/>\n<meta property=\"og:url\" content=\"https:\/\/www.dontpanicgames.com\/fr\/presskit-2022\/\" \/>\n<meta property=\"og:site_name\" content=\"Don&#039;t Panic Games\" \/>\n<meta property=\"article:publisher\" content=\"https:\/\/www.facebook.com\/dontpanicgames\/\" \/>\n<meta property=\"article:modified_time\" content=\"2022-09-15T14:15:40+00:00\" \/>\n<meta property=\"og:image\" content=\"https:\/\/www.dontpanicgames.com\/wp-content\/uploads\/2017\/01\/logo-dpg.png\" \/>\n\t<meta property=\"og:image:width\" content=\"180\" \/>\n\t<meta property=\"og:image:height\" content=\"180\" \/>\n\t<meta property=\"og:image:type\" content=\"image\/png\" \/>\n<meta name=\"twitter:card\" content=\"summary_large_image\" \/>\n<meta name=\"twitter:site\" content=\"@DontPanicGames1\" \/>\n<meta name=\"twitter:label1\" content=\"Dur\u00e9e de lecture estim\u00e9e\" \/>\n\t<meta name=\"twitter:data1\" content=\"2 minutes\" \/>\n<script type=\"application\/ld+json\" class=\"yoast-schema-graph\">{\"@context\":\"https:\\\/\\\/schema.org\",\"@graph\":[{\"@type\":\"WebPage\",\"@id\":\"https:\\\/\\\/www.dontpanicgames.com\\\/fr\\\/presskit-2022\\\/\",\"url\":\"https:\\\/\\\/www.dontpanicgames.com\\\/fr\\\/presskit-2022\\\/\",\"name\":\"PRESSKIT 2022 - Don&#039;t Panic Games\",\"isPartOf\":{\"@id\":\"https:\\\/\\\/www.dontpanicgames.com\\\/fr\\\/#website\"},\"datePublished\":\"2022-09-15T14:13:31+00:00\",\"dateModified\":\"2022-09-15T14:15:40+00:00\",\"breadcrumb\":{\"@id\":\"https:\\\/\\\/www.dontpanicgames.com\\\/fr\\\/presskit-2022\\\/#breadcrumb\"},\"inLanguage\":\"fr-FR\",\"potentialAction\":[{\"@type\":\"ReadAction\",\"target\":[\"https:\\\/\\\/www.dontpanicgames.com\\\/fr\\\/presskit-2022\\\/\"]}]},{\"@type\":\"BreadcrumbList\",\"@id\":\"https:\\\/\\\/www.dontpanicgames.com\\\/fr\\\/presskit-2022\\\/#breadcrumb\",\"itemListElement\":[{\"@type\":\"ListItem\",\"position\":1,\"name\":\"Accueil\",\"item\":\"https:\\\/\\\/www.dontpanicgames.com\\\/fr\\\/\"},{\"@type\":\"ListItem\",\"position\":2,\"name\":\"PRESSKIT 2022\"}]},{\"@type\":\"WebSite\",\"@id\":\"https:\\\/\\\/www.dontpanicgames.com\\\/fr\\\/#website\",\"url\":\"https:\\\/\\\/www.dontpanicgames.com\\\/fr\\\/\",\"name\":\"Don't Panic Games\",\"description\":\"Don&#039;t Panic Games.com website\",\"potentialAction\":[{\"@type\":\"SearchAction\",\"target\":{\"@type\":\"EntryPoint\",\"urlTemplate\":\"https:\\\/\\\/www.dontpanicgames.com\\\/fr\\\/?s={search_term_string}\"},\"query-input\":{\"@type\":\"PropertyValueSpecification\",\"valueRequired\":true,\"valueName\":\"search_term_string\"}}],\"inLanguage\":\"fr-FR\"}]}<\/script>\n<!-- \/ Yoast SEO plugin. -->","yoast_head_json":{"title":"PRESSKIT 2022 - Don&#039;t Panic Games","robots":{"index":"index","follow":"follow","max-snippet":"max-snippet:-1","max-image-preview":"max-image-preview:large","max-video-preview":"max-video-preview:-1"},"canonical":"https:\/\/www.dontpanicgames.com\/fr\/presskit-2022\/","og_locale":"fr_FR","og_type":"article","og_title":"PRESSKIT 2022 - Don&#039;t Panic Games","og_description":"[mk_page_section border_color=\u00a0\u00bb#cbe000&Prime; bg_position=\u00a0\u00bbcenter center\u00a0\u00bb bg_repeat=\u00a0\u00bbno-repeat\u00a0\u00bb bg_stretch=\u00a0\u00bbtrue\u00a0\u00bb video_opacity=\u00a0\u00bb0.1&Prime; top_shadow=\u00a0\u00bbtrue\u00a0\u00bb adaptive_height=\u00a0\u00bbtrue\u00a0\u00bb min_height=\u00a0\u00bb365&Prime; full_width=\u00a0\u00bbtrue\u00a0\u00bb js_vertical_centered=\u00a0\u00bbtrue\u00a0\u00bb el_class=\u00a0\u00bbhidden\u00a0\u00bb sidebar=\u00a0\u00bbsidebar-1&Prime;][vc_column][\/vc_column][\/mk_page_section][vc_row el_class=\u00a0\u00bbgame-title\u00a0\u00bb][vc_column][vc_single_image image=\u00a0\u00bb29932&Prime; img_size=\u00a0\u00bbfull\u00a0\u00bb alignment=\u00a0\u00bbcenter\u00a0\u00bb css_animation=\u00a0\u00bbnone\u00a0\u00bb][mk_fancy_title margin_bottom=\u00a0\u00bb0&Prime; font_family=\u00a0\u00bbnone\u00a0\u00bb] Catalogue 2022 [\/mk_fancy_title][vc_btn title=\u00a0\u00bbT\u00c9L\u00c9CHARGER\u00a0\u00bb style=\u00a0\u00bb3d\u00a0\u00bb color=\u00a0\u00bbblue\u00a0\u00bb size=\u00a0\u00bblg\u00a0\u00bb align=\u00a0\u00bbcenter\u00a0\u00bb link=\u00a0\u00bburl:https%3A%2F%2Fwww.dontpanicgames.com%2Fstatic%2FCATALOGUE_FR_sept22.pdf\u00a0\u00bb][vc_empty_space][vc_column_text css=\u00a0\u00bb.vc_custom_1663250367713{margin-bottom: 0px !important;}\u00a0\u00bb] Une Maison d\u2019\u00e9dition fran\u00e7aise de jeux \u00e9clectiques Fond\u00e9 en 2013, Don\u2019t Panic Games d\u00e9veloppe et \u00e9dite des jeux vari\u00e9s, aussi d\u00e9cal\u00e9s qu\u2019inattendus. [&hellip;]","og_url":"https:\/\/www.dontpanicgames.com\/fr\/presskit-2022\/","og_site_name":"Don&#039;t Panic Games","article_publisher":"https:\/\/www.facebook.com\/dontpanicgames\/","article_modified_time":"2022-09-15T14:15:40+00:00","og_image":[{"width":180,"height":180,"url":"https:\/\/www.dontpanicgames.com\/wp-content\/uploads\/2017\/01\/logo-dpg.png","type":"image\/png"}],"twitter_card":"summary_large_image","twitter_site":"@DontPanicGames1","twitter_misc":{"Dur\u00e9e de lecture estim\u00e9e":"2 minutes"},"schema":{"@context":"https:\/\/schema.org","@graph":[{"@type":"WebPage","@id":"https:\/\/www.dontpanicgames.com\/fr\/presskit-2022\/","url":"https:\/\/www.dontpanicgames.com\/fr\/presskit-2022\/","name":"PRESSKIT 2022 - Don&#039;t Panic Games","isPartOf":{"@id":"https:\/\/www.dontpanicgames.com\/fr\/#website"},"datePublished":"2022-09-15T14:13:31+00:00","dateModified":"2022-09-15T14:15:40+00:00","breadcrumb":{"@id":"https:\/\/www.dontpanicgames.com\/fr\/presskit-2022\/#breadcrumb"},"inLanguage":"fr-FR","potentialAction":[{"@type":"ReadAction","target":["https:\/\/www.dontpanicgames.com\/fr\/presskit-2022\/"]}]},{"@type":"BreadcrumbList","@id":"https:\/\/www.dontpanicgames.com\/fr\/presskit-2022\/#breadcrumb","itemListElement":[{"@type":"ListItem","position":1,"name":"Accueil","item":"https:\/\/www.dontpanicgames.com\/fr\/"},{"@type":"ListItem","position":2,"name":"PRESSKIT 2022"}]},{"@type":"WebSite","@id":"https:\/\/www.dontpanicgames.com\/fr\/#website","url":"https:\/\/www.dontpanicgames.com\/fr\/","name":"Don't Panic Games","description":"Don&#039;t Panic Games.com website","potentialAction":[{"@type":"SearchAction","target":{"@type":"EntryPoint","urlTemplate":"https:\/\/www.dontpanicgames.com\/fr\/?s={search_term_string}"},"query-input":{"@type":"PropertyValueSpecification","valueRequired":true,"valueName":"search_term_string"}}],"inLanguage":"fr-FR"}]}},"_links":{"self":[{"href":"https:\/\/www.dontpanicgames.com\/fr\/wp-json\/wp\/v2\/pages\/29824","targetHints":{"allow":["GET"]}}],"collection":[{"href":"https:\/\/www.dontpanicgames.com\/fr\/wp-json\/wp\/v2\/pages"}],"about":[{"href":"https:\/\/www.dontpanicgames.com\/fr\/wp-json\/wp\/v2\/types\/page"}],"author":[{"embeddable":true,"href":"https:\/\/www.dontpanicgames.com\/fr\/wp-json\/wp\/v2\/users\/1"}],"replies":[{"embeddable":true,"href":"https:\/\/www.dontpanicgames.com\/fr\/wp-json\/wp\/v2\/comments?post=29824"}],"version-history":[{"count":0,"href":"https:\/\/www.dontpanicgames.com\/fr\/wp-json\/wp\/v2\/pages\/29824\/revisions"}],"wp:attachment":[{"href":"https:\/\/www.dontpanicgames.com\/fr\/wp-json\/wp\/v2\/media?parent=29824"}],"wp:term":[{"taxonomy":"category","embeddable":true,"href":"https:\/\/www.dontpanicgames.com\/fr\/wp-json\/wp\/v2\/categories?post=29824"},{"taxonomy":"post_tag","embeddable":true,"href":"https:\/\/www.dontpanicgames.com\/fr\/wp-json\/wp\/v2\/tags?post=29824"}],"curies":[{"name":"wp","href":"https:\/\/api.w.org\/{rel}","templated":true}]}}