{"id":29711,"date":"2022-07-26T13:21:47","date_gmt":"2022-07-26T12:21:47","guid":{"rendered":"https:\/\/www.dontpanicgames.com\/?page_id=29711"},"modified":"2022-07-27T09:18:27","modified_gmt":"2022-07-27T08:18:27","slug":"devenez-mangaka","status":"publish","type":"page","link":"https:\/\/www.dontpanicgames.com\/fr\/devenez-mangaka\/","title":{"rendered":"Devenez Mangaka !"},"content":{"rendered":"<div class=\"wpb-content-wrapper\">[vc_row el_class=\u00a0\u00bbgame-title\u00a0\u00bb][vc_column][vc_single_image image=\u00a0\u00bb29716&Prime; img_size=\u00a0\u00bbfull\u00a0\u00bb][mk_fancy_title tag_name=\u00a0\u00bbh3&Prime; size=\u00a0\u00bb24&Prime; font_style=\u00a0\u00bbnormal\u00a0\u00bb margin_top=\u00a0\u00bb50&Prime; font_family=\u00a0\u00bbnone\u00a0\u00bb align=\u00a0\u00bbcenter\u00a0\u00bb]\n<h1 style=\"text-align: center;\"><strong>DEVENEZ MANGAKA !<\/strong><\/h1>\n<p style=\"text-align: center;\">Un jeu de Jason Bradley Thompson, illustr\u00e9 par Eric \u201cWoof\u201d Muentes, Ike et Jason Bradley Thompson<\/p>\n[\/mk_fancy_title][\/vc_column][\/vc_row][vc_row][vc_column width=\u00a0\u00bb1\/2&Prime;][vc_single_image image=\u00a0\u00bb29721&Prime; img_size=\u00a0\u00bbfull\u00a0\u00bb alignment=\u00a0\u00bbcenter\u00a0\u00bb css_animation=\u00a0\u00bbfadeIn\u00a0\u00bb][\/vc_column][vc_column width=\u00a0\u00bb1\/2&Prime;][vc_empty_space][vc_column_text css=\u00a0\u00bb.vc_custom_1658838004078{margin-bottom: 60px !important;}\u00a0\u00bb]1. Je pioche des cartes th\u00e8mes !<br \/>\n2. Je dessine mon manga !<br \/>\n3. Je compte mes points !<\/p>\n<p>Au fil des manches, j&rsquo;ajoute des contraintes et je d\u00e9veloppe mon r\u00e9cit !<br \/>\nMangaka est un jeu de cartes cr\u00e9atif et rapide o\u00f9 vous et vos amis dessinez des mangas hilarants en cinq minutes. Combinez les cartes Th\u00e8me et les cartes Mode pour obtenir des id\u00e9es d&rsquo;histoires infinies. Vous ne jouerez jamais deux fois la m\u00eame partie !<\/p>\n<p><strong>SORTIE PR\u00c9VUE EN SEPTEMBRE 2022<\/strong><\/p>\n<ul>\n<li>1-8 joueurs<\/li>\n<li>30-60minutes<\/li>\n<li>12+<\/li>\n<\/ul>\n[\/vc_column_text][vc_message message_box_color=\u00a0\u00bbpeacoc\u00a0\u00bb icon_fontawesome=\u00a0\u00bbfas fa-chevron-circle-down\u00a0\u00bb]\n<ul>\n<li>Pas besoin d&rsquo;\u00eatre dou\u00e9 au dessin !<\/li>\n<li>Jouez en solo ou en \u00e9quipe.<\/li>\n<li>Rythme endiabl\u00e9, pas de temps d&rsquo;attente.<\/li>\n<li>Surprenez vous \u00e0 cr\u00e9er des histoires insolites !<\/li>\n<\/ul>\n[\/vc_message][\/vc_column][\/vc_row][vc_row][vc_column width=\u00a0\u00bb1\/2&Prime;][vc_single_image image=\u00a0\u00bb29744&Prime; img_size=\u00a0\u00bbfull\u00a0\u00bb][\/vc_column][vc_column width=\u00a0\u00bb1\/2&Prime;][vc_single_image image=\u00a0\u00bb29734&Prime; img_size=\u00a0\u00bbfull\u00a0\u00bb][\/vc_column][\/vc_row][vc_row][vc_column width=\u00a0\u00bb1\/3&Prime;][vc_single_image image=\u00a0\u00bb29738&Prime; img_size=\u00a0\u00bbfull\u00a0\u00bb][\/vc_column][vc_column width=\u00a0\u00bb1\/3&Prime;][vc_single_image image=\u00a0\u00bb29748&Prime; img_size=\u00a0\u00bbfull\u00a0\u00bb][\/vc_column][vc_column width=\u00a0\u00bb1\/3&Prime;][vc_single_image image=\u00a0\u00bb29740&Prime; img_size=\u00a0\u00bbfull\u00a0\u00bb][\/vc_column][\/vc_row][vc_row][vc_column width=\u00a0\u00bb1\/3&Prime;][vc_single_image image=\u00a0\u00bb29736&Prime; img_size=\u00a0\u00bbfull\u00a0\u00bb][\/vc_column][vc_column width=\u00a0\u00bb1\/3&Prime;][vc_single_image image=\u00a0\u00bb29732&Prime; img_size=\u00a0\u00bbfull\u00a0\u00bb][\/vc_column][vc_column width=\u00a0\u00bb1\/3&Prime;][vc_single_image image=\u00a0\u00bb29742&Prime; img_size=\u00a0\u00bbfull\u00a0\u00bb][\/vc_column][\/vc_row][vc_row css=\u00a0\u00bb.vc_custom_1616421178935{margin-bottom: 20px !important;}\u00a0\u00bb][vc_column width=\u00a0\u00bb1\/4&Prime;][\/vc_column][vc_column width=\u00a0\u00bb1\/4&Prime;][\/vc_column][vc_column width=\u00a0\u00bb1\/4&Prime;][\/vc_column][vc_column width=\u00a0\u00bb1\/4&Prime;][\/vc_column][\/vc_row]\n<\/div><span class=\"et_bloom_bottom_trigger\"><\/span>","protected":false},"excerpt":{"rendered":"<p>[vc_row el_class=\u00a0\u00bbgame-title\u00a0\u00bb][vc_column][vc_single_image image=\u00a0\u00bb29716&Prime; img_size=\u00a0\u00bbfull\u00a0\u00bb][mk_fancy_title tag_name=\u00a0\u00bbh3&Prime; size=\u00a0\u00bb24&Prime; font_style=\u00a0\u00bbnormal\u00a0\u00bb margin_top=\u00a0\u00bb50&Prime; font_family=\u00a0\u00bbnone\u00a0\u00bb align=\u00a0\u00bbcenter\u00a0\u00bb] DEVENEZ MANGAKA ! Un jeu de Jason Bradley Thompson, illustr\u00e9 par Eric \u201cWoof\u201d Muentes, Ike et Jason Bradley Thompson [\/mk_fancy_title][\/vc_column][\/vc_row][vc_row][vc_column width=\u00a0\u00bb1\/2&Prime;][vc_single_image image=\u00a0\u00bb29721&Prime; img_size=\u00a0\u00bbfull\u00a0\u00bb alignment=\u00a0\u00bbcenter\u00a0\u00bb css_animation=\u00a0\u00bbfadeIn\u00a0\u00bb][\/vc_column][vc_column width=\u00a0\u00bb1\/2&Prime;][vc_empty_space][vc_column_text css=\u00a0\u00bb.vc_custom_1658838004078{margin-bottom: 60px !important;}\u00a0\u00bb]1. Je pioche des cartes th\u00e8mes ! 2. Je dessine mon manga ! 3. Je compte mes [&hellip;]<\/p>\n","protected":false},"author":1,"featured_media":0,"parent":0,"menu_order":1,"comment_status":"closed","ping_status":"closed","template":"","meta":{"_acf_changed":false,"footnotes":""},"categories":[192],"tags":[],"class_list":["post-29711","page","type-page","status-publish","hentry","category-jeux-de-plateau"],"acf":[],"yoast_head":"<!-- This site is optimized with the Yoast SEO plugin v27.3 - https:\/\/yoast.com\/product\/yoast-seo-wordpress\/ -->\n<title>Devenez Mangaka ! - Don&#039;t Panic Games<\/title>\n<meta name=\"robots\" content=\"index, follow, max-snippet:-1, max-image-preview:large, max-video-preview:-1\" \/>\n<link rel=\"canonical\" href=\"https:\/\/www.dontpanicgames.com\/fr\/devenez-mangaka\/\" \/>\n<meta property=\"og:locale\" content=\"fr_FR\" \/>\n<meta property=\"og:type\" content=\"article\" \/>\n<meta property=\"og:title\" content=\"Devenez Mangaka ! - Don&#039;t Panic Games\" \/>\n<meta property=\"og:description\" content=\"[vc_row el_class=\u00a0\u00bbgame-title\u00a0\u00bb][vc_column][vc_single_image image=\u00a0\u00bb29716&Prime; img_size=\u00a0\u00bbfull\u00a0\u00bb][mk_fancy_title tag_name=\u00a0\u00bbh3&Prime; size=\u00a0\u00bb24&Prime; font_style=\u00a0\u00bbnormal\u00a0\u00bb margin_top=\u00a0\u00bb50&Prime; font_family=\u00a0\u00bbnone\u00a0\u00bb align=\u00a0\u00bbcenter\u00a0\u00bb] DEVENEZ MANGAKA ! Un jeu de Jason Bradley Thompson, illustr\u00e9 par Eric \u201cWoof\u201d Muentes, Ike et Jason Bradley Thompson [\/mk_fancy_title][\/vc_column][\/vc_row][vc_row][vc_column width=\u00a0\u00bb1\/2&Prime;][vc_single_image image=\u00a0\u00bb29721&Prime; img_size=\u00a0\u00bbfull\u00a0\u00bb alignment=\u00a0\u00bbcenter\u00a0\u00bb css_animation=\u00a0\u00bbfadeIn\u00a0\u00bb][\/vc_column][vc_column width=\u00a0\u00bb1\/2&Prime;][vc_empty_space][vc_column_text css=\u00a0\u00bb.vc_custom_1658838004078{margin-bottom: 60px !important;}\u00a0\u00bb]1. Je pioche des cartes th\u00e8mes ! 2. Je dessine mon manga ! 3. Je compte mes [&hellip;]\" \/>\n<meta property=\"og:url\" content=\"https:\/\/www.dontpanicgames.com\/fr\/devenez-mangaka\/\" \/>\n<meta property=\"og:site_name\" content=\"Don&#039;t Panic Games\" \/>\n<meta property=\"article:publisher\" content=\"https:\/\/www.facebook.com\/dontpanicgames\/\" \/>\n<meta property=\"article:modified_time\" content=\"2022-07-27T08:18:27+00:00\" \/>\n<meta property=\"og:image\" content=\"https:\/\/www.dontpanicgames.com\/wp-content\/uploads\/2017\/01\/logo-dpg.png\" \/>\n\t<meta property=\"og:image:width\" content=\"180\" \/>\n\t<meta property=\"og:image:height\" content=\"180\" \/>\n\t<meta property=\"og:image:type\" content=\"image\/png\" \/>\n<meta name=\"twitter:card\" content=\"summary_large_image\" \/>\n<meta name=\"twitter:site\" content=\"@DontPanicGames1\" \/>\n<meta name=\"twitter:label1\" content=\"Dur\u00e9e de lecture estim\u00e9e\" \/>\n\t<meta name=\"twitter:data1\" content=\"1 minute\" \/>\n<script type=\"application\/ld+json\" class=\"yoast-schema-graph\">{\"@context\":\"https:\\\/\\\/schema.org\",\"@graph\":[{\"@type\":\"WebPage\",\"@id\":\"https:\\\/\\\/www.dontpanicgames.com\\\/fr\\\/devenez-mangaka\\\/\",\"url\":\"https:\\\/\\\/www.dontpanicgames.com\\\/fr\\\/devenez-mangaka\\\/\",\"name\":\"Devenez Mangaka ! - Don&#039;t Panic Games\",\"isPartOf\":{\"@id\":\"https:\\\/\\\/www.dontpanicgames.com\\\/fr\\\/#website\"},\"datePublished\":\"2022-07-26T12:21:47+00:00\",\"dateModified\":\"2022-07-27T08:18:27+00:00\",\"breadcrumb\":{\"@id\":\"https:\\\/\\\/www.dontpanicgames.com\\\/fr\\\/devenez-mangaka\\\/#breadcrumb\"},\"inLanguage\":\"fr-FR\",\"potentialAction\":[{\"@type\":\"ReadAction\",\"target\":[\"https:\\\/\\\/www.dontpanicgames.com\\\/fr\\\/devenez-mangaka\\\/\"]}]},{\"@type\":\"BreadcrumbList\",\"@id\":\"https:\\\/\\\/www.dontpanicgames.com\\\/fr\\\/devenez-mangaka\\\/#breadcrumb\",\"itemListElement\":[{\"@type\":\"ListItem\",\"position\":1,\"name\":\"Accueil\",\"item\":\"https:\\\/\\\/www.dontpanicgames.com\\\/fr\\\/\"},{\"@type\":\"ListItem\",\"position\":2,\"name\":\"Devenez Mangaka !\"}]},{\"@type\":\"WebSite\",\"@id\":\"https:\\\/\\\/www.dontpanicgames.com\\\/fr\\\/#website\",\"url\":\"https:\\\/\\\/www.dontpanicgames.com\\\/fr\\\/\",\"name\":\"Don't Panic Games\",\"description\":\"Don&#039;t Panic Games.com website\",\"potentialAction\":[{\"@type\":\"SearchAction\",\"target\":{\"@type\":\"EntryPoint\",\"urlTemplate\":\"https:\\\/\\\/www.dontpanicgames.com\\\/fr\\\/?s={search_term_string}\"},\"query-input\":{\"@type\":\"PropertyValueSpecification\",\"valueRequired\":true,\"valueName\":\"search_term_string\"}}],\"inLanguage\":\"fr-FR\"}]}<\/script>\n<!-- \/ Yoast SEO plugin. -->","yoast_head_json":{"title":"Devenez Mangaka ! - Don&#039;t Panic Games","robots":{"index":"index","follow":"follow","max-snippet":"max-snippet:-1","max-image-preview":"max-image-preview:large","max-video-preview":"max-video-preview:-1"},"canonical":"https:\/\/www.dontpanicgames.com\/fr\/devenez-mangaka\/","og_locale":"fr_FR","og_type":"article","og_title":"Devenez Mangaka ! - Don&#039;t Panic Games","og_description":"[vc_row el_class=\u00a0\u00bbgame-title\u00a0\u00bb][vc_column][vc_single_image image=\u00a0\u00bb29716&Prime; img_size=\u00a0\u00bbfull\u00a0\u00bb][mk_fancy_title tag_name=\u00a0\u00bbh3&Prime; size=\u00a0\u00bb24&Prime; font_style=\u00a0\u00bbnormal\u00a0\u00bb margin_top=\u00a0\u00bb50&Prime; font_family=\u00a0\u00bbnone\u00a0\u00bb align=\u00a0\u00bbcenter\u00a0\u00bb] DEVENEZ MANGAKA ! Un jeu de Jason Bradley Thompson, illustr\u00e9 par Eric \u201cWoof\u201d Muentes, Ike et Jason Bradley Thompson [\/mk_fancy_title][\/vc_column][\/vc_row][vc_row][vc_column width=\u00a0\u00bb1\/2&Prime;][vc_single_image image=\u00a0\u00bb29721&Prime; img_size=\u00a0\u00bbfull\u00a0\u00bb alignment=\u00a0\u00bbcenter\u00a0\u00bb css_animation=\u00a0\u00bbfadeIn\u00a0\u00bb][\/vc_column][vc_column width=\u00a0\u00bb1\/2&Prime;][vc_empty_space][vc_column_text css=\u00a0\u00bb.vc_custom_1658838004078{margin-bottom: 60px !important;}\u00a0\u00bb]1. Je pioche des cartes th\u00e8mes ! 2. Je dessine mon manga ! 3. Je compte mes [&hellip;]","og_url":"https:\/\/www.dontpanicgames.com\/fr\/devenez-mangaka\/","og_site_name":"Don&#039;t Panic Games","article_publisher":"https:\/\/www.facebook.com\/dontpanicgames\/","article_modified_time":"2022-07-27T08:18:27+00:00","og_image":[{"width":180,"height":180,"url":"https:\/\/www.dontpanicgames.com\/wp-content\/uploads\/2017\/01\/logo-dpg.png","type":"image\/png"}],"twitter_card":"summary_large_image","twitter_site":"@DontPanicGames1","twitter_misc":{"Dur\u00e9e de lecture estim\u00e9e":"1 minute"},"schema":{"@context":"https:\/\/schema.org","@graph":[{"@type":"WebPage","@id":"https:\/\/www.dontpanicgames.com\/fr\/devenez-mangaka\/","url":"https:\/\/www.dontpanicgames.com\/fr\/devenez-mangaka\/","name":"Devenez Mangaka ! - Don&#039;t Panic Games","isPartOf":{"@id":"https:\/\/www.dontpanicgames.com\/fr\/#website"},"datePublished":"2022-07-26T12:21:47+00:00","dateModified":"2022-07-27T08:18:27+00:00","breadcrumb":{"@id":"https:\/\/www.dontpanicgames.com\/fr\/devenez-mangaka\/#breadcrumb"},"inLanguage":"fr-FR","potentialAction":[{"@type":"ReadAction","target":["https:\/\/www.dontpanicgames.com\/fr\/devenez-mangaka\/"]}]},{"@type":"BreadcrumbList","@id":"https:\/\/www.dontpanicgames.com\/fr\/devenez-mangaka\/#breadcrumb","itemListElement":[{"@type":"ListItem","position":1,"name":"Accueil","item":"https:\/\/www.dontpanicgames.com\/fr\/"},{"@type":"ListItem","position":2,"name":"Devenez Mangaka !"}]},{"@type":"WebSite","@id":"https:\/\/www.dontpanicgames.com\/fr\/#website","url":"https:\/\/www.dontpanicgames.com\/fr\/","name":"Don't Panic Games","description":"Don&#039;t Panic Games.com website","potentialAction":[{"@type":"SearchAction","target":{"@type":"EntryPoint","urlTemplate":"https:\/\/www.dontpanicgames.com\/fr\/?s={search_term_string}"},"query-input":{"@type":"PropertyValueSpecification","valueRequired":true,"valueName":"search_term_string"}}],"inLanguage":"fr-FR"}]}},"_links":{"self":[{"href":"https:\/\/www.dontpanicgames.com\/fr\/wp-json\/wp\/v2\/pages\/29711","targetHints":{"allow":["GET"]}}],"collection":[{"href":"https:\/\/www.dontpanicgames.com\/fr\/wp-json\/wp\/v2\/pages"}],"about":[{"href":"https:\/\/www.dontpanicgames.com\/fr\/wp-json\/wp\/v2\/types\/page"}],"author":[{"embeddable":true,"href":"https:\/\/www.dontpanicgames.com\/fr\/wp-json\/wp\/v2\/users\/1"}],"replies":[{"embeddable":true,"href":"https:\/\/www.dontpanicgames.com\/fr\/wp-json\/wp\/v2\/comments?post=29711"}],"version-history":[{"count":0,"href":"https:\/\/www.dontpanicgames.com\/fr\/wp-json\/wp\/v2\/pages\/29711\/revisions"}],"wp:attachment":[{"href":"https:\/\/www.dontpanicgames.com\/fr\/wp-json\/wp\/v2\/media?parent=29711"}],"wp:term":[{"taxonomy":"category","embeddable":true,"href":"https:\/\/www.dontpanicgames.com\/fr\/wp-json\/wp\/v2\/categories?post=29711"},{"taxonomy":"post_tag","embeddable":true,"href":"https:\/\/www.dontpanicgames.com\/fr\/wp-json\/wp\/v2\/tags?post=29711"}],"curies":[{"name":"wp","href":"https:\/\/api.w.org\/{rel}","templated":true}]}}