{"id":26733,"date":"2021-09-17T15:11:18","date_gmt":"2021-09-17T14:11:18","guid":{"rendered":"https:\/\/www.dontpanicgames.com\/?page_id=26733"},"modified":"2021-11-09T09:37:40","modified_gmt":"2021-11-09T08:37:40","slug":"sushi-boat","status":"publish","type":"page","link":"https:\/\/www.dontpanicgames.com\/fr\/sushi-boat\/","title":{"rendered":"Sushi Boat"},"content":{"rendered":"<div class=\"wpb-content-wrapper\">[mk_page_section border_color=\u00a0\u00bb#cbe000&Prime; bg_position=\u00a0\u00bbcenter center\u00a0\u00bb bg_repeat=\u00a0\u00bbno-repeat\u00a0\u00bb bg_stretch=\u00a0\u00bbtrue\u00a0\u00bb video_opacity=\u00a0\u00bb0.1&Prime; top_shadow=\u00a0\u00bbtrue\u00a0\u00bb adaptive_height=\u00a0\u00bbtrue\u00a0\u00bb min_height=\u00a0\u00bb365&Prime; full_width=\u00a0\u00bbtrue\u00a0\u00bb js_vertical_centered=\u00a0\u00bbtrue\u00a0\u00bb el_class=\u00a0\u00bbhidden\u00a0\u00bb sidebar=\u00a0\u00bbsidebar-1&Prime;][vc_column][\/vc_column][\/mk_page_section][vc_row el_class=\u00a0\u00bbgame-title\u00a0\u00bb][vc_column][mk_fancy_title tag_name=\u00a0\u00bbh3&Prime; size=\u00a0\u00bb24&Prime; font_style=\u00a0\u00bbitalic\u00a0\u00bb margin_top=\u00a0\u00bb50&Prime; font_family=\u00a0\u00bbnone\u00a0\u00bb align=\u00a0\u00bbcenter\u00a0\u00bb]\n<p style=\"text-align: center;\">Retrouvez la page officielle du kickstarter en suivant <a href=\"https:\/\/www.kickstarter.com\/projects\/japanimegames\/sushi-boat\/description\" target=\"_blank\" rel=\"noopener\">ce lien<\/a>.<\/p>\n[\/mk_fancy_title][\/vc_column][\/vc_row][vc_row][vc_column][vc_single_image image=\u00a0\u00bb26749&Prime; img_size=\u00a0\u00bbfull\u00a0\u00bb alignment=\u00a0\u00bbcenter\u00a0\u00bb css_animation=\u00a0\u00bbnone\u00a0\u00bb][vc_column_text css=\u00a0\u00bb.vc_custom_1631883422810{margin-bottom: 60px !important;}\u00a0\u00bb]\n<h2 style=\"text-align: center;\"><span data-sheets-formula-bar-text-style=\"font-size:13px;color:#000000;font-weight:normal;text-decoration:none;font-family:'Arial';font-style:normal;text-decoration-skip-ink:none;\"><strong>Bienvenue \u00e0 Sushi Boat !<\/strong> <\/span><\/h2>\n<p style=\"text-align: center;\"><span data-sheets-formula-bar-text-style=\"font-size:13px;color:#000000;font-weight:normal;text-decoration:none;font-family:'Arial';font-style:normal;text-decoration-skip-ink:none;\">Vous allez d\u00e9couvrir tous les plaisirs de la d\u00e9gustation de sushis ! Plus vous en gouterez de diff\u00e9rents, plus vous empilerez d\u2019assiettes identiques et plus vous marquerez des points. Restez attentifs, car \u00e0 tout moment un autre joueur peut lancer un D\u00e9fi Wasabi ! Mais pas de panique, notre aimable personnel est l\u00e0 pour vous aider. <\/span><\/p>\n<p style=\"text-align: center;\"><span data-sheets-formula-bar-text-style=\"font-size:13px;color:#000000;font-weight:normal;text-decoration:none;font-family:'Arial';font-style:normal;text-decoration-skip-ink:none;\">Alors prenez-place, car aujourd\u2019hui vous allez bien manger !<\/span><\/p>\n[\/vc_column_text][vc_single_image image=\u00a0\u00bb26751&Prime; img_size=\u00a0\u00bblarge\u00a0\u00bb alignment=\u00a0\u00bbcenter\u00a0\u00bb css_animation=\u00a0\u00bbnone\u00a0\u00bb][\/vc_column][\/vc_row][vc_row][vc_column width=\u00a0\u00bb1\/2&Prime;][vc_single_image source=\u00a0\u00bbexternal_link\u00a0\u00bb custom_src=\u00a0\u00bbhttps:\/\/www.dontpanicgames.com\/static\/SUSHI_BOAT_GIF2.gif\u00a0\u00bb][\/vc_column][vc_column width=\u00a0\u00bb1\/2&Prime;][vc_single_image source=\u00a0\u00bbexternal_link\u00a0\u00bb custom_src=\u00a0\u00bbhttps:\/\/www.dontpanicgames.com\/static\/SUSHI_BOAT_GIF1.gif\u00a0\u00bb][\/vc_column][\/vc_row][vc_row][vc_column][vc_column_text css=\u00a0\u00bb.vc_custom_1631883383468{margin-top: 30px !important;margin-bottom: 60px !important;border-top-width: 1px !important;padding-top: 30px !important;}\u00a0\u00bb]\n<p style=\"text-align: center;\">Tous les stretch goals d\u00e9verrouill\u00e9s seront inclus en fran\u00e7ais dans la version fran\u00e7aise du jeu. Les objectifs \u00e0 atteindre et les diff\u00e9rents paliers seront r\u00e9guli\u00e8rement mis \u00e0 jour, rendez-vous sur la <a href=\"https:\/\/www.kickstarter.com\/projects\/japanimegames\/sushi-boat\/description\" target=\"_blank\" rel=\"noopener\">page officielle de la campagne<\/a> pour les d\u00e9couvrir !<\/p>\n[\/vc_column_text][\/vc_column][\/vc_row][vc_row][vc_column width=\u00a0\u00bb1\/3&Prime;][\/vc_column][vc_column width=\u00a0\u00bb1\/3&Prime;][mk_button corner_style=\u00a0\u00bbrounded\u00a0\u00bb size=\u00a0\u00bblarge\u00a0\u00bb icon=\u00a0\u00bbmk-moon-upload-7&Prime; icon_anim=\u00a0\u00bbvertical\u00a0\u00bb url=\u00a0\u00bbhttps:\/\/www.dontpanicgames.com\/static\/SUSHI_BOAT_KS_RULES_FR.pdf\u00a0\u00bb target=\u00a0\u00bb_blank\u00a0\u00bb align=\u00a0\u00bbcenter\u00a0\u00bb text_color=\u00a0\u00bbdark\u00a0\u00bb]T\u00e9l\u00e9chargement des r\u00e8gles[\/mk_button][vc_single_image image=\u00a0\u00bb26764&Prime; img_size=\u00a0\u00bbmedium\u00a0\u00bb alignment=\u00a0\u00bbcenter\u00a0\u00bb css_animation=\u00a0\u00bbnone\u00a0\u00bb][\/vc_column][vc_column width=\u00a0\u00bb1\/3&Prime;][\/vc_column][\/vc_row][vc_row css=\u00a0\u00bb.vc_custom_1616421178935{margin-bottom: 20px !important;}\u00a0\u00bb][vc_column width=\u00a0\u00bb1\/3&Prime;][vc_video link=\u00a0\u00bbhttps:\/\/www.youtube.com\/watch?v=B-3kVnvClGg\u00a0\u00bb][\/vc_column][vc_column width=\u00a0\u00bb1\/3&Prime;][vc_video link=\u00a0\u00bbhttps:\/\/www.youtube.com\/watch?v=5PGOZ0TK2ak\u00a0\u00bb][\/vc_column][vc_column width=\u00a0\u00bb1\/3&Prime;][vc_video link=\u00a0\u00bbhttps:\/\/www.youtube.com\/watch?v=f52P4Mwlpqs\u00a0\u00bb][\/vc_column][\/vc_row]\n<\/div><span class=\"et_bloom_bottom_trigger\"><\/span>","protected":false},"excerpt":{"rendered":"<p>[mk_page_section border_color=\u00a0\u00bb#cbe000&Prime; bg_position=\u00a0\u00bbcenter center\u00a0\u00bb bg_repeat=\u00a0\u00bbno-repeat\u00a0\u00bb bg_stretch=\u00a0\u00bbtrue\u00a0\u00bb video_opacity=\u00a0\u00bb0.1&Prime; top_shadow=\u00a0\u00bbtrue\u00a0\u00bb adaptive_height=\u00a0\u00bbtrue\u00a0\u00bb min_height=\u00a0\u00bb365&Prime; full_width=\u00a0\u00bbtrue\u00a0\u00bb js_vertical_centered=\u00a0\u00bbtrue\u00a0\u00bb el_class=\u00a0\u00bbhidden\u00a0\u00bb sidebar=\u00a0\u00bbsidebar-1&Prime;][vc_column][\/vc_column][\/mk_page_section][vc_row el_class=\u00a0\u00bbgame-title\u00a0\u00bb][vc_column][mk_fancy_title tag_name=\u00a0\u00bbh3&Prime; size=\u00a0\u00bb24&Prime; font_style=\u00a0\u00bbitalic\u00a0\u00bb margin_top=\u00a0\u00bb50&Prime; font_family=\u00a0\u00bbnone\u00a0\u00bb align=\u00a0\u00bbcenter\u00a0\u00bb] Retrouvez la page officielle du kickstarter en suivant ce lien. [\/mk_fancy_title][\/vc_column][\/vc_row][vc_row][vc_column][vc_single_image image=\u00a0\u00bb26749&Prime; img_size=\u00a0\u00bbfull\u00a0\u00bb alignment=\u00a0\u00bbcenter\u00a0\u00bb css_animation=\u00a0\u00bbnone\u00a0\u00bb][vc_column_text css=\u00a0\u00bb.vc_custom_1631883422810{margin-bottom: 60px !important;}\u00a0\u00bb] Bienvenue \u00e0 Sushi Boat ! Vous allez d\u00e9couvrir tous les plaisirs de la d\u00e9gustation de sushis [&hellip;]<\/p>\n","protected":false},"author":1,"featured_media":0,"parent":0,"menu_order":1,"comment_status":"closed","ping_status":"closed","template":"","meta":{"_acf_changed":false,"footnotes":""},"categories":[192],"tags":[],"class_list":["post-26733","page","type-page","status-publish","hentry","category-jeux-de-plateau"],"acf":[],"yoast_head":"<!-- This site is optimized with the Yoast SEO plugin v27.3 - https:\/\/yoast.com\/product\/yoast-seo-wordpress\/ -->\n<title>Sushi Boat - Don&#039;t Panic Games<\/title>\n<meta name=\"robots\" content=\"index, follow, max-snippet:-1, max-image-preview:large, max-video-preview:-1\" \/>\n<link rel=\"canonical\" href=\"https:\/\/www.dontpanicgames.com\/fr\/sushi-boat\/\" \/>\n<meta property=\"og:locale\" content=\"fr_FR\" \/>\n<meta property=\"og:type\" content=\"article\" \/>\n<meta property=\"og:title\" content=\"Sushi Boat - Don&#039;t Panic Games\" \/>\n<meta property=\"og:description\" content=\"[mk_page_section border_color=\u00a0\u00bb#cbe000&Prime; bg_position=\u00a0\u00bbcenter center\u00a0\u00bb bg_repeat=\u00a0\u00bbno-repeat\u00a0\u00bb bg_stretch=\u00a0\u00bbtrue\u00a0\u00bb video_opacity=\u00a0\u00bb0.1&Prime; top_shadow=\u00a0\u00bbtrue\u00a0\u00bb adaptive_height=\u00a0\u00bbtrue\u00a0\u00bb min_height=\u00a0\u00bb365&Prime; full_width=\u00a0\u00bbtrue\u00a0\u00bb js_vertical_centered=\u00a0\u00bbtrue\u00a0\u00bb el_class=\u00a0\u00bbhidden\u00a0\u00bb sidebar=\u00a0\u00bbsidebar-1&Prime;][vc_column][\/vc_column][\/mk_page_section][vc_row el_class=\u00a0\u00bbgame-title\u00a0\u00bb][vc_column][mk_fancy_title tag_name=\u00a0\u00bbh3&Prime; size=\u00a0\u00bb24&Prime; font_style=\u00a0\u00bbitalic\u00a0\u00bb margin_top=\u00a0\u00bb50&Prime; font_family=\u00a0\u00bbnone\u00a0\u00bb align=\u00a0\u00bbcenter\u00a0\u00bb] Retrouvez la page officielle du kickstarter en suivant ce lien. [\/mk_fancy_title][\/vc_column][\/vc_row][vc_row][vc_column][vc_single_image image=\u00a0\u00bb26749&Prime; img_size=\u00a0\u00bbfull\u00a0\u00bb alignment=\u00a0\u00bbcenter\u00a0\u00bb css_animation=\u00a0\u00bbnone\u00a0\u00bb][vc_column_text css=\u00a0\u00bb.vc_custom_1631883422810{margin-bottom: 60px !important;}\u00a0\u00bb] Bienvenue \u00e0 Sushi Boat ! Vous allez d\u00e9couvrir tous les plaisirs de la d\u00e9gustation de sushis [&hellip;]\" \/>\n<meta property=\"og:url\" content=\"https:\/\/www.dontpanicgames.com\/fr\/sushi-boat\/\" \/>\n<meta property=\"og:site_name\" content=\"Don&#039;t Panic Games\" \/>\n<meta property=\"article:publisher\" content=\"https:\/\/www.facebook.com\/dontpanicgames\/\" \/>\n<meta property=\"article:modified_time\" content=\"2021-11-09T08:37:40+00:00\" \/>\n<meta property=\"og:image\" content=\"https:\/\/www.dontpanicgames.com\/wp-content\/uploads\/2017\/01\/logo-dpg.png\" \/>\n\t<meta property=\"og:image:width\" content=\"180\" \/>\n\t<meta property=\"og:image:height\" content=\"180\" \/>\n\t<meta property=\"og:image:type\" content=\"image\/png\" \/>\n<meta name=\"twitter:card\" content=\"summary_large_image\" \/>\n<meta name=\"twitter:site\" content=\"@DontPanicGames1\" \/>\n<meta name=\"twitter:label1\" content=\"Dur\u00e9e de lecture estim\u00e9e\" \/>\n\t<meta name=\"twitter:data1\" content=\"1 minute\" \/>\n<script type=\"application\/ld+json\" class=\"yoast-schema-graph\">{\"@context\":\"https:\\\/\\\/schema.org\",\"@graph\":[{\"@type\":\"WebPage\",\"@id\":\"https:\\\/\\\/www.dontpanicgames.com\\\/fr\\\/sushi-boat\\\/\",\"url\":\"https:\\\/\\\/www.dontpanicgames.com\\\/fr\\\/sushi-boat\\\/\",\"name\":\"Sushi Boat - Don&#039;t Panic Games\",\"isPartOf\":{\"@id\":\"https:\\\/\\\/www.dontpanicgames.com\\\/fr\\\/#website\"},\"datePublished\":\"2021-09-17T14:11:18+00:00\",\"dateModified\":\"2021-11-09T08:37:40+00:00\",\"breadcrumb\":{\"@id\":\"https:\\\/\\\/www.dontpanicgames.com\\\/fr\\\/sushi-boat\\\/#breadcrumb\"},\"inLanguage\":\"fr-FR\",\"potentialAction\":[{\"@type\":\"ReadAction\",\"target\":[\"https:\\\/\\\/www.dontpanicgames.com\\\/fr\\\/sushi-boat\\\/\"]}]},{\"@type\":\"BreadcrumbList\",\"@id\":\"https:\\\/\\\/www.dontpanicgames.com\\\/fr\\\/sushi-boat\\\/#breadcrumb\",\"itemListElement\":[{\"@type\":\"ListItem\",\"position\":1,\"name\":\"Accueil\",\"item\":\"https:\\\/\\\/www.dontpanicgames.com\\\/fr\\\/\"},{\"@type\":\"ListItem\",\"position\":2,\"name\":\"Sushi Boat\"}]},{\"@type\":\"WebSite\",\"@id\":\"https:\\\/\\\/www.dontpanicgames.com\\\/fr\\\/#website\",\"url\":\"https:\\\/\\\/www.dontpanicgames.com\\\/fr\\\/\",\"name\":\"Don't Panic Games\",\"description\":\"Don&#039;t Panic Games.com website\",\"potentialAction\":[{\"@type\":\"SearchAction\",\"target\":{\"@type\":\"EntryPoint\",\"urlTemplate\":\"https:\\\/\\\/www.dontpanicgames.com\\\/fr\\\/?s={search_term_string}\"},\"query-input\":{\"@type\":\"PropertyValueSpecification\",\"valueRequired\":true,\"valueName\":\"search_term_string\"}}],\"inLanguage\":\"fr-FR\"}]}<\/script>\n<!-- \/ Yoast SEO plugin. -->","yoast_head_json":{"title":"Sushi Boat - Don&#039;t Panic Games","robots":{"index":"index","follow":"follow","max-snippet":"max-snippet:-1","max-image-preview":"max-image-preview:large","max-video-preview":"max-video-preview:-1"},"canonical":"https:\/\/www.dontpanicgames.com\/fr\/sushi-boat\/","og_locale":"fr_FR","og_type":"article","og_title":"Sushi Boat - Don&#039;t Panic Games","og_description":"[mk_page_section border_color=\u00a0\u00bb#cbe000&Prime; bg_position=\u00a0\u00bbcenter center\u00a0\u00bb bg_repeat=\u00a0\u00bbno-repeat\u00a0\u00bb bg_stretch=\u00a0\u00bbtrue\u00a0\u00bb video_opacity=\u00a0\u00bb0.1&Prime; top_shadow=\u00a0\u00bbtrue\u00a0\u00bb adaptive_height=\u00a0\u00bbtrue\u00a0\u00bb min_height=\u00a0\u00bb365&Prime; full_width=\u00a0\u00bbtrue\u00a0\u00bb js_vertical_centered=\u00a0\u00bbtrue\u00a0\u00bb el_class=\u00a0\u00bbhidden\u00a0\u00bb sidebar=\u00a0\u00bbsidebar-1&Prime;][vc_column][\/vc_column][\/mk_page_section][vc_row el_class=\u00a0\u00bbgame-title\u00a0\u00bb][vc_column][mk_fancy_title tag_name=\u00a0\u00bbh3&Prime; size=\u00a0\u00bb24&Prime; font_style=\u00a0\u00bbitalic\u00a0\u00bb margin_top=\u00a0\u00bb50&Prime; font_family=\u00a0\u00bbnone\u00a0\u00bb align=\u00a0\u00bbcenter\u00a0\u00bb] Retrouvez la page officielle du kickstarter en suivant ce lien. [\/mk_fancy_title][\/vc_column][\/vc_row][vc_row][vc_column][vc_single_image image=\u00a0\u00bb26749&Prime; img_size=\u00a0\u00bbfull\u00a0\u00bb alignment=\u00a0\u00bbcenter\u00a0\u00bb css_animation=\u00a0\u00bbnone\u00a0\u00bb][vc_column_text css=\u00a0\u00bb.vc_custom_1631883422810{margin-bottom: 60px !important;}\u00a0\u00bb] Bienvenue \u00e0 Sushi Boat ! Vous allez d\u00e9couvrir tous les plaisirs de la d\u00e9gustation de sushis [&hellip;]","og_url":"https:\/\/www.dontpanicgames.com\/fr\/sushi-boat\/","og_site_name":"Don&#039;t Panic Games","article_publisher":"https:\/\/www.facebook.com\/dontpanicgames\/","article_modified_time":"2021-11-09T08:37:40+00:00","og_image":[{"width":180,"height":180,"url":"https:\/\/www.dontpanicgames.com\/wp-content\/uploads\/2017\/01\/logo-dpg.png","type":"image\/png"}],"twitter_card":"summary_large_image","twitter_site":"@DontPanicGames1","twitter_misc":{"Dur\u00e9e de lecture estim\u00e9e":"1 minute"},"schema":{"@context":"https:\/\/schema.org","@graph":[{"@type":"WebPage","@id":"https:\/\/www.dontpanicgames.com\/fr\/sushi-boat\/","url":"https:\/\/www.dontpanicgames.com\/fr\/sushi-boat\/","name":"Sushi Boat - Don&#039;t Panic Games","isPartOf":{"@id":"https:\/\/www.dontpanicgames.com\/fr\/#website"},"datePublished":"2021-09-17T14:11:18+00:00","dateModified":"2021-11-09T08:37:40+00:00","breadcrumb":{"@id":"https:\/\/www.dontpanicgames.com\/fr\/sushi-boat\/#breadcrumb"},"inLanguage":"fr-FR","potentialAction":[{"@type":"ReadAction","target":["https:\/\/www.dontpanicgames.com\/fr\/sushi-boat\/"]}]},{"@type":"BreadcrumbList","@id":"https:\/\/www.dontpanicgames.com\/fr\/sushi-boat\/#breadcrumb","itemListElement":[{"@type":"ListItem","position":1,"name":"Accueil","item":"https:\/\/www.dontpanicgames.com\/fr\/"},{"@type":"ListItem","position":2,"name":"Sushi Boat"}]},{"@type":"WebSite","@id":"https:\/\/www.dontpanicgames.com\/fr\/#website","url":"https:\/\/www.dontpanicgames.com\/fr\/","name":"Don't Panic Games","description":"Don&#039;t Panic Games.com website","potentialAction":[{"@type":"SearchAction","target":{"@type":"EntryPoint","urlTemplate":"https:\/\/www.dontpanicgames.com\/fr\/?s={search_term_string}"},"query-input":{"@type":"PropertyValueSpecification","valueRequired":true,"valueName":"search_term_string"}}],"inLanguage":"fr-FR"}]}},"_links":{"self":[{"href":"https:\/\/www.dontpanicgames.com\/fr\/wp-json\/wp\/v2\/pages\/26733","targetHints":{"allow":["GET"]}}],"collection":[{"href":"https:\/\/www.dontpanicgames.com\/fr\/wp-json\/wp\/v2\/pages"}],"about":[{"href":"https:\/\/www.dontpanicgames.com\/fr\/wp-json\/wp\/v2\/types\/page"}],"author":[{"embeddable":true,"href":"https:\/\/www.dontpanicgames.com\/fr\/wp-json\/wp\/v2\/users\/1"}],"replies":[{"embeddable":true,"href":"https:\/\/www.dontpanicgames.com\/fr\/wp-json\/wp\/v2\/comments?post=26733"}],"version-history":[{"count":0,"href":"https:\/\/www.dontpanicgames.com\/fr\/wp-json\/wp\/v2\/pages\/26733\/revisions"}],"wp:attachment":[{"href":"https:\/\/www.dontpanicgames.com\/fr\/wp-json\/wp\/v2\/media?parent=26733"}],"wp:term":[{"taxonomy":"category","embeddable":true,"href":"https:\/\/www.dontpanicgames.com\/fr\/wp-json\/wp\/v2\/categories?post=26733"},{"taxonomy":"post_tag","embeddable":true,"href":"https:\/\/www.dontpanicgames.com\/fr\/wp-json\/wp\/v2\/tags?post=26733"}],"curies":[{"name":"wp","href":"https:\/\/api.w.org\/{rel}","templated":true}]}}