{"id":20559,"date":"2020-03-02T14:48:06","date_gmt":"2020-03-02T13:48:06","guid":{"rendered":"https:\/\/www.dontpanicgames.com\/?page_id=20559"},"modified":"2024-01-24T16:16:15","modified_gmt":"2024-01-24T15:16:15","slug":"malfosse-1949-espace-joueur","status":"publish","type":"page","link":"https:\/\/www.dontpanicgames.com\/fr\/jeux\/malfosse-1949-espace-joueur\/","title":{"rendered":"Malfosse 1949 &#8211; Espace joueur"},"content":{"rendered":"","protected":true},"excerpt":{"rendered":"","protected":true},"author":1,"featured_media":0,"parent":8289,"menu_order":10,"comment_status":"closed","ping_status":"closed","template":"","meta":{"_acf_changed":false,"footnotes":""},"categories":[192],"tags":[231,186],"class_list":["post-20559","page","type-page","status-publish","post-password-required","hentry","category-jeux-de-plateau","tag-enquete","tag-video-fr"],"acf":[],"yoast_head":"<!-- This site is optimized with the Yoast SEO plugin v27.3 - https:\/\/yoast.com\/product\/yoast-seo-wordpress\/ -->\n<title>Malfosse 1949 - Espace joueur - Don&#039;t Panic Games<\/title>\n<meta name=\"description\" content=\"Votre sens de l&#039;observation et vos capacit\u00e9s de d\u00e9duction seront mis \u00e0 rude \u00e9preuve pour r\u00e9pondre \u00e0 dix \u00e9nigmes et trouver qui est derri\u00e8re les meurtres de Malfosse.\" \/>\n<meta name=\"robots\" content=\"index, follow, max-snippet:-1, max-image-preview:large, max-video-preview:-1\" \/>\n<link rel=\"canonical\" href=\"https:\/\/www.dontpanicgames.com\/fr\/jeux\/malfosse-1949-espace-joueur\/\" \/>\n<meta property=\"og:locale\" content=\"fr_FR\" \/>\n<meta property=\"og:type\" content=\"article\" \/>\n<meta property=\"og:title\" content=\"Malfosse 1949 - Espace joueur - Don&#039;t Panic Games\" \/>\n<meta property=\"og:description\" content=\"Votre sens de l&#039;observation et vos capacit\u00e9s de d\u00e9duction seront mis \u00e0 rude \u00e9preuve pour r\u00e9pondre \u00e0 dix \u00e9nigmes et trouver qui est derri\u00e8re les meurtres de Malfosse.\" \/>\n<meta property=\"og:url\" content=\"https:\/\/www.dontpanicgames.com\/fr\/jeux\/malfosse-1949-espace-joueur\/\" \/>\n<meta property=\"og:site_name\" content=\"Don&#039;t Panic Games\" \/>\n<meta property=\"article:publisher\" content=\"https:\/\/www.facebook.com\/dontpanicgames\/\" \/>\n<meta property=\"article:modified_time\" content=\"2024-01-24T15:16:15+00:00\" \/>\n<meta name=\"twitter:card\" content=\"summary_large_image\" \/>\n<meta name=\"twitter:site\" content=\"@DontPanicGames1\" \/>\n<meta name=\"twitter:label1\" content=\"Dur\u00e9e de lecture estim\u00e9e\" \/>\n\t<meta name=\"twitter:data1\" content=\"3 minutes\" \/>\n<script type=\"application\/ld+json\" class=\"yoast-schema-graph\">{\"@context\":\"https:\\\/\\\/schema.org\",\"@graph\":[{\"@type\":\"WebPage\",\"@id\":\"https:\\\/\\\/www.dontpanicgames.com\\\/fr\\\/jeux\\\/malfosse-1949-espace-joueur\\\/\",\"url\":\"https:\\\/\\\/www.dontpanicgames.com\\\/fr\\\/jeux\\\/malfosse-1949-espace-joueur\\\/\",\"name\":\"Malfosse 1949 - Espace joueur - Don&#039;t Panic Games\",\"isPartOf\":{\"@id\":\"https:\\\/\\\/www.dontpanicgames.com\\\/fr\\\/#website\"},\"datePublished\":\"2020-03-02T13:48:06+00:00\",\"dateModified\":\"2024-01-24T15:16:15+00:00\",\"breadcrumb\":{\"@id\":\"https:\\\/\\\/www.dontpanicgames.com\\\/fr\\\/jeux\\\/malfosse-1949-espace-joueur\\\/#breadcrumb\"},\"inLanguage\":\"fr-FR\"},{\"@type\":\"WebSite\",\"@id\":\"https:\\\/\\\/www.dontpanicgames.com\\\/fr\\\/#website\",\"url\":\"https:\\\/\\\/www.dontpanicgames.com\\\/fr\\\/\",\"name\":\"Don't Panic Games\",\"description\":\"Don&#039;t Panic Games.com website\",\"potentialAction\":[{\"@type\":\"SearchAction\",\"target\":{\"@type\":\"EntryPoint\",\"urlTemplate\":\"https:\\\/\\\/www.dontpanicgames.com\\\/fr\\\/?s={search_term_string}\"},\"query-input\":{\"@type\":\"PropertyValueSpecification\",\"valueRequired\":true,\"valueName\":\"search_term_string\"}}],\"inLanguage\":\"fr-FR\"}]}<\/script>\n<!-- \/ Yoast SEO plugin. -->","yoast_head_json":{"title":"Malfosse 1949 - Espace joueur - Don&#039;t Panic Games","description":"Votre sens de l'observation et vos capacit\u00e9s de d\u00e9duction seront mis \u00e0 rude \u00e9preuve pour r\u00e9pondre \u00e0 dix \u00e9nigmes et trouver qui est derri\u00e8re les meurtres de Malfosse.","robots":{"index":"index","follow":"follow","max-snippet":"max-snippet:-1","max-image-preview":"max-image-preview:large","max-video-preview":"max-video-preview:-1"},"canonical":"https:\/\/www.dontpanicgames.com\/fr\/jeux\/malfosse-1949-espace-joueur\/","og_locale":"fr_FR","og_type":"article","og_title":"Malfosse 1949 - Espace joueur - Don&#039;t Panic Games","og_description":"Votre sens de l'observation et vos capacit\u00e9s de d\u00e9duction seront mis \u00e0 rude \u00e9preuve pour r\u00e9pondre \u00e0 dix \u00e9nigmes et trouver qui est derri\u00e8re les meurtres de Malfosse.","og_url":"https:\/\/www.dontpanicgames.com\/fr\/jeux\/malfosse-1949-espace-joueur\/","og_site_name":"Don&#039;t Panic Games","article_publisher":"https:\/\/www.facebook.com\/dontpanicgames\/","article_modified_time":"2024-01-24T15:16:15+00:00","twitter_card":"summary_large_image","twitter_site":"@DontPanicGames1","twitter_misc":{"Dur\u00e9e de lecture estim\u00e9e":"3 minutes"},"schema":{"@context":"https:\/\/schema.org","@graph":[{"@type":"WebPage","@id":"https:\/\/www.dontpanicgames.com\/fr\/jeux\/malfosse-1949-espace-joueur\/","url":"https:\/\/www.dontpanicgames.com\/fr\/jeux\/malfosse-1949-espace-joueur\/","name":"Malfosse 1949 - Espace joueur - Don&#039;t Panic Games","isPartOf":{"@id":"https:\/\/www.dontpanicgames.com\/fr\/#website"},"datePublished":"2020-03-02T13:48:06+00:00","dateModified":"2024-01-24T15:16:15+00:00","breadcrumb":{"@id":"https:\/\/www.dontpanicgames.com\/fr\/jeux\/malfosse-1949-espace-joueur\/#breadcrumb"},"inLanguage":"fr-FR"},{"@type":"WebSite","@id":"https:\/\/www.dontpanicgames.com\/fr\/#website","url":"https:\/\/www.dontpanicgames.com\/fr\/","name":"Don't Panic Games","description":"Don&#039;t Panic Games.com website","potentialAction":[{"@type":"SearchAction","target":{"@type":"EntryPoint","urlTemplate":"https:\/\/www.dontpanicgames.com\/fr\/?s={search_term_string}"},"query-input":{"@type":"PropertyValueSpecification","valueRequired":true,"valueName":"search_term_string"}}],"inLanguage":"fr-FR"}]}},"_links":{"self":[{"href":"https:\/\/www.dontpanicgames.com\/fr\/wp-json\/wp\/v2\/pages\/20559","targetHints":{"allow":["GET"]}}],"collection":[{"href":"https:\/\/www.dontpanicgames.com\/fr\/wp-json\/wp\/v2\/pages"}],"about":[{"href":"https:\/\/www.dontpanicgames.com\/fr\/wp-json\/wp\/v2\/types\/page"}],"author":[{"embeddable":true,"href":"https:\/\/www.dontpanicgames.com\/fr\/wp-json\/wp\/v2\/users\/1"}],"replies":[{"embeddable":true,"href":"https:\/\/www.dontpanicgames.com\/fr\/wp-json\/wp\/v2\/comments?post=20559"}],"version-history":[{"count":0,"href":"https:\/\/www.dontpanicgames.com\/fr\/wp-json\/wp\/v2\/pages\/20559\/revisions"}],"up":[{"embeddable":true,"href":"https:\/\/www.dontpanicgames.com\/fr\/wp-json\/wp\/v2\/pages\/8289"}],"wp:attachment":[{"href":"https:\/\/www.dontpanicgames.com\/fr\/wp-json\/wp\/v2\/media?parent=20559"}],"wp:term":[{"taxonomy":"category","embeddable":true,"href":"https:\/\/www.dontpanicgames.com\/fr\/wp-json\/wp\/v2\/categories?post=20559"},{"taxonomy":"post_tag","embeddable":true,"href":"https:\/\/www.dontpanicgames.com\/fr\/wp-json\/wp\/v2\/tags?post=20559"}],"curies":[{"name":"wp","href":"https:\/\/api.w.org\/{rel}","templated":true}]}}